

{"id":3843,"date":"2014-08-25T10:07:14","date_gmt":"2014-08-25T09:07:14","guid":{"rendered":"http:\/\/www.ardes-group.com\/china\/home\/developpement-international-2\/"},"modified":"2015-05-15T07:15:21","modified_gmt":"2015-05-15T06:15:21","slug":"international-development","status":"publish","type":"page","link":"https:\/\/www.ardes-group.com\/china\/en\/home\/international-development\/","title":{"rendered":"International Development"},"content":{"rendered":"<div class=\"pf-content\"><p>[vc_row][vc_column width=&#8221;1\/1&#8243;][vc_row_inner][vc_column_inner width=&#8221;1\/1&#8243;][vc_single_image image=&#8221;2927&#8243; border_color=&#8221;grey&#8221; img_link_target=&#8221;_self&#8221; img_size=&#8221;large&#8221;][\/vc_column_inner][\/vc_row_inner][vc_row_inner][vc_column_inner width=&#8221;1\/1&#8243;][vc_column_text]<\/p>\n<h2><\/h2>\n<h2>\u00a0<strong>ARDES grew very early on international market<\/strong><\/h2>\n<p>&nbsp;<\/p>\n<p>This fact not only answers a need, but also ARDES\u2019 corporate culture. From the beginning, ARDES committed not only to French breeders and veterinarians but also to those from all around the world.<\/p>\n<p>The company\u2019s structure is dedicated to the international. A team manages specifically some geographic areas in order to establish with users, a reliable and durable relationship. Moreover, ARDES knows perfectly the logistic process specific for international business.<\/p>\n<p>ARDES relies on an international network of partners retailers, for some, since more than 25 years. The essential values shared such as mutual respect and reliability allow to deepen and strengthen our commercial relationship. Today, ARDES is represented in more than 80 countries.<\/p>\n<p>At this, add the possibility to serve any particular country.<\/p>\n<p>&nbsp;<\/p>\n<p>Although oriented on the international, ARDES doesn\u2019t mean that its philosophy is forgotten: the proximity and the listening of breeders\u2019 and veterinarians\u2019 expectations wherever they are.<\/p>\n<p>[\/vc_column_text][vc_column_text]<em>\u00a0<a title=\"Ardes Worldwide\" href=\"http:\/\/www.ardes-group.com\/china\/fr\/ardes-worldwide\/\" target=\"_blank\">ARDES Worldwide<\/a><\/em><\/p>\n<p style=\"text-align: justify;\">Bien que tr\u00e8s tourn\u00e9e vers l\u2019international, ARDES n\u2019en a pas moins oubli\u00e9 sa philosophie\u00a0: la proximit\u00e9 et l\u2019\u00e9coute des besoins et des attentes des \u00e9leveurs et des v\u00e9t\u00e9rinaires quel que soit l\u2019endroit o\u00f9 ils se trouvent.<\/p>\n<p>[\/vc_column_text][\/vc_column_inner][\/vc_row_inner][\/vc_column][\/vc_row]<\/p>\n<\/div>","protected":false},"excerpt":{"rendered":"<p>[vc_row][vc_column width=&#8221;1\/1&#8243;][vc_row_inner][vc_column_inner width=&#8221;1\/1&#8243;][vc_single_image image=&#8221;2927&#8243; border_color=&#8221;grey&#8221; img_link_target=&#8221;_self&#8221; img_size=&#8221;large&#8221;][\/vc_column_inner][\/vc_row_inner][vc_row_inner][vc_column_inner width=&#8221;1\/1&#8243;][vc_column_text] \u00a0ARDES grew very early on international market &nbsp; This fact not only answers a need, but also ARDES\u2019 corporate culture. From the beginning, ARDES committed not only to French breeders and veterinarians but also to those from all around the world. The company\u2019s structure is dedicated to [&hellip;]<\/p>\n","protected":false},"author":3,"featured_media":0,"parent":62,"menu_order":19,"comment_status":"open","ping_status":"open","template":"","meta":{"footnotes":""},"class_list":["post-3843","page","type-page","status-publish","hentry"],"acf":[],"_links":{"self":[{"href":"https:\/\/www.ardes-group.com\/china\/en\/wp-json\/wp\/v2\/pages\/3843\/"}],"collection":[{"href":"https:\/\/www.ardes-group.com\/china\/en\/wp-json\/wp\/v2\/pages\/"}],"about":[{"href":"https:\/\/www.ardes-group.com\/china\/en\/wp-json\/wp\/v2\/types\/page\/"}],"author":[{"embeddable":true,"href":"https:\/\/www.ardes-group.com\/china\/en\/wp-json\/wp\/v2\/users\/3\/"}],"replies":[{"embeddable":true,"href":"https:\/\/www.ardes-group.com\/china\/en\/wp-json\/wp\/v2\/comments\/?post=3843"}],"version-history":[{"count":16,"href":"https:\/\/www.ardes-group.com\/china\/en\/wp-json\/wp\/v2\/pages\/3843\/revisions\/"}],"predecessor-version":[{"id":5105,"href":"https:\/\/www.ardes-group.com\/china\/en\/wp-json\/wp\/v2\/pages\/3843\/revisions\/5105\/"}],"up":[{"embeddable":true,"href":"https:\/\/www.ardes-group.com\/china\/en\/wp-json\/wp\/v2\/pages\/62\/"}],"wp:attachment":[{"href":"https:\/\/www.ardes-group.com\/china\/en\/wp-json\/wp\/v2\/media\/?parent=3843"}],"curies":[{"name":"wp","href":"https:\/\/api.w.org\/{rel}","templated":true}]}}