

{"id":138,"date":"2014-05-21T12:24:08","date_gmt":"2014-05-21T11:24:08","guid":{"rendered":"http:\/\/www.ardes-group.com\/china\/gamme-test\/boucles-electroniques\/"},"modified":"2015-05-12T15:07:59","modified_gmt":"2015-05-12T14:07:59","slug":"boucles-electroniques","status":"publish","type":"page","link":"https:\/\/www.ardes-group.com\/china\/fr\/gamme\/boucles-electroniques\/","title":{"rendered":"Boucles \u00e9lectroniques"},"content":{"rendered":"<div class=\"pf-content\"><p>[vc_row][vc_column width=&#8221;1\/1&#8243;][vc_column_text]<\/p>\n<h3 style=\"text-align: justify;\">L\u2019identification \u00e9lectronique permet une plus grande simplicit\u00e9 et rapidit\u00e9 de lecture que les boucles visuelles et surtout d\u2019automatiser la tra\u00e7abilit\u00e9 des animaux.<\/h3>\n<p>[\/vc_column_text][\/vc_column][\/vc_row][vc_row][vc_column width=&#8221;2\/3&#8243;][vc_column_text]<\/p>\n<h2 style=\"text-align: justify;\">Une solution applicable sur le terrain<\/h2>\n<p style=\"text-align: justify;\">Les boucles \u00e9lectroniques ARDES sont con\u00e7ues pour r\u00e9pondre aux besoins des \u00e9leveurs de bovins, ovins, caprins et porcins. Elles sont disponibles en deux tailles, en deux technologies, HDX et FDX. L\u2019identification \u00e9lectronique par radiofr\u00e9quence (RFID) permet de valoriser le num\u00e9ro d\u2019identification de l\u2019animal en mettant en place des solutions sur le terrain\u00a0: logiciel de gestion de troupeau, assistance \u00e0 la traite, syst\u00e8me de pond\u00e9ration automatique, automatisation du tri des animaux, comptage d\u2019animaux automatique, distribution automatique d\u2019aliment&#8230;<\/p>\n<p style=\"text-align: justify;\"><a title=\"Identification par RFID\" href=\"http:\/\/www.ardes-group.com\/china\/conseils-outils\/identification-par-rfid\/\"><em>\u00a0Qu\u2019est ce que la RFID ?<\/em><\/a><\/p>\n<p>[\/vc_column_text][\/vc_column][vc_column width=&#8221;1\/3&#8243;][vc_single_image image=&#8221;56&#8243; alignment=&#8221;center&#8221; border_color=&#8221;grey&#8221; img_link_target=&#8221;_self&#8221; img_size=&#8221;medium&#8221; img_link_large=&#8221;yes&#8221;][\/vc_column][\/vc_row][vc_row][vc_column width=&#8221;1\/1&#8243;][vc_column_text]<\/p>\n<h2 style=\"text-align: justify;\">Nos avantages<\/h2>\n<p style=\"text-align: justify;\">Approuv\u00e9es par le Comit\u00e9 International pour le Contr\u00f4le des Performances en \u00c9levage (ICAR),les boucles \u00e9lectroniques ARDES ont \u00e9t\u00e9 con\u00e7ues en collaboration avec l\u2019Institut Polytechnique Fran\u00e7ais de Grenoble, expert en technologie RFID, pour garantir une distance de lecteur importante et une fiabilit\u00e9 des performances.<\/p>\n<p>[\/vc_column_text][\/vc_column][\/vc_row][vc_row][vc_column width=&#8221;1\/2&#8243;][vc_column_text]<\/p>\n<h3>Distance de lecture importante<\/h3>\n<p><strong>\u00a0<\/strong>Les boucles \u00e9lectroniques ARDES sont d\u00e9tect\u00e9es plus facilement par les lecteurs. En effet, la distance pour que le lecteur d\u00e9tecte les boucles ARDES est plus importante qu\u2019avec des boucles concurrentes.[\/vc_column_text][vc_column_text]<\/p>\n<h3>Fiabilit\u00e9 des performances<\/h3>\n<p>Contrairement \u00e0 la concurrence, toutes les boucles \u00e9lectroniques ARDES d\u00e9livrent des performances de lecture constantes. Le processus d\u2019assemblage du transpondeur et de l\u2019enveloppe plastique, r\u00e9alis\u00e9 par ARDES, n\u2019alt\u00e8re pas \u00e0 la performance du signal \u00e9mis par la boucle \u00e9lectronique.[\/vc_column_text][vc_column_text]<\/p>\n<table style=\"height: 194px;\" border=\"2\" width=\"508\">\n<tbody>\n<tr>\n<td colspan=\"3\">\n<p style=\"text-align: center;\"><strong>Distance de lecture maximale<\/strong><br \/>\n<strong>entre la boucle \u00e9lectronique et le lecteur<\/strong><\/p>\n<\/td>\n<\/tr>\n<tr>\n<td style=\"text-align: center;\"><strong>Type de lecteurs du march\u00e9<\/strong><\/td>\n<td style=\"text-align: center;\" colspan=\"2\"><strong>Boucles \u00e9lectronique ARDES<\/strong><\/td>\n<\/tr>\n<tr>\n<td style=\"text-align: center;\">Lecteurs fixes<\/td>\n<td style=\"text-align: center;\">84 cm<\/td>\n<td style=\"text-align: center;\">+5% par rapport \u00e0 la concurrence<\/td>\n<\/tr>\n<tr>\n<td style=\"text-align: center;\">Lecteurs portables<\/td>\n<td style=\"text-align: center;\">33 cm<\/td>\n<td style=\"text-align: center;\">+9% par rapport \u00e0 la concurrence<\/td>\n<\/tr>\n<tr>\n<td style=\"text-align: center;\" colspan=\"3\">test de distance de lecture des boucles \u00e9lectronique ARDES r\u00e9alis\u00e9 par le RFTLAB<\/td>\n<\/tr>\n<\/tbody>\n<\/table>\n<p>[\/vc_column_text][vc_column_text]<\/p>\n<h2>Nos conseils<\/h2>\n<h3>Bouclage<\/h3>\n<p>Nous vous conseillons sur comment boucler vos animaux en vous apportant les bonnes pratiques sur le positionnement des boucles. Les pinces ARDES sont d\u00e9velopp\u00e9es pour un bouclage efficace et performant. Cependant les boucles \u00e9lectroniques ARDES sont compatibles avec la majorit\u00e9 des pinces du march\u00e9.<\/p>\n<p><a title=\"Vid\u00e9os Youtube\" href=\"http:\/\/www.ardes-group.com\/china\/fr\/conseils-outils\/videos-youtube\/\" target=\"_blank\">Vid\u00e9o conseil bouclage<\/a><\/p>\n<p><a title=\"Supports \u00e0 t\u00e9l\u00e9charger\" href=\"http:\/\/www.ardes-group.com\/china\/conseils-outils\/supports-a-telecharger\/\" target=\"_blank\"><em>\u00a0PDF conseils bouclage<\/em><\/a>[\/vc_column_text][vc_column_text]<\/p>\n<h2>Certificats &amp; normes<\/h2>\n<h3>Respect des normes ISO 11784 &amp; 11785, certification ICAR<\/h3>\n<p>Le Comit\u00e9 International pour le Contr\u00f4le des Performances en \u00c9levage a certifi\u00e9 les boucles \u00e9lectroniques ARDES, conformes aux r\u00e8gles internationales ISO 11784 &amp; 11785. Cette certification, gage de qualit\u00e9, assure un fonctionnement des boucles avec tous les lecteurs normes ISO du march\u00e9.[\/vc_column_text][vc_single_image image=&#8221;900&#8243; border_color=&#8221;grey&#8221; img_link_large=&#8221;yes&#8221; img_link_target=&#8221;_self&#8221; img_size=&#8221;medium&#8221;][\/vc_column][vc_column width=&#8221;1\/2&#8243;][vc_column_text]<a href=\"http:\/\/www.ardes-group.com\/wp-content\/uploads\/sites\/7\/2014\/05\/graphique-distance-de-lecture.jpg\"><img loading=\"lazy\" class=\"alignright wp-image-3366 size-large\" src=\"http:\/\/www.ardes-group.com\/wp-content\/uploads\/sites\/7\/2014\/05\/graphique-distance-de-lecture-1024x750.jpg\" alt=\"graphique distance de lecture\" width=\"1024\" height=\"750\" \/><\/a>[\/vc_column_text][vc_single_image image=&#8221;887&#8243; alignment=&#8221;right&#8221; border_color=&#8221;grey&#8221; img_link_target=&#8221;_self&#8221; img_size=&#8221;large&#8221;][\/vc_column][\/vc_row]<\/p>\n<\/div>","protected":false},"excerpt":{"rendered":"<p>[vc_row][vc_column width=&#8221;1\/1&#8243;][vc_column_text] L\u2019identification \u00e9lectronique permet une plus grande simplicit\u00e9 et rapidit\u00e9 de lecture que les boucles visuelles et surtout d\u2019automatiser la tra\u00e7abilit\u00e9 des animaux. [\/vc_column_text][\/vc_column][\/vc_row][vc_row][vc_column width=&#8221;2\/3&#8243;][vc_column_text] Une solution applicable sur le terrain Les boucles \u00e9lectroniques ARDES sont con\u00e7ues pour r\u00e9pondre aux besoins des \u00e9leveurs de bovins, ovins, caprins et porcins. Elles sont disponibles en deux [&hellip;]<\/p>\n","protected":false},"author":4,"featured_media":0,"parent":24,"menu_order":23,"comment_status":"closed","ping_status":"closed","template":"","meta":[],"acf":[],"_links":{"self":[{"href":"https:\/\/www.ardes-group.com\/china\/fr\/wp-json\/wp\/v2\/pages\/138\/"}],"collection":[{"href":"https:\/\/www.ardes-group.com\/china\/fr\/wp-json\/wp\/v2\/pages\/"}],"about":[{"href":"https:\/\/www.ardes-group.com\/china\/fr\/wp-json\/wp\/v2\/types\/page\/"}],"author":[{"embeddable":true,"href":"https:\/\/www.ardes-group.com\/china\/fr\/wp-json\/wp\/v2\/users\/4\/"}],"replies":[{"embeddable":true,"href":"https:\/\/www.ardes-group.com\/china\/fr\/wp-json\/wp\/v2\/comments\/?post=138"}],"version-history":[{"count":125,"href":"https:\/\/www.ardes-group.com\/china\/fr\/wp-json\/wp\/v2\/pages\/138\/revisions\/"}],"predecessor-version":[{"id":5046,"href":"https:\/\/www.ardes-group.com\/china\/fr\/wp-json\/wp\/v2\/pages\/138\/revisions\/5046\/"}],"up":[{"embeddable":true,"href":"https:\/\/www.ardes-group.com\/china\/fr\/wp-json\/wp\/v2\/pages\/24\/"}],"wp:attachment":[{"href":"https:\/\/www.ardes-group.com\/china\/fr\/wp-json\/wp\/v2\/media\/?parent=138"}],"curies":[{"name":"wp","href":"https:\/\/api.w.org\/{rel}","templated":true}]}}