

{"id":139,"date":"2014-05-21T12:24:08","date_gmt":"2014-05-21T11:24:08","guid":{"rendered":"http:\/\/www.ardes-group.com\/china\/gamme-test\/seringues\/"},"modified":"2015-03-30T10:51:18","modified_gmt":"2015-03-30T09:51:18","slug":"seringues","status":"publish","type":"page","link":"https:\/\/www.ardes-group.com\/china\/fr\/gamme\/seringues\/","title":{"rendered":"Seringues"},"content":{"rendered":"<div class=\"pf-content\"><p>[vc_row][vc_column width=&#8221;1\/1&#8243;][\/vc_column][\/vc_row][vc_row][vc_column width=&#8221;1\/2&#8243;][vc_column_text]<\/p>\n<h2>Seringues r\u00e9utilisables \u00e0 usage v\u00e9t\u00e9rinaire<\/h2>\n<p>Depuis plus de cinquante ans, ARDES con\u00e7oit et fabrique en France des seringues offrant une performance \u00e9lev\u00e9e reconnue par les \u00e9leveurs et les v\u00e9t\u00e9rinaires.<\/p>\n<p><span style=\"text-decoration: underline;\">Une expertise \u00e0 l\u2019\u00e9coute de vos besoins<\/span><\/p>\n<p>Les seringues r\u00e9utilisables ARDES assurent une utilisation intensive tout en permettant une pr\u00e9cision de l\u2019injection. Elles permettent d\u2019administrer tout aussi bien des vaccins ou antibiotiques que des solutions nutritionnelles.<\/p>\n<p>Nous proposons des seringues de 10ml, 20ml, 30ml et 50ml. Ainsi la gamme de seringues ARDES est destin\u00e9e aux bovins, porcins mais aussi aux ovins et caprins. Le choix de la taille de la seringue d\u00e9pendra de la taille de l\u2019animal et du produit \u00e0 injecter.<\/p>\n<p><a title=\"Personnalisation Seringues et Pistolets\" href=\"http:\/\/www.ardes-group.com\/china\/fr\/personnalisation\/seringues-et-pistolets\/\" target=\"_blank\"><em> Personnaliser <\/em><\/a>[\/vc_column_text][\/vc_column][vc_column width=&#8221;1\/2&#8243;][vc_single_image image=&#8221;1032&#8243; alignment=&#8221;right&#8221; border_color=&#8221;grey&#8221; img_link_large=&#8221;yes&#8221; img_link_target=&#8221;_self&#8221; img_size=&#8221;medium&#8221;][\/vc_column][\/vc_row][vc_row][vc_column width=&#8221;1\/1&#8243;][vc_column_text]<\/p>\n<h2>Nos avantages<\/h2>\n<p>Les seringues ARDES sont \u00e9labor\u00e9es \u00e0 partir d\u2019un proc\u00e9d\u00e9 de fabrication maitris\u00e9 et subissent, \u00e0 chaque \u00e9tape de la production, un contr\u00f4le qualit\u00e9. Gr\u00e2ce \u00e0 cette rigueur, les seringues ARDES pr\u00e9sentent trois avantages primordiaux.[\/vc_column_text][\/vc_column][\/vc_row][vc_row][vc_column width=&#8221;1\/2&#8243;][vc_column_text]<span style=\"text-decoration: underline;\">Durabilit\u00e9<\/span><\/p>\n<p>Les seringues ARDES d\u00e9livrent une durabilit\u00e9 n\u00e9cessaire \u00e0 l\u2019utilisation intensive des \u00e9leveurs et v\u00e9t\u00e9rinaires.[\/vc_column_text][vc_accordion collapsible=&#8221;yes&#8221; active_tab=&#8221;false&#8221;][vc_accordion_tab title=&#8221;Incassable&#8221;][vc_column_text]gr\u00e2ce \u00e0 une tige en laiton et un corps utilisant un mat\u00e9riau innovant ayant une r\u00e9sistance m\u00e9canique \u00e9lev\u00e9e. De plus, la liaison tige \u2013 poign\u00e9e a \u00e9t\u00e9 \u00e9tudi\u00e9e pour garantir une r\u00e9sistance m\u00e9canique \u00e9lev\u00e9e.[\/vc_column_text][\/vc_accordion_tab][vc_accordion_tab title=&#8221;Dur\u00e9e de vie &#8220;][vc_column_text]\u00e9lev\u00e9e permise gr\u00e2ce \u00e0 des mat\u00e9riaux de qualit\u00e9 et un traitement anti-oxydation de la tige et de l\u2019\u00e9crou. De plus, les seringues ARDES sont facilement d\u00e9montables permettant une maintenance ais\u00e9e.[\/vc_column_text][\/vc_accordion_tab][vc_accordion_tab title=&#8221;R\u00e9sistance chimique &#8220;][vc_column_text]\u00e0 tous les produits pharmaceutiques m\u00eame les plus corrosifs, aux temp\u00e9ratures \u00e9lev\u00e9es et aux contraintes climatiques (U.V).[\/vc_column_text][\/vc_accordion_tab][\/vc_accordion][vc_column_text]<span style=\"text-decoration: underline;\">Fiabilit\u00e9<\/span><\/p>\n<p>Les seringues ARDES garantissent une fiabilit\u00e9 \u00e0 chaque utilisation.[\/vc_column_text][vc_accordion collapsible=&#8221;yes&#8221; active_tab=&#8221;false&#8221;][vc_accordion_tab title=&#8221;Haute pr\u00e9cision &#8220;][vc_column_text]d\u00e9livr\u00e9e par une graduation grav\u00e9e dans la masse avec un d\u00e9p\u00f4t de pigments noirs. Ce marquage unique permet une lisibilit\u00e9 sans effort.[\/vc_column_text][\/vc_accordion_tab][vc_accordion_tab title=&#8221;Injection sans fuite &#8220;][vc_column_text]garantit par un joint silicone de haute qualit\u00e9, anti-adh\u00e9rent et hydrophobe, r\u00e9pondant aux exigences des normes alimentaires.[\/vc_column_text][\/vc_accordion_tab][vc_accordion_tab title=&#8221;St\u00e9rilisable&#8221;][vc_column_text]permettant une utilisation r\u00e9p\u00e9t\u00e9e en respectant les normes d\u2019hygi\u00e8ne.[\/vc_column_text][\/vc_accordion_tab][\/vc_accordion][vc_column_text]<span style=\"text-decoration: underline;\">Confort<\/span><\/p>\n<p>Les seringues ARDES permettent une prise en main intuitive et une utilisation sans effort[\/vc_column_text][vc_accordion collapsible=&#8221;yes&#8221; active_tab=&#8221;false&#8221;][vc_accordion_tab title=&#8221;Poign\u00e9e ergonomique &#8220;][vc_column_text]\u00e9labor\u00e9e pour \u00e9pouser la forme de la main.[\/vc_column_text][\/vc_accordion_tab][vc_accordion_tab title=&#8221;Sans effort &#8220;][vc_column_text]gr\u00e2ce un joint de qualit\u00e9 et des seringues livr\u00e9es silicon\u00e9es permettant une injection en douceur. Par ailleurs, ARDES propose des dosettes silicones pour lubrifier la seringue apr\u00e8s utilisation.[\/vc_column_text][\/vc_accordion_tab][\/vc_accordion][\/vc_column][vc_column width=&#8221;1\/2&#8243;][vc_single_image image=&#8221;1161&#8243; alignment=&#8221;right&#8221; border_color=&#8221;grey&#8221; img_link_large=&#8221;yes&#8221; img_link_target=&#8221;_self&#8221; img_size=&#8221;medium&#8221;][vc_single_image image=&#8221;681&#8243; alignment=&#8221;right&#8221; border_color=&#8221;grey&#8221; img_link_large=&#8221;yes&#8221; img_link_target=&#8221;_self&#8221; img_size=&#8221;medium&#8221;][vc_single_image image=&#8221;1054&#8243; alignment=&#8221;right&#8221; border_color=&#8221;grey&#8221; img_link_large=&#8221;yes&#8221; img_link_target=&#8221;_self&#8221; img_size=&#8221;medium&#8221;][\/vc_column][\/vc_row][vc_row][vc_column width=&#8221;1\/1&#8243;][vc_column_text]<\/p>\n<h2>Nos conseils<\/h2>\n<p>Pour une fiabilit\u00e9 et le respect de la sant\u00e9 de l\u2019animal \u00e0 chaque utilisation de votre seringue, ARDES conseille trois \u00e9tapes \u00e0 respecter. Afin de faciliter ces \u00e9tapes, l\u2019ensemble des seringues ARDES sont enti\u00e8rement d\u00e9montables.<\/p>\n<ul>\n<li><span style=\"text-decoration: underline;\">D\u00e9sinfection <\/span>apr\u00e8s chaque utilisation \u00e0 l\u2019aide d\u2019une solution \u00e0 base d\u2019eau et d\u2019un d\u00e9sinfectant. Pour cela, il est conseill\u00e9 de d\u00e9monter la seringue afin de bien nettoyer et d\u00e9sinfecter chaque partie de celle-ci.<\/li>\n<li><span style=\"text-decoration: underline;\">St\u00e9rilisation <\/span>pour r\u00e9pondre aux normes sanitaires et r\u00e9duire le risque d\u2019infection ou de transmission de maladie. ARDES conseille une dur\u00e9e en autoclave de 30 minutes \u00e0 une temp\u00e9rature de 121\u00b0C et de 18 minutes \u00e0 une temp\u00e9rature de 134\u00b0C.<\/li>\n<li><span style=\"text-decoration: underline;\">Lubrification <\/span>du joint afin d\u2019augmenter la dur\u00e9e de vie de ce dernier et la fiabilit\u00e9 de la seringue. En effet, cela permet, d\u2019une part, une meilleure pr\u00e9cision avec un dosage en douceur et, d\u2019autre part, de r\u00e9duire le frottement entre le joint et le corps de la seringue et donc l\u2019usure du joint. ARDES fournit \u00e9galement des dosettes silicones con\u00e7ues pour une application pr\u00e9cise sur les joints<\/li>\n<li><a title=\"Supports \u00e0 t\u00e9l\u00e9charger\" href=\"http:\/\/www.ardes-group.com\/china\/conseils-outils\/supports-a-telecharger\/\" target=\"_blank\"><em>Lien PDF \u00abbonnes pratiques\u00a0\u00bb mat\u00e9riel d\u2019injection<\/em><\/a><\/li>\n<li><a title=\"Accessoires mat\u00e9riel d\u2019injection\" href=\"http:\/\/www.ardes-group.com\/china\/gamme\/accessoires-injection\/\" target=\"_blank\"><em>Lien Page accessoire mat\u00e9riel d\u2019injection<\/em><\/a><\/li>\n<\/ul>\n<p>[\/vc_column_text][\/vc_column][\/vc_row]<\/p>\n<\/div>","protected":false},"excerpt":{"rendered":"<p>[vc_row][vc_column width=&#8221;1\/1&#8243;][\/vc_column][\/vc_row][vc_row][vc_column width=&#8221;1\/2&#8243;][vc_column_text] Seringues r\u00e9utilisables \u00e0 usage v\u00e9t\u00e9rinaire Depuis plus de cinquante ans, ARDES con\u00e7oit et fabrique en France des seringues offrant une performance \u00e9lev\u00e9e reconnue par les \u00e9leveurs et les v\u00e9t\u00e9rinaires. Une expertise \u00e0 l\u2019\u00e9coute de vos besoins Les seringues r\u00e9utilisables ARDES assurent une utilisation intensive tout en permettant une pr\u00e9cision de l\u2019injection. Elles [&hellip;]<\/p>\n","protected":false},"author":4,"featured_media":0,"parent":24,"menu_order":30,"comment_status":"closed","ping_status":"closed","template":"","meta":[],"acf":[],"_links":{"self":[{"href":"https:\/\/www.ardes-group.com\/china\/fr\/wp-json\/wp\/v2\/pages\/139\/"}],"collection":[{"href":"https:\/\/www.ardes-group.com\/china\/fr\/wp-json\/wp\/v2\/pages\/"}],"about":[{"href":"https:\/\/www.ardes-group.com\/china\/fr\/wp-json\/wp\/v2\/types\/page\/"}],"author":[{"embeddable":true,"href":"https:\/\/www.ardes-group.com\/china\/fr\/wp-json\/wp\/v2\/users\/4\/"}],"replies":[{"embeddable":true,"href":"https:\/\/www.ardes-group.com\/china\/fr\/wp-json\/wp\/v2\/comments\/?post=139"}],"version-history":[{"count":110,"href":"https:\/\/www.ardes-group.com\/china\/fr\/wp-json\/wp\/v2\/pages\/139\/revisions\/"}],"predecessor-version":[{"id":678,"href":"https:\/\/www.ardes-group.com\/china\/fr\/wp-json\/wp\/v2\/pages\/139\/revisions\/678\/"}],"up":[{"embeddable":true,"href":"https:\/\/www.ardes-group.com\/china\/fr\/wp-json\/wp\/v2\/pages\/24\/"}],"wp:attachment":[{"href":"https:\/\/www.ardes-group.com\/china\/fr\/wp-json\/wp\/v2\/media\/?parent=139"}],"curies":[{"name":"wp","href":"https:\/\/api.w.org\/{rel}","templated":true}]}}