

{"id":156,"date":"2014-05-21T13:15:26","date_gmt":"2014-05-21T12:15:26","guid":{"rendered":"http:\/\/www.ardes-group.com\/china\/mentions-legales\/"},"modified":"2015-05-05T07:21:36","modified_gmt":"2015-05-05T06:21:36","slug":"mentions-legales","status":"publish","type":"page","link":"https:\/\/www.ardes-group.com\/china\/fr\/mentions-legales\/","title":{"rendered":"Mentions l\u00e9gales"},"content":{"rendered":"<div class=\"pf-content\"><p>[vc_row][vc_column width=&#8221;1\/1&#8243;][vc_column_text]<\/p>\n<h2>Conditions d\u2019utilisation<\/h2>\n<h3>Conditions d\u2019utilisation<\/h3>\n<p>Ce site est \u00e9dit\u00e9 par la soci\u00e9t\u00e9 ARDES (S.A.S.U.).<\/p>\n<p>Toute personne physique acc\u00e9dant au site, qu\u2019elle soit \u00e0 son compte ou pour le compte d\u2019une personne morale, d\u00e9clare avoir pris connaissance des pr\u00e9sentes conditions g\u00e9n\u00e9rales d\u2019utilisation.<\/p>\n<p>L\u2019utilisateur s\u2019engage \u00e0 accepter les termes, sans condition, modification ou restriction.<\/p>\n<p>A tout moment, ARDES peut modifier les conditions d\u2019utilisation sans pr\u00e9avis\u00a0; chaque utilisateur est tenu de consulter r\u00e9guli\u00e8rement cette page.<\/p>\n<p>Cette plateforme virtuelle est un site de droit fran\u00e7ais.<\/p>\n<h3>Contenus<\/h3>\n<p>Le site a \u00e9t\u00e9 con\u00e7u avec minutie pour vous informer sur l\u2019activit\u00e9 d\u2019ARDES et le secteur de l\u2019injection plastique.<\/p>\n<p>Cependant, ARDES ne peut garantir le caract\u00e8re opportun, exact ou complet des informations accessibles, ni leur ad\u00e9quation \u00e0 un contexte particulier.<\/p>\n<p>Chaque utilisateur est seul responsable du traitement qu\u2019il effectue sur le site. ARDES se d\u00e9gage de toutes responsabilit\u00e9s pour tous dommages rencontr\u00e9s (direct ou indirect, mat\u00e9riel ou autres) en cas d\u2019infraction.<\/p>\n<p>Toute intrusion frauduleuse d\u2019un tiers ayant entra\u00een\u00e9 une modification des contenus diffus\u00e9s sur le site ne sera pas sous la responsabilit\u00e9 d\u2019ARDES.<\/p>\n<p>ARDES ne garantit pas que le site sera accessible ou disponible en continue.<\/p>\n<p>ARDES se r\u00e9serve le droit de modifier, compl\u00e9ter ou supprimer, en tout ou partie, tout contenu du site, et ce, \u00e0 tout moment et sans pr\u00e9avis.<\/p>\n<h3>Liens hypertextes<\/h3>\n<p>ARDES met \u00e0 la disposition des utilisateurs des liens hypertextes dont l\u2019activation peut vous diriger vers des sites ou sources externes sur le contenu desquels ARDES n\u2019a aucun contr\u00f4le. En cons\u00e9quence, les sites internet de tiers, seront enti\u00e8rement responsables de la publication de leur contenu.<\/p>\n<p>Les utilisateurs ne sont pas autoris\u00e9s \u00e0 cr\u00e9er un lien hypertexte vers le site, une page du site et\/ou un fichier y figurant sans l\u2019accord pr\u00e9alable \u00e9crit d\u2019ARDES.<\/p>\n<h3>Propri\u00e9t\u00e9 intellectuelle<\/h3>\n<p>La totalit\u00e9 du site rel\u00e8ve de la l\u00e9gislation fran\u00e7aise et internationale sur le droit d\u2019auteur et la propri\u00e9t\u00e9 intellectuelle. Ainsi, textes, logos, repr\u00e9sentations photographiques, documents t\u00e9l\u00e9chargeables et tous les \u00e9l\u00e9ments composant ce site web, sont la propri\u00e9t\u00e9 d\u2019ARDES.<\/p>\n<p>Toute reproduction, totale ou partielle, de ce site sans autorisation expresse et pr\u00e9alable de la soci\u00e9t\u00e9 ARDES est interdite.<\/p>\n<p>Toute repr\u00e9sentation ou reproduction de ce site ou de son contenu, par quel que proc\u00e9d\u00e9 que ce soit, constituerait un acte de contrefa\u00e7on sanctionn\u00e9 par les articles L.335-2 et suivants du Code de la propri\u00e9t\u00e9 intellectuelle.[\/vc_column_text][vc_column_text]<\/p>\n<h2>Mentions obligatoires<\/h2>\n<p>Ce site est \u00e9dit\u00e9 par ARDES (S.A.S.U), Soci\u00e9t\u00e9 par actions simplifi\u00e9e unipersonnelle dont le si\u00e8ge social est sis Boulevard Pr\u00e9-Pommier \u2013 B.P. 70037, 38301 BOURGOIN-JALLIEU CEDEX, France , t\u00e9l\u00e9phone : +33 (0)4 74 93 33 34, t\u00e9l\u00e9copie : +33 (0)4 74 28 41 98.<\/p>\n<p>Le Directeur de la Publication du Site est Monsieur Albert ANTOINE, pr\u00e9sident.<\/p>\n<p>Le responsable de r\u00e9daction du Site est Monsieur Albert ANTOINE, pr\u00e9sident.<\/p>\n<p>L\u2019h\u00e9bergeur du Site est ARDES.<\/p>\n<p>Le Site a \u00e9t\u00e9 con\u00e7u et r\u00e9alis\u00e9 par la soci\u00e9t\u00e9 DESCODE, 35 Chemin des Aulnes, 69570 DARDILLY, t\u00e9l\u00e9phone : +33 (0)4 27 46 38 00, t\u00e9l\u00e9copie : +33 (0)4 27 46 38 01.<br \/>\n<a href=\"http:\/\/www.descode.fr\" target=\"_blank\">http:\/\/www.descode.fr<\/a>[\/vc_column_text][vc_column_text]<\/p>\n<h2>Confidentialit\u00e9<\/h2>\n<p>Toute personne physique acc\u00e9dant au site, qu\u2019elle soit \u00e0 son compte ou pour le compte d\u2019une personne morale, d\u00e9clare avoir pris connaissance des pr\u00e9sentes conditions g\u00e9n\u00e9rales d\u2019utilisation.<\/p>\n<p>L\u2019utilisateur s\u2019engage \u00e0 accepter les termes, sans condition, modification ou restriction.<\/p>\n<h3>Donn\u00e9es personnelles des Utilisateurs<\/h3>\n<p>ARDES s\u2019engage \u00e0 respecter la vie priv\u00e9e des utilisateurs et la confidentialit\u00e9 de leurs donn\u00e9es \u00e0 caract\u00e8re personnel.<\/p>\n<p>Les donn\u00e9es collect\u00e9es par ARDES sont exclusivement utilis\u00e9es aux fins de fournir les informations, services et produits n\u00e9cessaires aux utilisateurs et effectuer des statistiques anonymes.<\/p>\n<p>Ces donn\u00e9es sont susceptibles d\u2019\u00eatre conserv\u00e9es par ARDES pendant une dur\u00e9e raisonnable afin d\u2019assurer leur traitement en vue des finalit\u00e9s susvis\u00e9es, sans exc\u00e9der toutefois les dur\u00e9es de conservation fix\u00e9es par la loi.<\/p>\n<p>Conform\u00e9ment \u00e0 la loi n\u00b078-17 du 6 janvier 1978 relative \u00e0 l\u2019informatique, aux fichiers et aux libert\u00e9s, chaque utilisateur justifiant de son identit\u00e9 dispose d\u2019un droit d\u2019acc\u00e8s, de rectification et de suppression des informations \u00e0 caract\u00e8re personnel le concernant.<\/p>\n<p>Ce droit peut \u00eatre exerc\u00e9 en contactant ARDES \u00e0 l\u2019adresse suivante : Boulevard Pr\u00e9-Pommier \u2013 B.P. 70037, 38301 BOURGOIN-JALLIEU CEDEX, France, ou en envoyant un email \u00e0 &#x63;&#117;s&#x74;&#x6f;&#109;e&#x72;&#x40;&#97;r&#x64;&#x65;&#115;-&#x66;&#x72;&#97;n&#x63;&#x65;&#46;c&#x6f;&#x6d;.<\/p>\n<p>Les donn\u00e9es collect\u00e9es et trait\u00e9es par ARDES ne sont en aucun cas c\u00e9d\u00e9es ou lou\u00e9es, \u00e0 titre gratuit ou on\u00e9reux, \u00e0 des tiers.<\/p>\n<h3>Donn\u00e9es personnelles des membres d\u2019ARDES.<\/h3>\n<p>Les donn\u00e9es relatives aux membres d\u2019ARDES accessibles sur le site ne peuvent \u00eatre collect\u00e9es et faire l\u2019objet d\u2019un traitement sans l\u2019accord pr\u00e9alable \u00e9crit de la personne concern\u00e9e.<\/p>\n<p>Chaque utilisateur s\u2019interdit notamment de collecter, d\u2019utiliser et d\u2019exploiter de quelques mani\u00e8re que ce soit ces donn\u00e9es en vue d\u2019envoyer des messages non-sollicit\u00e9s de nature publicitaire, commerciale ou autre qui n\u2019auraient pas de lien avec les activit\u00e9s d\u2019ARDES.[\/vc_column_text][\/vc_column][\/vc_row]<\/p>\n<\/div>","protected":false},"excerpt":{"rendered":"<p>[vc_row][vc_column width=&#8221;1\/1&#8243;][vc_column_text] Conditions d\u2019utilisation Conditions d\u2019utilisation Ce site est \u00e9dit\u00e9 par la soci\u00e9t\u00e9 ARDES (S.A.S.U.). Toute personne physique acc\u00e9dant au site, qu\u2019elle soit \u00e0 son compte ou pour le compte d\u2019une personne morale, d\u00e9clare avoir pris connaissance des pr\u00e9sentes conditions g\u00e9n\u00e9rales d\u2019utilisation. L\u2019utilisateur s\u2019engage \u00e0 accepter les termes, sans condition, modification ou restriction. A tout [&hellip;]<\/p>\n","protected":false},"author":4,"featured_media":0,"parent":0,"menu_order":91,"comment_status":"open","ping_status":"open","template":"","meta":[],"acf":[],"_links":{"self":[{"href":"https:\/\/www.ardes-group.com\/china\/fr\/wp-json\/wp\/v2\/pages\/156\/"}],"collection":[{"href":"https:\/\/www.ardes-group.com\/china\/fr\/wp-json\/wp\/v2\/pages\/"}],"about":[{"href":"https:\/\/www.ardes-group.com\/china\/fr\/wp-json\/wp\/v2\/types\/page\/"}],"author":[{"embeddable":true,"href":"https:\/\/www.ardes-group.com\/china\/fr\/wp-json\/wp\/v2\/users\/4\/"}],"replies":[{"embeddable":true,"href":"https:\/\/www.ardes-group.com\/china\/fr\/wp-json\/wp\/v2\/comments\/?post=156"}],"version-history":[{"count":6,"href":"https:\/\/www.ardes-group.com\/china\/fr\/wp-json\/wp\/v2\/pages\/156\/revisions\/"}],"predecessor-version":[{"id":4967,"href":"https:\/\/www.ardes-group.com\/china\/fr\/wp-json\/wp\/v2\/pages\/156\/revisions\/4967\/"}],"wp:attachment":[{"href":"https:\/\/www.ardes-group.com\/china\/fr\/wp-json\/wp\/v2\/media\/?parent=156"}],"curies":[{"name":"wp","href":"https:\/\/api.w.org\/{rel}","templated":true}]}}