

{"id":157,"date":"2014-05-21T13:15:26","date_gmt":"2014-05-21T12:15:26","guid":{"rendered":"http:\/\/www.ardes-group.com\/china\/contact\/"},"modified":"2015-01-22T10:04:40","modified_gmt":"2015-01-22T09:04:40","slug":"contact","status":"publish","type":"page","link":"https:\/\/www.ardes-group.com\/china\/fr\/contact\/","title":{"rendered":"Contact"},"content":{"rendered":"<div class=\"pf-content\">\n                <div class='gf_browser_gecko gform_wrapper' id='gform_wrapper_1' ><form method='post' enctype='multipart\/form-data'  id='gform_1'  action='\/china\/fr\/wp-json\/wp\/v2\/pages\/157'>\n                        <div class='gform_heading'>\n                            <h3 class='gform_title'>Contact principal<\/h3>\n                        <\/div>\n                        <div class='gform_body'><ul id='gform_fields_1' class='gform_fields left_label form_sublabel_below description_below'><li id='field_1_7' class='gfield gfield_contains_required field_sublabel_below field_description_below' ><label class='gfield_label' for='input_1_7' >Nom<span class='gfield_required'>*<\/span><\/label><div class='ginput_container'><input name='input_7' id='input_1_7' type='text' value='' class='medium'  tabindex='1'   \/><\/div><\/li><li id='field_1_6' class='gfield field_sublabel_below field_description_below' ><label class='gfield_label' for='input_1_6' >Soci\u00e9t\u00e9<\/label><div class='ginput_container'><input name='input_6' id='input_1_6' type='text' value='' class='medium'  tabindex='2'   \/><\/div><\/li><li id='field_1_8' class='gfield field_sublabel_below field_description_below' ><label class='gfield_label' for='input_1_8' >Pays<\/label><div class='ginput_container'><select name='input_8' id='input_1_8'  class='medium gfield_select' tabindex='3' ><option value='Afghanistan' >Afghanistan<\/option><option value='Albanie' >Albanie<\/option><option value='Alg\u00e9rie' >Alg\u00e9rie<\/option><option value='Samoa am\u00e9ricaines' >Samoa am\u00e9ricaines<\/option><option value='Andorre' >Andorre<\/option><option value='Angola' >Angola<\/option><option value='Antigua-et-Barbuda' >Antigua-et-Barbuda<\/option><option value='Argentine' >Argentine<\/option><option value='Arm\u00e9nie' >Arm\u00e9nie<\/option><option value='Australie' >Australie<\/option><option value='Autriche' >Autriche<\/option><option value='Azerba\u00efdjan' >Azerba\u00efdjan<\/option><option value='Bahamas' >Bahamas<\/option><option value='Bahre\u00efn' >Bahre\u00efn<\/option><option value='Bangladesh' >Bangladesh<\/option><option value='La Barbade' >La Barbade<\/option><option value='Belarus' >Belarus<\/option><option value='Belgique' >Belgique<\/option><option value='Belize' >Belize<\/option><option value='B\u00e9nin' >B\u00e9nin<\/option><option value='Bermudes' >Bermudes<\/option><option value='Bhoutan' >Bhoutan<\/option><option value='Bolivie' >Bolivie<\/option><option value='Bosnie-Herz\u00e9govine' >Bosnie-Herz\u00e9govine<\/option><option value='Botswana' >Botswana<\/option><option value='Br\u00e9sil' >Br\u00e9sil<\/option><option value='Brunei' >Brunei<\/option><option value='Bulgarie' >Bulgarie<\/option><option value='Burkina Faso' >Burkina Faso<\/option><option value='Burundi' >Burundi<\/option><option value='Cambodge' >Cambodge<\/option><option value='Cameroun' >Cameroun<\/option><option value='Canada' >Canada<\/option><option value='Cap-Vert' >Cap-Vert<\/option><option value='Cayman Islands' >Cayman Islands<\/option><option value='R\u00e9publique centrafricaine' >R\u00e9publique centrafricaine<\/option><option value='Tchad' >Tchad<\/option><option value='Chili' >Chili<\/option><option value='Chine' >Chine<\/option><option value='Colombie' >Colombie<\/option><option value='Comores' >Comores<\/option><option value='R\u00e9publique d\u00e9mocratique du Congo' >R\u00e9publique d\u00e9mocratique du Congo<\/option><option value='R\u00e9publique du Congo' >R\u00e9publique du Congo<\/option><option value='Costa Rica' >Costa Rica<\/option><option value='C\u00f4te d&#039;Ivoire' >C\u00f4te d&#039;Ivoire<\/option><option value='Croatie' >Croatie<\/option><option value='Cuba' >Cuba<\/option><option value='Chypre' >Chypre<\/option><option value='R\u00e9publique tch\u00e8que' >R\u00e9publique tch\u00e8que<\/option><option value='Danemark' >Danemark<\/option><option value='Djibouti' >Djibouti<\/option><option value='Dominique' >Dominique<\/option><option value='R\u00e9publique Dominicaine' >R\u00e9publique Dominicaine<\/option><option value='Timor oriental' >Timor oriental<\/option><option value='\u00c9quateur' >\u00c9quateur<\/option><option value='\u00c9gypte' >\u00c9gypte<\/option><option value='El Salvador' >El Salvador<\/option><option value='Guin\u00e9e \u00e9quatoriale' >Guin\u00e9e \u00e9quatoriale<\/option><option value='\u00c9rythr\u00e9e' >\u00c9rythr\u00e9e<\/option><option value='Estonie' >Estonie<\/option><option value='\u00c9thiopie' >\u00c9thiopie<\/option><option value='Fidji' >Fidji<\/option><option value='Finlande' >Finlande<\/option><option value='France' selected='selected'>France<\/option><option value='French Polynesia' >French Polynesia<\/option><option value='Gabon' >Gabon<\/option><option value='Gambie' >Gambie<\/option><option value='G\u00e9orgie' >G\u00e9orgie<\/option><option value='Allemagne' >Allemagne<\/option><option value='Ghana' >Ghana<\/option><option value='Gr\u00e8ce' >Gr\u00e8ce<\/option><option value='Groenland' >Groenland<\/option><option value='Grenade' >Grenade<\/option><option value='Guam' >Guam<\/option><option value='Guatemala' >Guatemala<\/option><option value='Guin\u00e9e' >Guin\u00e9e<\/option><option value='Guin\u00e9e-Bissau' >Guin\u00e9e-Bissau<\/option><option value='Guyane' >Guyane<\/option><option value='Ha\u00efti' >Ha\u00efti<\/option><option value='Honduras' >Honduras<\/option><option value='Hong Kong' >Hong Kong<\/option><option value='Hongrie' >Hongrie<\/option><option value='Islande' >Islande<\/option><option value='Inde' >Inde<\/option><option value='Indon\u00e9sie' >Indon\u00e9sie<\/option><option value='Iran' >Iran<\/option><option value='Irak' >Irak<\/option><option value='Irlande' >Irlande<\/option><option value='Isra\u00ebl' >Isra\u00ebl<\/option><option value='Italie' >Italie<\/option><option value='Jama\u00efque' >Jama\u00efque<\/option><option value='Japon' >Japon<\/option><option value='Jordanie' >Jordanie<\/option><option value='Kazakhstan' >Kazakhstan<\/option><option value='Kenya' >Kenya<\/option><option value='Kiribati' >Kiribati<\/option><option value='Cor\u00e9e du Nord' >Cor\u00e9e du Nord<\/option><option value='Cor\u00e9e du Sud' >Cor\u00e9e du Sud<\/option><option value='Kosovo' >Kosovo<\/option><option value='Kowe\u00eft' >Kowe\u00eft<\/option><option value='Kirghizistan' >Kirghizistan<\/option><option value='Laos' >Laos<\/option><option value='Lettonie' >Lettonie<\/option><option value='Liban' >Liban<\/option><option value='Lesotho' >Lesotho<\/option><option value='Liberia' >Liberia<\/option><option value='Libie' >Libie<\/option><option value='Liechtenstein' >Liechtenstein<\/option><option value='Lituanie' >Lituanie<\/option><option value='Luxembourg' >Luxembourg<\/option><option value='Mac\u00e9doine' >Mac\u00e9doine<\/option><option value='Madagascar' >Madagascar<\/option><option value='Malawi' >Malawi<\/option><option value='Malaisie' >Malaisie<\/option><option value='Maldives' >Maldives<\/option><option value='Mali' >Mali<\/option><option value='Malte' >Malte<\/option><option value='\u00celes Marshall' >\u00celes Marshall<\/option><option value='Mauritanie' >Mauritanie<\/option><option value='Ile Maurice' >Ile Maurice<\/option><option value='Mexique' >Mexique<\/option><option value='Micron\u00e9sie' >Micron\u00e9sie<\/option><option value='Moldavie' >Moldavie<\/option><option value='Monaco' >Monaco<\/option><option value='Mongolie' >Mongolie<\/option><option value='Mont\u00e9n\u00e9gro' >Mont\u00e9n\u00e9gro<\/option><option value='Maroc' >Maroc<\/option><option value='Mozambique' >Mozambique<\/option><option value='Myanmar' >Myanmar<\/option><option value='Namibie' >Namibie<\/option><option value='Nauru' >Nauru<\/option><option value='N\u00e9pal' >N\u00e9pal<\/option><option value='Pays-Bas' >Pays-Bas<\/option><option value='Nouvelle-Z\u00e9lande' >Nouvelle-Z\u00e9lande<\/option><option value='Nicaragua' >Nicaragua<\/option><option value='Niger' >Niger<\/option><option value='Nig\u00e9ria' >Nig\u00e9ria<\/option><option value='Norv\u00e8ge' >Norv\u00e8ge<\/option><option value='\u00celes Mariannes du Nord' >\u00celes Mariannes du Nord<\/option><option value='Oman' >Oman<\/option><option value='Pakistan' >Pakistan<\/option><option value='Palau' >Palau<\/option><option value='Palestine' >Palestine<\/option><option value='Panama' >Panama<\/option><option value='Papouasie-Nouvelle-Guin\u00e9e' >Papouasie-Nouvelle-Guin\u00e9e<\/option><option value='Paraguay' >Paraguay<\/option><option value='P\u00e9rou' >P\u00e9rou<\/option><option value='Philippines' >Philippines<\/option><option value='Pologne' >Pologne<\/option><option value='Portugal' >Portugal<\/option><option value='Puerto Rico' >Puerto Rico<\/option><option value='Qatar' >Qatar<\/option><option value='Roumanie' >Roumanie<\/option><option value='Russie' >Russie<\/option><option value='Rwanda' >Rwanda<\/option><option value='Saint-Kitts-et-Nevis' >Saint-Kitts-et-Nevis<\/option><option value='Sainte-Lucie' >Sainte-Lucie<\/option><option value='Saint-Vincent-et-les Grenadines' >Saint-Vincent-et-les Grenadines<\/option><option value='Samoa' >Samoa<\/option><option value='Saint-Marin' >Saint-Marin<\/option><option value='Sao Tom\u00e9 et Principe' >Sao Tom\u00e9 et Principe<\/option><option value='Arabie Saoudite' >Arabie Saoudite<\/option><option value='S\u00e9n\u00e9gal' >S\u00e9n\u00e9gal<\/option><option value='Serbie et Mont\u00e9n\u00e9gro' >Serbie et Mont\u00e9n\u00e9gro<\/option><option value='Seychelles' >Seychelles<\/option><option value='Sierra Leone' >Sierra Leone<\/option><option value='Singapour' >Singapour<\/option><option value='Slovaquie' >Slovaquie<\/option><option value='Slov\u00e9nie' >Slov\u00e9nie<\/option><option value='Iles Salomon' >Iles Salomon<\/option><option value='Somalie' >Somalie<\/option><option value='Afrique du Sud' >Afrique du Sud<\/option><option value='Espagne' >Espagne<\/option><option value='Sri Lanka' >Sri Lanka<\/option><option value='Soudan' >Soudan<\/option><option value='Soudan Sud' >Soudan Sud<\/option><option value='Suriname' >Suriname<\/option><option value='Swaziland' >Swaziland<\/option><option value='Su\u00e8de' >Su\u00e8de<\/option><option value='Suisse' >Suisse<\/option><option value='Syrie' >Syrie<\/option><option value='Taiwan' >Taiwan<\/option><option value='Tadjikistan' >Tadjikistan<\/option><option value='Tanzanie' >Tanzanie<\/option><option value='Tha\u00eflande' >Tha\u00eflande<\/option><option value='Togo' >Togo<\/option><option value='Tonga' >Tonga<\/option><option value='Trinidad et Tobago' >Trinidad et Tobago<\/option><option value='Tunisie' >Tunisie<\/option><option value='Turquie' >Turquie<\/option><option value='Turkm\u00e9nistan' >Turkm\u00e9nistan<\/option><option value='Tuvalu' >Tuvalu<\/option><option value='Ouganda' >Ouganda<\/option><option value='Ukraine' >Ukraine<\/option><option value='\u00c9mirats arabes unis' >\u00c9mirats arabes unis<\/option><option value='Royaume-Uni' >Royaume-Uni<\/option><option value='\u00c9tats-Unis' >\u00c9tats-Unis<\/option><option value='Uruguay' >Uruguay<\/option><option value='Ouzb\u00e9kistan' >Ouzb\u00e9kistan<\/option><option value='Vanuatu' >Vanuatu<\/option><option value='Cit\u00e9 du Vatican' >Cit\u00e9 du Vatican<\/option><option value='Venezuela' >Venezuela<\/option><option value='Vietnam' >Vietnam<\/option><option value='\u00celes Vierges britanniques' >\u00celes Vierges britanniques<\/option><option value='Iles Vierges am\u00e9ricaines' >Iles Vierges am\u00e9ricaines<\/option><option value='Y\u00e9men' >Y\u00e9men<\/option><option value='Zambie' >Zambie<\/option><option value='Zimbabwe' >Zimbabwe<\/option><\/select><\/div><\/li><li id='field_1_3' class='gfield gfield_contains_required field_sublabel_below field_description_below' ><label class='gfield_label' for='input_1_3' >Courriel<span class='gfield_required'>*<\/span><\/label><div class='ginput_container'>\n                            <input name='input_3' id='input_1_3' type='text' value='' class='medium' tabindex='4'   \/>\n                        <\/div><\/li><li id='field_1_4' class='gfield gfield_contains_required field_sublabel_below field_description_below' ><label class='gfield_label' for='input_1_4' >T\u00e9l\u00e9phone<span class='gfield_required'>*<\/span><\/label><div class='ginput_container'><input name='input_4' id='input_1_4' type='text' value='' class='medium' tabindex='5'   \/><\/div><\/li><li id='field_1_9' class='gfield field_sublabel_below field_description_below' ><label class='gfield_label' for='input_1_9' >Th\u00e8me<\/label><div class='ginput_container'><select name='input_9' id='input_1_9'  class='medium gfield_select' tabindex='6' ><option value='Boucles \u00e9lectroniques' >Boucles \u00e9lectroniques<\/option><option value='Boucles visuelles' >Boucles visuelles<\/option><option value='Lecteurs \u00e9lectroniques' >Lecteurs \u00e9lectroniques<\/option><option value='Accessoires mat\u00e9riel d\u2019injection' >Accessoires mat\u00e9riel d\u2019injection<\/option><option value='Accessoires solution d\u2019identification' >Accessoires solution d\u2019identification<\/option><option value='Seringues' >Seringues<\/option><option value='Pistolets drogueurs' >Pistolets drogueurs<\/option><option value='' ><\/option><option value='' ><\/option><\/select><\/div><\/li><li id='field_1_5' class='gfield gfield_contains_required field_sublabel_below field_description_below' ><label class='gfield_label' for='input_1_5' >Votre message<span class='gfield_required'>*<\/span><\/label><div class='ginput_container'>\n\t\t\t\t\t<textarea name='input_5' id='input_1_5' class='textarea medium' tabindex='7'    rows='10' cols='50'><\/textarea>\n\t\t\t\t<\/div><\/li><li id='field_1_10' class='gfield gform_validation_container field_sublabel_below field_description_below' ><label class='gfield_label' for='input_1_10' >Name<\/label><div class='ginput_container'><input name='input_10' id='input_1_10' type='text' value='' \/><\/div><div class='gfield_description'>Ce champ n'est utilis\u00e9 qu'\u00e0 des fins de validation et devrait rester inchang\u00e9.<\/div><\/li>\n                            <\/ul><\/div>\n        <div class='gform_footer left_label'> <input type='submit' id='gform_submit_button_1' class='gform_button button' value='Envoyer' tabindex='8' onclick='if(window[\"gf_submitting_1\"]){return false;}  window[\"gf_submitting_1\"]=true;  ' \/> \n            <input type='hidden' class='gform_hidden' name='is_submit_1' value='1' \/>\n            <input type='hidden' class='gform_hidden' name='gform_submit' value='1' \/>\n            \n            <input type='hidden' class='gform_hidden' name='gform_unique_id' value='' \/>\n            <input type='hidden' class='gform_hidden' name='state_1' value='WyJbXSIsImJiOWY3YmJiYTY1MmY3YjRmZmI1YTNlNzkzZWUzZTQyIl0=' \/>\n            <input type='hidden' class='gform_hidden' name='gform_target_page_number_1' id='gform_target_page_number_1' value='0' \/>\n            <input type='hidden' class='gform_hidden' name='gform_source_page_number_1' id='gform_source_page_number_1' value='1' \/>\n            <input type='hidden' name='gform_field_values' value='' \/>\n            \n        <\/div>\n                        <p style=\"display: none !important;\"><label>&#916;<textarea name=\"ak_hp_textarea\" cols=\"45\" rows=\"8\" maxlength=\"100\"><\/textarea><\/label><input type=\"hidden\" id=\"ak_js\" name=\"ak_js\" value=\"1\"\/><script>document.getElementById( \"ak_js\" ).setAttribute( \"value\", ( new Date() ).getTime() );<\/script><\/p><\/form>\n                        <\/div><script type='text\/javascript'> jQuery(document).bind('gform_post_render', function(event, formId, currentPage){if(formId == 1) {if(!\/(android)\/i.test(navigator.userAgent)){jQuery('#input_1_4').mask('(999) 999-9999').bind('keypress', function(e){if(e.which == 13){jQuery(this).blur();} } );}} } );jQuery(document).bind('gform_post_conditional_logic', function(event, formId, fields, isInit){} );<\/script><script type='text\/javascript'> jQuery(document).ready(function(){jQuery(document).trigger('gform_post_render', [1, 1]) } ); <\/script>\n<\/div>","protected":false},"excerpt":{"rendered":"","protected":false},"author":4,"featured_media":0,"parent":0,"menu_order":92,"comment_status":"open","ping_status":"open","template":"","meta":[],"acf":[],"_links":{"self":[{"href":"https:\/\/www.ardes-group.com\/china\/fr\/wp-json\/wp\/v2\/pages\/157\/"}],"collection":[{"href":"https:\/\/www.ardes-group.com\/china\/fr\/wp-json\/wp\/v2\/pages\/"}],"about":[{"href":"https:\/\/www.ardes-group.com\/china\/fr\/wp-json\/wp\/v2\/types\/page\/"}],"author":[{"embeddable":true,"href":"https:\/\/www.ardes-group.com\/china\/fr\/wp-json\/wp\/v2\/users\/4\/"}],"replies":[{"embeddable":true,"href":"https:\/\/www.ardes-group.com\/china\/fr\/wp-json\/wp\/v2\/comments\/?post=157"}],"version-history":[{"count":3,"href":"https:\/\/www.ardes-group.com\/china\/fr\/wp-json\/wp\/v2\/pages\/157\/revisions\/"}],"predecessor-version":[{"id":271,"href":"https:\/\/www.ardes-group.com\/china\/fr\/wp-json\/wp\/v2\/pages\/157\/revisions\/271\/"}],"wp:attachment":[{"href":"https:\/\/www.ardes-group.com\/china\/fr\/wp-json\/wp\/v2\/media\/?parent=157"}],"curies":[{"name":"wp","href":"https:\/\/api.w.org\/{rel}","templated":true}]}}