

{"id":1832,"date":"2014-08-25T10:07:14","date_gmt":"2014-08-25T09:07:14","guid":{"rendered":"http:\/\/www.ardes-group.com\/china\/accueil\/presentation-generale\/developpement-international-2\/"},"modified":"2015-05-12T14:57:42","modified_gmt":"2015-05-12T13:57:42","slug":"developpement-international-2","status":"publish","type":"page","link":"https:\/\/www.ardes-group.com\/china\/fr\/accueil\/developpement-international-2\/","title":{"rendered":"D\u00e9veloppement international"},"content":{"rendered":"<div class=\"pf-content\"><p>[vc_row][vc_column width=&#8221;1\/1&#8243;][vc_row_inner][vc_column_inner width=&#8221;1\/1&#8243;][vc_single_image image=&#8221;2927&#8243; border_color=&#8221;grey&#8221; img_link_target=&#8221;_self&#8221; img_size=&#8221;large&#8221;][\/vc_column_inner][\/vc_row_inner][vc_row_inner][vc_column_inner width=&#8221;1\/1&#8243;][vc_column_text]<\/p>\n<h3>ARDES s\u2019est d\u00e9velopp\u00e9e tr\u00e8s t\u00f4t \u00e0 l\u2019international.<\/h3>\n<h2><\/h2>\n<p>&nbsp;<\/p>\n<p style=\"text-align: justify;\">Cela ne r\u00e9pond pas seulement \u00e0 une n\u00e9cessit\u00e9, mais aussi \u00e0 la culture d\u2019entreprise m\u00eame d\u2019ARDES et de son \u00e9quipe dirigeante. D\u00e8s le d\u00e9part, ARDES a eu vocation de s\u2019adresser, non seulement, aux \u00e9leveurs et v\u00e9t\u00e9rinaires de France mais aussi \u00e0 ceux du monde entier.<\/p>\n<p style=\"text-align: justify;\">La structure de l\u2019entreprise est tourn\u00e9e vers l\u2019international avec une \u00e9quipe d\u00e9di\u00e9e s\u2019occupant sp\u00e9cifiquement de certaines zones g\u00e9ographiques et ce, afin d\u2019\u00e9tablir une relation de confiance et durable avec les utilisateurs de ces pays. De plus, ARDES maitrise parfaitement le processus logistique propre au commerce international.<\/p>\n<p style=\"text-align: justify;\">ARDES s\u2019appuie sur un r\u00e9seau international de distributeurs partenaires, pour certains, depuis plus de 25 ans. Le partage de valeurs essentielles comme le respect et la confiance mutuelle ont permis d\u2019approfondir et de p\u00e9renniser nos relations commerciales. Aujourd\u2019hui, ARDES est repr\u00e9sent\u00e9e dans plus de quatre-vingts pays. A cela s\u2019ajoute la possibilit\u00e9 de desservir n\u2019importe quel pays.<\/p>\n<p>[\/vc_column_text][vc_column_text]<em>\u00a0<a title=\"Ardes Worldwide\" href=\"http:\/\/www.ardes-group.com\/china\/fr\/ardes-worldwide\/\" target=\"_blank\">ARDES Worldwide<\/a><\/em><\/p>\n<p style=\"text-align: justify;\">Bien que tr\u00e8s tourn\u00e9e vers l\u2019international, ARDES n\u2019en a pas moins oubli\u00e9 sa philosophie\u00a0: la proximit\u00e9 et l\u2019\u00e9coute des besoins et des attentes des \u00e9leveurs et des v\u00e9t\u00e9rinaires quel que soit l\u2019endroit o\u00f9 ils se trouvent.<\/p>\n<p>[\/vc_column_text][\/vc_column_inner][\/vc_row_inner][\/vc_column][\/vc_row]<\/p>\n<\/div>","protected":false},"excerpt":{"rendered":"<p>[vc_row][vc_column width=&#8221;1\/1&#8243;][vc_row_inner][vc_column_inner width=&#8221;1\/1&#8243;][vc_single_image image=&#8221;2927&#8243; border_color=&#8221;grey&#8221; img_link_target=&#8221;_self&#8221; img_size=&#8221;large&#8221;][\/vc_column_inner][\/vc_row_inner][vc_row_inner][vc_column_inner width=&#8221;1\/1&#8243;][vc_column_text] ARDES s\u2019est d\u00e9velopp\u00e9e tr\u00e8s t\u00f4t \u00e0 l\u2019international. &nbsp; Cela ne r\u00e9pond pas seulement \u00e0 une n\u00e9cessit\u00e9, mais aussi \u00e0 la culture d\u2019entreprise m\u00eame d\u2019ARDES et de son \u00e9quipe dirigeante. D\u00e8s le d\u00e9part, ARDES a eu vocation de s\u2019adresser, non seulement, aux \u00e9leveurs et v\u00e9t\u00e9rinaires de France mais [&hellip;]<\/p>\n","protected":false},"author":3,"featured_media":0,"parent":12,"menu_order":19,"comment_status":"open","ping_status":"open","template":"","meta":{"footnotes":""},"class_list":["post-1832","page","type-page","status-publish","hentry"],"acf":[],"_links":{"self":[{"href":"https:\/\/www.ardes-group.com\/china\/fr\/wp-json\/wp\/v2\/pages\/1832\/"}],"collection":[{"href":"https:\/\/www.ardes-group.com\/china\/fr\/wp-json\/wp\/v2\/pages\/"}],"about":[{"href":"https:\/\/www.ardes-group.com\/china\/fr\/wp-json\/wp\/v2\/types\/page\/"}],"author":[{"embeddable":true,"href":"https:\/\/www.ardes-group.com\/china\/fr\/wp-json\/wp\/v2\/users\/3\/"}],"replies":[{"embeddable":true,"href":"https:\/\/www.ardes-group.com\/china\/fr\/wp-json\/wp\/v2\/comments\/?post=1832"}],"version-history":[{"count":44,"href":"https:\/\/www.ardes-group.com\/china\/fr\/wp-json\/wp\/v2\/pages\/1832\/revisions\/"}],"predecessor-version":[{"id":5036,"href":"https:\/\/www.ardes-group.com\/china\/fr\/wp-json\/wp\/v2\/pages\/1832\/revisions\/5036\/"}],"up":[{"embeddable":true,"href":"https:\/\/www.ardes-group.com\/china\/fr\/wp-json\/wp\/v2\/pages\/12\/"}],"wp:attachment":[{"href":"https:\/\/www.ardes-group.com\/china\/fr\/wp-json\/wp\/v2\/media\/?parent=1832"}],"curies":[{"name":"wp","href":"https:\/\/api.w.org\/{rel}","templated":true}]}}