

{"id":1835,"date":"2014-08-25T10:07:14","date_gmt":"2014-08-25T09:07:14","guid":{"rendered":"http:\/\/www.ardes-group.com\/china\/accueil\/presentation-generale\/un-savoir-faire-unique\/"},"modified":"2015-05-12T14:59:00","modified_gmt":"2015-05-12T13:59:00","slug":"un-savoir-faire-unique","status":"publish","type":"page","link":"https:\/\/www.ardes-group.com\/china\/fr\/accueil\/un-savoir-faire-unique\/","title":{"rendered":"Un savoir faire unique"},"content":{"rendered":"<div class=\"pf-content\"><p>[vc_row][vc_column width=&#8221;1\/1&#8243;][vc_row_inner][vc_column_inner width=&#8221;1\/1&#8243;][\/vc_column_inner][\/vc_row_inner][vc_column_text]<\/p>\n<h4 style=\"text-align: justify;\">L\u2019ensemble des produits ARDES sont garantis de fabrication fran\u00e7aise et de haute qualit\u00e9. En effet, le site de production d\u2019ARDES est situ\u00e9 au sein d\u2019une r\u00e9gion phare de l\u2019industrie de la plasturgie regroupant les principaux acteurs et de jeunes entreprises innovantes de la plasturgie.<\/h4>\n<h4 style=\"text-align: justify;\">Cette localisation a permis de d\u00e9velopper des partenariats privil\u00e9gi\u00e9s avec des entreprises sp\u00e9cialis\u00e9es et leaders dans leur domaine.<\/h4>\n<p>[\/vc_column_text][\/vc_column][\/vc_row][vc_row][vc_column width=&#8221;1\/2&#8243;][vc_row_inner][vc_column_inner width=&#8221;1\/1&#8243;][vc_column_text]<\/p>\n<p style=\"text-align: center;\"><a href=\"http:\/\/www.ardes-group.com\/wp-content\/uploads\/sites\/7\/2014\/08\/robot-ardes.jpg\"><img loading=\"lazy\" decoding=\"async\" class=\"alignnone wp-image-1863 size-taille-page-produit\" src=\"http:\/\/www.ardes-group.com\/wp-content\/uploads\/sites\/7\/2014\/08\/robot-ardes-386x580.jpg\" alt=\"\" width=\"386\" height=\"580\" \/><\/a><\/p>\n<p>[\/vc_column_text][\/vc_column_inner][\/vc_row_inner][\/vc_column][vc_column width=&#8221;1\/2&#8243;][vc_column_text]<\/p>\n<h2 style=\"text-align: justify; padding-left: 30px;\">Un outil de production performant<\/h2>\n<p>&nbsp;<\/p>\n<p style=\"text-align: justify; padding-left: 30px;\">ARDES collabore \u00e9troitement avec des entreprises situ\u00e9es \u00e0 quelques dizaines de kilom\u00e8tres de son site de production. De cette proximit\u00e9 d\u00e9coule une relation de confiance permettant de d\u00e9velopper des solutions de production uniques.<\/p>\n<p style=\"text-align: justify; padding-left: 30px;\">&#8211;\u00a0\u00a0\u00a0\u00a0 Des presses \u00e0 injecter fabriqu\u00e9es par l\u2019un des leaders mondiaux.<\/p>\n<p style=\"text-align: justify; padding-left: 30px;\">&#8211;\u00a0\u00a0\u00a0 Des entreprises sp\u00e9cialis\u00e9es dans la conception de moules pour l\u2019industrie de la plasturgie. Le moule est un \u00e9l\u00e9ment central de l\u2019outil de production et contribue \u00e0 sa performance.<\/p>\n<p style=\"text-align: justify; padding-left: 30px;\">Par exemple, des moules de qualit\u00e9 permettent d\u2019avoir un nombre de cycles de production tr\u00e8s important\u00a0; \u00e0 cela s\u2019ajoute un accompagnement et une maintenance r\u00e9guli\u00e8re des moules garantissant un niveau de finition des produits tr\u00e8s \u00e9lev\u00e9 \u2013 courbes pr\u00e9cises, nettes et sans bavures.<\/p>\n<p style=\"text-align: justify; padding-left: 30px;\">&#8211;\u00a0\u00a0 Des entreprises sp\u00e9cialis\u00e9es dans la conception d\u2019automates industriels. Leur savoir-faire et leur expertise permettent de concevoir et mettre en \u0153uvre des proc\u00e9d\u00e9s techniques innovants, et sur-mesure, pour r\u00e9pondre \u00e0 notre exigence de qualit\u00e9 \u00e9lev\u00e9e.<\/p>\n<p style=\"text-align: justify; padding-left: 30px;\">En effet, la fabrication des produits ARDES fait appel \u00e0 des techniques avanc\u00e9es comme l\u2019injection plastique, l\u2019impression laser, etc.<\/p>\n<p>[\/vc_column_text][\/vc_column][\/vc_row][vc_row][vc_column width=&#8221;1\/2&#8243;][vc_column_text]<\/p>\n<h2 style=\"text-align: justify;\">Des mati\u00e8res plastiques de haute qualit\u00e9<\/h2>\n<p>&nbsp;<\/p>\n<p style=\"text-align: justify;\">La mati\u00e8re plastique utilis\u00e9e contribue pleinement \u00e0 la qualit\u00e9 et la performance d\u2019un produit, notamment sa r\u00e9sistance m\u00e9canique et chimique. Le choix de la mati\u00e8re premi\u00e8re est, donc, primordial et complexe.<\/p>\n<p style=\"text-align: justify;\">Il existe, en effet, un tr\u00e8s grand nombre de mati\u00e8res plastiques\u00a0; leurs diff\u00e9rences r\u00e9sidant dans leur composition chimique. De ce fait, ARDES collabore avec les leaders mondiaux de l\u2019industrie chimique. Gr\u00e2ce \u00e0 ces partenariats, les produits ARDES sont fabriqu\u00e9s \u00e0 partir de mati\u00e8res plastiques innovantes (par exemple des mati\u00e8res sp\u00e9cialement d\u00e9velopp\u00e9es pour r\u00e9sister aux ultra-violets).<\/p>\n<p style=\"text-align: justify;\">ARDES participe chaque ann\u00e9e \u00e0 des rencontres portant sur les derni\u00e8res innovations en termes de mati\u00e8res plastiques. Ainsi, nous sommes constamment au fait des derni\u00e8res avanc\u00e9es dans ce domaine, afin de les adopter rapidement dans notre processus de production.<\/p>\n<p>[\/vc_column_text][vc_row_inner][vc_column_inner width=&#8221;1\/1&#8243;][vc_column_text][\/vc_column_text][vc_single_image image=&#8221;1898&#8243; border_color=&#8221;grey&#8221; img_link_target=&#8221;_self&#8221; img_size=&#8221;medium&#8221; alignment=&#8221;center&#8221;][\/vc_column_inner][\/vc_row_inner][\/vc_column][vc_column width=&#8221;1\/2&#8243;][vc_column_text]<\/p>\n<p>&nbsp;<\/p>\n<p>&nbsp;<\/p>\n<p>[\/vc_column_text][vc_column_text]<\/p>\n<p style=\"padding-left: 90px;\"><a href=\"http:\/\/www.ardes-group.com\/wp-content\/uploads\/sites\/7\/2014\/08\/gros-plan-billes-plastiques-bleues.jpg\"><img loading=\"lazy\" decoding=\"async\" class=\"alignright size-thumbnail wp-image-1855\" src=\"http:\/\/www.ardes-group.com\/wp-content\/uploads\/sites\/7\/2014\/08\/gros-plan-billes-plastiques-bleues-150x150.jpg\" alt=\"gros plan billes plastiques bleues\" width=\"150\" height=\"150\" srcset=\"https:\/\/www.ardes-group.com\/china\/wp-content\/uploads\/sites\/7\/2014\/08\/gros-plan-billes-plastiques-bleues-150x150.jpg 150w, https:\/\/www.ardes-group.com\/china\/wp-content\/uploads\/sites\/7\/2014\/08\/gros-plan-billes-plastiques-bleues-75x75.jpg 75w\" sizes=\"auto, (max-width: 150px) 100vw, 150px\" \/><\/a><a href=\"http:\/\/www.ardes-group.com\/wp-content\/uploads\/sites\/7\/2014\/08\/gros-plan-plastique-orange.jpg\"><img loading=\"lazy\" decoding=\"async\" class=\"alignright size-thumbnail wp-image-1856\" src=\"http:\/\/www.ardes-group.com\/wp-content\/uploads\/sites\/7\/2014\/08\/gros-plan-plastique-orange-150x150.jpg\" alt=\"gros plan plastique orange\" width=\"150\" height=\"150\" srcset=\"https:\/\/www.ardes-group.com\/china\/wp-content\/uploads\/sites\/7\/2014\/08\/gros-plan-plastique-orange-150x150.jpg 150w, https:\/\/www.ardes-group.com\/china\/wp-content\/uploads\/sites\/7\/2014\/08\/gros-plan-plastique-orange-75x75.jpg 75w\" sizes=\"auto, (max-width: 150px) 100vw, 150px\" \/><\/a><a href=\"http:\/\/www.ardes-group.com\/wp-content\/uploads\/sites\/7\/2014\/08\/gros-plan-biles-plastiques-jaunes.jpg\"><img loading=\"lazy\" decoding=\"async\" class=\"alignright size-thumbnail wp-image-1857\" src=\"http:\/\/www.ardes-group.com\/wp-content\/uploads\/sites\/7\/2014\/08\/gros-plan-biles-plastiques-jaunes-150x150.jpg\" alt=\"gros plan biles plastiques jaunes\" width=\"150\" height=\"150\" srcset=\"https:\/\/www.ardes-group.com\/china\/wp-content\/uploads\/sites\/7\/2014\/08\/gros-plan-biles-plastiques-jaunes-150x150.jpg 150w, https:\/\/www.ardes-group.com\/china\/wp-content\/uploads\/sites\/7\/2014\/08\/gros-plan-biles-plastiques-jaunes-75x75.jpg 75w\" sizes=\"auto, (max-width: 150px) 100vw, 150px\" \/><\/a><a href=\"http:\/\/www.ardes-group.com\/wp-content\/uploads\/sites\/7\/2014\/08\/plastique-ardes-gros-plan1.jpg\"><img loading=\"lazy\" decoding=\"async\" class=\"size-thumbnail wp-image-1888 alignright\" src=\"http:\/\/www.ardes-group.com\/wp-content\/uploads\/sites\/7\/2014\/08\/plastique-ardes-gros-plan1-150x150.jpg\" alt=\"plastique ardes gros plan\" width=\"150\" height=\"150\" srcset=\"https:\/\/www.ardes-group.com\/china\/wp-content\/uploads\/sites\/7\/2014\/08\/plastique-ardes-gros-plan1-150x150.jpg 150w, https:\/\/www.ardes-group.com\/china\/wp-content\/uploads\/sites\/7\/2014\/08\/plastique-ardes-gros-plan1-75x75.jpg 75w\" sizes=\"auto, (max-width: 150px) 100vw, 150px\" \/><\/a><\/p>\n<p>[\/vc_column_text][vc_column_text]<\/p>\n<p>&nbsp;<\/p>\n<p>&nbsp;<\/p>\n<p>[\/vc_column_text][vc_column_text]<\/p>\n<h2 style=\"padding-left: 90px;\">Des pi\u00e8ces usin\u00e9es avec pr\u00e9cision<\/h2>\n<p>&nbsp;<\/p>\n<p style=\"padding-left: 90px;\">ARDES collabore avec des entreprises sp\u00e9cialis\u00e9es dans le d\u00e9colletage situ\u00e9es dans la Vall\u00e9e de L\u2019Arve. Les soci\u00e9t\u00e9s de cette r\u00e9gion sont reconnues pour la fabrication de pi\u00e8ces et de composants destin\u00e9s \u00e0 l\u2019industrie horlog\u00e8re suisse.<\/p>\n<p style=\"padding-left: 90px;\">Ainsi, l\u2019usinage des pi\u00e8ces de r\u00e9volution propres aux mat\u00e9riels d\u2019injection d\u2019ARDES (c\u00f4ne luer lock, insert ou encore tige r\u00e9glable) est con\u00e7u avec le m\u00eame niveau d\u2019exigence et de pr\u00e9cision au centi\u00e8me de millim\u00e8tre.<\/p>\n<p>[\/vc_column_text][\/vc_column][\/vc_row][vc_row][vc_column width=&#8221;1\/1&#8243;][vc_column_text]<\/p>\n<h2>Une \u00e9quipe d\u00e9vou\u00e9e et qualifi\u00e9e<\/h2>\n<p>ARDES doit son expertise \u00e0 une \u00e9quipe impliqu\u00e9e et qualifi\u00e9e. Le savoir-faire technique et la connaissance des produits sont garantis par l\u2019exp\u00e9rience d\u2019une \u00e9quipe dont certains membres collaborent avec ARDES depuis plus de vingts ans.<\/p>\n<p>Tout au long de son d\u00e9veloppement ARDES a construit des partenariats avec des centres de formations ou \u00e9coles d\u2019ing\u00e9nieurs afin d\u2019am\u00e9liorer son savoir-faire et surtout d\u2019incorporer de jeunes \u00e9l\u00e9ments \u00e0 l\u2019\u00e9quipe.<\/p>\n<p>&nbsp;<\/p>\n<p><a href=\"http:\/\/www.ardes-group.com\/wp-content\/uploads\/sites\/7\/2014\/08\/personnage-ARDES.jpg\"><img loading=\"lazy\" decoding=\"async\" class=\"alignnone size-thumbnail wp-image-1884\" src=\"http:\/\/www.ardes-group.com\/wp-content\/uploads\/sites\/7\/2014\/08\/personnage-ARDES-150x150.jpg\" alt=\"personnage ARDES\" width=\"150\" height=\"150\" srcset=\"https:\/\/www.ardes-group.com\/china\/wp-content\/uploads\/sites\/7\/2014\/08\/personnage-ARDES-150x150.jpg 150w, https:\/\/www.ardes-group.com\/china\/wp-content\/uploads\/sites\/7\/2014\/08\/personnage-ARDES-75x75.jpg 75w\" sizes=\"auto, (max-width: 150px) 100vw, 150px\" \/><\/a>\u00a0\u00a0\u00a0\u00a0\u00a0\u00a0\u00a0\u00a0\u00a0\u00a0\u00a0\u00a0 <a href=\"http:\/\/www.ardes-group.com\/wp-content\/uploads\/sites\/7\/2014\/08\/perso-Ardes-3.jpg\"><img loading=\"lazy\" decoding=\"async\" class=\"alignnone size-thumbnail wp-image-1883\" src=\"http:\/\/www.ardes-group.com\/wp-content\/uploads\/sites\/7\/2014\/08\/perso-Ardes-3-150x150.jpg\" alt=\"perso Ardes 3\" width=\"150\" height=\"150\" srcset=\"https:\/\/www.ardes-group.com\/china\/wp-content\/uploads\/sites\/7\/2014\/08\/perso-Ardes-3-150x150.jpg 150w, https:\/\/www.ardes-group.com\/china\/wp-content\/uploads\/sites\/7\/2014\/08\/perso-Ardes-3-75x75.jpg 75w\" sizes=\"auto, (max-width: 150px) 100vw, 150px\" \/><\/a>\u00a0\u00a0\u00a0\u00a0\u00a0\u00a0\u00a0\u00a0\u00a0 <a href=\"http:\/\/www.ardes-group.com\/wp-content\/uploads\/sites\/7\/2014\/08\/perso-ARDES3.jpg\"><img loading=\"lazy\" decoding=\"async\" class=\"alignnone size-thumbnail wp-image-1916\" src=\"http:\/\/www.ardes-group.com\/wp-content\/uploads\/sites\/7\/2014\/08\/perso-ARDES3-150x150.jpg\" alt=\"perso ARDES3\" width=\"150\" height=\"150\" srcset=\"https:\/\/www.ardes-group.com\/china\/wp-content\/uploads\/sites\/7\/2014\/08\/perso-ARDES3-150x150.jpg 150w, https:\/\/www.ardes-group.com\/china\/wp-content\/uploads\/sites\/7\/2014\/08\/perso-ARDES3-75x75.jpg 75w\" sizes=\"auto, (max-width: 150px) 100vw, 150px\" \/><\/a>\u00a0\u00a0\u00a0\u00a0\u00a0\u00a0\u00a0 <a href=\"http:\/\/www.ardes-group.com\/wp-content\/uploads\/sites\/7\/2014\/08\/perso-ARDES5.jpg\"><img loading=\"lazy\" decoding=\"async\" class=\"alignnone size-thumbnail wp-image-1931\" src=\"http:\/\/www.ardes-group.com\/wp-content\/uploads\/sites\/7\/2014\/08\/perso-ARDES5-150x150.jpg\" alt=\"perso ARDES5\" width=\"150\" height=\"150\" srcset=\"https:\/\/www.ardes-group.com\/china\/wp-content\/uploads\/sites\/7\/2014\/08\/perso-ARDES5-150x150.jpg 150w, https:\/\/www.ardes-group.com\/china\/wp-content\/uploads\/sites\/7\/2014\/08\/perso-ARDES5-75x75.jpg 75w\" sizes=\"auto, (max-width: 150px) 100vw, 150px\" \/><\/a>\u00a0\u00a0\u00a0\u00a0\u00a0\u00a0 <a href=\"http:\/\/www.ardes-group.com\/wp-content\/uploads\/sites\/7\/2014\/08\/perso-ardes-5.jpg\"><img loading=\"lazy\" decoding=\"async\" class=\"alignnone size-thumbnail wp-image-1933\" src=\"http:\/\/www.ardes-group.com\/wp-content\/uploads\/sites\/7\/2014\/08\/perso-ardes-5-150x150.jpg\" alt=\"perso ardes 5\" width=\"150\" height=\"150\" srcset=\"https:\/\/www.ardes-group.com\/china\/wp-content\/uploads\/sites\/7\/2014\/08\/perso-ardes-5-150x150.jpg 150w, https:\/\/www.ardes-group.com\/china\/wp-content\/uploads\/sites\/7\/2014\/08\/perso-ardes-5-75x75.jpg 75w\" sizes=\"auto, (max-width: 150px) 100vw, 150px\" \/><\/a>[\/vc_column_text][\/vc_column][\/vc_row]<\/p>\n<\/div>","protected":false},"excerpt":{"rendered":"<p>[vc_row][vc_column width=&#8221;1\/1&#8243;][vc_row_inner][vc_column_inner width=&#8221;1\/1&#8243;][\/vc_column_inner][\/vc_row_inner][vc_column_text] L\u2019ensemble des produits ARDES sont garantis de fabrication fran\u00e7aise et de haute qualit\u00e9. En effet, le site de production d\u2019ARDES est situ\u00e9 au sein d\u2019une r\u00e9gion phare de l\u2019industrie de la plasturgie regroupant les principaux acteurs et de jeunes entreprises innovantes de la plasturgie. Cette localisation a permis de d\u00e9velopper des partenariats [&hellip;]<\/p>\n","protected":false},"author":3,"featured_media":0,"parent":12,"menu_order":23,"comment_status":"open","ping_status":"open","template":"","meta":{"footnotes":""},"class_list":["post-1835","page","type-page","status-publish","hentry"],"acf":[],"_links":{"self":[{"href":"https:\/\/www.ardes-group.com\/china\/fr\/wp-json\/wp\/v2\/pages\/1835\/"}],"collection":[{"href":"https:\/\/www.ardes-group.com\/china\/fr\/wp-json\/wp\/v2\/pages\/"}],"about":[{"href":"https:\/\/www.ardes-group.com\/china\/fr\/wp-json\/wp\/v2\/types\/page\/"}],"author":[{"embeddable":true,"href":"https:\/\/www.ardes-group.com\/china\/fr\/wp-json\/wp\/v2\/users\/3\/"}],"replies":[{"embeddable":true,"href":"https:\/\/www.ardes-group.com\/china\/fr\/wp-json\/wp\/v2\/comments\/?post=1835"}],"version-history":[{"count":90,"href":"https:\/\/www.ardes-group.com\/china\/fr\/wp-json\/wp\/v2\/pages\/1835\/revisions\/"}],"predecessor-version":[{"id":5038,"href":"https:\/\/www.ardes-group.com\/china\/fr\/wp-json\/wp\/v2\/pages\/1835\/revisions\/5038\/"}],"up":[{"embeddable":true,"href":"https:\/\/www.ardes-group.com\/china\/fr\/wp-json\/wp\/v2\/pages\/12\/"}],"wp:attachment":[{"href":"https:\/\/www.ardes-group.com\/china\/fr\/wp-json\/wp\/v2\/media\/?parent=1835"}],"curies":[{"name":"wp","href":"https:\/\/api.w.org\/{rel}","templated":true}]}}