

{"id":1941,"date":"2014-08-26T08:37:10","date_gmt":"2014-08-26T07:37:10","guid":{"rendered":"http:\/\/www.ardes-group.com\/china\/accueil\/presentation-generale\/mot-du-president\/"},"modified":"2015-05-12T15:01:41","modified_gmt":"2015-05-12T14:01:41","slug":"mot-du-president","status":"publish","type":"page","link":"https:\/\/www.ardes-group.com\/china\/fr\/accueil\/mot-du-president\/","title":{"rendered":"Mot du Pr\u00e9sident"},"content":{"rendered":"<div class=\"pf-content\"><p>[vc_row][vc_column width=&#8221;1\/2&#8243;][vc_single_image image=&#8221;3661&#8243; border_color=&#8221;grey&#8221; img_link_target=&#8221;_self&#8221; img_size=&#8221;large&#8221;][\/vc_column][vc_column width=&#8221;1\/2&#8243;][vc_column_text]Je vous remercie de votre visite sur notre site internet.<\/p>\n<p>Nous avons eu beaucoup de plaisir \u00e0 le concevoir, et le mettre \u00e0 jour. Avec, \u00e0 l\u2019esprit, la recherche d\u2019une exp\u00e9rience agr\u00e9able, confortable, toujours <strong>soucieux<\/strong> de vous apporter l\u2019information que vous recherchez en un minimum de temps.<\/p>\n<p>ARDES s\u2019est engag\u00e9e depuis toujours avec <strong>passion<\/strong> \u00e0 fabriquer les solutions d\u2019identification animale et les mat\u00e9riels d\u2019administration de soin les plus performants.<\/p>\n<p>Constamment \u00e0 votre <strong>\u00e9coute<\/strong>, nous vous encourageons \u00e0 nous faire part r\u00e9guli\u00e8rement de notre performance et nous aider \u00e0 l\u2019<strong>am\u00e9liorer<\/strong>.<\/p>\n<p>Si vous n\u2019\u00eates pas compl\u00e8tement satisfait de nos produits et services, <a title=\"Contact\" href=\"http:\/\/www.ardes-group.com\/china\/fr\/contact\/\" target=\"_blank\"><strong>contactez-nous\u00a0:<\/strong><\/a> je m\u2019engage \u00e0 vous donner personnellement la meilleure r\u00e9ponse.<\/p>\n<p>&nbsp;<\/p>\n<p>Comptez sur ARDES pour vous aider \u00e0 d\u00e9velopper votre activit\u00e9.<\/p>\n<p>M.\u00a0 Antoine ALBERT[\/vc_column_text][\/vc_column][\/vc_row]<\/p>\n<\/div>","protected":false},"excerpt":{"rendered":"<p>[vc_row][vc_column width=&#8221;1\/2&#8243;][vc_single_image image=&#8221;3661&#8243; border_color=&#8221;grey&#8221; img_link_target=&#8221;_self&#8221; img_size=&#8221;large&#8221;][\/vc_column][vc_column width=&#8221;1\/2&#8243;][vc_column_text]Je vous remercie de votre visite sur notre site internet. Nous avons eu beaucoup de plaisir \u00e0 le concevoir, et le mettre \u00e0 jour. Avec, \u00e0 l\u2019esprit, la recherche d\u2019une exp\u00e9rience agr\u00e9able, confortable, toujours soucieux de vous apporter l\u2019information que vous recherchez en un minimum de temps. ARDES s\u2019est [&hellip;]<\/p>\n","protected":false},"author":3,"featured_media":0,"parent":12,"menu_order":18,"comment_status":"open","ping_status":"open","template":"","meta":{"footnotes":""},"class_list":["post-1941","page","type-page","status-publish","hentry"],"acf":[],"_links":{"self":[{"href":"https:\/\/www.ardes-group.com\/china\/fr\/wp-json\/wp\/v2\/pages\/1941\/"}],"collection":[{"href":"https:\/\/www.ardes-group.com\/china\/fr\/wp-json\/wp\/v2\/pages\/"}],"about":[{"href":"https:\/\/www.ardes-group.com\/china\/fr\/wp-json\/wp\/v2\/types\/page\/"}],"author":[{"embeddable":true,"href":"https:\/\/www.ardes-group.com\/china\/fr\/wp-json\/wp\/v2\/users\/3\/"}],"replies":[{"embeddable":true,"href":"https:\/\/www.ardes-group.com\/china\/fr\/wp-json\/wp\/v2\/comments\/?post=1941"}],"version-history":[{"count":10,"href":"https:\/\/www.ardes-group.com\/china\/fr\/wp-json\/wp\/v2\/pages\/1941\/revisions\/"}],"predecessor-version":[{"id":5042,"href":"https:\/\/www.ardes-group.com\/china\/fr\/wp-json\/wp\/v2\/pages\/1941\/revisions\/5042\/"}],"up":[{"embeddable":true,"href":"https:\/\/www.ardes-group.com\/china\/fr\/wp-json\/wp\/v2\/pages\/12\/"}],"wp:attachment":[{"href":"https:\/\/www.ardes-group.com\/china\/fr\/wp-json\/wp\/v2\/media\/?parent=1941"}],"curies":[{"name":"wp","href":"https:\/\/api.w.org\/{rel}","templated":true}]}}