

{"id":218,"date":"2014-05-28T09:09:07","date_gmt":"2014-05-28T08:09:07","guid":{"rendered":"http:\/\/www.ardes-group.com\/china\/accueil\/presentation-generale\/"},"modified":"2015-03-20T11:16:15","modified_gmt":"2015-03-20T10:16:15","slug":"presentation-generale","status":"publish","type":"page","link":"https:\/\/www.ardes-group.com\/china\/fr\/accueil\/presentation-generale\/","title":{"rendered":"Pr\u00e9sentation g\u00e9n\u00e9rale"},"content":{"rendered":"<p>[vc_row][vc_column width=&#8221;1\/4&#8243;][vc_single_image image=&#8221;2750&#8243; border_color=&#8221;grey&#8221; img_link_target=&#8221;_self&#8221; img_size=&#8221;thumbnail&#8221;][\/vc_column][vc_column width=&#8221;3\/4&#8243;][vc_column_text]<\/p>\n<h2>Historique<\/h2>\n<div class=\"container page\">\n<div class=\"pf-content\">\n<div class=\"wpb_row vc_row-fluid\">\n<div class=\"vc_span6 eight columns wpb_column column_container\">\n<div class=\"wpb_wrapper\">\n<div class=\"wpb_text_column wpb_content_element \">\n<div class=\"wpb_wrapper\">\n<p>La soci\u00e9t\u00e9 ARDES est n\u00e9e de la passion d\u2019une famille pour le monde de l\u2019\u00e9levage et plus particuli\u00e8rement pour le monde \u00e9quin. <a title=\"Historique\" href=\"http:\/\/www.ardes-group.com\/china\/fr\/accueil\/historique\/\" target=\"_blank\">En savoir plus<\/a><\/p>\n<\/div>\n<\/div>\n<\/div>\n<\/div>\n<\/div>\n<\/div>\n<\/div>\n<p>[\/vc_column_text][\/vc_column][\/vc_row][vc_row][vc_column width=&#8221;1\/4&#8243;][vc_single_image image=&#8221;3174&#8243; border_color=&#8221;grey&#8221; img_link_target=&#8221;_self&#8221; img_size=&#8221;thumbnail&#8221;][\/vc_column][vc_column width=&#8221;3\/4&#8243;][vc_column_text]<\/p>\n<h2>Philosophie ARDES<\/h2>\n<p>ARDES est avant tout une structure familiale qui exerce son m\u00e9tier avec passion depuis plus d\u2019un demi-si\u00e8cle.<\/p>\n<p><a title=\"Philosophie ARDES\" href=\"http:\/\/www.ardes-group.com\/china\/fr\/accueil\/philosophie-ardes\/\" target=\"_blank\">En savoir plus<\/a>[\/vc_column_text][\/vc_column][\/vc_row][vc_row][vc_column width=&#8221;1\/4&#8243;][vc_single_image image=&#8221;882&#8243; border_color=&#8221;grey&#8221; img_link_target=&#8221;_self&#8221; img_size=&#8221;thumbnail&#8221;][\/vc_column][vc_column width=&#8221;3\/4&#8243;][vc_column_text]<\/p>\n<h2>Vision<\/h2>\n<p>Notre ambition est de poursuivre le d\u00e9veloppement de nos deux gammes de produits\u00a0: administration de soins et solutions d\u2019identification animale. <a title=\"Vision\" href=\"http:\/\/www.ardes-group.com\/china\/fr\/accueil\/vision\/\" target=\"_blank\">En savoir plus<\/a>[\/vc_column_text][\/vc_column][\/vc_row][vc_row][vc_column width=&#8221;1\/1&#8243;][vc_row_inner][vc_column_inner width=&#8221;1\/4&#8243;][vc_single_image image=&#8221;3661&#8243; border_color=&#8221;grey&#8221; img_link_target=&#8221;_self&#8221; img_size=&#8221;thumbnail&#8221;][\/vc_column_inner][vc_column_inner width=&#8221;3\/4&#8243;][vc_column_text]<\/p>\n<h2>Mot du pr\u00e9sident<\/h2>\n<p>Constamment \u00e0 votre <strong>\u00e9coute<\/strong>, nous vous encourageons \u00e0 nous faire part r\u00e9guli\u00e8rement de notre performance et nous aider \u00e0 l\u2019<strong>am\u00e9liorer<\/strong>. <a title=\"Mot du Pr\u00e9sident\" href=\"http:\/\/www.ardes-group.com\/china\/fr\/accueil\/mot-du-president\/\" target=\"_blank\">En savoir plus<\/a>[\/vc_column_text][\/vc_column_inner][\/vc_row_inner][vc_row_inner][vc_column_inner width=&#8221;1\/4&#8243;][vc_single_image image=&#8221;2787&#8243; border_color=&#8221;grey&#8221; img_link_target=&#8221;_self&#8221; img_size=&#8221;thumbnail&#8221;][\/vc_column_inner][vc_column_inner width=&#8221;3\/4&#8243;][vc_column_text]<\/p>\n<h2>Les valeurs<\/h2>\n<p>ARDES est une entreprise en constant renouveau, qui se projette vers le futur, avec la forte volont\u00e9 de se transformer et de s\u2019adapter \u00e0 son environnement&#8230; <a title=\"Les valeurs\" href=\"http:\/\/www.ardes-group.com\/china\/fr\/accueil\/les-valeurs\/\" target=\"_blank\">En savoir plus<\/a>[\/vc_column_text][\/vc_column_inner][\/vc_row_inner][vc_row_inner][vc_column_inner width=&#8221;1\/4&#8243;][vc_single_image image=&#8221;1883&#8243; border_color=&#8221;grey&#8221; img_link_target=&#8221;_self&#8221; img_size=&#8221;thumbnail&#8221;][\/vc_column_inner][vc_column_inner width=&#8221;3\/4&#8243;][vc_column_text]<\/p>\n<h2>Nos m\u00e9tiers<\/h2>\n<p>ARDES est sp\u00e9cialis\u00e9e, depuis plus de cinquante ans, dans la conception et la fabrication de mat\u00e9riels d\u2019injection \u00e0 usage v\u00e9t\u00e9rinaire et de solutions d\u2019identification animale. <a title=\"Nos m\u00e9tiers\" href=\"http:\/\/www.ardes-group.com\/china\/fr\/accueil\/nos-metiers-2\/\" target=\"_blank\">En savoir plus<\/a>[\/vc_column_text][\/vc_column_inner][\/vc_row_inner][vc_row_inner][vc_column_inner width=&#8221;1\/4&#8243;][vc_single_image image=&#8221;1931&#8243; border_color=&#8221;grey&#8221; img_link_target=&#8221;_self&#8221; img_size=&#8221;thumbnail&#8221;][\/vc_column_inner][vc_column_inner width=&#8221;3\/4&#8243;][vc_column_text]<\/p>\n<h2>Un savoir faire unique<\/h2>\n<p>L\u2019ensemble des produits ARDES sont garantis de fabrication fran\u00e7aise et de haute qualit\u00e9. <a title=\"Un savoir faire unique\" href=\"http:\/\/www.ardes-group.com\/china\/fr\/accueil\/un-savoir-faire-unique\/\" target=\"_blank\">En savoir plus.<\/a>[\/vc_column_text][\/vc_column_inner][\/vc_row_inner][vc_row_inner][vc_column_inner width=&#8221;1\/4&#8243;][vc_single_image image=&#8221;2927&#8243; border_color=&#8221;grey&#8221; img_link_target=&#8221;_self&#8221; img_size=&#8221;thumbnail&#8221;][\/vc_column_inner][vc_column_inner width=&#8221;3\/4&#8243;][vc_column_text]<\/p>\n<h2>D\u00e9veloppement international<\/h2>\n<p>ARDES s\u2019est d\u00e9velopp\u00e9e tr\u00e8s t\u00f4t \u00e0 l\u2019international. <a title=\"D\u00e9veloppement international\" href=\"http:\/\/www.ardes-group.com\/china\/fr\/accueil\/developpement-international-2\/\" target=\"_blank\">En savoir plus<\/a>[\/vc_column_text][\/vc_column_inner][\/vc_row_inner][\/vc_column][\/vc_row]<\/p>\n","protected":false},"excerpt":{"rendered":"<p>[vc_row][vc_column width=&#8221;1\/4&#8243;][vc_single_image image=&#8221;2750&#8243; border_color=&#8221;grey&#8221; img_link_target=&#8221;_self&#8221; img_size=&#8221;thumbnail&#8221;][\/vc_column][vc_column width=&#8221;3\/4&#8243;][vc_column_text] Historique La soci\u00e9t\u00e9 ARDES est n\u00e9e de la passion d\u2019une famille pour le monde de l\u2019\u00e9levage et plus particuli\u00e8rement pour le monde \u00e9quin. En savoir plus [\/vc_column_text][\/vc_column][\/vc_row][vc_row][vc_column width=&#8221;1\/4&#8243;][vc_single_image image=&#8221;3174&#8243; border_color=&#8221;grey&#8221; img_link_target=&#8221;_self&#8221; img_size=&#8221;thumbnail&#8221;][\/vc_column][vc_column width=&#8221;3\/4&#8243;][vc_column_text] Philosophie ARDES ARDES est avant tout une structure familiale qui exerce son m\u00e9tier avec passion [&hellip;]<\/p>\n","protected":false},"author":4,"featured_media":0,"parent":12,"menu_order":7,"comment_status":"open","ping_status":"open","template":"","meta":{"footnotes":""},"class_list":["post-218","page","type-page","status-publish","hentry"],"acf":[],"_links":{"self":[{"href":"https:\/\/www.ardes-group.com\/china\/fr\/wp-json\/wp\/v2\/pages\/218\/"}],"collection":[{"href":"https:\/\/www.ardes-group.com\/china\/fr\/wp-json\/wp\/v2\/pages\/"}],"about":[{"href":"https:\/\/www.ardes-group.com\/china\/fr\/wp-json\/wp\/v2\/types\/page\/"}],"author":[{"embeddable":true,"href":"https:\/\/www.ardes-group.com\/china\/fr\/wp-json\/wp\/v2\/users\/4\/"}],"replies":[{"embeddable":true,"href":"https:\/\/www.ardes-group.com\/china\/fr\/wp-json\/wp\/v2\/comments\/?post=218"}],"version-history":[{"count":191,"href":"https:\/\/www.ardes-group.com\/china\/fr\/wp-json\/wp\/v2\/pages\/218\/revisions\/"}],"predecessor-version":[{"id":4533,"href":"https:\/\/www.ardes-group.com\/china\/fr\/wp-json\/wp\/v2\/pages\/218\/revisions\/4533\/"}],"up":[{"embeddable":true,"href":"https:\/\/www.ardes-group.com\/china\/fr\/wp-json\/wp\/v2\/pages\/12\/"}],"wp:attachment":[{"href":"https:\/\/www.ardes-group.com\/china\/fr\/wp-json\/wp\/v2\/media\/?parent=218"}],"curies":[{"name":"wp","href":"https:\/\/api.w.org\/{rel}","templated":true}]}}