

{"id":3019,"date":"2014-11-26T09:35:35","date_gmt":"2014-11-26T08:35:35","guid":{"rendered":"http:\/\/www.ardes-group.com\/china\/accueil\/vision\/"},"modified":"2015-05-12T14:55:28","modified_gmt":"2015-05-12T13:55:28","slug":"vision","status":"publish","type":"page","link":"https:\/\/www.ardes-group.com\/china\/fr\/accueil\/vision\/","title":{"rendered":"Vision"},"content":{"rendered":"<div class=\"pf-content\"><p>[vc_row][vc_column width=&#8221;1\/2&#8243;][vc_column_text]Notre ambition est de poursuivre le d\u00e9veloppement de nos deux gammes de produits\u00a0: administration de soins et solutions d\u2019identification animale.<\/p>\n<p>Contrairement \u00e0 d\u2019autres soci\u00e9t\u00e9s, ARDES ne cherche pas \u00e0 se diversifier mais \u00e0 \u00eatre consid\u00e9r\u00e9e comme un sp\u00e9cialiste de ces deux m\u00e9tiers. Notre volont\u00e9 est de faire profiter nos clients de notre expertise de plasturgiste et de notre exp\u00e9rience acquise au sein du monde de l\u2019\u00e9levage et dans le domaine de la sant\u00e9 animale.<\/p>\n<p>C\u2019est pour cela que l\u2019\u00e9quipe ARDES est d\u00e9vou\u00e9e avec \u00e9nergie \u00e0 la recherche de nouvelles solutions pour faciliter le quotidien des utilisateurs de ses produits.<\/p>\n<p>ARDES r\u00e9affirme sa fiert\u00e9 d\u2019\u00eatre un fabricant fran\u00e7ais, et d\u2019\u00eatre pr\u00e9sent dans plus de quatre-vingt pays \u00e0 travers le monde.[\/vc_column_text][\/vc_column][vc_column width=&#8221;1\/2&#8243;][vc_single_image image=&#8221;882&#8243; border_color=&#8221;grey&#8221; img_link_target=&#8221;_self&#8221; img_size=&#8221;large&#8221;][\/vc_column][\/vc_row]<\/p>\n<\/div>","protected":false},"excerpt":{"rendered":"<p>[vc_row][vc_column width=&#8221;1\/2&#8243;][vc_column_text]Notre ambition est de poursuivre le d\u00e9veloppement de nos deux gammes de produits\u00a0: administration de soins et solutions d\u2019identification animale. Contrairement \u00e0 d\u2019autres soci\u00e9t\u00e9s, ARDES ne cherche pas \u00e0 se diversifier mais \u00e0 \u00eatre consid\u00e9r\u00e9e comme un sp\u00e9cialiste de ces deux m\u00e9tiers. Notre volont\u00e9 est de faire profiter nos clients de notre expertise de [&hellip;]<\/p>\n","protected":false},"author":3,"featured_media":0,"parent":12,"menu_order":16,"comment_status":"open","ping_status":"open","template":"","meta":{"footnotes":""},"class_list":["post-3019","page","type-page","status-publish","hentry"],"acf":[],"_links":{"self":[{"href":"https:\/\/www.ardes-group.com\/china\/fr\/wp-json\/wp\/v2\/pages\/3019\/"}],"collection":[{"href":"https:\/\/www.ardes-group.com\/china\/fr\/wp-json\/wp\/v2\/pages\/"}],"about":[{"href":"https:\/\/www.ardes-group.com\/china\/fr\/wp-json\/wp\/v2\/types\/page\/"}],"author":[{"embeddable":true,"href":"https:\/\/www.ardes-group.com\/china\/fr\/wp-json\/wp\/v2\/users\/3\/"}],"replies":[{"embeddable":true,"href":"https:\/\/www.ardes-group.com\/china\/fr\/wp-json\/wp\/v2\/comments\/?post=3019"}],"version-history":[{"count":6,"href":"https:\/\/www.ardes-group.com\/china\/fr\/wp-json\/wp\/v2\/pages\/3019\/revisions\/"}],"predecessor-version":[{"id":5034,"href":"https:\/\/www.ardes-group.com\/china\/fr\/wp-json\/wp\/v2\/pages\/3019\/revisions\/5034\/"}],"up":[{"embeddable":true,"href":"https:\/\/www.ardes-group.com\/china\/fr\/wp-json\/wp\/v2\/pages\/12\/"}],"wp:attachment":[{"href":"https:\/\/www.ardes-group.com\/china\/fr\/wp-json\/wp\/v2\/media\/?parent=3019"}],"curies":[{"name":"wp","href":"https:\/\/api.w.org\/{rel}","templated":true}]}}