

{"id":4458,"date":"2015-03-17T15:05:54","date_gmt":"2015-03-17T14:05:54","guid":{"rendered":"http:\/\/www.ardes-group.com\/china\/?page_id=4458"},"modified":"2015-06-04T21:55:47","modified_gmt":"2015-06-04T20:55:47","slug":"piece-unique","status":"publish","type":"page","link":"https:\/\/www.ardes-group.com\/china\/fr\/personnalisation\/piece-unique\/","title":{"rendered":"Pi\u00e8ce unique"},"content":{"rendered":"<div class=\"pf-content\"><p>[vc_row][vc_column width=&#8221;1\/1&#8243;][vc_column_text]<\/p>\n<h3>Cr\u00e9ation de proc\u00e9d\u00e9s d\u2019injection de fluide et de syst\u00e8me de tra\u00e7abilit\u00e9 sur-mesure.<\/h3>\n<p>[\/vc_column_text][\/vc_column][\/vc_row][vc_row][vc_column width=&#8221;1\/2&#8243;][vc_column_text]<\/p>\n<p style=\"text-align: justify;\">Fort de sa grande exp\u00e9rience dans la conception et la fabrication de sa gamme de produits, ARDES propose un service sur-mesure \u00e0 ses clients dans les domaines suivants\u00a0:<\/p>\n<p>&nbsp;<\/p>\n<p style=\"text-align: justify;\">-Conception et \u00e9laboration de tout syst\u00e8me d\u2019administration de fluides soumis \u00e0 de fortes contraintes\u00a0: chimiques, thermiques, r\u00e9sistance m\u00e9caniques etc.<\/p>\n<p style=\"text-align: justify;\">-Conception et mise en \u0153uvre de solutions d\u2019identification adapt\u00e9es \u00e0 de grands nombres de produits, par exemple\u00a0: identification de pi\u00e8ces d\u00e9tach\u00e9es pour l\u2019industrie, d\u2019arbres et de plantes en agriculture, les peaux en abattoirs et tannerie\u2026<\/p>\n<p style=\"text-align: justify;\">-Conception et mise en \u0153uvre de syst\u00e8me de tra\u00e7abilit\u00e9 par des administrations, gouvernements et de grands groupes agro-industriels. Nous proposons l\u2019\u00e9tude et la mise en place de l\u2019organisation, des outils informatiques et la formations des utilisateurs de ces syst\u00e8mes.<\/p>\n<p>[\/vc_column_text][\/vc_column][vc_column width=&#8221;1\/2&#8243;][vc_single_image image=&#8221;4510&#8243; border_color=&#8221;grey&#8221; img_link_large=&#8221;yes&#8221; img_link_target=&#8221;_self&#8221; img_size=&#8221;medium&#8221; alignment=&#8221;right&#8221;][vc_column_text]<\/p>\n<p style=\"padding-left: 120px;\">\u00a0boucle cuir\/embout par automobile<\/p>\n<p>[\/vc_column_text][\/vc_column][\/vc_row][vc_row][vc_column width=&#8221;1\/1&#8243;][vc_column_text]<\/p>\n<h3 style=\"text-align: justify;\">Pour cela, ARDES offre des capacit\u00e9s compl\u00e8tes \u00ab\u00a0in house\u00a0\u00bb pour l\u2019assistance au design, les outils de moulage, les tests en laboratoire. ARDES fait \u00e9galement appel \u00e0 ses partenaires historiques\u00a0:<\/h3>\n<p>&nbsp;<\/p>\n<p style=\"text-align: justify;\">bureaux d\u2019\u00e9tudes techniques, laboratoires de mesure, services informatiques.<\/p>\n<p style=\"text-align: justify;\">Nous assurons \u00e9galement un contr\u00f4le rigoureux des diff\u00e9rentes \u00e9tapes de conception et de fabrication.<\/p>\n<p>[\/vc_column_text][\/vc_column][\/vc_row][vc_row][vc_column width=&#8221;1\/1&#8243;][vc_column_text]<\/p>\n<h3 style=\"text-align: justify;\">Contactez nous pour la r\u00e9alisation de vos projets et applications qu\u2019ils soient petits ou tr\u00e8s ambitieux\u00a0!<\/h3>\n<h3 style=\"text-align: justify;\">Notre personnel qualifi\u00e9 sera heureux de transformer vos probl\u00e8mes en solutions<\/h3>\n<p><a title=\"Contact\" href=\"http:\/\/www.ardes-group.com\/china\/fr\/contact-produits\/\"><img loading=\"lazy\" decoding=\"async\" class=\"aligncenter size-taille-page-produit wp-image-3780\" src=\"http:\/\/www.ardes-group.com\/wp-content\/uploads\/sites\/7\/2014\/05\/bouton-contact-460x187.jpg\" alt=\"bouton contact\" width=\"460\" height=\"187\" srcset=\"https:\/\/www.ardes-group.com\/china\/wp-content\/uploads\/sites\/7\/2014\/05\/bouton-contact-460x187.jpg 460w, https:\/\/www.ardes-group.com\/china\/wp-content\/uploads\/sites\/7\/2014\/05\/bouton-contact-300x122.jpg 300w, https:\/\/www.ardes-group.com\/china\/wp-content\/uploads\/sites\/7\/2014\/05\/bouton-contact-111x45.jpg 111w, https:\/\/www.ardes-group.com\/china\/wp-content\/uploads\/sites\/7\/2014\/05\/bouton-contact.jpg 921w\" sizes=\"auto, (max-width: 460px) 100vw, 460px\" \/><\/a>[\/vc_column_text][\/vc_column][\/vc_row]<\/p>\n<\/div>","protected":false},"excerpt":{"rendered":"<p>[vc_row][vc_column width=&#8221;1\/1&#8243;][vc_column_text] Cr\u00e9ation de proc\u00e9d\u00e9s d\u2019injection de fluide et de syst\u00e8me de tra\u00e7abilit\u00e9 sur-mesure. [\/vc_column_text][\/vc_column][\/vc_row][vc_row][vc_column width=&#8221;1\/2&#8243;][vc_column_text] Fort de sa grande exp\u00e9rience dans la conception et la fabrication de sa gamme de produits, ARDES propose un service sur-mesure \u00e0 ses clients dans les domaines suivants\u00a0: &nbsp; -Conception et \u00e9laboration de tout syst\u00e8me d\u2019administration de fluides soumis [&hellip;]<\/p>\n","protected":false},"author":4,"featured_media":0,"parent":201,"menu_order":53,"comment_status":"open","ping_status":"open","template":"","meta":{"footnotes":""},"class_list":["post-4458","page","type-page","status-publish","hentry"],"acf":[],"_links":{"self":[{"href":"https:\/\/www.ardes-group.com\/china\/fr\/wp-json\/wp\/v2\/pages\/4458\/"}],"collection":[{"href":"https:\/\/www.ardes-group.com\/china\/fr\/wp-json\/wp\/v2\/pages\/"}],"about":[{"href":"https:\/\/www.ardes-group.com\/china\/fr\/wp-json\/wp\/v2\/types\/page\/"}],"author":[{"embeddable":true,"href":"https:\/\/www.ardes-group.com\/china\/fr\/wp-json\/wp\/v2\/users\/4\/"}],"replies":[{"embeddable":true,"href":"https:\/\/www.ardes-group.com\/china\/fr\/wp-json\/wp\/v2\/comments\/?post=4458"}],"version-history":[{"count":9,"href":"https:\/\/www.ardes-group.com\/china\/fr\/wp-json\/wp\/v2\/pages\/4458\/revisions\/"}],"predecessor-version":[{"id":5252,"href":"https:\/\/www.ardes-group.com\/china\/fr\/wp-json\/wp\/v2\/pages\/4458\/revisions\/5252\/"}],"up":[{"embeddable":true,"href":"https:\/\/www.ardes-group.com\/china\/fr\/wp-json\/wp\/v2\/pages\/201\/"}],"wp:attachment":[{"href":"https:\/\/www.ardes-group.com\/china\/fr\/wp-json\/wp\/v2\/media\/?parent=4458"}],"curies":[{"name":"wp","href":"https:\/\/api.w.org\/{rel}","templated":true}]}}