

{"id":534,"date":"2014-06-05T14:56:10","date_gmt":"2014-06-05T13:56:10","guid":{"rendered":"http:\/\/www.ardes-group.com\/china\/?page_id=534"},"modified":"2015-05-15T06:21:20","modified_gmt":"2015-05-15T05:21:20","slug":"accessoires-injection","status":"publish","type":"page","link":"https:\/\/www.ardes-group.com\/china\/fr\/gamme\/accessoires-injection\/","title":{"rendered":"Accessoires mat\u00e9riel d&#8217;injection"},"content":{"rendered":"<div class=\"pf-content\"><p>[vc_row][vc_column width=&#8221;1\/1&#8243;][vc_column_text]<\/p>\n<h3>Une expertise \u00e0 l\u2019\u00e9coute de vos besoins<\/h3>\n<p style=\"text-align: justify;\">ARDES propose une gamme d\u2019accessoires de qualit\u00e9 destin\u00e9e \u00e0 l\u2019ensemble des seringues r\u00e9utilisables ainsi qu\u2019aux pistolets drogueurs et automatiques. Les mat\u00e9riels d\u2019injection sont tous enti\u00e8rement d\u00e9montables pour permettre leur entretien, par exemple la lubrification du joint, ou pour changer certaines pi\u00e8ces. La dur\u00e9e de vie de des produits ARDES est ainsi prolong\u00e9e.<\/p>\n<p>[\/vc_column_text][\/vc_column][\/vc_row][vc_row][vc_column width=&#8221;1\/2&#8243;][vc_column_text]<\/p>\n<h2>Dosette silicone 5ml<\/h2>\n<p>ARDES conseille de lubrifier\u00a0le joint du mat\u00e9riel d\u2019injection apr\u00e8s plusieurs utilisations en appliquant une goutte sur celui-ci. ARDES propose des dosettes de silicone de haute qualit\u00e9 d\u2019une contenance de 50ml, soit un total de 50 gouttes. Cela permet, d\u2019une part, une meilleure pr\u00e9cision avec un dosage en douceur, et, d\u2019autre part, de r\u00e9duire le frottement entre le joint et le corps et donc l\u2019usure du joint.<\/p>\n<p><a title=\"Supports \u00e0 t\u00e9l\u00e9charger\" href=\"http:\/\/www.ardes-group.com\/china\/fr\/conseils-outils\/supports-a-telecharger\/\" target=\"_blank\">Fichier PDF \u00ab\u00a0Bonnes Pratiques\u00a0\u00bb<\/a>[\/vc_column_text][\/vc_column][vc_column width=&#8221;1\/2&#8243;][vc_single_image image=&#8221;1520&#8243; alignment=&#8221;center&#8221; border_color=&#8221;grey&#8221; img_link_target=&#8221;_self&#8221; img_size=&#8221;medium&#8221;][\/vc_column][\/vc_row][vc_row][vc_column width=&#8221;1\/2&#8243;][vc_column_text]<\/p>\n<h2 style=\"text-align: justify;\">Joint<\/h2>\n<p style=\"text-align: justify;\">Les joints ARDES sont garantis de haute qualit\u00e9 afin d\u2019assurer une fiabilit\u00e9 \u00e0 chaque administration\u00a0: \u00e9tanch\u00e9it\u00e9 parfaite et haute pr\u00e9cision du dosage. De plus, ils r\u00e9pondent aux exigences des normes alimentaires afin de respecter la sant\u00e9 animale.<\/p>\n<p>[\/vc_column_text][\/vc_column][vc_column width=&#8221;1\/2&#8243;][vc_single_image image=&#8221;727&#8243; alignment=&#8221;center&#8221; border_color=&#8221;grey&#8221; img_link_target=&#8221;_self&#8221; img_size=&#8221;medium&#8221;][\/vc_column][\/vc_row][vc_row][vc_column width=&#8221;1\/2&#8243;][vc_column_text]<\/p>\n<h2>Cuves<\/h2>\n<p>Les cuves des pistolets drogueurs peuvent \u00eatre chang\u00e9es. Pour cela, il suffit de d\u00e9monter la canule et de d\u00e9visser la cuve. ARDES propose deux types de cuves\u00a0: une cuve de 60ml et une cuve de <a title=\"Cuve Pistolet 150ml\" href=\"http:\/\/www.ardes-group.com\/china\/fr\/blog\/produit\/cuve-pistolet-150ml\/\" target=\"_blank\">150ml. <\/a>Toutes deux sont garanties incassables et fiables gr\u00e2ce \u00e0 leur fabrication en mati\u00e8re plastique premium et \u00e0 une graduation ind\u00e9l\u00e9bile.[\/vc_column_text][\/vc_column][vc_column width=&#8221;1\/2&#8243;][vc_single_image image=&#8221;5090&#8243; alignment=&#8221;center&#8221; border_color=&#8221;grey&#8221; img_link_target=&#8221;_self&#8221; img_size=&#8221;medium&#8221;][\/vc_column][\/vc_row][vc_row][vc_column width=&#8221;1\/2&#8243;][vc_column_text]<\/p>\n<h2 style=\"text-align: justify;\">Canules<\/h2>\n<p style=\"text-align: justify;\">Les canules ARDES fabriqu\u00e9es \u00e0 partir de laiton inoxydable pr\u00e9sentent une grande r\u00e9sistance chimique et m\u00e9canique. De plus, elles ont \u00e9t\u00e9 con\u00e7ues pour permettre une position id\u00e9ale de l\u2019utilisateur, canule coud\u00e9e \u00e0 25\u00b0, lors du traitement. Longues de 110 ou de 130cm, elles garantissent une distance de s\u00e9curit\u00e9 optimale entre l\u2019utilisateur et l\u2019animal.<\/p>\n<p>[\/vc_column_text][\/vc_column][vc_column width=&#8221;1\/2&#8243;][vc_single_image image=&#8221;1539&#8243; border_color=&#8221;grey&#8221; img_link_target=&#8221;_self&#8221; img_size=&#8221;medium&#8221; alignment=&#8221;center&#8221;][\/vc_column][\/vc_row][vc_row][vc_column width=&#8221;1\/2&#8243;][vc_column_text]<\/p>\n<p style=\"text-align: justify;\">Pour finir, la g\u00e9om\u00e9trie de l\u2019olive, en bout de canule, garantit le respect de la sant\u00e9 animale en \u00e9vitant tous risques d\u2019\u00e9corchures et d\u2019infections.<\/p>\n<p>[\/vc_column_text][\/vc_column][vc_column width=&#8221;1\/2&#8243;][vc_single_image image=&#8221;4560&#8243; alignment=&#8221;center&#8221; border_color=&#8221;grey&#8221; img_link_target=&#8221;_self&#8221; img_size=&#8221;medium&#8221;][\/vc_column][\/vc_row]<\/p>\n<\/div>","protected":false},"excerpt":{"rendered":"<p>[vc_row][vc_column width=&#8221;1\/1&#8243;][vc_column_text] Une expertise \u00e0 l\u2019\u00e9coute de vos besoins ARDES propose une gamme d\u2019accessoires de qualit\u00e9 destin\u00e9e \u00e0 l\u2019ensemble des seringues r\u00e9utilisables ainsi qu\u2019aux pistolets drogueurs et automatiques. Les mat\u00e9riels d\u2019injection sont tous enti\u00e8rement d\u00e9montables pour permettre leur entretien, par exemple la lubrification du joint, ou pour changer certaines pi\u00e8ces. La dur\u00e9e de vie de [&hellip;]<\/p>\n","protected":false},"author":4,"featured_media":0,"parent":24,"menu_order":37,"comment_status":"open","ping_status":"open","template":"","meta":[],"acf":[],"_links":{"self":[{"href":"https:\/\/www.ardes-group.com\/china\/fr\/wp-json\/wp\/v2\/pages\/534\/"}],"collection":[{"href":"https:\/\/www.ardes-group.com\/china\/fr\/wp-json\/wp\/v2\/pages\/"}],"about":[{"href":"https:\/\/www.ardes-group.com\/china\/fr\/wp-json\/wp\/v2\/types\/page\/"}],"author":[{"embeddable":true,"href":"https:\/\/www.ardes-group.com\/china\/fr\/wp-json\/wp\/v2\/users\/4\/"}],"replies":[{"embeddable":true,"href":"https:\/\/www.ardes-group.com\/china\/fr\/wp-json\/wp\/v2\/comments\/?post=534"}],"version-history":[{"count":44,"href":"https:\/\/www.ardes-group.com\/china\/fr\/wp-json\/wp\/v2\/pages\/534\/revisions\/"}],"predecessor-version":[{"id":5091,"href":"https:\/\/www.ardes-group.com\/china\/fr\/wp-json\/wp\/v2\/pages\/534\/revisions\/5091\/"}],"up":[{"embeddable":true,"href":"https:\/\/www.ardes-group.com\/china\/fr\/wp-json\/wp\/v2\/pages\/24\/"}],"wp:attachment":[{"href":"https:\/\/www.ardes-group.com\/china\/fr\/wp-json\/wp\/v2\/media\/?parent=534"}],"curies":[{"name":"wp","href":"https:\/\/api.w.org\/{rel}","templated":true}]}}