

{"id":5344,"date":"2014-05-21T12:24:08","date_gmt":"2014-05-21T11:24:08","guid":{"rendered":"http:\/\/www.ardes-group.com\/china\/electronic-ear-tags\/"},"modified":"2014-05-21T12:24:08","modified_gmt":"2014-05-21T11:24:08","slug":"electronic-ear-tags","status":"publish","type":"page","link":"https:\/\/www.ardes-group.com\/china\/gamme\/electronic-ear-tags\/","title":{"rendered":"Electronic ear tags"},"content":{"rendered":"<div class=\"pf-content\"><p>[vc_row][vc_column width=&#8221;1\/1&#8243;][vc_column_text]<\/p>\n<h3>The electronic identification allows a higher reading simplicity and rapidity than visual ear tags, especially to automate animals traceability.<\/h3>\n<p>[\/vc_column_text][\/vc_column][\/vc_row][vc_row][vc_column width=&#8221;2\/3&#8243;][vc_column_text]<\/p>\n<h3>A solution applicable on the field<\/h3>\n<p>ARDES electronic ear tags are conceived to suit cattles, sheeps, goats and swines breeders\u2019 needs. They are available in two sizes, in two technologies: HDX and FDX. The radio frequency identification permits to highlight the animal identification number, implementing solutions on the field: herd management software, milking parlor assistance, automatic weighing system, automatic animals count, automatic feed distribution\u2026<\/p>\n<p style=\"text-align: justify;\"><a title=\"Identification par RFID\" href=\"http:\/\/www.ardes-group.com\/china\/advices-tools-2\/rfid-identification\/\">\u00a0What&#8217;s RFID ?<\/a><\/p>\n<p>[\/vc_column_text][\/vc_column][vc_column width=&#8221;1\/3&#8243;][vc_single_image image=&#8221;56&#8243; alignment=&#8221;center&#8221; border_color=&#8221;grey&#8221; img_link_target=&#8221;_self&#8221; img_size=&#8221;medium&#8221; img_link_large=&#8221;yes&#8221;][\/vc_column][\/vc_row][vc_row][vc_column width=&#8221;1\/1&#8243;][vc_column_text]<\/p>\n<h2>Our advantages<\/h2>\n<p>Approuved by International Committee for Animal Recording, ARDES electronic ear tags were conceived in collaboration with the French Polytechnique Institute of Grenoble, expert in RFID technology, to guarantee an important reading distance and performances reliability.[\/vc_column_text][\/vc_column][\/vc_row][vc_row][vc_column width=&#8221;1\/2&#8243;][vc_column_text]<\/p>\n<h3>Important reading distance<\/h3>\n<p><strong>\u00a0<\/strong>ARDES electronic eartags are easily detected by readers. In fact, the distance for the reader detection is more important with ARDES ear tags than standards one.[\/vc_column_text][vc_column_text]<\/p>\n<h3>Performances reliability<\/h3>\n<p>Contrary to the competition, all ARDES electronic ear tags deliver constant reading performances. The assembly process between transponder and plastic envelopes, made by ARDES, doesn\u2019t spoil the signal performance produced by the electronic ear tag.[\/vc_column_text][vc_column_text]<\/p>\n<table style=\"height: 194px;\" border=\"2\" width=\"508\">\n<tbody>\n<tr>\n<td colspan=\"3\">\n<p style=\"text-align: center;\"><strong>Maximum reading distance <\/strong><\/p>\n<p style=\"text-align: center;\"><strong>Between the electronic eartag and the reader<\/strong><\/p>\n<\/td>\n<\/tr>\n<tr>\n<td style=\"text-align: center;\"><strong>Readers\u2019 type on the market<\/strong><\/td>\n<td style=\"text-align: center;\" colspan=\"2\"><strong>ARDES electronic ear tags<\/strong><\/td>\n<\/tr>\n<tr>\n<td style=\"text-align: center;\">Fixed readers<\/td>\n<td style=\"text-align: center;\">84 cm<\/td>\n<td style=\"text-align: center;\">+5% compared to the competition<\/td>\n<\/tr>\n<tr>\n<td style=\"text-align: center;\">Portable readers<\/td>\n<td style=\"text-align: center;\">33 cm<\/td>\n<td style=\"text-align: center;\">+9% compared to the competition<\/td>\n<\/tr>\n<tr>\n<td style=\"text-align: center;\" colspan=\"3\">Reading distance test for ARDES electronic ear tags was made by the RFTLAB\u00ae<\/td>\n<\/tr>\n<\/tbody>\n<\/table>\n<p>[\/vc_column_text][vc_column_text]<\/p>\n<h2>Standards and certificates<\/h2>\n<h3>The respect of ISO 11784 &amp; 11785 standards, ICAR certification<\/h3>\n<p>The International Committee for Animal Recording certified ARDES electronic ear tags, in keeping with ISO 11784 &amp; 11785 international rules. This certification, a quality token, ensures ear tags functioning with all ISO standards readers on the market.[\/vc_column_text][vc_column_text]<\/p>\n<h2>Our instructions<\/h2>\n<h3>Tagging<\/h3>\n<p>We advice you on how tagging your animals giving you bests practices for the ear tags positioning. ARDES applicators are developed for an effective and reliable tagging. However, ARDES electronic ear tags matched to the majority of applicators from the market.<\/p>\n<p><strong><em><span style=\"text-decoration: underline;\">Encoding and marking <\/span><\/em><\/strong><\/p>\n<p><em>ARDES electronic ear tags were previously encoded, the identification number is registered in electronic chip from the ear tag. They are also available blank or printed by laser.<\/em><\/p>\n<p><a title=\"Vid\u00e9os Youtube\" href=\"http:\/\/www.ardes-group.com\/china\/advices-tools-2\/youtube-videos\/\"><em>vid\u00e9o conseil bouclage<\/em><\/a><\/p>\n<p><a title=\"Supports \u00e0 t\u00e9l\u00e9charger\" href=\"http:\/\/www.ardes-group.com\/china\/advices-tools-2\/downloads\/\"><em>\u00a0PDF conseils bouclage<\/em><\/a>[\/vc_column_text][vc_single_image image=&#8221;900&#8243; border_color=&#8221;grey&#8221; img_link_large=&#8221;yes&#8221; img_link_target=&#8221;_self&#8221; img_size=&#8221;medium&#8221;][\/vc_column][vc_column width=&#8221;1\/2&#8243;][vc_column_text]<a href=\"http:\/\/www.ardes-group.com\/wp-content\/uploads\/sites\/7\/2014\/05\/graphique-distance-de-lecture.jpg\"><img loading=\"lazy\" class=\"alignright wp-image-3366 size-large\" src=\"http:\/\/www.ardes-group.com\/wp-content\/uploads\/sites\/7\/2014\/05\/graphique-distance-de-lecture-1024x750.jpg\" alt=\"graphique distance de lecture\" width=\"1024\" height=\"750\" \/><\/a>[\/vc_column_text][vc_single_image image=&#8221;887&#8243; alignment=&#8221;right&#8221; border_color=&#8221;grey&#8221; img_link_target=&#8221;_self&#8221; img_size=&#8221;large&#8221;][\/vc_column][\/vc_row]<\/p>\n<\/div>","protected":false},"excerpt":{"rendered":"<p>[vc_row][vc_column width=&#8221;1\/1&#8243;][vc_column_t [&hellip;]<\/p>\n","protected":false},"author":4,"featured_media":0,"parent":5348,"menu_order":23,"comment_status":"closed","ping_status":"closed","template":"","meta":[],"acf":[],"_links":{"self":[{"href":"https:\/\/www.ardes-group.com\/china\/wp-json\/wp\/v2\/pages\/5344"}],"collection":[{"href":"https:\/\/www.ardes-group.com\/china\/wp-json\/wp\/v2\/pages"}],"about":[{"href":"https:\/\/www.ardes-group.com\/china\/wp-json\/wp\/v2\/types\/page"}],"author":[{"embeddable":true,"href":"https:\/\/www.ardes-group.com\/china\/wp-json\/wp\/v2\/users\/4"}],"replies":[{"embeddable":true,"href":"https:\/\/www.ardes-group.com\/china\/wp-json\/wp\/v2\/comments?post=5344"}],"version-history":[{"count":0,"href":"https:\/\/www.ardes-group.com\/china\/wp-json\/wp\/v2\/pages\/5344\/revisions"}],"up":[{"embeddable":true,"href":"https:\/\/www.ardes-group.com\/china\/wp-json\/wp\/v2\/pages\/5348"}],"wp:attachment":[{"href":"https:\/\/www.ardes-group.com\/china\/wp-json\/wp\/v2\/media?parent=5344"}],"curies":[{"name":"wp","href":"https:\/\/api.w.org\/{rel}","templated":true}]}}