

{"id":6768,"date":"2014-05-21T12:24:08","date_gmt":"2014-05-21T11:24:08","guid":{"rendered":"http:\/\/www.ardes-group.com\/es\/boucles-electroniques\/"},"modified":"2016-05-11T09:58:19","modified_gmt":"2016-05-11T08:58:19","slug":"crotales-electronicos","status":"publish","type":"page","link":"https:\/\/www.ardes-group.com\/es\/gama\/crotales-electronicos\/","title":{"rendered":"Crotales electr\u00f3nicos"},"content":{"rendered":"<div class=\"pf-content\"><p>[vc_row][vc_column][vc_column_text]La identificaci\u00f3n electr\u00f3nica permite mayor simplicidad y rapidez de lectura que los crotales visuales, y en especial la automatizaci\u00f3n de la trazabilidad de los animales.[\/vc_column_text][\/vc_column][\/vc_row][vc_row][vc_column width=&#8221;2\/3&#8243;][vc_column_text]<\/p>\n<h3><strong>Una soluci\u00f3n aplicable sobre el terreno<\/strong><\/h3>\n<p>Los crotales electr\u00f3nicos ARDES han sido creados con el fin de responder a las necesidades de ganaderos de bovino, ovino, caprino y porcino. \u00c9stos est\u00e1n disponibles en dos tama\u00f1os, en dos tecnolog\u00edas, HDX y FDX. La identificaci\u00f3n electr\u00f3nica por radiofrecuencia (RFID) permite mejorar la identificaci\u00f3n del animal mediante la implementaci\u00f3n de soluciones sobre el terreno: programa de gesti\u00f3n del reba\u00f1o, ayuda al orde\u00f1o, sistema de ponderaci\u00f3n autom\u00e1tico, automatizaci\u00f3n de la clasificaci\u00f3n de animales, enumeraci\u00f3n autom\u00e1tica de animales, distribuci\u00f3n autom\u00e1tica de alimento\u2026<\/p>\n<p style=\"text-align: justify;\"><a title=\"Identification par RFID\" href=\"http:\/\/www.ardes-group.com\/es\/conseils-outils\/identification-par-rfid\/\" target=\"_blank\"><em> \u00bf Qu\u00e9 el RFID?<\/em><\/a><\/p>\n<p>[\/vc_column_text][\/vc_column][vc_column width=&#8221;1\/3&#8243;][vc_single_image image=&#8221;56&#8243; img_size=&#8221;medium&#8221; alignment=&#8221;center&#8221; img_link_large=&#8221;yes&#8221;][\/vc_column][\/vc_row][vc_row][vc_column][vc_column_text]<\/p>\n<h3><strong>Nuestras ventajas<\/strong><\/h3>\n<p>Aprobadas por el <em>Comit\u00e9 Internacional para el Control del Rendimiento de la Ganader\u00eda<\/em> (<em>Comit\u00e9 International pour le Contr\u00f4le des Performances en \u00c9levage, ICAR), <\/em>los crotales electr\u00f3nicos ARDES han sido creados en colaboraci\u00f3n con el Instituto Polit\u00e9cnico Franc\u00e9s de Grenoble, experto en tecnolog\u00eda RFID, para garantizar una distancia de lectura significativa as\u00ed como un rendimiento fiable.[\/vc_column_text][\/vc_column][\/vc_row][vc_row][vc_column width=&#8221;1\/2&#8243;][vc_column_text]<\/p>\n<h3>Distancia de lectura significativa<\/h3>\n<p>Los crotales electr\u00f3nicos ARDES son detectados m\u00e1s f\u00e1cilmente por los lectores. La distancia a la que el crotal ARDES es detectado es mayor que con los crotales de la competencia.[\/vc_column_text][vc_column_text]<\/p>\n<h3>Resultados fiables<\/h3>\n<p>A diferencia de la competencia, todos los crotales electr\u00f3nicos ARDES ofrecen unos resultados de lectura constantes. El proceso de ensamblaje del transpondedor y del sobre pl\u00e1stico realizado por ARDES, no altera el resultado de la se\u00f1al emitida por el crotal electr\u00f3nico.[\/vc_column_text][vc_column_text]<\/p>\n<table style=\"height: 194px;\" border=\"2\" width=\"508\">\n<tbody>\n<tr>\n<td colspan=\"3\">\n<p style=\"text-align: center;\"><strong>Distancia de lectura m\u00e1xima entre <\/strong><\/p>\n<p style=\"text-align: center;\"><strong>el crotal electr\u00f3nico y el lector<\/strong><\/p>\n<\/td>\n<\/tr>\n<tr>\n<td style=\"text-align: center;\"><strong>Tipos de lectores del mercado<\/strong><\/td>\n<td style=\"text-align: center;\" colspan=\"2\"><strong>Crotales electr\u00f3nicos ARDES<\/strong><\/td>\n<\/tr>\n<tr>\n<td style=\"text-align: center;\">Lectores fijos<\/td>\n<td style=\"text-align: center;\">84 cm<\/td>\n<td style=\"text-align: center;\">5% en comparaci\u00f3n con la competencia<\/td>\n<\/tr>\n<tr>\n<td style=\"text-align: center;\">Lectores port\u00e1tiles<\/td>\n<td style=\"text-align: center;\">33 cm<\/td>\n<td style=\"text-align: center;\">+9% en comparaci\u00f3n con la competencia<\/td>\n<\/tr>\n<tr>\n<td style=\"text-align: center;\" colspan=\"3\">Prueba de distancia de lectura de los crotales electr\u00f3nicos ARDES realizado por RFTLAB<\/td>\n<\/tr>\n<\/tbody>\n<\/table>\n<p>[\/vc_column_text][vc_column_text]<\/p>\n<h2><strong>Nuestros consejos<\/strong><\/h2>\n<h3>Colocaci\u00f3n<\/h3>\n<p>Le aconsejamos c\u00f3mo acrotalar a sus animales proporcion\u00e1ndole las buenas pr\u00e1cticas relativas a la colocaci\u00f3n de los crotales. Las pinzas ARDES han sido creadas para que la colocaci\u00f3n del crotal sea eficaz y eficiente. Sin embargo, los crotales electr\u00f3nicos ARDES son compatibles\u00a0con la mayor\u00eda de pinzas del mercado.<\/p>\n<p><a href=\"http:\/\/www.ardes-group.com\/es\/conseils-outils\/videos-youtube\/\" target=\"_blank\">V\u00eddeo consejos para acrotalar<\/a><\/p>\n<p><a href=\"http:\/\/www.ardes-group.com\/es\/conseils-outils\/supports-a-telecharger\/\" target=\"_blank\">PDF consejos para acrotalar<\/a>[\/vc_column_text][vc_column_text]<\/p>\n<h3><strong>Certificados y<\/strong> <strong>normas<\/strong><\/h3>\n<h4>Conforme a la norma ISO 11784 y 11785, certificado ICAR<\/h4>\n<p>El Comit\u00e9 Internacional para el Control del Rendimiento de la Ganader\u00eda (Comit\u00e9 International pour le Contr\u00f4le des Performances en \u00c9levage) ha certificado los crotales electr\u00f3nicos ARDES como conformes con las reglas internacionales ISO 11784 y 11785. Dicho certificado, prueba de calidad, asegura un funcionamiento de los crotales con todos los lectores del mercado que cumplan con las normas ISO.[\/vc_column_text][vc_single_image image=&#8221;900&#8243; img_size=&#8221;medium&#8221; img_link_large=&#8221;yes&#8221;][\/vc_column][vc_column width=&#8221;1\/2&#8243;][vc_column_text]<\/p>\n<p><a href=\"http:\/\/www.ardes-group.com\/wp-content\/uploads\/2014\/05\/graphique-distance-de-lecture.jpg\"><img loading=\"lazy\" class=\"alignright wp-image-3366 size-large\" src=\"http:\/\/www.ardes-group.com\/wp-content\/uploads\/2014\/05\/graphique-distance-de-lecture-1024x750.jpg\" alt=\"graphique distance de lecture\" width=\"1024\" height=\"750\" \/><\/a><\/p>\n<p>[\/vc_column_text][vc_single_image image=&#8221;887&#8243; img_size=&#8221;large&#8221; alignment=&#8221;right&#8221;][\/vc_column][\/vc_row]<\/p>\n<\/div>","protected":false},"excerpt":{"rendered":"<p>[vc_row][vc_column][vc_column_text]La identificaci\u00f3n electr\u00f3nica permite mayor simplicidad y rapidez de lectura que los crotales visuales, y en especial la automatizaci\u00f3n de la trazabilidad de los animales.[\/vc_column_text][\/vc_column][\/vc_row][vc_row][vc_column width=&#8221;2\/3&#8243;][vc_column_text] Una soluci\u00f3n aplicable sobre el terreno Los crotales electr\u00f3nicos ARDES han sido creados con el fin de responder a las necesidades de ganaderos de bovino, ovino, caprino y porcino. [&hellip;]<\/p>\n","protected":false},"author":4,"featured_media":0,"parent":7201,"menu_order":26,"comment_status":"closed","ping_status":"closed","template":"","meta":[],"acf":[],"_links":{"self":[{"href":"https:\/\/www.ardes-group.com\/es\/wp-json\/wp\/v2\/pages\/6768\/"}],"collection":[{"href":"https:\/\/www.ardes-group.com\/es\/wp-json\/wp\/v2\/pages\/"}],"about":[{"href":"https:\/\/www.ardes-group.com\/es\/wp-json\/wp\/v2\/types\/page\/"}],"author":[{"embeddable":true,"href":"https:\/\/www.ardes-group.com\/es\/wp-json\/wp\/v2\/users\/4\/"}],"replies":[{"embeddable":true,"href":"https:\/\/www.ardes-group.com\/es\/wp-json\/wp\/v2\/comments\/?post=6768"}],"version-history":[{"count":0,"href":"https:\/\/www.ardes-group.com\/es\/wp-json\/wp\/v2\/pages\/6768\/revisions\/"}],"up":[{"embeddable":true,"href":"https:\/\/www.ardes-group.com\/es\/wp-json\/wp\/v2\/pages\/7201\/"}],"wp:attachment":[{"href":"https:\/\/www.ardes-group.com\/es\/wp-json\/wp\/v2\/media\/?parent=6768"}],"curies":[{"name":"wp","href":"https:\/\/api.w.org\/{rel}","templated":true}]}}