

{"id":6771,"date":"2014-08-31T14:59:36","date_gmt":"2014-08-31T13:59:36","guid":{"rendered":"http:\/\/www.ardes-group.com\/es\/lecteurs-electroniques\/"},"modified":"2020-09-14T16:53:04","modified_gmt":"2020-09-14T15:53:04","slug":"lecteurs-electroniques","status":"publish","type":"page","link":"https:\/\/www.ardes-group.com\/es\/gama\/lecteurs-electroniques\/","title":{"rendered":"Lectores electr\u00f3nicos"},"content":{"rendered":"<div class=\"pf-content\"><p>[vc_row][vc_column][vc_column_text]<\/p>\n<h4><strong>Los lectores electr\u00f3nicos permiten leer de una manera sencilla y r\u00e1pida los crotales electr\u00f3nicos. \u00c9stos contribuyen a la automatizaci\u00f3n de la trazabilidad de los animales.<\/strong><\/h4>\n<p>[\/vc_column_text][vc_row_inner][vc_column_inner width=&#8221;1\/2&#8243;][vc_column_text]ARDES cre\u00f3 hace varios a\u00f1os una gama de crotales electr\u00f3nicos RFID. \u00a1Pero un crotal electr\u00f3nico no es nada sin un sistema de lectura eficaz!<\/p>\n<p><span lang=\"ES-TRAD\">En colaboraci\u00f3n con nuestro laboratorio asociado en medidas electr\u00f3nicas, el RFT Lab <\/span><span lang=\"ES-TRAD\">\u00ae, ARDES ha probado decenas de sistemas de lectura,\u00a0y le ofrece hoy la mejor soluci\u00f3n<\/span><\/p>\n<p style=\"text-align: justify;\">Los lectores producidos por esta compa\u00f1\u00eda ofrecieron el mejor rendimiento a los bucles ARDES:<\/p>\n<ul>\n<li><strong>Distancia de lectura<\/strong><\/li>\n<li><strong>Fiabilidad<\/strong><\/li>\n<li><strong>Robustez y ergonom\u00eda<\/strong><\/li>\n<\/ul>\n<p>[\/vc_column_text][vc_column_text]<\/p>\n<h3><strong>Un sistema de identificaci\u00f3n inmediata<\/strong><\/h3>\n<p>Nuestros lectores electr\u00f3nicos est\u00e1n dise\u00f1ados para satisfacer las necesidades de los ganaderos de ganado vacuno, ovino, caprino y porcino; pero tambi\u00e9n se adaptan a las necesidades de los veterinarios y criadores de animales m\u00e1s peque\u00f1os, como los animales dom\u00e9sticos (perros, gatos o caballos &#8230;).<\/p>\n<p>Tenemos una gama de 4 lectores(HALO, RT 250, RT10M, RT100 V8) de diferentes tama\u00f1os que son adecuados para todo tipo de animales con bucle electr\u00f3nico RFID.<\/p>\n<p>La identificaci\u00f3n electr\u00f3nica por radiofrecuencia (RFID) permite mejorar la identificaci\u00f3n del animal con la implementaci\u00f3n de soluciones sobre el terreno: programa de gesti\u00f3n del reba\u00f1o, ayuda al orde\u00f1o, sistema de ponderaci\u00f3n autom\u00e1tico, automatizaci\u00f3n de la clasificaci\u00f3n de animales, enumeraci\u00f3n autom\u00e1tica de animales, distribuci\u00f3n autom\u00e1tica de alimento\u2026<\/p>\n<p>[\/vc_column_text][\/vc_column_inner][vc_column_inner width=&#8221;1\/2&#8243;][vc_column_text]<\/p>\n<p style=\"text-align: right;\"><img loading=\"lazy\" class=\"aligncenter wp-image-17151 size-taille-page-produit\" src=\"http:\/\/www.ardes-group.com\/wp-content\/uploads\/2020\/02\/grand-lecteur-c-387x580.jpg\" alt=\"\" width=\"387\" height=\"580\" \/><\/p>\n<p>[\/vc_column_text][vc_column_text][\/vc_column_text][\/vc_column_inner][\/vc_row_inner][vc_row_inner][vc_column_inner][vc_column_text]<\/p>\n<h3>Nuestras ventajas<\/h3>\n<p>Conformes a las normas ISO 11784\/11785, los lectores electr\u00f3nicos port\u00e1tiles y fijos ofrecen una distancia de lectura \u00f3ptima y unos resultados fiables.[\/vc_column_text][\/vc_column_inner][\/vc_row_inner][vc_row_inner][vc_column_inner width=&#8221;1\/2&#8243;][vc_column_text]<\/p>\n<h4><strong>Distancia de lectura superior a la est\u00e1ndar del mercado<\/strong><\/h4>\n<p>Gracias a los diferentes formatos de antenas de nuestros lectores electr\u00f3nicos port\u00e1tiles, la detecci\u00f3n de crotales electr\u00f3nicos se realiza de una manera eficaz y adaptada en funci\u00f3n del animal.<\/p>\n<p>Por otro lado, la robustez de los productos, superior a la de la competencia, evita todo deterioro, y su asa ergon\u00f3mica facilita su manejo.[\/vc_column_text][vc_column_text]<\/p>\n<h4><strong>F\u00e1cil de usar<\/strong><\/h4>\n<p>ARDES garantiza con su gama de lectores un alto rendimiento de lectura, el cual se caracteriza por una r\u00e1pida navegaci\u00f3n. Durante la identificaci\u00f3n, diferentes se\u00f1ales de alerta (sonoras, vibratorias, vocales) pueden emitirse para transmitir cierta informaci\u00f3n. Finalmente, mediante diversos m\u00e9todos (USB, Ethernet, Bluetooth), la transmisi\u00f3n de informaci\u00f3n desde un lector puede hacerse f\u00e1cilmente hacia ordenadores, otros lectores o programas de tratamiento de informaci\u00f3n.[\/vc_column_text][\/vc_column_inner][vc_column_inner width=&#8221;1\/2&#8243;][vc_column_text]<\/p>\n<p>&nbsp;<\/p>\n<p>[\/vc_column_text][vc_single_image image=&#8221;3366&#8243; img_size=&#8221;large&#8221; alignment=&#8221;right&#8221; img_link_large=&#8221;yes&#8221;][\/vc_column_inner][\/vc_row_inner][vc_column_text]<\/p>\n<h3 style=\"text-align: justify;\"><span lang=\"ES-TRAD\">Una amplia gama\u00a0<\/span><span lang=\"ES-TRAD\">que responde a necesidades<\/span><\/h3>\n<p>Para asegurar una propuesta de productos de rendimiento inigualable tanto a ganaderos como a veterinarios, ARDES recomienda que utilice los lectores electr\u00f3nicos de nuestra gama ARDES<\/p>\n<p>Nuestros lectores electr\u00f3nicos se adaptan a todas sus necesidades: robustos, ergon\u00f3micos, se pueden utilizar con total seguridad.<\/p>\n<p>Esta gama completa permite a los criadores y veterinarios establecer una gesti\u00f3n rigurosa de la informaci\u00f3n relativa a sus animales. Adem\u00e1s, permite adaptarse a todas tus necesidades, elige el reproductor port\u00e1til perfecto para ti seg\u00fan el tama\u00f1o de tus animales.<\/p>\n<p>\u00a1La mejor relaci\u00f3n calidad-precio para probarlo es adoptarlo![\/vc_column_text][vc_column_text]<\/p>\n<h3>Los lectores electr\u00f3nicos port\u00e1tiles requieren un acercamiento del lector cerca del gancho para poder leer, guardar y transferir el n\u00famero.<\/h3>\n<p>[\/vc_column_text][vc_row_inner][vc_column_inner width=&#8221;1\/2&#8243;][vc_column_text]<\/p>\n<h3 style=\"text-align: justify;\"><b>RT100 V8 <\/b><\/h3>\n<p>Adecuado para animales de tama\u00f1o mediano, el lector RT 100 V8 combina las funciones de lectura, decodificaci\u00f3n y control de se\u00f1al para los tipos de chips electr\u00f3nicos FDX-B y FDX-A que cumplen con los est\u00e1ndares ISO 11784. Tiene una excelente distancia de lectura, bajo consumo de energ\u00eda y tama\u00f1o compacto que permite transportarlo f\u00e1cilmente. Recargable gracias a su puerto USB, su capacidad de almacenamiento es de 1200 c\u00f3digos transferibles a la PC a trav\u00e9s de un cable USB o Bluetooth.[\/vc_column_text][vc_column_text]<\/p>\n<p>&nbsp;<\/p>\n<p>&nbsp;<\/p>\n<p>[\/vc_column_text][vc_column_text]<\/p>\n<div class=\"page\" title=\"Page 2\">\n<div class=\"layoutArea\">\n<div class=\"column\">\n<div class=\"page\" title=\"Page 2\">\n<div class=\"layoutArea\">\n<div class=\"column\">\n<h3>RT250<\/h3>\n<p style=\"text-align: left;\"><span style=\"font-size: 16px;\">\u00a1Perfecto para el ganado, gracias a su mango largo, nuestro lector le permite permanecer a una distancia de aproximadamente 65 cm del animal! Este reproductor Bluetooth RT250 puede conectarse a un tel\u00e9fono Android a trav\u00e9s de Bluetooth para leer y guardar n\u00fameros de microchip. Combina las funciones de lectura, decodificaci\u00f3n y control de se\u00f1al para los tipos de chips electr\u00f3nicos FDX-B, FXD-A y HDX que cumplen con los est\u00e1ndares ISO11784. Adem\u00e1s, tiene una capacidad de almacenamiento de 800 c\u00f3digos.<\/span><\/p>\n<\/div>\n<\/div>\n<\/div>\n<\/div>\n<\/div>\n<\/div>\n<p>[\/vc_column_text][\/vc_column_inner][vc_column_inner width=&#8221;1\/2&#8243;][vc_column_text]<img loading=\"lazy\" class=\"aligncenter wp-image-17346 size-taille-page-produit\" src=\"https:\/\/www.ardes-group.com\/wp-content\/uploads\/2020\/07\/lecteur-rt100v8-copie-460x307.jpg\" alt=\"\" width=\"460\" height=\"307\" srcset=\"https:\/\/www.ardes-group.com\/wp-content\/uploads\/2020\/07\/lecteur-rt100v8-copie-460x307.jpg 460w, https:\/\/www.ardes-group.com\/wp-content\/uploads\/2020\/07\/lecteur-rt100v8-copie-300x200.jpg 300w, https:\/\/www.ardes-group.com\/wp-content\/uploads\/2020\/07\/lecteur-rt100v8-copie-768x512.jpg 768w, https:\/\/www.ardes-group.com\/wp-content\/uploads\/2020\/07\/lecteur-rt100v8-copie-1024x683.jpg 1024w, https:\/\/www.ardes-group.com\/wp-content\/uploads\/2020\/07\/lecteur-rt100v8-copie-111x74.jpg 111w\" sizes=\"(max-width: 460px) 100vw, 460px\" \/>[\/vc_column_text][vc_column_text]<\/p>\n<p style=\"text-align: center;\"><img loading=\"lazy\" class=\"aligncenter wp-image-17124 size-medium\" src=\"http:\/\/www.ardes-group.com\/wp-content\/uploads\/2020\/02\/grand-lecteur-c2-200x300.jpg\" alt=\"\" width=\"200\" height=\"300\" srcset=\"https:\/\/www.ardes-group.com\/wp-content\/uploads\/2020\/02\/grand-lecteur-c2-200x300.jpg 200w, https:\/\/www.ardes-group.com\/wp-content\/uploads\/2020\/02\/grand-lecteur-c2-768x1152.jpg 768w, https:\/\/www.ardes-group.com\/wp-content\/uploads\/2020\/02\/grand-lecteur-c2-683x1024.jpg 683w, https:\/\/www.ardes-group.com\/wp-content\/uploads\/2020\/02\/grand-lecteur-c2-93x139.jpg 93w, https:\/\/www.ardes-group.com\/wp-content\/uploads\/2020\/02\/grand-lecteur-c2-387x580.jpg 387w\" sizes=\"(max-width: 200px) 100vw, 200px\" \/><\/p>\n<p>[\/vc_column_text][vc_column_text][\/vc_column_text][\/vc_column_inner][\/vc_row_inner][vc_row_inner][vc_column_inner width=&#8221;1\/2&#8243;][vc_column_text]<\/p>\n<h3><b>RT10M<\/b><\/h3>\n<p>Su tama\u00f1o muy peque\u00f1o le permite transportar este reproductor con mucha facilidad, su distancia de lectura es igual o incluso mayor que la de modelos mucho m\u00e1s grandes. El lector RT 10M lee chips electr\u00f3nicos FDX-B que cumplen con el est\u00e1ndar ISO11784. Adem\u00e1s, es f\u00e1cilmente recargable gracias a su puerto USB integrado. Adem\u00e1s, tiene una capacidad de almacenamiento de 128 c\u00f3digos a trav\u00e9s de un cable USB para PC.[\/vc_column_text][vc_column_text]<\/p>\n<p>&nbsp;<\/p>\n<p>&nbsp;<\/p>\n<p>&nbsp;<\/p>\n<p>&nbsp;<\/p>\n<p>&nbsp;<\/p>\n<p>[\/vc_column_text][vc_column_text]<\/p>\n<h3><b><span lang=\"EN-US\">HALO<\/span><\/b><\/h3>\n<p>Este lector a un precio econ\u00f3mico tiene una buena relaci\u00f3n calidad-precio. Disponible en 5 colores, lee chips electr\u00f3nicos FDX-B y FDX-A que cumplen con los est\u00e1ndares 11784 y 11785. Adecuado para leer chips electr\u00f3nicos en mascotas, perfectamente adecuado para perros y gatos. Tiene una excelente distancia de lectura y buena duraci\u00f3n de la bater\u00eda. Es recargable gracias a su cable USB. Adem\u00e1s, este lector es compacto y muy f\u00e1cil de manejar.[\/vc_column_text][\/vc_column_inner][vc_column_inner width=&#8221;1\/2&#8243;][vc_column_text]<img loading=\"lazy\" class=\"aligncenter size-taille-page-produit wp-image-17159\" src=\"http:\/\/www.ardes-group.com\/wp-content\/uploads\/2020\/02\/petit-scan-blanc-etuis-460x307.jpg\" alt=\"\" width=\"460\" height=\"307\" srcset=\"https:\/\/www.ardes-group.com\/wp-content\/uploads\/2020\/02\/petit-scan-blanc-etuis-460x307.jpg 460w, https:\/\/www.ardes-group.com\/wp-content\/uploads\/2020\/02\/petit-scan-blanc-etuis-300x200.jpg 300w, https:\/\/www.ardes-group.com\/wp-content\/uploads\/2020\/02\/petit-scan-blanc-etuis-768x512.jpg 768w, https:\/\/www.ardes-group.com\/wp-content\/uploads\/2020\/02\/petit-scan-blanc-etuis-1024x683.jpg 1024w, https:\/\/www.ardes-group.com\/wp-content\/uploads\/2020\/02\/petit-scan-blanc-etuis-111x74.jpg 111w\" sizes=\"(max-width: 460px) 100vw, 460px\" \/>[\/vc_column_text][vc_column_text]<img loading=\"lazy\" class=\"aligncenter size-taille-page-produit wp-image-17183\" src=\"http:\/\/www.ardes-group.com\/wp-content\/uploads\/2020\/02\/lecteur-electronique-groupe3-460x368.jpg\" alt=\"\" width=\"460\" height=\"368\" srcset=\"https:\/\/www.ardes-group.com\/wp-content\/uploads\/2020\/02\/lecteur-electronique-groupe3-460x368.jpg 460w, https:\/\/www.ardes-group.com\/wp-content\/uploads\/2020\/02\/lecteur-electronique-groupe3-300x240.jpg 300w, https:\/\/www.ardes-group.com\/wp-content\/uploads\/2020\/02\/lecteur-electronique-groupe3-768x614.jpg 768w, https:\/\/www.ardes-group.com\/wp-content\/uploads\/2020\/02\/lecteur-electronique-groupe3-1024x819.jpg 1024w, https:\/\/www.ardes-group.com\/wp-content\/uploads\/2020\/02\/lecteur-electronique-groupe3-111x89.jpg 111w\" sizes=\"(max-width: 460px) 100vw, 460px\" \/>[\/vc_column_text][\/vc_column_inner][\/vc_row_inner][vc_row_inner][vc_column_inner][vc_column_text]<\/p>\n<table style=\"width: 685px; height: 180px;\" border=\"1\" width=\"703\" cellspacing=\"1\">\n<tbody>\n<tr>\n<td style=\"text-align: center;\"><\/td>\n<td style=\"text-align: center;\"><span lang=\"ES-TRAD\">Lecto<\/span>r electr\u00f3nico port\u00e1til<\/td>\n<td style=\"text-align: center;\">Lector electr\u00f3nico fijo<\/td>\n<\/tr>\n<tr>\n<td style=\"text-align: center;\">Distancia de lectura<\/td>\n<td style=\"text-align: center;\">***<\/td>\n<td style=\"text-align: center;\">****<\/td>\n<\/tr>\n<tr>\n<td style=\"text-align: center;\">Registro de memoria interna<\/td>\n<td style=\"text-align: center;\">**<\/td>\n<td style=\"text-align: center;\" scope=\"row\">****<\/td>\n<\/tr>\n<tr>\n<td style=\"text-align: center;\">Funcionalidades del producto<\/td>\n<td style=\"text-align: center;\">****<\/td>\n<td style=\"text-align: center;\">**<\/td>\n<\/tr>\n<tr>\n<td style=\"text-align: center;\">Precisi\u00f3n<\/td>\n<td style=\"text-align: center;\">***<\/td>\n<td style=\"text-align: center;\">**<\/td>\n<\/tr>\n<tr>\n<td style=\"text-align: center;\">Sintonizaci\u00f3n autom\u00e1tica<\/td>\n<td style=\"text-align: center;\">**<\/td>\n<td style=\"text-align: center;\">****<\/td>\n<\/tr>\n<\/tbody>\n<\/table>\n<p>[\/vc_column_text][\/vc_column_inner][\/vc_row_inner][\/vc_column][\/vc_row][vc_row][vc_column width=&#8221;1\/3&#8243;][vc_column_text]<img loading=\"lazy\" class=\"aligncenter size-taille-page-produit wp-image-17189\" src=\"http:\/\/www.ardes-group.com\/wp-content\/uploads\/2020\/02\/lecteurs-bleux-et-blanc-et-prises-460x317.jpg\" alt=\"\" width=\"460\" height=\"317\" srcset=\"https:\/\/www.ardes-group.com\/wp-content\/uploads\/2020\/02\/lecteurs-bleux-et-blanc-et-prises-460x317.jpg 460w, https:\/\/www.ardes-group.com\/wp-content\/uploads\/2020\/02\/lecteurs-bleux-et-blanc-et-prises-300x207.jpg 300w, https:\/\/www.ardes-group.com\/wp-content\/uploads\/2020\/02\/lecteurs-bleux-et-blanc-et-prises-768x529.jpg 768w, https:\/\/www.ardes-group.com\/wp-content\/uploads\/2020\/02\/lecteurs-bleux-et-blanc-et-prises-1024x705.jpg 1024w, https:\/\/www.ardes-group.com\/wp-content\/uploads\/2020\/02\/lecteurs-bleux-et-blanc-et-prises-111x76.jpg 111w, https:\/\/www.ardes-group.com\/wp-content\/uploads\/2020\/02\/lecteurs-bleux-et-blanc-et-prises.jpg 1658w\" sizes=\"(max-width: 460px) 100vw, 460px\" \/>[\/vc_column_text][\/vc_column][vc_column width=&#8221;1\/3&#8243;][vc_column_text]<img loading=\"lazy\" class=\"aligncenter size-medium wp-image-17124\" src=\"http:\/\/www.ardes-group.com\/wp-content\/uploads\/2020\/02\/grand-lecteur-c2-200x300.jpg\" alt=\"\" width=\"200\" height=\"300\" srcset=\"https:\/\/www.ardes-group.com\/wp-content\/uploads\/2020\/02\/grand-lecteur-c2-200x300.jpg 200w, https:\/\/www.ardes-group.com\/wp-content\/uploads\/2020\/02\/grand-lecteur-c2-768x1152.jpg 768w, https:\/\/www.ardes-group.com\/wp-content\/uploads\/2020\/02\/grand-lecteur-c2-683x1024.jpg 683w, https:\/\/www.ardes-group.com\/wp-content\/uploads\/2020\/02\/grand-lecteur-c2-93x139.jpg 93w, https:\/\/www.ardes-group.com\/wp-content\/uploads\/2020\/02\/grand-lecteur-c2-387x580.jpg 387w\" sizes=\"(max-width: 200px) 100vw, 200px\" \/>[\/vc_column_text][\/vc_column][vc_column width=&#8221;1\/3&#8243;][vc_column_text]<img loading=\"lazy\" class=\"aligncenter wp-image-17195 size-taille-page-produit\" src=\"http:\/\/www.ardes-group.com\/wp-content\/uploads\/2020\/02\/lecteur1-460x307.jpg\" alt=\"\" width=\"460\" height=\"307\" srcset=\"https:\/\/www.ardes-group.com\/wp-content\/uploads\/2020\/02\/lecteur1-460x307.jpg 460w, https:\/\/www.ardes-group.com\/wp-content\/uploads\/2020\/02\/lecteur1-300x200.jpg 300w, https:\/\/www.ardes-group.com\/wp-content\/uploads\/2020\/02\/lecteur1-768x512.jpg 768w, https:\/\/www.ardes-group.com\/wp-content\/uploads\/2020\/02\/lecteur1-1024x683.jpg 1024w, https:\/\/www.ardes-group.com\/wp-content\/uploads\/2020\/02\/lecteur1-111x74.jpg 111w\" sizes=\"(max-width: 460px) 100vw, 460px\" \/>[\/vc_column_text][\/vc_column][\/vc_row]<\/p>\n<\/div>","protected":false},"excerpt":{"rendered":"<p>[vc_row][vc_column][vc_column_text] Los lectores electr\u00f3nicos permiten leer de una manera sencilla y r\u00e1pida los crotales electr\u00f3nicos. \u00c9stos contribuyen a la automatizaci\u00f3n de la trazabilidad de los animales. [\/vc_column_text][vc_row_inner][vc_column_inner width=&#8221;1\/2&#8243;][vc_column_text]ARDES cre\u00f3 hace varios a\u00f1os una gama de crotales electr\u00f3nicos RFID. \u00a1Pero un crotal electr\u00f3nico no es nada sin un sistema de lectura eficaz! En colaboraci\u00f3n con nuestro [&hellip;]<\/p>\n","protected":false},"author":3,"featured_media":0,"parent":7201,"menu_order":33,"comment_status":"closed","ping_status":"closed","template":"","meta":[],"acf":[],"_links":{"self":[{"href":"https:\/\/www.ardes-group.com\/es\/wp-json\/wp\/v2\/pages\/6771\/"}],"collection":[{"href":"https:\/\/www.ardes-group.com\/es\/wp-json\/wp\/v2\/pages\/"}],"about":[{"href":"https:\/\/www.ardes-group.com\/es\/wp-json\/wp\/v2\/types\/page\/"}],"author":[{"embeddable":true,"href":"https:\/\/www.ardes-group.com\/es\/wp-json\/wp\/v2\/users\/3\/"}],"replies":[{"embeddable":true,"href":"https:\/\/www.ardes-group.com\/es\/wp-json\/wp\/v2\/comments\/?post=6771"}],"version-history":[{"count":10,"href":"https:\/\/www.ardes-group.com\/es\/wp-json\/wp\/v2\/pages\/6771\/revisions\/"}],"predecessor-version":[{"id":10198,"href":"https:\/\/www.ardes-group.com\/es\/wp-json\/wp\/v2\/pages\/6771\/revisions\/10198\/"}],"up":[{"embeddable":true,"href":"https:\/\/www.ardes-group.com\/es\/wp-json\/wp\/v2\/pages\/7201\/"}],"wp:attachment":[{"href":"https:\/\/www.ardes-group.com\/es\/wp-json\/wp\/v2\/media\/?parent=6771"}],"curies":[{"name":"wp","href":"https:\/\/api.w.org\/{rel}","templated":true}]}}