

{"id":6779,"date":"2014-05-28T09:28:59","date_gmt":"2014-05-28T08:28:59","guid":{"rendered":"http:\/\/www.ardes-group.com\/es\/accessoires\/"},"modified":"2016-05-11T10:04:51","modified_gmt":"2016-05-11T09:04:51","slug":"accesorios-solucion-de-identificacion","status":"publish","type":"page","link":"https:\/\/www.ardes-group.com\/es\/gama\/accesorios-solucion-de-identificacion\/","title":{"rendered":"Accesorios soluci\u00f3n de identificaci\u00f3n"},"content":{"rendered":"<div class=\"pf-content\"><p>[vc_row][vc_column][vc_column_text]<\/p>\n<h2><strong>Materiales de colocaci\u00f3n ARDES<\/strong><\/h2>\n<p>&nbsp;<\/p>\n<p>Para una soluci\u00f3n de identificaci\u00f3n completa y eficaz, ARDES propone crotales de identificaci\u00f3n y pinzas. Las pinzas de colocaci\u00f3n ARDES han sido creadas para una utilizaci\u00f3n intensiva y duradera: resistencia a impactos; fiabilidad y eficacia permanente. Se ha tenido en cuenta la comodidad del usuario, con un agarre r\u00e1pido, que exige poco esfuerzo para insertar el crotal. ARDES propone dos pinzas: una pinza met\u00e1lica para los crotales de identificaci\u00f3n visual y electr\u00f3nicos, y una pinza espec\u00edfica para los crotales Ovitag.<\/p>\n<p>[\/vc_column_text][\/vc_column][\/vc_row][vc_row][vc_column width=&#8221;1\/2&#8243;][vc_column_text]<\/p>\n<p><a href=\"http:\/\/www.ardes-group.com\/wp-content\/uploads\/2014\/05\/Pince-ovitag-e1403618609509.jpg\"><img loading=\"lazy\" class=\"alignleft wp-image-801 size-medium\" src=\"http:\/\/www.ardes-group.com\/wp-content\/uploads\/2014\/05\/Pince-ovitag-e1403618609509-300x271.jpg\" alt=\"Pince ovitag\" width=\"300\" height=\"271\" \/><\/a><\/p>\n<p>[\/vc_column_text][vc_column_text]<\/p>\n<h3><\/h3>\n<h3><strong>Rotuladores ARDES<\/strong><\/h3>\n<p>ARDES ha creado rotuladores con el fin de dar una soluci\u00f3n de marcado adicional a los crotales visuales. Dos tipos diferentes de rotuladores son los propuestos por ARDES: un rotulador de punta biselada y otro de punta redonda. La tinta negra utilizada garantiza un buen contraste y una duraci\u00f3n del marcado.<\/p>\n<p>&nbsp;<\/p>\n<p><a href=\"http:\/\/www.ardes-group.com\/es\/conseils-outils\/les-solutions-de-marquage\/\" target=\"_blank\">P\u00e1gina marcado<\/a><\/p>\n<p><a href=\"http:\/\/www.ardes-group.com\/es\/blog\/produit\/feutres-ardes\/\" target=\"_blank\">P\u00e1gina producto rotuladores<\/a>[\/vc_column_text][vc_column_text]<\/p>\n<p><a href=\"http:\/\/www.ardes-group.com\/wp-content\/uploads\/2014\/05\/pointes-feutres-ARDES-.jpg\"><img loading=\"lazy\" class=\"size-taille-page-produit wp-image-916 alignleft\" src=\"http:\/\/www.ardes-group.com\/wp-content\/uploads\/2014\/05\/pointes-feutres-ARDES--386x580.jpg\" alt=\"pointes feutres ARDES\" width=\"386\" height=\"580\" \/><\/a><\/p>\n<p>[\/vc_column_text][\/vc_column][vc_column width=&#8221;1\/2&#8243;][vc_column_text]<\/p>\n<p><a href=\"http:\/\/www.ardes-group.com\/wp-content\/uploads\/2014\/05\/pince-metal-e1403618048486.jpg\"><img loading=\"lazy\" class=\"alignright wp-image-802 size-taille-page-produit\" src=\"http:\/\/www.ardes-group.com\/wp-content\/uploads\/2014\/05\/pince-metal-e1403618048486-460x417.jpg\" alt=\"pince metal\" width=\"460\" height=\"417\" \/><\/a><\/p>\n<p>[\/vc_column_text][vc_column_text]<\/p>\n<p style=\"text-align: right;\"><a href=\"http:\/\/www.ardes-group.com\/wp-content\/uploads\/2014\/06\/feutres2-e1403618386276.jpg\"><img loading=\"lazy\" class=\"alignright wp-image-733 size-taille-page-produit\" src=\"http:\/\/www.ardes-group.com\/wp-content\/uploads\/2014\/06\/feutres2-e1403618386276-460x341.jpg\" alt=\"feutres2\" width=\"460\" height=\"341\" srcset=\"https:\/\/www.ardes-group.com\/wp-content\/uploads\/2014\/06\/feutres2-e1403618386276-460x341.jpg 460w, https:\/\/www.ardes-group.com\/wp-content\/uploads\/2014\/06\/feutres2-e1403618386276-300x222.jpg 300w, https:\/\/www.ardes-group.com\/wp-content\/uploads\/2014\/06\/feutres2-e1403618386276-1024x759.jpg 1024w, https:\/\/www.ardes-group.com\/wp-content\/uploads\/2014\/06\/feutres2-e1403618386276-111x82.jpg 111w\" sizes=\"(max-width: 460px) 100vw, 460px\" \/><\/a><\/p>\n<p>[\/vc_column_text][\/vc_column][\/vc_row]<\/p>\n<\/div>","protected":false},"excerpt":{"rendered":"<p>[vc_row][vc_column][vc_column_text] Materiales de colocaci\u00f3n ARDES &nbsp; Para una soluci\u00f3n de identificaci\u00f3n completa y eficaz, ARDES propone crotales de identificaci\u00f3n y pinzas. Las pinzas de colocaci\u00f3n ARDES han sido creadas para una utilizaci\u00f3n intensiva y duradera: resistencia a impactos; fiabilidad y eficacia permanente. Se ha tenido en cuenta la comodidad del usuario, con un agarre r\u00e1pido, [&hellip;]<\/p>\n","protected":false},"author":4,"featured_media":0,"parent":7201,"menu_order":33,"comment_status":"closed","ping_status":"closed","template":"","meta":[],"acf":[],"_links":{"self":[{"href":"https:\/\/www.ardes-group.com\/es\/wp-json\/wp\/v2\/pages\/6779\/"}],"collection":[{"href":"https:\/\/www.ardes-group.com\/es\/wp-json\/wp\/v2\/pages\/"}],"about":[{"href":"https:\/\/www.ardes-group.com\/es\/wp-json\/wp\/v2\/types\/page\/"}],"author":[{"embeddable":true,"href":"https:\/\/www.ardes-group.com\/es\/wp-json\/wp\/v2\/users\/4\/"}],"replies":[{"embeddable":true,"href":"https:\/\/www.ardes-group.com\/es\/wp-json\/wp\/v2\/comments\/?post=6779"}],"version-history":[{"count":0,"href":"https:\/\/www.ardes-group.com\/es\/wp-json\/wp\/v2\/pages\/6779\/revisions\/"}],"up":[{"embeddable":true,"href":"https:\/\/www.ardes-group.com\/es\/wp-json\/wp\/v2\/pages\/7201\/"}],"wp:attachment":[{"href":"https:\/\/www.ardes-group.com\/es\/wp-json\/wp\/v2\/media\/?parent=6779"}],"curies":[{"name":"wp","href":"https:\/\/api.w.org\/{rel}","templated":true}]}}