

{"id":6783,"date":"2014-05-21T12:24:08","date_gmt":"2014-05-21T11:24:08","guid":{"rendered":"http:\/\/www.ardes-group.com\/es\/seringues\/"},"modified":"2024-11-13T15:37:30","modified_gmt":"2024-11-13T14:37:30","slug":"jeringas","status":"publish","type":"page","link":"https:\/\/www.ardes-group.com\/es\/gama\/jeringas\/","title":{"rendered":"Jeringas"},"content":{"rendered":"<div class=\"pf-content\"><p>[vc_row][vc_column width=&#8221;2\/3&#8243;][vc_column_text]<\/p>\n<h3><strong>Jeringas reutilizables para uso veterinario<\/strong><\/h3>\n<p><strong>\u00a0<\/strong><\/p>\n<p>Desde hace m\u00e1s de cincuenta a\u00f1os, ARDES crea y fabrica en Francia jeringas que proporcionan un alto rendimiento reconocido por ganaderos y veterinarios.<\/p>\n<p>&nbsp;<\/p>\n<p><u>Experiencia a la escucha de sus necesidades<\/u><\/p>\n<p>Las jeringas reutilizables ARDES aseguran un uso intensivo, al tiempo que permiten una precisi\u00f3n de la inyecci\u00f3n. \u00c9stas permiten administrar tanto vacunas y antibi\u00f3ticos como soluciones nutricionales.<\/p>\n<p>&nbsp;<\/p>\n<p>Proponemos jeringas de 10, 20, 30 y 50 ml. As\u00ed la gama de jeringas ARDES est\u00e1 destinada tanto a ganado bovino y porcino como a ovino y caprino. La elecci\u00f3n del tama\u00f1o de la jeringa depender\u00e1 del tama\u00f1o del animal, as\u00ed como del producto a inyectar.<\/p>\n<p>&nbsp;<\/p>\n<p><a href=\"http:\/\/www.ardes-group.com\/es\/personnalisation\/seringues-et-pistolets\/\" target=\"_blank\" rel=\"noopener\"><em>Personalizar<\/em><\/a>[\/vc_column_text][\/vc_column][vc_column width=&#8221;1\/3&#8243;][vc_column_text]<img loading=\"lazy\" class=\"alignright wp-image-19167 size-taille-page-produit\" src=\"https:\/\/www.ardes-group.com\/wp-content\/uploads\/2024\/11\/50cc-avec-ombre-387x580.jpg\" alt=\"\" width=\"387\" height=\"580\" srcset=\"https:\/\/www.ardes-group.com\/wp-content\/uploads\/2024\/11\/50cc-avec-ombre-387x580.jpg 387w, https:\/\/www.ardes-group.com\/wp-content\/uploads\/2024\/11\/50cc-avec-ombre-200x300.jpg 200w, https:\/\/www.ardes-group.com\/wp-content\/uploads\/2024\/11\/50cc-avec-ombre-683x1024.jpg 683w, https:\/\/www.ardes-group.com\/wp-content\/uploads\/2024\/11\/50cc-avec-ombre-768x1152.jpg 768w, https:\/\/www.ardes-group.com\/wp-content\/uploads\/2024\/11\/50cc-avec-ombre-1024x1536.jpg 1024w, https:\/\/www.ardes-group.com\/wp-content\/uploads\/2024\/11\/50cc-avec-ombre-1365x2048.jpg 1365w, https:\/\/www.ardes-group.com\/wp-content\/uploads\/2024\/11\/50cc-avec-ombre-93x139.jpg 93w, https:\/\/www.ardes-group.com\/wp-content\/uploads\/2024\/11\/50cc-avec-ombre-scaled.jpg 1707w\" sizes=\"(max-width: 387px) 100vw, 387px\" \/>[\/vc_column_text][\/vc_column][\/vc_row][vc_row][vc_column][vc_column_text]<\/p>\n<h2><strong>Nuestras ventajas<\/strong><\/h2>\n<p><strong>\u00a0<\/strong><\/p>\n<p>Las jeringas ARDES est\u00e1n elaboradas a partir de un controlado proceso de fabricaci\u00f3n y sometido, en cada etapa de su producci\u00f3n, a un control de calidad. Gracias a esta rigurosidad, las jeringas ARDES presentan 3 ventajas principales:[\/vc_column_text][vc_row_inner][vc_column_inner width=&#8221;2\/3&#8243;][vc_column_text]<\/p>\n<h2 style=\"font-weight: 400;\"><strong>Sostenibilidad<\/strong><\/h2>\n<p style=\"font-weight: 400;\">Las jeringas ARDES proporcionan la durabilidad necesaria para un uso intensivo por parte de criadores y veterinarios.<\/p>\n<p>[\/vc_column_text][vc_column_text][\/vc_column_text][vc_toggle title=&#8221;Irrompible&#8221;]<\/p>\n<ul style=\"font-weight: 400;\">\n<li>Irrompibles gracias a una varilla de lat\u00f3n y a un cuerpo fabricado con un material innovador de alta resistencia mec\u00e1nica. Adem\u00e1s, la conexi\u00f3n entre la varilla y el mango ha sido dise\u00f1ada para garantizar una alta resistencia mec\u00e1nica.<\/li>\n<\/ul>\n<p>[\/vc_toggle][vc_toggle title=&#8221;Vida&#8221;]<\/p>\n<ul style=\"font-weight: 400;\">\n<li>Larga vida \u00fatil gracias a la calidad de los materiales y al tratamiento antioxidante de la varilla y la tuerca. Las jeringas ARDES, adem\u00e1s, se desmontan f\u00e1cilmente, lo que permite un mantenimiento sencillo.<\/li>\n<\/ul>\n<p>[\/vc_toggle][vc_toggle title=&#8221;Resistencia qu\u00edmica&#8221;]<\/p>\n<ul style=\"font-weight: 400;\">\n<li>Resistencia qu\u00edmica a todos los productos farmac\u00e9uticos, incluso los m\u00e1s corrosivos, as\u00ed como a las altas temperaturas y al estr\u00e9s clim\u00e1tico (UV).<\/li>\n<\/ul>\n<p>[\/vc_toggle][\/vc_column_inner][vc_column_inner width=&#8221;1\/3&#8243;][vc_column_text]<img loading=\"lazy\" class=\"alignright wp-image-19191 size-thumbnail\" src=\"https:\/\/www.ardes-group.com\/wp-content\/uploads\/2024\/11\/gros-plan-poignee-seringue-copie-150x150.jpg\" alt=\"\" width=\"150\" height=\"150\" \/>[\/vc_column_text][\/vc_column_inner][\/vc_row_inner][\/vc_column][\/vc_row][vc_row][vc_column width=&#8221;2\/3&#8243;][vc_column_text]<\/p>\n<h2 style=\"font-weight: 400;\"><strong>Fiabilidad<\/strong><\/h2>\n<p style=\"font-weight: 400;\">Las jeringas ARDES garantizan fiabilidad en cada uso.<\/p>\n<p>[\/vc_column_text][vc_toggle title=&#8221;Alta precisi\u00f3n&#8221;]<\/p>\n<ul style=\"list-style-type: disc;\">\n<li>Alta precisi\u00f3n gracias a una graduaci\u00f3n grabada en el material con un dep\u00f3sito de pigmentos negros. Este marcado \u00fanico permite una lectura sin esfuerzo.<\/li>\n<\/ul>\n<p>[\/vc_toggle][vc_toggle title=&#8221;Inyecci\u00f3n sin fugas&#8221;]<\/p>\n<ul style=\"font-weight: 400;\">\n<li>Inyecci\u00f3n sin fugas garantizada por una junta de silicona hidr\u00f3foba, antiadherente y de alta calidad, que cumple con los requisitos de las normas alimentarias.<\/li>\n<\/ul>\n<p>[\/vc_toggle][vc_toggle title=&#8221;Esterilizable&#8221;]<\/p>\n<ul style=\"font-weight: 400;\">\n<li>Esterilizables, lo que permite un uso repetido respetando las normas de higiene.<\/li>\n<\/ul>\n<p>[\/vc_toggle][\/vc_column][vc_column width=&#8221;1\/3&#8243;][vc_column_text]<img loading=\"lazy\" class=\"alignright wp-image-19179 size-thumbnail\" src=\"https:\/\/www.ardes-group.com\/wp-content\/uploads\/2024\/11\/gros-plan-ser-fond-blanc-150x150.jpg\" alt=\"\" width=\"150\" height=\"150\" \/>[\/vc_column_text][\/vc_column][\/vc_row][vc_row][vc_column width=&#8221;2\/3&#8243;][vc_column_text]<\/p>\n<h2 style=\"font-weight: 400;\"><strong>Comodidad<\/strong><\/h2>\n<p style=\"font-weight: 400;\">Las jeringas ARDES permiten un manejo intuitivo y un uso sin esfuerzo.<\/p>\n<p>[\/vc_column_text][vc_toggle title=&#8221;Mango ergon\u00f3mico&#8221;]<\/p>\n<ul style=\"font-weight: 400;\">\n<li>Mango ergon\u00f3mico dise\u00f1ado para adaptarse a la forma de la mano.<\/li>\n<\/ul>\n<p>[\/vc_toggle][vc_toggle title=&#8221;F\u00e1cil&#8221;]<\/p>\n<ul style=\"font-weight: 400;\">\n<li>Sin esfuerzo gracias a una junta de calidad y a las jeringas suministradas con silicona que permiten una inyecci\u00f3n suave. Adem\u00e1s, ARDES ofrece c\u00e1psulas de silicona para lubricar la jeringa despu\u00e9s de su uso.<\/li>\n<\/ul>\n<p>[\/vc_toggle][\/vc_column][vc_column width=&#8221;1\/3&#8243;][vc_column_text]<img loading=\"lazy\" class=\"alignright wp-image-19204 size-thumbnail\" src=\"https:\/\/www.ardes-group.com\/wp-content\/uploads\/2024\/11\/seringue-10-cc-non-reglable-150x150.jpg\" alt=\"\" width=\"150\" height=\"150\" \/>[\/vc_column_text][\/vc_column][\/vc_row][vc_row][vc_column width=&#8221;2\/3&#8243;][vc_column_text]Lanzamiento del nuevo embalaje en bolsas con cierre para jeringas ARDES.<\/p>\n<div>\u2022Calidad Premium: Dise\u00f1ado para la fiabilidad y durabilidad.<\/div>\n<div>\u2022Ligero y Reutilizable: Materiales duraderos para m\u00faltiples usos.<\/div>\n<div>\u2022F\u00e1cil Manejo: Pr\u00e1ctico de abrir y cerrar.<\/div>\n<div>\u2022Atractivo Visual Mejorado: Dise\u00f1o moderno que se destaca.<\/div>\n<div>\u2022Integridad del Paquete: Garantizada con un sellado seguro de la bolsa.<\/div>\n<div>\u2022Presentaci\u00f3n \u00d3ptima en Estante: Dise\u00f1o con orificio euro para una presentaci\u00f3n efectiva.<\/div>\n<div>\u2022Acceso R\u00e1pido a la Informaci\u00f3n: C\u00f3digo QR para una conexi\u00f3n instant\u00e1nea con el sitio web de ARDES.<\/div>\n<p><a href=\"https:\/\/www.ardes-group.com\/es\/gama\/jeringas\/forgery\/\" target=\"_blank\" rel=\"noopener\">\u00a1Descubre un embalaje que combina durabilidad, estilo y conveniencia!<\/a>[\/vc_column_text][\/vc_column][vc_column width=&#8221;1\/3&#8243;][vc_column_text]<img loading=\"lazy\" class=\"alignleft wp-image-19150 size-thumbnail\" src=\"https:\/\/www.ardes-group.com\/wp-content\/uploads\/2024\/10\/qr-code-ardes-150x150.jpg\" alt=\"\" width=\"150\" height=\"150\" srcset=\"https:\/\/www.ardes-group.com\/wp-content\/uploads\/2024\/10\/qr-code-ardes-150x150.jpg 150w, https:\/\/www.ardes-group.com\/wp-content\/uploads\/2024\/10\/qr-code-ardes-300x300.jpg 300w, https:\/\/www.ardes-group.com\/wp-content\/uploads\/2024\/10\/qr-code-ardes-111x111.jpg 111w, https:\/\/www.ardes-group.com\/wp-content\/uploads\/2024\/10\/qr-code-ardes-460x460.jpg 460w, https:\/\/www.ardes-group.com\/wp-content\/uploads\/2024\/10\/qr-code-ardes.jpg 499w\" sizes=\"(max-width: 150px) 100vw, 150px\" \/><img loading=\"lazy\" class=\"alignright wp-image-19116 size-thumbnail\" src=\"https:\/\/www.ardes-group.com\/wp-content\/uploads\/2024\/10\/lot-1-sachet-20-ml-reglable-copie-150x150.jpg\" alt=\"\" width=\"150\" height=\"150\" \/>[\/vc_column_text][\/vc_column][\/vc_row][vc_row][vc_column width=&#8221;2\/3&#8243;][vc_column_text]<\/p>\n<h2><strong>Nuestros consejos<\/strong><\/h2>\n<p>Para garantizar la fiabilidad y el respeto de la salud animal en cada uso de su jeringa, ARDES aconseja respetar tres pasos a seguir. Para facilitar dichas fases, el conjunto de jeringas ARDES es completamente desmontable.<\/p>\n<p>&nbsp;<\/p>\n<ul>\n<li><u>Desinfecci\u00f3n<\/u> tras cada uso con la ayuda de una soluci\u00f3n a base de agua y desinfectante. Para ello, se aconseja desmontar la jeringa con el fin de limpiarla bien y desinfectar cada una de sus partes.<\/li>\n<\/ul>\n<p>&nbsp;<\/p>\n<ul>\n<li><u>Esterilizaci\u00f3n <\/u>para cumplir con las normas sanitarias y reducir el riesgo de infecci\u00f3n o de transmisi\u00f3n de enfermedades. ARDES recomienda una duraci\u00f3n en autoclave de 30 minutos a una temperatura de 121\u00baC y de 18 minutos a una temperatura de 134\u00baC.<\/li>\n<\/ul>\n<p>&nbsp;<\/p>\n<ul>\n<li><u>Lubricaci\u00f3n <\/u>de la junta para aumentar la vida \u00fatil de esta \u00faltima, as\u00ed como la fiabilidad de la jeringa. Esto permite, por un lado, una precisi\u00f3n mayor con una suave dosificaci\u00f3n, y por otro, reducir la fricci\u00f3n entre la junta y el cuerpo de la jeringa y, por lo tanto, el desgaste de la junta. ARDES suministra igualmente dosis de silicona creadas para una aplicaci\u00f3n precisa en las juntas.<\/li>\n<\/ul>\n<p>&nbsp;<\/p>\n<ul>\n<li><a href=\"http:\/\/www.ardes-group.com\/es\/conseils-outils\/supports-a-telecharger\/\" target=\"_blank\" rel=\"noopener\">Link PDF \u201cbuenas pr\u00e1cticas\u201d material de inyecci\u00f3n<\/a><\/li>\n<li><a href=\"http:\/\/www.ardes-group.com\/es\/gamme\/accessoires-injection\/\" target=\"_blank\" rel=\"noopener\">Link P\u00e1gina accesorio material de inyecci\u00f3n<\/a><\/li>\n<\/ul>\n<p>[\/vc_column_text][\/vc_column][\/vc_row]<\/p>\n<\/div>","protected":false},"excerpt":{"rendered":"<p>[vc_row][vc_column width=&#8221;2\/3&#8243;][vc_column_text] Jeringas reutilizables para uso veterinario \u00a0 Desde hace m\u00e1s de cincuenta a\u00f1os, ARDES crea y fabrica en Francia jeringas que proporcionan un alto rendimiento reconocido por ganaderos y veterinarios. &nbsp; Experiencia a la escucha de sus necesidades Las jeringas reutilizables ARDES aseguran un uso intensivo, al tiempo que permiten una precisi\u00f3n de la [&hellip;]<\/p>\n","protected":false},"author":4,"featured_media":0,"parent":7201,"menu_order":37,"comment_status":"closed","ping_status":"closed","template":"","meta":[],"acf":[],"_links":{"self":[{"href":"https:\/\/www.ardes-group.com\/es\/wp-json\/wp\/v2\/pages\/6783\/"}],"collection":[{"href":"https:\/\/www.ardes-group.com\/es\/wp-json\/wp\/v2\/pages\/"}],"about":[{"href":"https:\/\/www.ardes-group.com\/es\/wp-json\/wp\/v2\/types\/page\/"}],"author":[{"embeddable":true,"href":"https:\/\/www.ardes-group.com\/es\/wp-json\/wp\/v2\/users\/4\/"}],"replies":[{"embeddable":true,"href":"https:\/\/www.ardes-group.com\/es\/wp-json\/wp\/v2\/comments\/?post=6783"}],"version-history":[{"count":10,"href":"https:\/\/www.ardes-group.com\/es\/wp-json\/wp\/v2\/pages\/6783\/revisions\/"}],"predecessor-version":[{"id":19263,"href":"https:\/\/www.ardes-group.com\/es\/wp-json\/wp\/v2\/pages\/6783\/revisions\/19263\/"}],"up":[{"embeddable":true,"href":"https:\/\/www.ardes-group.com\/es\/wp-json\/wp\/v2\/pages\/7201\/"}],"wp:attachment":[{"href":"https:\/\/www.ardes-group.com\/es\/wp-json\/wp\/v2\/media\/?parent=6783"}],"curies":[{"name":"wp","href":"https:\/\/api.w.org\/{rel}","templated":true}]}}