

{"id":6853,"date":"2014-11-18T10:57:56","date_gmt":"2014-11-18T09:57:56","guid":{"rendered":"http:\/\/www.ardes-group.com\/es\/pistolet-automatique\/"},"modified":"2021-04-08T10:54:02","modified_gmt":"2021-04-08T09:54:02","slug":"pistola-dosificadora-automatica","status":"publish","type":"page","link":"https:\/\/www.ardes-group.com\/es\/gama\/pistola-dosificadora-automatica\/","title":{"rendered":"Pistola dosificadora autom\u00e1tica"},"content":{"rendered":"<div class=\"pf-content\"><p>[vc_row][vc_column width=&#8221;1\/2&#8243;][vc_column_text]ARDES ha creado una pistola dosificadora autom\u00e1tica revolucionaria, fruto de la observaci\u00f3n de los ganaderos as\u00ed como de nuestros conocimientos en la transformaci\u00f3n del pl\u00e1stico.<\/p>\n<p><strong>Experiencia a la escucha de sus necesidades<\/strong><\/p>\n<p>El tama\u00f1o de los reba\u00f1os se ha incrementado en los \u00faltimos a\u00f1os. Una gesti\u00f3n del ganado eficaz requiere proteger a los animales de los par\u00e1sitos y realizar tratamientos (curativos, preventivos, nutricionales\u2026) por lotes de animales en un tiempo m\u00ednimo.<\/p>\n<p>La pistola autom\u00e1tica ARDES ha sido creada para responder a dichas exigencias.<\/p>\n<p>&nbsp;<\/p>\n<p>Proponemos un modelo de 20ml adaptado a ovejas y cabras. Una pistola de 60ml se encuentra en fase de desarrollo para rumiantes de mayor tama\u00f1o.[\/vc_column_text][vc_column_text]<br \/>\n[\/vc_column_text][vc_column_text]<\/p>\n<h2><strong>Comodidad<\/strong><\/h2>\n<p>La pistola ARDES integra 2 funciones en una: administraci\u00f3n de la dosis deseada m\u00e1s marcado inmediato tras el tratamiento.<\/p>\n<p>Ambas operaciones son realizadas con la propia mano, ofreciendo un ahorro de tiempo incre\u00edble y una reducci\u00f3n de costes (pues no es necesario tener un segundo operario para el marcado).<\/p>\n<p>&nbsp;<\/p>\n<p>El mango de la pistola autom\u00e1tica ARDES ha sido creado para facilitar el agarre, con la creaci\u00f3n de una empu\u00f1adura en pl\u00e1stico flexible; la posici\u00f3n de la mano en el asa permite accionar la pistola utilizando la parte de la mano m\u00e1s fuerte: \u00a1los dedos!<\/p>\n<p>&nbsp;<\/p>\n<p style=\"text-align: justify;\">La sensaci\u00f3n de comodidad es m\u00e1xima. Adem\u00e1s la fricci\u00f3n ha sido reducida al m\u00e1ximo para facilitar el llenado de la siguiente dosis.<\/p>\n<p>[\/vc_column_text][vc_column_text]<\/p>\n<p><a href=\"http:\/\/www.ardes-group.com\/wp-content\/uploads\/2015\/05\/nouveau-pistolet-clapet.jpg\"><img loading=\"lazy\" decoding=\"async\" class=\"alignleft size-medium wp-image-4954\" src=\"http:\/\/www.ardes-group.com\/wp-content\/uploads\/2015\/05\/nouveau-pistolet-clapet-300x261.jpg\" alt=\"nouveau pistolet clapet\" width=\"300\" height=\"261\" srcset=\"https:\/\/www.ardes-group.com\/wp-content\/uploads\/2015\/05\/nouveau-pistolet-clapet-300x261.jpg 300w, https:\/\/www.ardes-group.com\/wp-content\/uploads\/2015\/05\/nouveau-pistolet-clapet-1024x892.jpg 1024w, https:\/\/www.ardes-group.com\/wp-content\/uploads\/2015\/05\/nouveau-pistolet-clapet-111x97.jpg 111w, https:\/\/www.ardes-group.com\/wp-content\/uploads\/2015\/05\/nouveau-pistolet-clapet-460x401.jpg 460w, https:\/\/www.ardes-group.com\/wp-content\/uploads\/2015\/05\/nouveau-pistolet-clapet.jpg 1240w\" sizes=\"auto, (max-width: 300px) 100vw, 300px\" \/><\/a><\/p>\n<p>[\/vc_column_text][vc_row_inner][vc_column_inner][\/vc_column_inner][\/vc_row_inner][vc_column_text]<\/p>\n<h2><strong>Nuestros consejos<\/strong><\/h2>\n<p>Para garantizar la fiabilidad del aparato y el respeto a la salud del animal, ARDES le aconseja seguir 3 pasos. Con el objetivo de facilitar dichas etapas, la pistola ARDES es desmontable (por completo si es necesario).<\/p>\n<ul>\n<li>Limpieza de la pistola con agua limpia. Para ello sumerja el tubo en el agua y accione varias veces la pistola. Esta operaci\u00f3n evita que las juntas se sequen y se obstruya el sistema de aspiro-inyecci\u00f3n.<\/li>\n<li>Desinfecci\u00f3n tras cada uso con la ayuda de una soluci\u00f3n a base de agua y desinfectante.<\/li>\n<li>Lubricaci\u00f3n del \u00e9mbolo para aumentar la vida \u00fatil de la junta y evitar fugas.<\/li>\n<\/ul>\n<p>&nbsp;<\/p>\n<p>Esto permite por un lado una precisi\u00f3n mayor con una suave dosis, y por otro reducir la fricci\u00f3n entre la junta y el barril.<\/p>\n<p>&nbsp;<\/p>\n<p>ARDES suministra dosis de silicona creadas para una aplicaci\u00f3n precisa en las juntas.<\/p>\n<p><a href=\"http:\/\/www.ardes-group.com\/es\/conseils-outils\/supports-a-telecharger\/\" target=\"_blank\"><em>\u201cBuenas pr\u00e1cticas\u201d material de inyecci\u00f3n<\/em><\/a><\/p>\n<p><a href=\"http:\/\/www.ardes-group.com\/es\/gamme\/accessoires-injection\/\" target=\"_blank\"><em>P\u00e1gina accesorio material de inyecci\u00f3n<\/em><\/a><\/p>\n<p><em>\u00a0<\/em>[\/vc_column_text][vc_column_text]<\/p>\n<h2><strong>Fiabilidad<\/strong><\/h2>\n<p>La pistola posee una de las mayores cualidades de los productos ARDES: la fiabilidad.<\/p>\n<p>El ajuste de la dosis es claro y f\u00e1cil de ajustar gracias a su rueda ergon\u00f3mica regulable.<\/p>\n<p>&nbsp;<\/p>\n<p>El sistema de aspiro-inyecci\u00f3n garantiza un uso libre de fugas sea cual sea el l\u00edquido inyectado.<\/p>\n<p>ARDES ha creado una protecci\u00f3n anterior a la c\u00e1nula.<\/p>\n<p>M\u00e1s all\u00e1 de la evidente seguridad para usuario y animal, esta PROTECCI\u00d3N tiene por funci\u00f3n bloquear la c\u00e1nula en la boca del animal, asegurando as\u00ed una administraci\u00f3n del producto activo sin riesgo de p\u00e9rdida (si el animal regurgita).[\/vc_column_text][\/vc_column][vc_column width=&#8221;1\/2&#8243;][vc_single_image image=&#8221;4942&#8243; img_size=&#8221;large&#8221; alignment=&#8221;right&#8221;][vc_column_text]<\/p>\n<h2><strong>Duraci\u00f3n<\/strong><\/h2>\n<p>ARDES ha escogido los materiales pl\u00e1sticos m\u00e1s resistentes y apreciados con \u00a0 \u00a0 frecuencia en la industria aeron\u00e1utica por su robustez y ligereza.<\/p>\n<p>&nbsp;<\/p>\n<p>Adem\u00e1s la pistola ARDES contiene diferentes puntos de fijaci\u00f3n que garantizan la solidez del conjunto. Nuestra pistola es irrompible (en condiciones normales de uso).[\/vc_column_text][vc_column_text]<\/p>\n<h2><strong>Nuestras ventajas<\/strong><\/h2>\n<p>Las pistolas autom\u00e1ticas ARDES han sido desarrolladas tras un minucioso estudio sobre las pr\u00e1cticas de los usuarios: ganaderos y veterinarios, as\u00ed como de laboratorios farmac\u00e9uticos asociados con los que ARDES colabora habitualmente.<\/p>\n<p>&nbsp;<\/p>\n<p><strong>Se ha hecho hincapi\u00e9 en los siguientes puntos:<\/strong><\/p>\n<p>&nbsp;<\/p>\n<ul>\n<li>La comodidad de los usuarios y la repetici\u00f3n de acciones<\/li>\n<li>El ajuste de la dosis y la viscosidad de los productos administrados<\/li>\n<li>Las operaciones conjuntas al tratamiento y especialmente al marcado de los animales tras la inyecci\u00f3n.<\/li>\n<\/ul>\n<p>&nbsp;<\/p>\n<p>&nbsp;<\/p>\n<h4>Gracias a estas observaciones, las pistolas ARDES presentan 4 ventajas principales:<\/h4>\n<p>[\/vc_column_text][vc_column_text]<\/p>\n<h2><strong>F\u00e1cil mantenimiento<\/strong><\/h2>\n<p>&nbsp;<\/p>\n<p>ARDES ha creado un sistema compacto de aspiro-inyecci\u00f3n: el dispositivo que permite controlar la circulaci\u00f3n del l\u00edquido. Situado en la parte posterior de la pistola y formado por un solo bloque, su mantenimiento se realiza con mayor facilidad. \u00a1El usuario s\u00f3lo necesita desmontar el aparato si alguno de los orificios resulta obstruido! S\u00f3lo precisa encargar el bloque a su proveedor habitual.<\/p>\n<p>El bloque de v\u00e1lvulas ha sido creado igualmente para adaptarse a la viscosidad del producto activo. \u00a1S\u00f3lo necesita escoger el bloque de v\u00e1lvulas adecuado![\/vc_column_text][vc_single_image image=&#8221;4944&#8243; img_size=&#8221;large&#8221; alignment=&#8221;right&#8221; img_link_large=&#8221;yes&#8221;][\/vc_column][\/vc_row]<\/p>\n<\/div>","protected":false},"excerpt":{"rendered":"<p>[vc_row][vc_column width=&#8221;1\/2&#8243;][vc_column_text]ARDES ha creado una pistola dosificadora autom\u00e1tica revolucionaria, fruto de la observaci\u00f3n de los ganaderos as\u00ed como de nuestros conocimientos en la transformaci\u00f3n del pl\u00e1stico. Experiencia a la escucha de sus necesidades El tama\u00f1o de los reba\u00f1os se ha incrementado en los \u00faltimos a\u00f1os. Una gesti\u00f3n del ganado eficaz requiere proteger a los animales [&hellip;]<\/p>\n","protected":false},"author":3,"featured_media":0,"parent":7201,"menu_order":43,"comment_status":"closed","ping_status":"closed","template":"","meta":{"footnotes":""},"class_list":["post-6853","page","type-page","status-publish","hentry"],"acf":[],"_links":{"self":[{"href":"https:\/\/www.ardes-group.com\/es\/wp-json\/wp\/v2\/pages\/6853\/"}],"collection":[{"href":"https:\/\/www.ardes-group.com\/es\/wp-json\/wp\/v2\/pages\/"}],"about":[{"href":"https:\/\/www.ardes-group.com\/es\/wp-json\/wp\/v2\/types\/page\/"}],"author":[{"embeddable":true,"href":"https:\/\/www.ardes-group.com\/es\/wp-json\/wp\/v2\/users\/3\/"}],"replies":[{"embeddable":true,"href":"https:\/\/www.ardes-group.com\/es\/wp-json\/wp\/v2\/comments\/?post=6853"}],"version-history":[{"count":1,"href":"https:\/\/www.ardes-group.com\/es\/wp-json\/wp\/v2\/pages\/6853\/revisions\/"}],"predecessor-version":[{"id":17935,"href":"https:\/\/www.ardes-group.com\/es\/wp-json\/wp\/v2\/pages\/6853\/revisions\/17935\/"}],"up":[{"embeddable":true,"href":"https:\/\/www.ardes-group.com\/es\/wp-json\/wp\/v2\/pages\/7201\/"}],"wp:attachment":[{"href":"https:\/\/www.ardes-group.com\/es\/wp-json\/wp\/v2\/media\/?parent=6853"}],"curies":[{"name":"wp","href":"https:\/\/api.w.org\/{rel}","templated":true}]}}