

{"id":6859,"date":"2014-05-21T12:24:08","date_gmt":"2014-05-21T11:24:08","guid":{"rendered":"http:\/\/www.ardes-group.com\/es\/pistolets-drogueurs\/"},"modified":"2016-08-26T16:04:52","modified_gmt":"2016-08-26T15:04:52","slug":"pistolas-dosificadoras","status":"publish","type":"page","link":"https:\/\/www.ardes-group.com\/es\/gama\/pistolas-dosificadoras\/","title":{"rendered":"Pistolas dosificadoras"},"content":{"rendered":"<div class=\"pf-content\"><p>[vc_row][vc_column width=&#8221;1\/2&#8243;][vc_column_text]<\/p>\n<h3><strong>Pistolas dosificadoras regulables para uso veterinario<\/strong><\/h3>\n<p><strong>\u00a0<\/strong><\/p>\n<p>Desde Hace m\u00e1s de 40 a\u00f1os, ARDES crea y fabrica en Francia pistolas dosificadoras regulables ofreciendo un gran resultado, gozando de un reconocimiento a nivel mundial por parte de ganaderos y veterinarios.<\/p>\n<p>&nbsp;<\/p>\n<h3><strong>Experiencia a la escucha de sus necesidades<\/strong><\/h3>\n<p>&nbsp;<\/p>\n<p>Las pistolas dosificadoras ARDES aseguran un uso intensivo. \u00c9stas permiten una precisi\u00f3n en la administraci\u00f3n de soluciones antiparasitarias, de cuidados del aparato digestivo o nutricionales. Proponemos dos pistolas dosificadoras de 60 y 150ml cada una, destinadas a ganado ovino, caprino, bovino y porcino.<\/p>\n<p>&nbsp;<\/p>\n<p><a href=\"http:\/\/www.ardes-group.com\/es\/personnalisation\/piece-unique\/\" target=\"_blank\">Pieza \u00fanica<\/a>[\/vc_column_text][\/vc_column][vc_column width=&#8221;1\/2&#8243;][vc_single_image image=&#8221;715&#8243; img_size=&#8221;medium&#8221; alignment=&#8221;right&#8221; img_link_large=&#8221;yes&#8221;][\/vc_column][\/vc_row][vc_row][vc_column][vc_column_text]<\/p>\n<h3><strong>Nuestras ventajas<\/strong><\/h3>\n<p>Las pistolas dosificadoras ARDES est\u00e1n elaboradas a partir de materiales minuciosamente seleccionados y son sometidas, en cada etapa de su producci\u00f3n, a un control de calidad. Gracias a este compromiso y rigor, las pistolas dosificadoras ARDES ofrecen 3 caracter\u00edsticas esenciales de una pistola dosificadora de gran rendimiento.[\/vc_column_text][\/vc_column][\/vc_row][vc_row][vc_column width=&#8221;1\/2&#8243;][vc_column_text]<\/p>\n<h2><strong>Duraci\u00f3n<\/strong><\/h2>\n<p><strong>\u00a0<\/strong><\/p>\n<p>Las pistolas dosificadoras ARDES proporcionan una duraci\u00f3n necesaria al uso intensivo de ganaderos y veterinarios.[\/vc_column_text][vc_accordion active_tab=&#8221;false&#8221; collapsible=&#8221;yes&#8221;][vc_accordion_tab title=&#8221;Irrompible&#8221;][vc_column_text]por un lado, las conexiones que se someten a altas restricciones, por ejemplo la conexi\u00f3n entre barril y c\u00e1nula, han sido cuidadosamente tratadas. Por otro lado, los materiales pl\u00e1sticos son escrupulosamente seleccionados para garantizar una alta resistencia mec\u00e1nica.[\/vc_column_text][\/vc_accordion_tab][vc_accordion_tab title=&#8221;Resistencia&#8221;][vc_column_text]a todos los productos farmac\u00e9uticos, incluso los m\u00e1s corrosivos, y a las fuerzas clim\u00e1ticas (ultravioleta).[\/vc_column_text][\/vc_accordion_tab][vc_accordion_tab title=&#8221;Mantenimiento y revisi\u00f3n &#8220;][vc_column_text]<\/p>\n<p>Maintenance et entretien facilit\u00e9s gr\u00e2ce \u00e0 la possibilit\u00e9 de d\u00e9monter enti\u00e8rement le produit. Cela permet d\u2019augmenter la dur\u00e9e de vie des pistolets drogueurs ARDES.<\/p>\n<p>[\/vc_column_text][\/vc_accordion_tab][\/vc_accordion][vc_column_text]<\/p>\n<h3><strong>Fiabilidad<\/strong><\/h3>\n<p>&nbsp;<\/p>\n<p>Las pistolas dosificadoras ARDES han sido creadas para proporcionar fiabilidad en cada uso.[\/vc_column_text][vc_accordion active_tab=&#8221;false&#8221; collapsible=&#8221;yes&#8221;][vc_accordion_tab title=&#8221;Alta precisi\u00f3n de la dosis&#8221;][vc_column_text]Por un lado gracias a una graduaci\u00f3n indeleble que permite una lectura sin esfuerzo. Por otro, gracias a un ajuste preciso con rotaci\u00f3n del mango de 5ml a 60ml.[\/vc_column_text][\/vc_accordion_tab][vc_accordion_tab title=&#8221;Inyecci\u00f3n sin fugas&#8221;][vc_column_text]gracias a una junta de silicona de alta calidad, antiadherente e hidr\u00f3foba, que responde a las exigencias de la normativa alimentaria.[\/vc_column_text][\/vc_accordion_tab][vc_accordion_tab title=&#8221;Administraci\u00f3n total del producto &#8220;][vc_column_text]en la boca del animal. Gracias a una c\u00e1nula de longitud \u00f3ptima y con un \u00e1ngulo de 25\u00b0.[\/vc_column_text][\/vc_accordion_tab][\/vc_accordion][vc_column_text]<\/p>\n<h3>Confort<\/h3>\n<p style=\"text-align: justify;\">Les pistolets drogueurs ARDES ont \u00e9t\u00e9 con\u00e7us pour une prise en main intuitive et une utilisation sans effort.<\/p>\n<p>[\/vc_column_text][vc_accordion active_tab=&#8221;false&#8221; collapsible=&#8221;yes&#8221;][vc_accordion_tab title=&#8221;Sin esfuerzo&#8221;][vc_column_text]gracias a una junta de calidad y de las pistolas dosificadoras siliconadas que permiten una suave inyecci\u00f3n. Adem\u00e1s, ARDES propone dosis de silicona para lubricar la junta tras su uso.[\/vc_column_text][\/vc_accordion_tab][vc_accordion_tab title=&#8221;Facilidad&#8221;][vc_column_text]gracias a una c\u00e1nula con una inclinaci\u00f3n de 25\u00b0 que permite administrar el contenido en una posici\u00f3n ideal.[\/vc_column_text][\/vc_accordion_tab][vc_accordion_tab title=&#8221;Simplicidad&#8221;][vc_column_text]Simplicidad de ajuste gracias a la rotaci\u00f3n del mango.[\/vc_column_text][\/vc_accordion_tab][\/vc_accordion][\/vc_column][vc_column width=&#8221;1\/2&#8243;][vc_column_text]<\/p>\n<p style=\"text-align: center; padding-left: 120px;\"><a href=\"http:\/\/www.ardes-group.com\/wp-content\/uploads\/2014\/05\/gros-plan-graduation-150ml-e1402996491129.jpg\"><img loading=\"lazy\" decoding=\"async\" class=\"alignnone size-taille-page-produit wp-image-717\" src=\"http:\/\/www.ardes-group.com\/wp-content\/uploads\/2014\/05\/gros-plan-graduation-150ml-e1402996491129-460x307.jpg\" alt=\"gros plan graduation 150ml\" width=\"460\" height=\"307\" srcset=\"https:\/\/www.ardes-group.com\/wp-content\/uploads\/2014\/05\/gros-plan-graduation-150ml-e1402996491129-460x307.jpg 460w, https:\/\/www.ardes-group.com\/wp-content\/uploads\/2014\/05\/gros-plan-graduation-150ml-e1402996491129-300x200.jpg 300w, https:\/\/www.ardes-group.com\/wp-content\/uploads\/2014\/05\/gros-plan-graduation-150ml-e1402996491129-1024x684.jpg 1024w, https:\/\/www.ardes-group.com\/wp-content\/uploads\/2014\/05\/gros-plan-graduation-150ml-e1402996491129-111x74.jpg 111w\" sizes=\"auto, (max-width: 460px) 100vw, 460px\" \/><\/a><\/p>\n<p>[\/vc_column_text][vc_row_inner][vc_column_inner]<br \/>\n[\/vc_column_inner][\/vc_row_inner][vc_row_inner][vc_column_inner][vc_single_image image=&#8221;1539&#8243; img_size=&#8221;medium&#8221; alignment=&#8221;right&#8221;][\/vc_column_inner][\/vc_row_inner][\/vc_column][\/vc_row][vc_row][vc_column][vc_column_text]<strong>Nuestros consejos<\/strong><\/p>\n<p>&nbsp;<\/p>\n<p>Para garantizar la fiabilidad y el respeto a la salud animal en cada uso de su pistola dosificadora, ARDES aconseja 3 pasos a seguir. Con el fin de respetar estas etapas, el conjunto de pistolas dosificadoras ARDES son completamente desmontables.<\/p>\n<p>&nbsp;<\/p>\n<p>Desinfecci\u00f3n tras cada uso con la ayuda de una soluci\u00f3n a base de agua y desinfectante. Para ello, se aconseja desmontar la pistola dosificadora para limpiar bien y desinfectar cada una de sus partes.<\/p>\n<p>&nbsp;<\/p>\n<p>Lubricaci\u00f3n de la junta con el objetivo de aumentar la vida \u00fatil de esta \u00faltima y la fiabilidad de la pistola dosificadora. Esto permite, por un lado, mayor precisi\u00f3n con una suave dosis y, por el otro, reducir la fricci\u00f3n entre la junta y el barril de la pistola dosificadora y, por lo tanto, el deterioro de la junta. ARDES suministra igualmente dosis de silicona creadas para un aplicaci\u00f3n precisa en las juntas.<\/p>\n<p><a href=\"http:\/\/www.ardes-group.com\/es\/conseils-outils\/supports-a-telecharger\/\" target=\"_blank\">\u201cbuenas pr\u00e1cticas\u201d material de inyecci\u00f3n<\/a><\/p>\n<p><a href=\"http:\/\/www.ardes-group.com\/es\/gamme\/accessoires-injection\/\" target=\"_blank\">P\u00e1gina accesorio material de inyecci\u00f3n<\/a>[\/vc_column_text][\/vc_column][\/vc_row]<\/p>\n<\/div>","protected":false},"excerpt":{"rendered":"<p>[vc_row][vc_column width=&#8221;1\/2&#8243;][vc_column_text] Pistolas dosificadoras regulables para uso veterinario \u00a0 Desde Hace m\u00e1s de 40 a\u00f1os, ARDES crea y fabrica en Francia pistolas dosificadoras regulables ofreciendo un gran resultado, gozando de un reconocimiento a nivel mundial por parte de ganaderos y veterinarios. &nbsp; Experiencia a la escucha de sus necesidades &nbsp; Las pistolas dosificadoras ARDES aseguran [&hellip;]<\/p>\n","protected":false},"author":4,"featured_media":0,"parent":7201,"menu_order":44,"comment_status":"closed","ping_status":"closed","template":"","meta":{"footnotes":""},"class_list":["post-6859","page","type-page","status-publish","hentry"],"acf":[],"_links":{"self":[{"href":"https:\/\/www.ardes-group.com\/es\/wp-json\/wp\/v2\/pages\/6859\/"}],"collection":[{"href":"https:\/\/www.ardes-group.com\/es\/wp-json\/wp\/v2\/pages\/"}],"about":[{"href":"https:\/\/www.ardes-group.com\/es\/wp-json\/wp\/v2\/types\/page\/"}],"author":[{"embeddable":true,"href":"https:\/\/www.ardes-group.com\/es\/wp-json\/wp\/v2\/users\/4\/"}],"replies":[{"embeddable":true,"href":"https:\/\/www.ardes-group.com\/es\/wp-json\/wp\/v2\/comments\/?post=6859"}],"version-history":[{"count":1,"href":"https:\/\/www.ardes-group.com\/es\/wp-json\/wp\/v2\/pages\/6859\/revisions\/"}],"predecessor-version":[{"id":7762,"href":"https:\/\/www.ardes-group.com\/es\/wp-json\/wp\/v2\/pages\/6859\/revisions\/7762\/"}],"up":[{"embeddable":true,"href":"https:\/\/www.ardes-group.com\/es\/wp-json\/wp\/v2\/pages\/7201\/"}],"wp:attachment":[{"href":"https:\/\/www.ardes-group.com\/es\/wp-json\/wp\/v2\/media\/?parent=6859"}],"curies":[{"name":"wp","href":"https:\/\/api.w.org\/{rel}","templated":true}]}}