

{"id":6864,"date":"2014-06-05T14:56:10","date_gmt":"2014-06-05T13:56:10","guid":{"rendered":"http:\/\/www.ardes-group.com\/es\/accessoires-injection\/"},"modified":"2016-09-14T13:04:52","modified_gmt":"2016-09-14T12:04:52","slug":"accesorios-material-de-inyeccion","status":"publish","type":"page","link":"https:\/\/www.ardes-group.com\/es\/gama\/accesorios-material-de-inyeccion\/","title":{"rendered":"Accesorios material de inyecci\u00f3n"},"content":{"rendered":"<div class=\"pf-content\"><p>[vc_row][vc_column][vc_column_text]<\/p>\n<h2><strong>Experiencia a la escucha de sus necesidades<\/strong><\/h2>\n<p>&nbsp;<\/p>\n<p>ARDES propone una gama de accesorios de calidad destinada al conjunto de jeringas reutilizables as\u00ed como a las pistolas dosificadoras y autom\u00e1ticas. Los materiales de inyecci\u00f3n son completamente desmontables para permitir su mantenimiento, por ejemplo la lubricaci\u00f3n de la junta o para cambiar ciertas piezas. La vida \u00fatil de estos productos ARDES se ve as\u00ed prolongada.[\/vc_column_text][\/vc_column][\/vc_row][vc_row][vc_column width=&#8221;1\/2&#8243;][vc_column_text]<\/p>\n<h3><strong>Dosis de silicona 5ml<\/strong><\/h3>\n<p>&nbsp;<\/p>\n<p>ARDES aconseja lubricar la junta del material de inyecci\u00f3n tras varios usos aplicando una gota sobre \u00e9sta. ARDES propone <a href=\"http:\/\/www.ardes-group.com\/es\/blog\/produit\/dosette-silicone-5-ml\/\" target=\"_blank\">dosis de silicona<\/a> de alta calidad de una capacidad de 50ml, un total de 50 gotas. Esto permite, por un lado, una mayor precisi\u00f3n con una dosis suave, y por otro, reducir la fricci\u00f3n entre la junta y el cuerpo y, por lo tanto, el desgaste de la junta.<\/p>\n<p>&nbsp;<\/p>\n<p><a href=\"http:\/\/www.ardes-group.com\/es\/conseils-outils\/supports-a-telecharger\/\" target=\"_blank\">Fichero PDF \u201cBuenas Pr\u00e1cticas\u201d<\/a>[\/vc_column_text][\/vc_column][vc_column width=&#8221;1\/2&#8243;][vc_single_image image=&#8221;1520&#8243; img_size=&#8221;medium&#8221; alignment=&#8221;center&#8221;][\/vc_column][\/vc_row][vc_row][vc_column width=&#8221;1\/2&#8243;][vc_column_text]<\/p>\n<h3><strong>Junta<\/strong><\/h3>\n<p>Las <a href=\"http:\/\/www.ardes-group.com\/es\/blog\/produit\/joints-pistolet-ardes\/\" target=\"_blank\">juntas<\/a> ARDES de alta calidad aseguran fiabilidad en cada administraci\u00f3n: perfecto hermetismo y alta precisi\u00f3n de la dosificaci\u00f3n. Adem\u00e1s, \u00e9stas responden a las exigencias de la normativa alimentaria con el objetivo de respetar la salud animal.[\/vc_column_text][\/vc_column][vc_column width=&#8221;1\/2&#8243;][vc_single_image image=&#8221;4632&#8243; img_size=&#8221;medium&#8221; add_caption=&#8221;yes&#8221; alignment=&#8221;center&#8221;][\/vc_column][\/vc_row][vc_row][vc_column width=&#8221;1\/2&#8243;][vc_column_text]<\/p>\n<h3><strong>Barriles<\/strong><\/h3>\n<p>Los barriles de las pistolas dosificadoras pueden cambiarse. Para ello, s\u00f3lo es necesario desmontar la c\u00e1nula y desatornillar el barril. ARDES propone dos tipos de barriles: <a href=\"http:\/\/www.ardes-group.com\/es\/blog\/produit\/cuve-pistolet-60ml-2\/\" target=\"_blank\">un barril de 60 ml<\/a> y otro de <a href=\"http:\/\/www.ardes-group.com\/es\/blog\/produit\/cuve-pistolet-150ml\/\" target=\"_blank\">150 ml<\/a>. Ambos est\u00e1n garantizados como irrompibles y fiables gracias a su fabricaci\u00f3n en material pl\u00e1stico Premium y a una graduaci\u00f3n indeleble.[\/vc_column_text][\/vc_column][vc_column width=&#8221;1\/2&#8243;][vc_single_image image=&#8221;5090&#8243; img_size=&#8221;medium&#8221; alignment=&#8221;center&#8221;][\/vc_column][\/vc_row][vc_row][vc_column width=&#8221;1\/2&#8243;][vc_column_text]<\/p>\n<h3>C\u00e1nulas<\/h3>\n<p>Las c\u00e1nulas ARDES fabricadas a partir de lat\u00f3n inoxidable presentan una gran resistencia qu\u00edmica y mec\u00e1nica. Adem\u00e1s, \u00e9stas han sido concebidas para permitir una posici\u00f3n ideal del usuario durante el tratamiento, pues <a href=\"http:\/\/www.ardes-group.com\/es\/blog\/produit\/canules-pistolets-drogueurs\/\" target=\"_blank\">la c\u00e1nula<\/a> tiene una inclinaci\u00f3n de 25\u00b0. Con una longitud de 110 o de 130cm, \u00e9stas garantizan una distancia de seguridad \u00f3ptima entre usuario y animal.[\/vc_column_text][\/vc_column][vc_column width=&#8221;1\/2&#8243;][vc_single_image image=&#8221;1539&#8243; img_size=&#8221;medium&#8221; alignment=&#8221;center&#8221;][\/vc_column][\/vc_row][vc_row][vc_column width=&#8221;1\/2&#8243;][vc_column_text]<\/p>\n<p style=\"text-align: justify;\">Para finalizar, la geometr\u00eda de <a href=\"http:\/\/www.ardes-group.com\/es\/blog\/produit\/canules-pistolets-drogueurs\/\" target=\"_blank\">la oliva<\/a>, al final de la c\u00e1nula, garantiza el respeto de la salud animal evitando todo riesgo de rasgu\u00f1os e infecciones.<\/p>\n<p>[\/vc_column_text][\/vc_column][vc_column width=&#8221;1\/2&#8243;][vc_single_image image=&#8221;4560&#8243; img_size=&#8221;medium&#8221; alignment=&#8221;center&#8221;][\/vc_column][\/vc_row]<\/p>\n<\/div>","protected":false},"excerpt":{"rendered":"<p>[vc_row][vc_column][vc_column_text] Experiencia a la escucha de sus necesidades &nbsp; ARDES propone una gama de accesorios de calidad destinada al conjunto de jeringas reutilizables as\u00ed como a las pistolas dosificadoras y autom\u00e1ticas. Los materiales de inyecci\u00f3n son completamente desmontables para permitir su mantenimiento, por ejemplo la lubricaci\u00f3n de la junta o para cambiar ciertas piezas. La [&hellip;]<\/p>\n","protected":false},"author":4,"featured_media":0,"parent":7201,"menu_order":41,"comment_status":"closed","ping_status":"closed","template":"","meta":[],"acf":[],"_links":{"self":[{"href":"https:\/\/www.ardes-group.com\/es\/wp-json\/wp\/v2\/pages\/6864\/"}],"collection":[{"href":"https:\/\/www.ardes-group.com\/es\/wp-json\/wp\/v2\/pages\/"}],"about":[{"href":"https:\/\/www.ardes-group.com\/es\/wp-json\/wp\/v2\/types\/page\/"}],"author":[{"embeddable":true,"href":"https:\/\/www.ardes-group.com\/es\/wp-json\/wp\/v2\/users\/4\/"}],"replies":[{"embeddable":true,"href":"https:\/\/www.ardes-group.com\/es\/wp-json\/wp\/v2\/comments\/?post=6864"}],"version-history":[{"count":1,"href":"https:\/\/www.ardes-group.com\/es\/wp-json\/wp\/v2\/pages\/6864\/revisions\/"}],"predecessor-version":[{"id":7968,"href":"https:\/\/www.ardes-group.com\/es\/wp-json\/wp\/v2\/pages\/6864\/revisions\/7968\/"}],"up":[{"embeddable":true,"href":"https:\/\/www.ardes-group.com\/es\/wp-json\/wp\/v2\/pages\/7201\/"}],"wp:attachment":[{"href":"https:\/\/www.ardes-group.com\/es\/wp-json\/wp\/v2\/media\/?parent=6864"}],"curies":[{"name":"wp","href":"https:\/\/api.w.org\/{rel}","templated":true}]}}