

{"id":6880,"date":"2014-05-28T08:53:57","date_gmt":"2014-05-28T07:53:57","guid":{"rendered":"http:\/\/www.ardes-group.com\/es\/conseils-outils\/identification-par-rfid\/"},"modified":"2016-04-14T10:51:04","modified_gmt":"2016-04-14T09:51:04","slug":"identification-par-rfid","status":"publish","type":"page","link":"https:\/\/www.ardes-group.com\/es\/conseils-outils\/identification-par-rfid\/","title":{"rendered":"Identificaci\u00f3n por RFID"},"content":{"rendered":"<div class=\"pf-content\"><p>[vc_row][vc_column width=&#8221;1\/2&#8243;][vc_column_text]<\/p>\n<p>&nbsp;<\/p>\n<p>[\/vc_column_text][vc_row_inner][vc_column_inner][vc_column_text]<strong>La \u00ab Radio Frequency Identification \u00bb (RFID) o \u00ab\u00a0Identificaci\u00f3n Electr\u00f3nica\u201d,<\/strong> es un sistema que permite el intercambio de informaci\u00f3n a distancia, gracias al campo electromagn\u00e9tico de las ondas de radio. Este sistema utiliza una tecnolog\u00eda de Baja Frecuencia, especialmente adaptada a la identificaci\u00f3n animal, al contrario que la Alta Frecuencia. El funcionamiento de la Baja Frecuencia se ve poco afectado por la presencia de humedad y de elementos conductores pr\u00f3ximos.[\/vc_column_text][vc_column_text]<strong>Los crotales ARDES certificados ICAR<\/strong><\/p>\n<p>En 1996, la RFID para la identificaci\u00f3n animal es estandarizada por la International Organization for Standardization (ISO) con las normas ISO 11784 e ISO 11785.<\/p>\n<p>Todos los crotales electr\u00f3nicos ARDES cumplen las condiciones t\u00e9cnicas <strong>ISO 11784-11785<\/strong> y est\u00e1n aprobados en la actualidad por el servicio <strong>ICAR\u00a0<\/strong>\u00ab International Committee for Animal Recording \u00bb, para proporcionar un sistema de identificaci\u00f3n electr\u00f3nica funcional y eficaz.[\/vc_column_text][vc_column_text]<a href=\"http:\/\/www.ardes-group.com\/wp-content\/uploads\/2014\/05\/boucle-elec-+-icar-et-iso-e1418324735214.jpg\"><img loading=\"lazy\" decoding=\"async\" class=\" wp-image-1701 size-miniature_produit_slider aligncenter\" src=\"http:\/\/www.ardes-group.com\/wp-content\/uploads\/2014\/05\/boucle-elec-+-icar-et-iso-e1418324735214-111x90.jpg\" alt=\"boucle elec + icar et iso\" width=\"111\" height=\"90\" \/><\/a>[\/vc_column_text][vc_column_text]<\/p>\n<table class=\"alignright\" style=\"height: 191px;\" border=\"2\" width=\"484\">\n<caption>\u00a0<\/caption>\n<tbody>\n<tr>\n<td style=\"text-align: center;\" colspan=\"3\"><strong>Distancia de lectura media <\/strong><\/p>\n<p><strong>ente el crotal electr\u00f3nico y el lector<\/strong><\/td>\n<\/tr>\n<tr>\n<td style=\"text-align: center;\"><strong>Tipo de lector del mercado<\/strong><\/td>\n<td style=\"text-align: center;\" colspan=\"2\"><strong>Crotales electr\u00f3nicos ARDES<\/strong><\/td>\n<\/tr>\n<tr>\n<td style=\"text-align: center;\">Lectores fijos<\/td>\n<td style=\"text-align: center;\">84 cm<\/td>\n<td style=\"text-align: center;\">+5% en comparaci\u00f3n con la competencia<\/td>\n<\/tr>\n<tr>\n<td style=\"text-align: center;\">Lectores port\u00e1tiles<\/td>\n<td style=\"text-align: center;\">33cm<\/td>\n<td style=\"text-align: center;\">+9% en comparaci\u00f3n con la competencia<\/td>\n<\/tr>\n<tr>\n<td style=\"text-align: center;\" colspan=\"3\">Prueba de distancia de lectura de los crotales electr\u00f3nicos ARDES realizada por RFTLab.<\/td>\n<\/tr>\n<\/tbody>\n<\/table>\n<p>[\/vc_column_text][\/vc_column_inner][\/vc_row_inner][\/vc_column][vc_column width=&#8221;1\/2&#8243;][vc_column_text]<\/p>\n<p>&nbsp;<\/p>\n<p>[\/vc_column_text][vc_column_text]<\/p>\n<p style=\"padding-left: 180px;\"><a href=\"http:\/\/www.ardes-group.com\/wp-content\/uploads\/2014\/05\/boucle-elec-photographe-e1408696106408.jpg\"><img loading=\"lazy\" decoding=\"async\" class=\"alignright wp-image-1703 size-taille-page-produit\" src=\"http:\/\/www.ardes-group.com\/wp-content\/uploads\/2014\/05\/boucle-elec-photographe-e1408696106408-460x552.jpg\" alt=\"boucle elec photographe\" width=\"460\" height=\"552\" srcset=\"https:\/\/www.ardes-group.com\/wp-content\/uploads\/2014\/05\/boucle-elec-photographe-e1408696106408-460x552.jpg 460w, https:\/\/www.ardes-group.com\/wp-content\/uploads\/2014\/05\/boucle-elec-photographe-e1408696106408-250x300.jpg 250w, https:\/\/www.ardes-group.com\/wp-content\/uploads\/2014\/05\/boucle-elec-photographe-e1408696106408-853x1024.jpg 853w, https:\/\/www.ardes-group.com\/wp-content\/uploads\/2014\/05\/boucle-elec-photographe-e1408696106408-111x133.jpg 111w\" sizes=\"auto, (max-width: 460px) 100vw, 460px\" \/><\/a><\/p>\n<p>[\/vc_column_text][vc_column_text]<\/p>\n<p>&nbsp;<\/p>\n<p>[\/vc_column_text][vc_column_text]<\/p>\n<p style=\"text-align: center;\"><a href=\"http:\/\/www.ardes-group.com\/conseils-outils\/identification-par-rfid\/schema-numero-didentification-460x306-2\/\"><img loading=\"lazy\" decoding=\"async\" class=\"alignright wp-image-5087 size-medium\" src=\"http:\/\/www.ardes-group.com\/wp-content\/uploads\/2014\/05\/schema-numero-didentification-460x3062-300x200.jpg\" alt=\"\" width=\"300\" height=\"200\" srcset=\"https:\/\/www.ardes-group.com\/wp-content\/uploads\/2014\/05\/schema-numero-didentification-460x3062-300x200.jpg 300w, https:\/\/www.ardes-group.com\/wp-content\/uploads\/2014\/05\/schema-numero-didentification-460x3062-111x74.jpg 111w, https:\/\/www.ardes-group.com\/wp-content\/uploads\/2014\/05\/schema-numero-didentification-460x3062.jpg 460w\" sizes=\"auto, (max-width: 300px) 100vw, 300px\" \/><\/a><\/p>\n<p>[\/vc_column_text][\/vc_column][\/vc_row][vc_row][vc_column][vc_row_inner][vc_column_inner][vc_column_text]<\/p>\n<h3><strong>Una soluci\u00f3n de identificaci\u00f3n al servicio del ganadero<\/strong><\/h3>\n<p>La identificaci\u00f3n animal electr\u00f3nica es una soluci\u00f3n constituida por varios elementos, asegurando un intercambio de informaci\u00f3n desde el animal hasta el usuario.[\/vc_column_text][\/vc_column_inner][\/vc_row_inner][vc_accordion active_tab=&#8221;false&#8221; collapsible=&#8221;yes&#8221;][vc_accordion_tab title=&#8221;PASO 1: Lectura del n\u00famero de identificaci\u00f3n.&#8221;][vc_column_text]Los protocolos de intercambio de informaci\u00f3n entre el crotal electr\u00f3nico y el lector se rigen por la norma ISO 11785. El crotal electr\u00f3nico proporciona el n\u00famero de identificaci\u00f3n del animal al acercar el lector. La distancia de lectura var\u00eda en funci\u00f3n del tipo de lector: fijo o port\u00e1til, pero tambi\u00e9n en funci\u00f3n de la calidad de los crotales electr\u00f3nicos. Un lector fijo garantizar\u00e1 una distancia de lectura mayor.<\/p>\n<p>&nbsp;<\/p>\n<p style=\"text-align: left;\">No es posible con esta tecnolog\u00eda detectar un animal a gran distancia (en el medio de un campo, por ejemplo), debido al bajo alcance del campo magn\u00e9tico emitido por los lectores. En estas circunstancias, es necesario, por tanto, individualizar los lectores, a trav\u00e9s de sistemas de contenci\u00f3n adaptados (pasillo individual, por ejemplo).<\/p>\n<p>[\/vc_column_text][\/vc_accordion_tab][vc_accordion_tab title=&#8221;PASO 2: Transmisi\u00f3n del n\u00famero de identificaci\u00f3n&#8221;][vc_column_text]Una vez registrada en el lector, el n\u00famero se transmite (a trav\u00e9s de un cable o v\u00eda Bluetooth) a un ordenador o a un aut\u00f3mata.[\/vc_column_text][\/vc_accordion_tab][vc_accordion_tab title=&#8221; PASO 3: Valoraci\u00f3n del n\u00famero de identificaci\u00f3n&#8221;][vc_column_text]El n\u00famero es utilizado por el usuario, gracias a la creaci\u00f3n de numerosas soluciones t\u00e9cnicas, con el fin de aumentar la productividad y la rentabilidad del animal[\/vc_column_text][\/vc_accordion_tab][\/vc_accordion][vc_row_inner][vc_column_inner][vc_column_text]<\/p>\n<h2><strong>C\u00f3mo funcionan los crotales electr\u00f3nicos?<\/strong><\/h2>\n<p>El crotal electr\u00f3nico se denomina &#8220;pasivo&#8221;, pues <strong>no contiene ninguna fuente de energ\u00eda ni bater\u00eda<\/strong>, lo que garantiza una <strong>vida \u00fatil ilimitada.<\/strong> La energ\u00eda proviene del lector que activa el crotal electr\u00f3nico cuando \u00e9ste est\u00e1 colocado. El crotal electr\u00f3nico es la fuente de informaci\u00f3n y la base de todo el sistema de identificaci\u00f3n por RFID.<\/p>\n<p>&nbsp;<\/p>\n<p style=\"text-align: justify;\">Dos elementos componen el crotal electr\u00f3nico:<\/p>\n<p>[\/vc_column_text][\/vc_column_inner][\/vc_row_inner][vc_accordion active_tab=&#8221;false&#8221; collapsible=&#8221;yes&#8221;][vc_accordion_tab title=&#8221;Un transpondedor&#8221;][vc_column_text]El transpondedor est\u00e1 compuesto por un chip electr\u00f3nico y un microcircuito de silicio. Este microcircuito contiene el n\u00famero de identificaci\u00f3n del animal, previamente codificado por ARDES, y una antena circular, de hilo de cobre enrollado.[\/vc_column_text][\/vc_accordion_tab][vc_accordion_tab title=&#8221;Una envoltura pl\u00e1stica&#8221;][vc_column_text]La envoltura de pl\u00e1stico ARDES protege el transpondedor de los golpes, gracias un poliuretano resistente a las condiciones de las explotaciones ganaderas de bovino, ovino, caprino y porcino.[\/vc_column_text][\/vc_accordion_tab][\/vc_accordion][vc_row_inner][vc_column_inner][vc_column_text]<\/p>\n<h3><strong>Dos tecnolog\u00edas disponibles: HDX y FDX<\/strong><\/h3>\n<p>Los crotales electr\u00f3nicos ARDES est\u00e1n disponibles en &#8220;Half-Duplex&#8221; (HDX) y &#8220;FullDuplex&#8221; (FDX). Ambas tecnolog\u00edas cumplen las normas ISO 11784 e ISO 11785. El dise\u00f1o de los transpondedores as\u00ed como el resultado de la distancia de lectura de los crotales electr\u00f3nicos HDX y FDX son diferentes.[\/vc_column_text][\/vc_column_inner][\/vc_row_inner][vc_row_inner][vc_column_inner width=&#8221;1\/2&#8243;][vc_column_text]<a href=\"http:\/\/www.ardes-group.com\/wp-content\/uploads\/2014\/05\/boucle-+-inlay-small.jpg\"><img loading=\"lazy\" decoding=\"async\" class=\"alignright wp-image-1694 size-medium\" src=\"http:\/\/www.ardes-group.com\/wp-content\/uploads\/2014\/05\/boucle-+-inlay-small-300x177.jpg\" alt=\"boucle + inlay small\" width=\"300\" height=\"177\" srcset=\"https:\/\/www.ardes-group.com\/wp-content\/uploads\/2014\/05\/boucle-+-inlay-small-300x177.jpg 300w, https:\/\/www.ardes-group.com\/wp-content\/uploads\/2014\/05\/boucle-+-inlay-small-111x66.jpg 111w, https:\/\/www.ardes-group.com\/wp-content\/uploads\/2014\/05\/boucle-+-inlay-small.jpg 454w\" sizes=\"auto, (max-width: 300px) 100vw, 300px\" \/><\/a>[\/vc_column_text][vc_column_text]<\/p>\n<h3><strong>Los crotales electr\u00f3nicos HDX<\/strong><\/h3>\n<p>La tecnolog\u00eda HDX se basa en un intercambio as\u00edncrono. La se\u00f1al de transmisi\u00f3n de los crotales HDX es m\u00e1s fuerte, lo que permite tener una distancia de lectura mayor.[\/vc_column_text][\/vc_column_inner][vc_column_inner width=&#8221;1\/2&#8243;][vc_column_text]<a href=\"http:\/\/www.ardes-group.com\/wp-content\/uploads\/2014\/05\/boucle-elec-+-inlay-large.jpg\"><img loading=\"lazy\" decoding=\"async\" class=\"alignright wp-image-1693 size-medium\" src=\"http:\/\/www.ardes-group.com\/wp-content\/uploads\/2014\/05\/boucle-elec-+-inlay-large-300x177.jpg\" alt=\"boucle elec + inlay large\" width=\"300\" height=\"177\" srcset=\"https:\/\/www.ardes-group.com\/wp-content\/uploads\/2014\/05\/boucle-elec-+-inlay-large-300x177.jpg 300w, https:\/\/www.ardes-group.com\/wp-content\/uploads\/2014\/05\/boucle-elec-+-inlay-large-111x66.jpg 111w, https:\/\/www.ardes-group.com\/wp-content\/uploads\/2014\/05\/boucle-elec-+-inlay-large.jpg 454w\" sizes=\"auto, (max-width: 300px) 100vw, 300px\" \/><\/a>[\/vc_column_text][vc_column_text]<\/p>\n<h3><strong>Los crotales electr\u00f3nicos FDX<\/strong><\/h3>\n<p>La tecnolog\u00eda FDX se basa en un intercambio s\u00edncrono. Los crotales electr\u00f3nicos FDX ofrecen un resultado m\u00e1s est\u00e1ndar en comparaci\u00f3n con los HDX, pero el coste inicial es menor.[\/vc_column_text][\/vc_column_inner][\/vc_row_inner][vc_column_text]<\/p>\n<h3 style=\"text-align: justify;\"><strong>ARDES acompa\u00f1a en la aplicaci\u00f3n de estas soluciones; he aqu\u00ed est\u00e1 una lista, no exhaustiva, de las posibles aplicaciones sobre terreno, de la soluci\u00f3n de identificaci\u00f3n electr\u00f3nica:<\/strong><\/h3>\n<p>[\/vc_column_text][vc_accordion active_tab=&#8221;Logiciel de gestion de troupeau&#8221; collapsible=&#8221;yes&#8221;][vc_accordion_tab title=&#8221;Software de Gesti\u00f3n de reba\u00f1o&#8221;][vc_column_text]<\/p>\n<ol>\n<li>Seguimiento simple y r\u00e1pido de los resultados<\/li>\n<li>An\u00e1lisis de los resultados de los animales y del reba\u00f1o<\/li>\n<li>Aumentar la rentabilidad y la productividad a medio plazo<\/li>\n<\/ol>\n<p>[\/vc_column_text][\/vc_accordion_tab][vc_accordion_tab title=&#8221;Distribuci\u00f3n autom\u00e1tica del alimento&#8221;][vc_column_text]<\/p>\n<ul>\n<li>Adaptaci\u00f3n de la raci\u00f3n de cada animal<\/li>\n<li>Verificaci\u00f3n de la toma o no del alimento<\/li>\n<li>Seguimiento sanitario individual<\/li>\n<\/ul>\n<p>[\/vc_column_text][\/vc_accordion_tab][vc_accordion_tab title=&#8221;Asistencia al orde\u00f1o&#8221;][vc_column_text]<\/p>\n<ul>\n<li>Detectar y vigilar f\u00e1cilmente los animales en la sala de orde\u00f1o<\/li>\n<li>Seguimiento del rendimiento del animal y del reba\u00f1o<\/li>\n<li>Alerta de descensos anormales de la productividad del animal<\/li>\n<\/ul>\n<p>[\/vc_column_text][\/vc_accordion_tab][vc_accordion_tab title=&#8221;Sistema de ponderaci\u00f3n autom\u00e1tica&#8221;][vc_column_text]<\/p>\n<ul>\n<li>Manuscritos e introducci\u00f3n de datos inform\u00e1ticos eliminados<\/li>\n<li>Gran precisi\u00f3n del pesaje limitando el riesgo de error<\/li>\n<li>Ahorro de tiempo, pesaje del animal r\u00e1pido sin necesidad de bloquearlo<\/li>\n<\/ul>\n<p>[\/vc_column_text][\/vc_accordion_tab][vc_accordion_tab title=&#8221;Automatizaci\u00f3n de la clasificaci\u00f3n&#8221;][vc_column_text]<\/p>\n<ul>\n<li>Desbloqueo autom\u00e1tico del cierre y apertura de puertas<\/li>\n<li>Clasificaci\u00f3n del reba\u00f1o en funci\u00f3n de los datos seleccionados (peso, raza, edad, sexo &#8230;)<\/li>\n<li>Comodidad de trabajo, puertas de las jaulas accionadas autom\u00e1ticamente<\/li>\n<\/ul>\n<p><strong>\u00a0<\/strong>[\/vc_column_text][\/vc_accordion_tab][vc_accordion_tab title=&#8221;Recuento de los animales automatizado&#8221;][vc_column_text]<\/p>\n<ul>\n<li>Ahorro de tiempo, recolecci\u00f3n de informaci\u00f3n r\u00e1pida y precisa<\/li>\n<li>Limitaci\u00f3n del riesgo de error<\/li>\n<li>Transferencia de informaci\u00f3n automatizada<\/li>\n<\/ul>\n<p>[\/vc_column_text][\/vc_accordion_tab][\/vc_accordion][vc_row_inner][vc_column_inner][vc_column_text]<\/p>\n<table class=\"alignleft\" border=\"2\" width=\"565\">\n<tbody>\n<tr>\n<td style=\"text-align: left;\"><\/td>\n<td style=\"text-align: center;\"><strong>Ventajas<\/strong><\/td>\n<td style=\"text-align: center;\"><strong>Uso<\/strong><\/td>\n<\/tr>\n<tr>\n<td style=\"text-align: center;\"><strong>Crotales electr\u00f3nicos ARDES HDX<\/strong><\/td>\n<td style=\"text-align: center;\"><strong>Gran rendimiento<\/strong><\/p>\n<p><strong>Distancia de lectura superior<\/strong><\/td>\n<td style=\"text-align: center;\"><strong>Lector fijo y port\u00e1til (normas ISO)<\/strong><\/p>\n<p><strong>Ganader\u00eda<\/strong><\/td>\n<\/tr>\n<tr>\n<td style=\"text-align: center;\"><strong>Crotales electr\u00f3nicos ARDES FDX-B<\/strong><\/td>\n<td style=\"text-align: center;\"><strong>Resultado est\u00e1ndar<\/strong><\/p>\n<p><strong>Bajo coste inicial<\/strong><\/td>\n<td style=\"text-align: center;\"><strong>Lector fijo y port\u00e1til (normas ISO)<\/strong><\/p>\n<p><strong>Ganader\u00eda<\/strong><\/td>\n<\/tr>\n<\/tbody>\n<\/table>\n<p>[\/vc_column_text][\/vc_column_inner][\/vc_row_inner][\/vc_column][\/vc_row]<\/p>\n<\/div>","protected":false},"excerpt":{"rendered":"<p>[vc_row][vc_column width=&#8221;1\/2&#8243;][vc_column_text] &nbsp; [\/vc_column_text][vc_row_inner][vc_column_inner][vc_column_text]La \u00ab Radio Frequency Identification \u00bb (RFID) o \u00ab\u00a0Identificaci\u00f3n Electr\u00f3nica\u201d, es un sistema que permite el intercambio de informaci\u00f3n a distancia, gracias al campo electromagn\u00e9tico de las ondas de radio. Este sistema utiliza una tecnolog\u00eda de Baja Frecuencia, especialmente adaptada a la identificaci\u00f3n animal, al contrario que la Alta Frecuencia. El funcionamiento [&hellip;]<\/p>\n","protected":false},"author":4,"featured_media":0,"parent":6878,"menu_order":41,"comment_status":"closed","ping_status":"closed","template":"","meta":{"footnotes":""},"class_list":["post-6880","page","type-page","status-publish","hentry"],"acf":[],"_links":{"self":[{"href":"https:\/\/www.ardes-group.com\/es\/wp-json\/wp\/v2\/pages\/6880\/"}],"collection":[{"href":"https:\/\/www.ardes-group.com\/es\/wp-json\/wp\/v2\/pages\/"}],"about":[{"href":"https:\/\/www.ardes-group.com\/es\/wp-json\/wp\/v2\/types\/page\/"}],"author":[{"embeddable":true,"href":"https:\/\/www.ardes-group.com\/es\/wp-json\/wp\/v2\/users\/4\/"}],"replies":[{"embeddable":true,"href":"https:\/\/www.ardes-group.com\/es\/wp-json\/wp\/v2\/comments\/?post=6880"}],"version-history":[{"count":0,"href":"https:\/\/www.ardes-group.com\/es\/wp-json\/wp\/v2\/pages\/6880\/revisions\/"}],"up":[{"embeddable":true,"href":"https:\/\/www.ardes-group.com\/es\/wp-json\/wp\/v2\/pages\/6878\/"}],"wp:attachment":[{"href":"https:\/\/www.ardes-group.com\/es\/wp-json\/wp\/v2\/media\/?parent=6880"}],"curies":[{"name":"wp","href":"https:\/\/api.w.org\/{rel}","templated":true}]}}