

{"id":6946,"date":"2014-05-28T08:53:57","date_gmt":"2014-05-28T07:53:57","guid":{"rendered":"http:\/\/www.ardes-group.com\/es\/conseils-outils\/les-solutions-de-marquage\/"},"modified":"2016-05-11T08:32:41","modified_gmt":"2016-05-11T07:32:41","slug":"las-soluciones-de-marcado","status":"publish","type":"page","link":"https:\/\/www.ardes-group.com\/es\/conseils-outils\/las-soluciones-de-marcado\/","title":{"rendered":"Las soluciones de marcado"},"content":{"rendered":"<div class=\"pf-content\"><p>[vc_row][vc_column][vc_row_inner][vc_column_inner][vc_column_text]<\/p>\n<h3>ARDES aporta su experiencia y asesoramiento para ayudar en la elecci\u00f3n de la soluci\u00f3n de marcado que m\u00e1s se adapte a sus necesidades. \u00bfCu\u00e1l es su prioridad?<\/h3>\n<p>[\/vc_column_text][\/vc_column_inner][\/vc_row_inner][vc_row_inner][vc_column_inner width=&#8221;1\/4&#8243;][vc_single_image image=&#8221;7298&#8243; img_size=&#8221;medium&#8221; onclick=&#8221;custom_link&#8221; link=&#8221;#facilidad-del-marcador&#8221;][\/vc_column_inner][vc_column_inner width=&#8221;1\/4&#8243;][vc_single_image image=&#8221;7299&#8243; img_size=&#8221;medium&#8221; onclick=&#8221;custom_link&#8221; img_link=&#8221;http:\/\/www.ardes-group.com\/fr\/conseils-outils\/les-solutions-de-marquage\/#laser&#8221; link=&#8221;#legibilidad-duradera-con-marcado-laser&#8221;][\/vc_column_inner][vc_column_inner width=&#8221;1\/4&#8243;][vc_single_image image=&#8221;7300&#8243; img_size=&#8221;medium&#8221; onclick=&#8221;custom_link&#8221; img_link=&#8221;http:\/\/www.ardes-group.com\/fr\/conseils-outils\/les-solutions-de-marquage\/#encre&#8221; link=&#8221;#contraste-optimo-con-el-marcado-con-tinta&#8221;][\/vc_column_inner][vc_column_inner width=&#8221;1\/4&#8243;][vc_single_image image=&#8221;3560&#8243; img_size=&#8221;medium&#8221; onclick=&#8221;custom_link&#8221; img_link=&#8221;http:\/\/www.ardes-group.com\/fr\/conseils-outils\/les-solutions-de-marquage\/#stamping&#8221; link=&#8221;#logo-en-color-con-un-marcado-de-estampado-en-caliente&#8221;][\/vc_column_inner][\/vc_row_inner][\/vc_column][\/vc_row][vc_row][vc_column][vc_column_text]<\/p>\n<h3>ARDES propone cuatro soluciones para marcar los crotales de identificaci\u00f3n visual:<\/h3>\n<p>[\/vc_column_text][\/vc_column][\/vc_row][vc_row][vc_column width=&#8221;1\/2&#8243;][vc_column_text]<\/p>\n<h2>Facilidad del marcador<\/h2>\n<p>El marcador ARDES otorga la libre elecci\u00f3n de marcar los crotales de identificaci\u00f3n cuando se est\u00e1 en el terreno, cerca de los animales. Los dos tipos de punta propuestos (biselada y redonda) permiten una escritura grande o m\u00e1s precisa, seg\u00fan las necesidades. Esta opci\u00f3n es la m\u00e1s econ\u00f3mica, pues los crotales de identificaci\u00f3n se compran en blanco. \u00c9ste ofrece un fuerte contraste gracias a una tinta negra estudiada y probada para penetrar f\u00e1cilmente en la materia, y asegurar as\u00ed una lectura de los n\u00fameros duradera.[\/vc_column_text][\/vc_column][vc_column width=&#8221;1\/2&#8243;][vc_column_text]<br \/>\n[\/vc_column_text][vc_single_image image=&#8221;955&#8243; alignment=&#8221;right&#8221;][\/vc_column][\/vc_row][vc_row][vc_column width=&#8221;1\/2&#8243;][vc_column_text]<\/p>\n<div id=\"laser\">\n<h2>Legibilidad duradera con marcado l\u00e1ser<\/h2>\n<p>Los c\u00f3digos de barras, las enumeraciones, el nombre de la ganader\u00eda, el logotipo y la imagen en alta definici\u00f3n tienen una gran precisi\u00f3n y nitidez. El marcado es legible indefinidamente pues el l\u00e1ser marca en el material el crotal de identificaci\u00f3n. El rayo l\u00e1ser de la impresora crea una reacci\u00f3n con un aditivo a\u00f1adido en la composici\u00f3n de los crotales que permiten la pigmentaci\u00f3n del crotal en gris. Las pruebas de resistencia en laboratorio a la abrasi\u00f3n estiman una legibilidad correcta del marcado tras 8 a\u00f1os en la oreja del animal. Para m\u00e1s informaci\u00f3n sobre la disposici\u00f3n de la impresora, cont\u00e1ctenos.<\/p>\n<p>&nbsp;<\/p>\n<p><a href=\"http:\/\/www.ardes-group.com\/es\/accueil\/service-rd-2\/\" target=\"_blank\">P\u00e1gina Investigaci\u00f3n &amp; Desarrollo<\/a><\/p>\n<p style=\"text-align: justify;\">\n<\/div>\n<p>[\/vc_column_text][\/vc_column][vc_column width=&#8221;1\/2&#8243;][vc_column_text]<\/p>\n<p>&nbsp;<\/p>\n<p>[\/vc_column_text][vc_single_image image=&#8221;958&#8243; alignment=&#8221;right&#8221; img_link_large=&#8221;yes&#8221;][\/vc_column][\/vc_row][vc_row][vc_column width=&#8221;1\/2&#8243;][vc_column_text]<\/p>\n<div id=\"encre\">\n<h2>Contraste \u00f3ptimo con el marcado con tinta<\/h2>\n<p>Series de n\u00fameros de explotaci\u00f3n o de animales, nombres de ganader\u00edas as\u00ed como c\u00f3digos de barras pueden ser impresos con tinta. La tinta aporta un fuerte contraste que optimiza la legibilidad a distancia de n\u00fameros de identificaci\u00f3n. La tinta ha sido estudiada para resistir a los rayos ultravioleta y a condiciones clim\u00e1ticas extremas. La impresora de inyecci\u00f3n de tinta permite marcar importantes series de crotales de identificaci\u00f3n.<\/p>\n<p>&nbsp;<\/p>\n<p>Para m\u00e1s informaci\u00f3n sobre la disposici\u00f3n de la impresora, <a href=\"http:\/\/www.ardes-group.com\/es\/contact\/\" target=\"_blank\">cont\u00e1ctenos.<\/a><\/p>\n<\/div>\n<p>[\/vc_column_text][\/vc_column][vc_column width=&#8221;1\/2&#8243;][vc_column_text]<\/p>\n<p>&nbsp;<\/p>\n<p>[\/vc_column_text][vc_single_image image=&#8221;960&#8243; alignment=&#8221;right&#8221; img_link_large=&#8221;yes&#8221;][\/vc_column][\/vc_row][vc_row][vc_column width=&#8221;1\/2&#8243;][vc_column_text]<\/p>\n<div id=\"stamping\">\n<h2>Logo en color con un marcado de estampado en caliente<\/h2>\n<p>Marcar los logotipos o im\u00e1genes multicolores de alta calidad en los crotales de identificaci\u00f3n es posible con el marcado en caliente. Este tipo de marcaci\u00f3n est\u00e1 adaptada a un uso publicitario de los crotales: logotipo de la ganader\u00eda, tarjeta de visita, premio de animales de competici\u00f3n. Los sellos marcan los crotales con varias pigmentaciones posibles.<\/p>\n<\/div>\n<p>[\/vc_column_text][\/vc_column][vc_column width=&#8221;1\/2&#8243;][vc_column_text]<\/p>\n<p>&nbsp;<\/p>\n<p>[\/vc_column_text][vc_single_image image=&#8221;962&#8243; alignment=&#8221;right&#8221; img_link_large=&#8221;yes&#8221;][\/vc_column][\/vc_row][vc_row][vc_column][vc_column_text]<\/p>\n<h2>Nuestros consejos<\/h2>\n<p>[\/vc_column_text][vc_column_text]<\/p>\n<table class=\"aligncenter\" border=\"2\" width=\"545\">\n<tbody>\n<tr>\n<td style=\"text-align: center;\"><\/td>\n<td style=\"text-align: center;\">L\u00e1ser<\/td>\n<td style=\"text-align: center;\">Tinta<\/td>\n<td style=\"text-align: center;\">Estampado en caliente<\/td>\n<td style=\"text-align: center;\">Marcador<\/td>\n<\/tr>\n<tr>\n<td style=\"text-align: center;\">Contraste importante<\/td>\n<td style=\"text-align: center;\">**<\/td>\n<td style=\"text-align: center;\">****<\/td>\n<td style=\"text-align: center;\">*<\/td>\n<td style=\"text-align: left;\">****<\/td>\n<\/tr>\n<tr>\n<td style=\"text-align: center;\">Duraci\u00f3n de la legibilidad<\/td>\n<td style=\"text-align: center;\">****<\/td>\n<td style=\"text-align: center;\">***<\/td>\n<td style=\"text-align: center;\">*<\/td>\n<td style=\"text-align: center;\">***<\/td>\n<\/tr>\n<tr>\n<td style=\"text-align: center;\">Posible personalizaci\u00f3n<\/td>\n<td style=\"text-align: center;\">****<\/td>\n<td style=\"text-align: center;\">**<\/td>\n<td style=\"text-align: center;\">***<\/td>\n<td style=\"text-align: center;\">*<\/td>\n<\/tr>\n<tr>\n<td style=\"text-align: center;\">Precisi\u00f3n y nitidez<\/td>\n<td style=\"text-align: center;\">****<\/td>\n<td style=\"text-align: center;\">**<\/td>\n<td style=\"text-align: center;\">****<\/td>\n<td style=\"text-align: center;\">*<\/td>\n<\/tr>\n<tr>\n<td style=\"text-align: center;\">Cantidad apropiada<\/td>\n<td style=\"text-align: center;\">50 et+<\/td>\n<td style=\"text-align: center;\">50 et+<\/td>\n<td style=\"text-align: center;\">100 et+<\/td>\n<td style=\"text-align: center;\">1-50<\/td>\n<\/tr>\n<tr>\n<td style=\"text-align: center;\">Opci\u00f3n de marcado posible<\/td>\n<td style=\"text-align: center;\">Logotipo, n\u00famero, c\u00f3digo de barras, nombre de la<\/td>\n<td style=\"text-align: center;\">N\u00famero, c\u00f3digo de barras, nombre de la ganader\u00eda<\/td>\n<td style=\"text-align: center;\">Logotipo, imagen, color<\/td>\n<td style=\"text-align: center;\">N\u00famero, texto simple<\/td>\n<\/tr>\n<\/tbody>\n<\/table>\n<p>[\/vc_column_text][\/vc_column][\/vc_row]<\/p>\n<\/div>","protected":false},"excerpt":{"rendered":"<p>[vc_row][vc_column][vc_row_inner][vc_column_inner][vc_column_text] ARDES aporta su experiencia y asesoramiento para ayudar en la elecci\u00f3n de la soluci\u00f3n de marcado que m\u00e1s se adapte a sus necesidades. \u00bfCu\u00e1l es su prioridad? [\/vc_column_text][\/vc_column_inner][\/vc_row_inner][vc_row_inner][vc_column_inner width=&#8221;1\/4&#8243;][vc_single_image image=&#8221;7298&#8243; img_size=&#8221;medium&#8221; onclick=&#8221;custom_link&#8221; link=&#8221;#facilidad-del-marcador&#8221;][\/vc_column_inner][vc_column_inner width=&#8221;1\/4&#8243;][vc_single_image image=&#8221;7299&#8243; img_size=&#8221;medium&#8221; onclick=&#8221;custom_link&#8221; img_link=&#8221;http:\/\/www.ardes-group.com\/fr\/conseils-outils\/les-solutions-de-marquage\/#laser&#8221; link=&#8221;#legibilidad-duradera-con-marcado-laser&#8221;][\/vc_column_inner][vc_column_inner width=&#8221;1\/4&#8243;][vc_single_image image=&#8221;7300&#8243; img_size=&#8221;medium&#8221; onclick=&#8221;custom_link&#8221; img_link=&#8221;http:\/\/www.ardes-group.com\/fr\/conseils-outils\/les-solutions-de-marquage\/#encre&#8221; link=&#8221;#contraste-optimo-con-el-marcado-con-tinta&#8221;][\/vc_column_inner][vc_column_inner width=&#8221;1\/4&#8243;][vc_single_image image=&#8221;3560&#8243; img_size=&#8221;medium&#8221; onclick=&#8221;custom_link&#8221; img_link=&#8221;http:\/\/www.ardes-group.com\/fr\/conseils-outils\/les-solutions-de-marquage\/#stamping&#8221; link=&#8221;#logo-en-color-con-un-marcado-de-estampado-en-caliente&#8221;][\/vc_column_inner][\/vc_row_inner][\/vc_column][\/vc_row][vc_row][vc_column][vc_column_text] ARDES propone cuatro [&hellip;]<\/p>\n","protected":false},"author":4,"featured_media":0,"parent":6878,"menu_order":52,"comment_status":"closed","ping_status":"closed","template":"","meta":[],"acf":[],"_links":{"self":[{"href":"https:\/\/www.ardes-group.com\/es\/wp-json\/wp\/v2\/pages\/6946\/"}],"collection":[{"href":"https:\/\/www.ardes-group.com\/es\/wp-json\/wp\/v2\/pages\/"}],"about":[{"href":"https:\/\/www.ardes-group.com\/es\/wp-json\/wp\/v2\/types\/page\/"}],"author":[{"embeddable":true,"href":"https:\/\/www.ardes-group.com\/es\/wp-json\/wp\/v2\/users\/4\/"}],"replies":[{"embeddable":true,"href":"https:\/\/www.ardes-group.com\/es\/wp-json\/wp\/v2\/comments\/?post=6946"}],"version-history":[{"count":0,"href":"https:\/\/www.ardes-group.com\/es\/wp-json\/wp\/v2\/pages\/6946\/revisions\/"}],"up":[{"embeddable":true,"href":"https:\/\/www.ardes-group.com\/es\/wp-json\/wp\/v2\/pages\/6878\/"}],"wp:attachment":[{"href":"https:\/\/www.ardes-group.com\/es\/wp-json\/wp\/v2\/media\/?parent=6946"}],"curies":[{"name":"wp","href":"https:\/\/api.w.org\/{rel}","templated":true}]}}