

{"id":6950,"date":"2014-11-26T09:38:36","date_gmt":"2014-11-26T08:38:36","guid":{"rendered":"http:\/\/www.ardes-group.com\/es\/accueil-4\/historique\/"},"modified":"2016-04-15T13:48:12","modified_gmt":"2016-04-15T12:48:12","slug":"historique","status":"publish","type":"page","link":"https:\/\/www.ardes-group.com\/es\/accueil\/historique\/","title":{"rendered":"Historia"},"content":{"rendered":"<div class=\"pf-content\"><p>[vc_row][vc_column width=&#8221;1\/2&#8243;][vc_column_text]La sociedad ARDES nace de la pasi\u00f3n de una familia por el mundo de la ganader\u00eda y, en particular, por el mundo equino.<\/p>\n<p>&nbsp;<\/p>\n<p>En 1956, junto con empresas colaboradoras de reconocida experiencia t\u00e9cnica, ARDES lanza una gama de materiales veterinarios respondiendo as\u00ed a las necesidades espec\u00edficas de profesionales de la salud animal.<\/p>\n<p>&nbsp;<\/p>\n<p>Esta interacci\u00f3n con los veterinarios acerc\u00f3 a la compa\u00f1\u00eda al mundo de la ganader\u00eda. De esta forma, ARDES ha podido identificar necesidades y exigencias de ganaderos, las cuales no estaban cubiertas por los productos existentes en el mercado. A ra\u00edz de ello, ARDES desarrolla y comercializa, en 1964, su primera jeringa.<\/p>\n<p>&nbsp;<\/p>\n<p>A la escucha del mercado y gracias a su saber hacer como transformador de pl\u00e1stico, ARDES desarrolla, en los a\u00f1os 80, soluciones de identificaci\u00f3n animal. Con el objetivo de garantizar a sus usuarios soluciones de identificaci\u00f3n novedosas y de calidad, ARDES colabora con laboratorios franceses y centros t\u00e9cnicos. Ello dio lugar al lanzamiento de crotales de identificaci\u00f3n en 1987, hoy convertidos en productos de referencia para los ganaderos.[\/vc_column_text][\/vc_column][vc_column width=&#8221;1\/2&#8243;][vc_single_image image=&#8221;2750&#8243; img_size=&#8221;large&#8221;][\/vc_column][\/vc_row]<\/p>\n<\/div>","protected":false},"excerpt":{"rendered":"<p>[vc_row][vc_column width=&#8221;1\/2&#8243;][vc_column_text]La sociedad ARDES nace de la pasi\u00f3n de una familia por el mundo de la ganader\u00eda y, en particular, por el mundo equino. &nbsp; En 1956, junto con empresas colaboradoras de reconocida experiencia t\u00e9cnica, ARDES lanza una gama de materiales veterinarios respondiendo as\u00ed a las necesidades espec\u00edficas de profesionales de la salud animal. &nbsp; [&hellip;]<\/p>\n","protected":false},"author":3,"featured_media":0,"parent":72,"menu_order":7,"comment_status":"closed","ping_status":"closed","template":"","meta":[],"acf":[],"_links":{"self":[{"href":"https:\/\/www.ardes-group.com\/es\/wp-json\/wp\/v2\/pages\/6950\/"}],"collection":[{"href":"https:\/\/www.ardes-group.com\/es\/wp-json\/wp\/v2\/pages\/"}],"about":[{"href":"https:\/\/www.ardes-group.com\/es\/wp-json\/wp\/v2\/types\/page\/"}],"author":[{"embeddable":true,"href":"https:\/\/www.ardes-group.com\/es\/wp-json\/wp\/v2\/users\/3\/"}],"replies":[{"embeddable":true,"href":"https:\/\/www.ardes-group.com\/es\/wp-json\/wp\/v2\/comments\/?post=6950"}],"version-history":[{"count":0,"href":"https:\/\/www.ardes-group.com\/es\/wp-json\/wp\/v2\/pages\/6950\/revisions\/"}],"up":[{"embeddable":true,"href":"https:\/\/www.ardes-group.com\/es\/wp-json\/wp\/v2\/pages\/72\/"}],"wp:attachment":[{"href":"https:\/\/www.ardes-group.com\/es\/wp-json\/wp\/v2\/media\/?parent=6950"}],"curies":[{"name":"wp","href":"https:\/\/api.w.org\/{rel}","templated":true}]}}