

{"id":6953,"date":"2014-05-28T09:09:07","date_gmt":"2014-05-28T08:09:07","guid":{"rendered":"http:\/\/www.ardes-group.com\/es\/accueil-4\/presentation-generale\/"},"modified":"2023-10-11T15:58:52","modified_gmt":"2023-10-11T14:58:52","slug":"presentation-generale","status":"publish","type":"page","link":"https:\/\/www.ardes-group.com\/es\/accueil\/presentation-generale\/","title":{"rendered":"Presentaci\u00f3n general"},"content":{"rendered":"<p>[vc_section el_class=&#8221;section-presentation&#8221;][vc_row][vc_column width=&#8221;5\/12&#8243; el_class=&#8221;col-image-left&#8221;][vc_single_image image=&#8221;2750&#8243; img_size=&#8221;&#8221;][\/vc_column][vc_column width=&#8221;7\/12&#8243; el_class=&#8221;col-text-right&#8221;][vc_column_text]<\/p>\n<h3><strong>Historia<\/strong><\/h3>\n<div class=\"container page\">\n<div class=\"pf-content\">\n<div class=\"wpb_row vc_row-fluid\">\n<div class=\"vc_span6 eight columns wpb_column column_container\">\n<div class=\"wpb_wrapper\">\n<div class=\"wpb_text_column wpb_content_element \">\n<div class=\"wpb_wrapper\">\n<p>La sociedad ARDES nace de la pasi\u00f3n de una familia por el mundo de la ganader\u00eda y, en particular, por el mundo equino.\u00a0<a href=\"http:\/\/www.ardes-group.com\/es\/accueil\/historique\/\" target=\"_blank\" rel=\"noopener\">Saber m\u00e1s<\/a><\/div>\n<\/div>\n<\/div>\n<\/div>\n<\/div>\n<\/div>\n<\/div>\n<p>[\/vc_column_text][\/vc_column][\/vc_row][\/vc_section][vc_section el_class=&#8221;section-presentation&#8221;][vc_row][vc_column width=&#8221;7\/12&#8243; el_class=&#8221;col-text-left&#8221;][vc_column_text]<\/p>\n<h3><strong>Filosof\u00eda ARDES<\/strong><\/h3>\n<p>ARDES es ante todo una estructura familiar que ejerce su trabajo con pasi\u00f3n desde hace m\u00e1s de medio siglo.<br \/>\n<a href=\"http:\/\/www.ardes-group.com\/es\/accueil\/philosophie-ardes\/\" target=\"_blank\" rel=\"noopener\">Saber m\u00e1s<\/a>[\/vc_column_text][\/vc_column][vc_column width=&#8221;5\/12&#8243; el_class=&#8221;col-image-right&#8221;][vc_single_image image=&#8221;17382&#8243; img_size=&#8221;&#8221;][\/vc_column][\/vc_row][\/vc_section][vc_section el_class=&#8221;section-presentation&#8221;][vc_row][vc_column width=&#8221;5\/12&#8243; el_class=&#8221;col-image-left&#8221;][vc_single_image image=&#8221;882&#8243; img_size=&#8221;&#8221;][\/vc_column][vc_column width=&#8221;7\/12&#8243; el_class=&#8221;col-text-right&#8221;][vc_column_text]<\/p>\n<h3><strong>Visi\u00f3n<\/strong><\/h3>\n<p>Nuestra ambici\u00f3n es continuar con el desarrollo de nuestras dos gamas de productos: administraci\u00f3n de cuidados y soluciones de identificaci\u00f3n animal.<\/p>\n<p><a href=\"http:\/\/www.ardes-group.com\/es\/accueil\/vision\/\" target=\"_blank\" rel=\"noopener\">Saber m\u00e1s<\/a>[\/vc_column_text][\/vc_column][\/vc_row][\/vc_section][vc_section el_class=&#8221;section-presentation&#8221;][vc_row][vc_column width=&#8221;7\/12&#8243; el_class=&#8221;col-text-left&#8221;][vc_column_text]<\/p>\n<h3><strong>Mensaje del Presidente<\/strong><\/h3>\n<p>Siempre a su <strong>escucha<\/strong>, le animamos a hacernos part\u00edcipes de nuestra labor y as\u00ed ayudarnos a <strong>mejorar<\/strong>.\u00a0<a href=\"http:\/\/www.ardes-group.com\/es\/accueil\/mot-du-president\/\" target=\"_blank\" rel=\"noopener\">Saber m\u00e1s<\/a>[\/vc_column_text][\/vc_column][vc_column width=&#8221;5\/12&#8243; el_class=&#8221;col-image-right&#8221;][vc_single_image image=&#8221;3661&#8243; img_size=&#8221;&#8221;][\/vc_column][\/vc_row][\/vc_section][vc_section el_class=&#8221;section-presentation&#8221;][vc_row][vc_column width=&#8221;5\/12&#8243; el_class=&#8221;col-image-left&#8221;][vc_single_image image=&#8221;18924&#8243; img_size=&#8221;&#8221;][\/vc_column][vc_column width=&#8221;7\/12&#8243; el_class=&#8221;col-text-right&#8221;][vc_column_text]<\/p>\n<h3><strong>Los valores<\/strong><\/h3>\n<p>ARDES es una empresa en constante renovaci\u00f3n, que se proyecta al futuro, con la fuerte voluntad de transformarse y de adaptarse a su entorno.\u00a0<a href=\"http:\/\/www.ardes-group.com\/es\/accueil\/les-valeurs\/\" target=\"_blank\" rel=\"noopener\">Saber m\u00e1s<\/a>[\/vc_column_text][\/vc_column][\/vc_row][\/vc_section][vc_section el_class=&#8221;section-presentation&#8221;][vc_row][vc_column width=&#8221;7\/12&#8243; el_class=&#8221;col-text-left&#8221;][vc_column_text]<\/p>\n<h3><strong>Nuestras especialidades<\/strong><\/h3>\n<p>ARDES est\u00e1 especializada, desde hace m\u00e1s de cincuenta a\u00f1os, en la concepci\u00f3n y la fabricaci\u00f3n de materiales de inyecci\u00f3n de uso veterinario y de soluciones de identificaci\u00f3n animal.\u00a0<a href=\"http:\/\/www.ardes-group.com\/es\/accueil\/nos-metiers-2\/\" target=\"_blank\" rel=\"noopener\">Saber m\u00e1s<\/a>[\/vc_column_text][\/vc_column][vc_column width=&#8221;5\/12&#8243; el_class=&#8221;col-image-right&#8221;][vc_single_image image=&#8221;18950&#8243; img_size=&#8221;&#8221;][\/vc_column][\/vc_row][\/vc_section][vc_section el_class=&#8221;section-presentation&#8221;][vc_row][vc_column width=&#8221;5\/12&#8243; el_class=&#8221;col-image-left&#8221;][vc_single_image image=&#8221;18956&#8243; img_size=&#8221;&#8221;][\/vc_column][vc_column width=&#8221;7\/12&#8243; el_class=&#8221;col-text-right&#8221;][vc_column_text]<\/p>\n<h3><strong>Un saber hacer \u00fanico <\/strong><\/h3>\n<p>Garantizamos que el conjunto de productos ARDES son de fabricaci\u00f3n francesa y de alta calidad.\u00a0<a href=\"http:\/\/www.ardes-group.com\/es\/accueil\/un-savoir-faire-unique\/\" target=\"_blank\" rel=\"noopener\">Saber m\u00e1s<\/a>[\/vc_column_text][\/vc_column][\/vc_row][\/vc_section][vc_section el_class=&#8221;section-presentation&#8221;][vc_row][vc_column width=&#8221;7\/12&#8243; el_class=&#8221;col-text-left&#8221;][vc_column_text]<\/p>\n<h3><strong>Desarrollo internacional<\/strong><\/h3>\n<p>ARDES se internacionaliza r\u00e1pidamente.\u00a0<a href=\"http:\/\/www.ardes-group.com\/es\/accueil\/developpement-international-2\/\" target=\"_blank\" rel=\"noopener\">Saber m\u00e1s<\/a>[\/vc_column_text][\/vc_column][vc_column width=&#8221;5\/12&#8243; el_class=&#8221;col-image-right&#8221;][vc_single_image image=&#8221;2927&#8243; img_size=&#8221;&#8221;][\/vc_column][\/vc_row][\/vc_section][vc_row][vc_column][vc_row_inner][vc_column_inner width=&#8221;1\/4&#8243;][\/vc_column_inner][vc_column_inner width=&#8221;3\/4&#8243;][\/vc_column_inner][\/vc_row_inner][vc_row_inner][vc_column_inner width=&#8221;1\/4&#8243;][\/vc_column_inner][vc_column_inner width=&#8221;3\/4&#8243;][\/vc_column_inner][\/vc_row_inner][\/vc_column][\/vc_row]<\/p>\n","protected":false},"excerpt":{"rendered":"<p>[vc_section el_class=&#8221;section-presentation&#8221;][vc_row][vc_column width=&#8221;5\/12&#8243; el_class=&#8221;col-image-left&#8221;][vc_single_image image=&#8221;2750&#8243; img_size=&#8221;&#8221;][\/vc_column][vc_column width=&#8221;7\/12&#8243; el_class=&#8221;col-text-right&#8221;][vc_column_text] Historia La sociedad ARDES nace de la pasi\u00f3n de una familia por el mundo de la ganader\u00eda y, en particular, por el mundo equino.\u00a0Saber m\u00e1s [\/vc_column_text][\/vc_column][\/vc_row][\/vc_section][vc_section el_class=&#8221;section-presentation&#8221;][vc_row][vc_column width=&#8221;7\/12&#8243; el_class=&#8221;col-text-left&#8221;][vc_column_text] Filosof\u00eda ARDES ARDES es ante todo una estructura familiar que ejerce su trabajo con pasi\u00f3n desde hace m\u00e1s [&hellip;]<\/p>\n","protected":false},"author":4,"featured_media":0,"parent":72,"menu_order":7,"comment_status":"closed","ping_status":"closed","template":"","meta":{"footnotes":""},"class_list":["post-6953","page","type-page","status-publish","hentry"],"acf":[],"_links":{"self":[{"href":"https:\/\/www.ardes-group.com\/es\/wp-json\/wp\/v2\/pages\/6953\/"}],"collection":[{"href":"https:\/\/www.ardes-group.com\/es\/wp-json\/wp\/v2\/pages\/"}],"about":[{"href":"https:\/\/www.ardes-group.com\/es\/wp-json\/wp\/v2\/types\/page\/"}],"author":[{"embeddable":true,"href":"https:\/\/www.ardes-group.com\/es\/wp-json\/wp\/v2\/users\/4\/"}],"replies":[{"embeddable":true,"href":"https:\/\/www.ardes-group.com\/es\/wp-json\/wp\/v2\/comments\/?post=6953"}],"version-history":[{"count":10,"href":"https:\/\/www.ardes-group.com\/es\/wp-json\/wp\/v2\/pages\/6953\/revisions\/"}],"predecessor-version":[{"id":19009,"href":"https:\/\/www.ardes-group.com\/es\/wp-json\/wp\/v2\/pages\/6953\/revisions\/19009\/"}],"up":[{"embeddable":true,"href":"https:\/\/www.ardes-group.com\/es\/wp-json\/wp\/v2\/pages\/72\/"}],"wp:attachment":[{"href":"https:\/\/www.ardes-group.com\/es\/wp-json\/wp\/v2\/media\/?parent=6953"}],"curies":[{"name":"wp","href":"https:\/\/api.w.org\/{rel}","templated":true}]}}