

{"id":6958,"date":"2014-11-26T09:35:35","date_gmt":"2014-11-26T08:35:35","guid":{"rendered":"http:\/\/www.ardes-group.com\/es\/accueil-4\/vision\/"},"modified":"2016-04-15T14:07:09","modified_gmt":"2016-04-15T13:07:09","slug":"vision","status":"publish","type":"page","link":"https:\/\/www.ardes-group.com\/es\/accueil\/vision\/","title":{"rendered":"Visi\u00f3n"},"content":{"rendered":"<div class=\"pf-content\"><p>[vc_row][vc_column width=&#8221;1\/2&#8243;][vc_column_text]Nuestra ambici\u00f3n es continuar con el desarrollo de nuestras dos gamas de productos: administraci\u00f3n de cuidados y soluciones de identificaci\u00f3n animal.<\/p>\n<p>&nbsp;<\/p>\n<p>Al contrario que otras empresas, ARDES no busca diversificar, sino ser considerada como una especialista en estas dos tareas. Buscamos que nuestros clientes se beneficien de nuestra experiencia adquirida, tanto como transformadores del pl\u00e1stico, como en el seno del mundo de la ganader\u00eda y en el terreno de la salud animal.<\/p>\n<p>&nbsp;<\/p>\n<p>Es por ello que el equipo ARDES se ha dedicado intensamente a la b\u00fasqueda de nuevas soluciones para facilitar la labor diaria de los usuarios de sus productos.<\/p>\n<p>&nbsp;<\/p>\n<p>ARDES reafirma su orgullo como fabricante franc\u00e9s y con presencia en m\u00e1s de ochenta pa\u00edses alrededor del mundo.[\/vc_column_text][\/vc_column][vc_column width=&#8221;1\/2&#8243;][vc_single_image image=&#8221;882&#8243; img_size=&#8221;large&#8221;][\/vc_column][\/vc_row]<\/p>\n<\/div>","protected":false},"excerpt":{"rendered":"<p>[vc_row][vc_column width=&#8221;1\/2&#8243;][vc_column_text]Nuestra ambici\u00f3n es continuar con el desarrollo de nuestras dos gamas de productos: administraci\u00f3n de cuidados y soluciones de identificaci\u00f3n animal. &nbsp; Al contrario que otras empresas, ARDES no busca diversificar, sino ser considerada como una especialista en estas dos tareas. Buscamos que nuestros clientes se beneficien de nuestra experiencia adquirida, tanto como transformadores [&hellip;]<\/p>\n","protected":false},"author":3,"featured_media":0,"parent":72,"menu_order":17,"comment_status":"closed","ping_status":"closed","template":"","meta":[],"acf":[],"_links":{"self":[{"href":"https:\/\/www.ardes-group.com\/es\/wp-json\/wp\/v2\/pages\/6958\/"}],"collection":[{"href":"https:\/\/www.ardes-group.com\/es\/wp-json\/wp\/v2\/pages\/"}],"about":[{"href":"https:\/\/www.ardes-group.com\/es\/wp-json\/wp\/v2\/types\/page\/"}],"author":[{"embeddable":true,"href":"https:\/\/www.ardes-group.com\/es\/wp-json\/wp\/v2\/users\/3\/"}],"replies":[{"embeddable":true,"href":"https:\/\/www.ardes-group.com\/es\/wp-json\/wp\/v2\/comments\/?post=6958"}],"version-history":[{"count":0,"href":"https:\/\/www.ardes-group.com\/es\/wp-json\/wp\/v2\/pages\/6958\/revisions\/"}],"up":[{"embeddable":true,"href":"https:\/\/www.ardes-group.com\/es\/wp-json\/wp\/v2\/pages\/72\/"}],"wp:attachment":[{"href":"https:\/\/www.ardes-group.com\/es\/wp-json\/wp\/v2\/media\/?parent=6958"}],"curies":[{"name":"wp","href":"https:\/\/api.w.org\/{rel}","templated":true}]}}