

{"id":6962,"date":"2014-08-26T08:37:10","date_gmt":"2014-08-26T07:37:10","guid":{"rendered":"http:\/\/www.ardes-group.com\/es\/accueil-4\/mot-du-president\/"},"modified":"2016-05-07T14:27:59","modified_gmt":"2016-05-07T13:27:59","slug":"mot-du-president","status":"publish","type":"page","link":"https:\/\/www.ardes-group.com\/es\/accueil\/mot-du-president\/","title":{"rendered":"Mensaje del Presidente"},"content":{"rendered":"<div class=\"pf-content\"><p>[vc_row][vc_column width=&#8221;1\/2&#8243;][vc_single_image image=&#8221;3661&#8243; img_size=&#8221;large&#8221;][\/vc_column][vc_column width=&#8221;1\/2&#8243;][vc_column_text]Le agradezco su visita a nuestra p\u00e1gina web.<\/p>\n<p>&nbsp;<\/p>\n<p>\u00c9sta ha sido creada con satisfacci\u00f3n y es actualizada con periodicidad. Buscando que \u00e9sta sea una experiencia agradable y c\u00f3moda, siempre <strong>preocupados <\/strong>por ofrecerle la informaci\u00f3n que usted busca en el menor tiempo posible.<\/p>\n<p>&nbsp;<\/p>\n<p>ARDES se compromete desde siempre y con <strong>pasi\u00f3n<\/strong> a fabricar soluciones de identificaci\u00f3n animal, as\u00ed como los materiales de administraci\u00f3n de cuidados m\u00e1s eficientes.<\/p>\n<p>&nbsp;<\/p>\n<p>Siempre a su <strong>escucha<\/strong>, le animamos a hacernos part\u00edcipes de nuestra labor y as\u00ed ayudarnos a <strong>mejorar<\/strong>.<\/p>\n<p>&nbsp;<\/p>\n<p>Si no est\u00e1 completamente satisfecho con nuestros productos y servicios, <a href=\"http:\/\/www.ardes-group.com\/es\/contact\/\" target=\"_blank\"><strong>cont\u00e1ctenos<\/strong><\/a>: me comprometo a darle personalmente la mejor respuesta.<\/p>\n<p>&nbsp;<\/p>\n<p>&nbsp;<\/p>\n<p>&nbsp;<\/p>\n<p>Cuente con ARDES para ayudarle a desarrollar su actividad.<\/p>\n<p>&nbsp;<\/p>\n<p>Don Albert ANTOINE[\/vc_column_text][\/vc_column][\/vc_row]<\/p>\n<\/div>","protected":false},"excerpt":{"rendered":"<p>[vc_row][vc_column width=&#8221;1\/2&#8243;][vc_single_image image=&#8221;3661&#8243; img_size=&#8221;large&#8221;][\/vc_column][vc_column width=&#8221;1\/2&#8243;][vc_column_text]Le agradezco su visita a nuestra p\u00e1gina web. &nbsp; \u00c9sta ha sido creada con satisfacci\u00f3n y es actualizada con periodicidad. Buscando que \u00e9sta sea una experiencia agradable y c\u00f3moda, siempre preocupados por ofrecerle la informaci\u00f3n que usted busca en el menor tiempo posible. &nbsp; ARDES se compromete desde siempre y con [&hellip;]<\/p>\n","protected":false},"author":3,"featured_media":0,"parent":72,"menu_order":19,"comment_status":"closed","ping_status":"closed","template":"","meta":[],"acf":[],"_links":{"self":[{"href":"https:\/\/www.ardes-group.com\/es\/wp-json\/wp\/v2\/pages\/6962\/"}],"collection":[{"href":"https:\/\/www.ardes-group.com\/es\/wp-json\/wp\/v2\/pages\/"}],"about":[{"href":"https:\/\/www.ardes-group.com\/es\/wp-json\/wp\/v2\/types\/page\/"}],"author":[{"embeddable":true,"href":"https:\/\/www.ardes-group.com\/es\/wp-json\/wp\/v2\/users\/3\/"}],"replies":[{"embeddable":true,"href":"https:\/\/www.ardes-group.com\/es\/wp-json\/wp\/v2\/comments\/?post=6962"}],"version-history":[{"count":0,"href":"https:\/\/www.ardes-group.com\/es\/wp-json\/wp\/v2\/pages\/6962\/revisions\/"}],"up":[{"embeddable":true,"href":"https:\/\/www.ardes-group.com\/es\/wp-json\/wp\/v2\/pages\/72\/"}],"wp:attachment":[{"href":"https:\/\/www.ardes-group.com\/es\/wp-json\/wp\/v2\/media\/?parent=6962"}],"curies":[{"name":"wp","href":"https:\/\/api.w.org\/{rel}","templated":true}]}}