

{"id":6966,"date":"2014-08-25T10:07:14","date_gmt":"2014-08-25T09:07:14","guid":{"rendered":"http:\/\/www.ardes-group.com\/es\/accueil-4\/developpement-international-2\/"},"modified":"2016-05-07T14:30:15","modified_gmt":"2016-05-07T13:30:15","slug":"developpement-international-2","status":"publish","type":"page","link":"https:\/\/www.ardes-group.com\/es\/accueil\/developpement-international-2\/","title":{"rendered":"Desarrollo internacional"},"content":{"rendered":"<div class=\"pf-content\"><p>[vc_row][vc_column][vc_row_inner][vc_column_inner][vc_single_image image=&#8221;2927&#8243; img_size=&#8221;large&#8221;][\/vc_column_inner][\/vc_row_inner][vc_row_inner][vc_column_inner][vc_column_text]<\/p>\n<h2><strong>ARDES se internacionaliza r\u00e1pidamente<\/strong><\/h2>\n<p><strong>\u00a0<\/strong><\/p>\n<p>Ello no responde \u00fanicamente a una necesidad, sino a la cultura corporativa as\u00ed como a su equipo directivo. Desde el principio ARDES ha pretendido dirigirse no solo a ganaderos y veterinarios franceses, sino a dichos profesionales en todo el mundo.<\/p>\n<p>&nbsp;<\/p>\n<p>La estructura de la empresa est\u00e1 orientada a nivel internacional, con un equipo que se encarga de manera espec\u00edfica de ciertas \u00e1reas geogr\u00e1ficas con el fin de establecer relaciones de confianza y duraderas con los usuarios de dichos pa\u00edses. Adem\u00e1s ARDES domina a la perfecci\u00f3n el proceso log\u00edstico propio del comercio internacional.<\/p>\n<p>&nbsp;<\/p>\n<p>ARDES se poya sobre una red internacional de distribuidores asociados, algunos desde hace m\u00e1s de 25 a\u00f1os. La puesta en com\u00fan de valores esenciales como el respeto y la confianza mutua han permitido profundizar y mantener nuestras relaciones comerciales. En la actualidad, ARDES cuenta con representaci\u00f3n en m\u00e1s de ochenta pa\u00edses. A esto se a\u00f1ade la posibilidad de prestar servicios en cualquier pa\u00eds.<\/p>\n<p>&nbsp;<\/p>\n<p><em><a href=\"http:\/\/www.ardes-group.com\/es\/ardes-worldwide\/\" target=\"_blank\">ARDES Worldwide<\/a><\/em><\/p>\n<p>Aunque ARDES est\u00e9 muy orientada internacionalmente, no ha olvidado su filosof\u00eda: proximidad y escucha de las necesidades y expectativas de ganaderos y veterinarios, sea cual sea el lugar donde se encuentren.[\/vc_column_text][\/vc_column_inner][\/vc_row_inner][\/vc_column][\/vc_row]<\/p>\n<\/div>","protected":false},"excerpt":{"rendered":"<p>[vc_row][vc_column][vc_row_inner][vc_column_inner][vc_single_image image=&#8221;2927&#8243; img_size=&#8221;large&#8221;][\/vc_column_inner][\/vc_row_inner][vc_row_inner][vc_column_inner][vc_column_text] ARDES se internacionaliza r\u00e1pidamente \u00a0 Ello no responde \u00fanicamente a una necesidad, sino a la cultura corporativa as\u00ed como a su equipo directivo. Desde el principio ARDES ha pretendido dirigirse no solo a ganaderos y veterinarios franceses, sino a dichos profesionales en todo el mundo. &nbsp; La estructura de la empresa est\u00e1 [&hellip;]<\/p>\n","protected":false},"author":3,"featured_media":0,"parent":72,"menu_order":20,"comment_status":"closed","ping_status":"closed","template":"","meta":{"footnotes":""},"class_list":["post-6966","page","type-page","status-publish","hentry"],"acf":[],"_links":{"self":[{"href":"https:\/\/www.ardes-group.com\/es\/wp-json\/wp\/v2\/pages\/6966\/"}],"collection":[{"href":"https:\/\/www.ardes-group.com\/es\/wp-json\/wp\/v2\/pages\/"}],"about":[{"href":"https:\/\/www.ardes-group.com\/es\/wp-json\/wp\/v2\/types\/page\/"}],"author":[{"embeddable":true,"href":"https:\/\/www.ardes-group.com\/es\/wp-json\/wp\/v2\/users\/3\/"}],"replies":[{"embeddable":true,"href":"https:\/\/www.ardes-group.com\/es\/wp-json\/wp\/v2\/comments\/?post=6966"}],"version-history":[{"count":0,"href":"https:\/\/www.ardes-group.com\/es\/wp-json\/wp\/v2\/pages\/6966\/revisions\/"}],"up":[{"embeddable":true,"href":"https:\/\/www.ardes-group.com\/es\/wp-json\/wp\/v2\/pages\/72\/"}],"wp:attachment":[{"href":"https:\/\/www.ardes-group.com\/es\/wp-json\/wp\/v2\/media\/?parent=6966"}],"curies":[{"name":"wp","href":"https:\/\/api.w.org\/{rel}","templated":true}]}}