

{"id":6969,"date":"2014-08-25T10:07:14","date_gmt":"2014-08-25T09:07:14","guid":{"rendered":"http:\/\/www.ardes-group.com\/es\/accueil-4\/les-valeurs\/"},"modified":"2023-09-25T13:25:31","modified_gmt":"2023-09-25T12:25:31","slug":"les-valeurs","status":"publish","type":"page","link":"https:\/\/www.ardes-group.com\/es\/accueil\/les-valeurs\/","title":{"rendered":"Los valores"},"content":{"rendered":"<div class=\"pf-content\"><p>[vc_row][vc_column][vc_column_text]<\/p>\n<h3><img loading=\"lazy\" class=\"aligncenter size-large wp-image-18924\" src=\"https:\/\/www.ardes-group.com\/wp-content\/uploads\/2023\/09\/equipe-2-ardes-devant-batiment-1024x683.jpg\" alt=\"\" width=\"1024\" height=\"683\" srcset=\"https:\/\/www.ardes-group.com\/wp-content\/uploads\/2023\/09\/equipe-2-ardes-devant-batiment-1024x683.jpg 1024w, https:\/\/www.ardes-group.com\/wp-content\/uploads\/2023\/09\/equipe-2-ardes-devant-batiment-300x200.jpg 300w, https:\/\/www.ardes-group.com\/wp-content\/uploads\/2023\/09\/equipe-2-ardes-devant-batiment-768x512.jpg 768w, https:\/\/www.ardes-group.com\/wp-content\/uploads\/2023\/09\/equipe-2-ardes-devant-batiment-1536x1024.jpg 1536w, https:\/\/www.ardes-group.com\/wp-content\/uploads\/2023\/09\/equipe-2-ardes-devant-batiment-2048x1365.jpg 2048w, https:\/\/www.ardes-group.com\/wp-content\/uploads\/2023\/09\/equipe-2-ardes-devant-batiment-111x74.jpg 111w, https:\/\/www.ardes-group.com\/wp-content\/uploads\/2023\/09\/equipe-2-ardes-devant-batiment-460x307.jpg 460w\" sizes=\"(max-width: 1024px) 100vw, 1024px\" \/><br \/>\nARDES es ENERG\u00cdA<\/h3>\n<p>ARDES es una empresa en constante renovaci\u00f3n, que se proyecta al futuro, con la fuerte voluntad de transformarse y de adaptarse a su entorno.<\/p>\n<p>Din\u00e1mico y entusiasta, el equipo de ARDES se compromete a todos los niveles en acciones de estructuraci\u00f3n: organizaci\u00f3n comercial e industrial, oferta de productos, comunicaci\u00f3n\u2026[\/vc_column_text][\/vc_column][\/vc_row][vc_row][vc_column width=&#8221;1\/4&#8243;][vc_single_image image=&#8221;17402&#8243; img_size=&#8221;medium&#8221; onclick=&#8221;img_link_large&#8221;][vc_single_image image=&#8221;3188&#8243; img_size=&#8221;medium&#8221;][\/vc_column][vc_column width=&#8221;1\/2&#8243;][vc_column_text]<\/p>\n<h2><strong>ARDES es INTERACCI\u00d3N<\/strong><\/h2>\n<p>ARDES es una empresa de talla humana; para progresar, la compa\u00f1\u00eda emplea su red de contactos a nivel mundial. La apertura que caracteriza a ARDES se manifiesta aguas arriba: escuchando a los ganaderos y buscando las competencias entre los socios; aguas abajo: desarrollando colaboraciones comerciales; e internamente, implicando a todos y cada uno en un proyecto com\u00fan. En este sistema, los productos se posicionan en interfaces reales.<\/p>\n<p><strong>\u00a0<\/strong><\/p>\n<h2><strong>ARDES es EFICACIA<\/strong><\/h2>\n<p><strong>\u00a0<\/strong>Anclado en su ADN industrial, ARDES optimiza continuamente su cadena de concepci\u00f3n, fabricaci\u00f3n y comercializaci\u00f3n.<\/p>\n<p>De esta b\u00fasqueda permanente se desprende la idea de rendimiento y eficacia t\u00e9cnica y econ\u00f3mica.<\/p>\n<p>&nbsp;<\/p>\n<h2><strong>ARDES es PROXIMIDAD<\/strong><\/h2>\n<p>El objetivo de ARDES es de proveer a sus clientes productos y servicios. Para satisfacer cada petici\u00f3n particular, la compa\u00f1\u00eda moviliza sus conocimientos y se centra en la obtenci\u00f3n de un resultado espec\u00edfico.<\/p>\n<p>&nbsp;<\/p>\n<h3>Por ello, ARDES invierte y act\u00faa sobre el terreno, a escala local, en todo el mundo.<\/h3>\n<p>[\/vc_column_text][\/vc_column][vc_column width=&#8221;1\/4&#8243;][vc_single_image image=&#8221;17396&#8243; img_size=&#8221;medium&#8221;][vc_single_image image=&#8221;17389&#8243; img_size=&#8221;medium&#8221;][\/vc_column][\/vc_row]<\/p>\n<\/div>","protected":false},"excerpt":{"rendered":"<p>[vc_row][vc_column][vc_column_text] ARDES es ENERG\u00cdA ARDES es una empresa en constante renovaci\u00f3n, que se proyecta al futuro, con la fuerte voluntad de transformarse y de adaptarse a su entorno. Din\u00e1mico y entusiasta, el equipo de ARDES se compromete a todos los niveles en acciones de estructuraci\u00f3n: organizaci\u00f3n comercial e industrial, oferta de productos, comunicaci\u00f3n\u2026[\/vc_column_text][\/vc_column][\/vc_row][vc_row][vc_column width=&#8221;1\/4&#8243;][vc_single_image image=&#8221;17402&#8243; [&hellip;]<\/p>\n","protected":false},"author":3,"featured_media":0,"parent":72,"menu_order":20,"comment_status":"closed","ping_status":"closed","template":"","meta":[],"acf":[],"_links":{"self":[{"href":"https:\/\/www.ardes-group.com\/es\/wp-json\/wp\/v2\/pages\/6969\/"}],"collection":[{"href":"https:\/\/www.ardes-group.com\/es\/wp-json\/wp\/v2\/pages\/"}],"about":[{"href":"https:\/\/www.ardes-group.com\/es\/wp-json\/wp\/v2\/types\/page\/"}],"author":[{"embeddable":true,"href":"https:\/\/www.ardes-group.com\/es\/wp-json\/wp\/v2\/users\/3\/"}],"replies":[{"embeddable":true,"href":"https:\/\/www.ardes-group.com\/es\/wp-json\/wp\/v2\/comments\/?post=6969"}],"version-history":[{"count":6,"href":"https:\/\/www.ardes-group.com\/es\/wp-json\/wp\/v2\/pages\/6969\/revisions\/"}],"predecessor-version":[{"id":18932,"href":"https:\/\/www.ardes-group.com\/es\/wp-json\/wp\/v2\/pages\/6969\/revisions\/18932\/"}],"up":[{"embeddable":true,"href":"https:\/\/www.ardes-group.com\/es\/wp-json\/wp\/v2\/pages\/72\/"}],"wp:attachment":[{"href":"https:\/\/www.ardes-group.com\/es\/wp-json\/wp\/v2\/media\/?parent=6969"}],"curies":[{"name":"wp","href":"https:\/\/api.w.org\/{rel}","templated":true}]}}