

{"id":6973,"date":"2014-05-28T09:09:07","date_gmt":"2014-05-28T08:09:07","guid":{"rendered":"http:\/\/www.ardes-group.com\/es\/accueil-4\/service-rd-2\/"},"modified":"2023-02-07T17:49:11","modified_gmt":"2023-02-07T16:49:11","slug":"service-rd-2","status":"publish","type":"page","link":"https:\/\/www.ardes-group.com\/es\/accueil\/service-rd-2\/","title":{"rendered":"Departamento Investigaci\u00f3n y Desarrollo"},"content":{"rendered":"<div class=\"pf-content\"><p>[vc_row el_class=&#8221;section-recherche&#8221;][vc_column el_class=&#8221;texte-intro-centre&#8221;][vc_column_text]El objetivo principal de ARDES es de participar de manera permanente en la mejora del trabajo que desempe\u00f1an a diario ganaderos y veterinarios. El departamento de Investigaci\u00f3n y Desarrollo est\u00e1 a la escucha de los usuarios, para la creaci\u00f3n de nuevos productos y el desarrollo de las gamas existentes. Este m\u00e9todo de trabajo eficaz y controlado por ARDES, ha sido reconocido y recompensado con el primer premio del Troph\u00e9e de l\u2019Innovation (Trofeo de la Innovaci\u00f3n), otorgado por la C\u00e1mara de Comercio y de Industria de la regi\u00f3n Rh\u00f4ne-Alpes.[\/vc_column_text][\/vc_column][\/vc_row][vc_row el_class=&#8221;col-recherche&#8221;][vc_column el_class=&#8221;col-left-recherche&#8221;][vc_single_image image=&#8221;558&#8243; img_size=&#8221;medium&#8221;][vc_column_text]<\/p>\n<h2>Controlado proceso de innovaci\u00f3n<\/h2>\n<h3>Participaci\u00f3n de ganaderos y veterinarios<\/h3>\n<p>El equipo del departamento de I+D va al encuentro de los usuarios de sus productos para la realizaci\u00f3n de pruebas. Ganaderos y veterinarios comparten sus experiencias y opiniones cara a cara, durante todas las fases de desarrollo y concepci\u00f3n del producto. Un deseo del departamento de I+D que permite obtener productos ARDES funcionales, eficaces, que responden al m\u00e1ximo a las necesidades de sus usuarios.<\/p>\n<p>Como ejemplo, a lo largo del desarrollo de nuestra \u00faltima generaci\u00f3n de crotales de identificaci\u00f3n visuales, 60 ganaderos de diferentes regiones de Francia fueron escogidos para probar los crotales en sus animales durante 2 a\u00f1os.<\/p>\n<h3>Prototipo funcional<\/h3>\n<p>En fase de concepci\u00f3n, varios prototipos funcionales son sometidos a pruebas hasta que el modelo cumple con todas las funciones esperadas. Estos prototipos son impresos en 3 dimensiones gracias a la innovadora tecnolog\u00eda de impresi\u00f3n en est\u00e9reo.<\/p>\n<p style=\"text-align: left;\"><a href=\"http:\/\/www.ardes-group.com\/wp-content\/uploads\/2015\/03\/boucle-crocodile.jpg\"><img loading=\"lazy\" class=\"aligncenter size-taille-page-produit wp-image-4510\" src=\"http:\/\/www.ardes-group.com\/wp-content\/uploads\/2015\/03\/boucle-crocodile-460x322.jpg\" alt=\"Assemblage\" width=\"460\" height=\"322\" srcset=\"https:\/\/www.ardes-group.com\/wp-content\/uploads\/2015\/03\/boucle-crocodile-460x322.jpg 460w, https:\/\/www.ardes-group.com\/wp-content\/uploads\/2015\/03\/boucle-crocodile-300x210.jpg 300w, https:\/\/www.ardes-group.com\/wp-content\/uploads\/2015\/03\/boucle-crocodile-1024x716.jpg 1024w, https:\/\/www.ardes-group.com\/wp-content\/uploads\/2015\/03\/boucle-crocodile-111x78.jpg 111w\" sizes=\"(max-width: 460px) 100vw, 460px\" \/><\/a><\/p>\n<h3>Productos probados y v\u00e1lidos en laboratorios<\/h3>\n<p>ARDES se exige a s\u00ed mismo un nivel de rendimiento superior al de la competencia. Nuestros socios realizan pruebas de manera sistem\u00e1tica de los productos. Sus maquinarias de medici\u00f3n y pruebas permiten validar los prototipos y efectuar comparaciones con productos competidores del mercado.<\/p>\n<p>Una serie de pruebas son realizadas con nuestro socio Centro T\u00e9cnico de Industrias Mec\u00e1nicas (Centre Techniques des Industries M\u00e9caniques, CETIM): test de resistencia a la tracci\u00f3n, test de envejecimiento del material, test de resistencia del marcado, test de dureza del material.<\/p>\n<p>El centro de pruebas franc\u00e9s RFTLAB, especialista franc\u00e9s de la RFID (Radio Fr\u00e9quence Identification, Radio Frecuencia Identificaci\u00f3n) ha acompa\u00f1ado a ARDES en el desarrollo de una gama de crotales electr\u00f3nicos, garantizando altos resultados. De hecho, la distancia de lectura de los crotales electr\u00f3nicos ARDES por los lectores del mercado es de al menos un 7% superior a la obtenida por los crotales electr\u00f3nicos de la competencia.[\/vc_column_text][\/vc_column][vc_column el_class=&#8221;col-right-recherche&#8221;][vc_single_image image=&#8221;722&#8243; img_size=&#8221;large&#8221; alignment=&#8221;right&#8221;][vc_column_text]<\/p>\n<h2>Valoraci\u00f3n del departamento de Investigaci\u00f3n y Desarrollo<\/h2>\n<h3>B\u00fasqueda constante de mejora<\/h3>\n<p>Los ingenieros de ARDES practican una vigilancia tecnol\u00f3gica constante: en salones profesionales, durante desplazamientos al extranjero y con los intercambios con los colaboradores expertos. De esta forma est\u00e1n al tanto de las innovaciones. Exhaustos estudios son los que posteriormente determinan si dichas innovaciones o novedades pueden, o no, ser aplicadas en productos actuales o futuros.<\/p>\n<h3>Red profesional de la industria del pl\u00e1stico<\/h3>\n<p>ARDES colabora con productores de moldes, consultor\u00edas, dise\u00f1adores situados a pocos kil\u00f3metros del lugar de producci\u00f3n. Una proximidad que permite realizar intercambios regulares y tener una relaci\u00f3n de confianza, lo cual permite desarrollar productos y soluciones de producci\u00f3n eficaces. Dichos socios aconsejan a ARDES y aportan una experiencia en todas las fases de Investigaci\u00f3n y Desarrollo.<\/p>\n<h3>Utilizaci\u00f3n de pol\u00edmeros de \u00faltima generaci\u00f3n<\/h3>\n<p>ARDES cuenta con un socio experto en pol\u00edmeros, Mat\u00e9riautech \u00ae, en Lyon, quien nos proporciona un acceso a m\u00e1s de 450 materiales pl\u00e1sticos, texturas, resistencias qu\u00edmicas y mec\u00e1nicas diversas (utilizadas en diferentes sectores tecnol\u00f3gicos como la aeron\u00e1utica, el autom\u00f3vil, etc). Los ingenieros nos asesoran en la selecci\u00f3n de los materiales m\u00e1s apropiados a nuestras especificaciones.[\/vc_column_text][\/vc_column][\/vc_row][vc_row el_class=&#8221;section-recherche&#8221;][vc_column][vc_column_text]<\/p>\n<h2>Desarrollo de productos a medida<\/h2>\n<p>El departamento I+D cuenta con los conocimientos para estudiar los problemas relacionados con la inyecci\u00f3n de todo tipo de fluidos y la trazabilidad de todo tipo de objeto. Los conocimientos y el saber hacer \u00fanico de ARDES en la transformaci\u00f3n del pl\u00e1stico permite responder en la actualidad a las peticiones espec\u00edficas de grandes clientes y distribuidores de todos los sectores. Dichas solicitudes constituyen el pliego de condiciones, trabajo realizado en colaboraci\u00f3n con ingenieros, quienes estudiar\u00e1n las posibles soluciones con una amplia red de expertos.<\/p>\n<p><a href=\"http:\/\/www.ardes-group.com\/es\/contact\/\" target=\"_blank\" rel=\"noopener\">Cont\u00e1ctenos para toda petici\u00f3n de estudios de proyectos espec\u00edficos<\/a>[\/vc_column_text][\/vc_column][\/vc_row]<\/p>\n<\/div>","protected":false},"excerpt":{"rendered":"<p>[vc_row el_class=&#8221;section-recherche&#8221;][vc_column el_class=&#8221;texte-intro-centre&#8221;][vc_column_text]El objetivo principal de ARDES es de participar de manera permanente en la mejora del trabajo que desempe\u00f1an a diario ganaderos y veterinarios. El departamento de Investigaci\u00f3n y Desarrollo est\u00e1 a la escucha de los usuarios, para la creaci\u00f3n de nuevos productos y el desarrollo de las gamas existentes. Este m\u00e9todo de trabajo [&hellip;]<\/p>\n","protected":false},"author":4,"featured_media":0,"parent":72,"menu_order":21,"comment_status":"closed","ping_status":"closed","template":"","meta":[],"acf":[],"_links":{"self":[{"href":"https:\/\/www.ardes-group.com\/es\/wp-json\/wp\/v2\/pages\/6973\/"}],"collection":[{"href":"https:\/\/www.ardes-group.com\/es\/wp-json\/wp\/v2\/pages\/"}],"about":[{"href":"https:\/\/www.ardes-group.com\/es\/wp-json\/wp\/v2\/types\/page\/"}],"author":[{"embeddable":true,"href":"https:\/\/www.ardes-group.com\/es\/wp-json\/wp\/v2\/users\/4\/"}],"replies":[{"embeddable":true,"href":"https:\/\/www.ardes-group.com\/es\/wp-json\/wp\/v2\/comments\/?post=6973"}],"version-history":[{"count":3,"href":"https:\/\/www.ardes-group.com\/es\/wp-json\/wp\/v2\/pages\/6973\/revisions\/"}],"predecessor-version":[{"id":18655,"href":"https:\/\/www.ardes-group.com\/es\/wp-json\/wp\/v2\/pages\/6973\/revisions\/18655\/"}],"up":[{"embeddable":true,"href":"https:\/\/www.ardes-group.com\/es\/wp-json\/wp\/v2\/pages\/72\/"}],"wp:attachment":[{"href":"https:\/\/www.ardes-group.com\/es\/wp-json\/wp\/v2\/media\/?parent=6973"}],"curies":[{"name":"wp","href":"https:\/\/api.w.org\/{rel}","templated":true}]}}