

{"id":6976,"date":"2014-08-25T10:07:14","date_gmt":"2014-08-25T09:07:14","guid":{"rendered":"http:\/\/www.ardes-group.com\/es\/accueil-4\/un-savoir-faire-unique\/"},"modified":"2023-09-25T13:59:37","modified_gmt":"2023-09-25T12:59:37","slug":"un-savoir-faire-unique","status":"publish","type":"page","link":"https:\/\/www.ardes-group.com\/es\/accueil\/un-savoir-faire-unique\/","title":{"rendered":"Un saber hacer \u00fanico"},"content":{"rendered":"<div class=\"pf-content\"><p>[vc_row][vc_column][vc_row_inner][vc_column_inner]<br \/>\n[\/vc_column_inner][\/vc_row_inner][vc_column_text]<strong>Garantizamos que el conjunto de productos ARDES son de fabricaci\u00f3n francesa y de alta calidad. El centro de producci\u00f3n ARDES est\u00e1 situado en el centro de una regi\u00f3n emblem\u00e1tica de la industria y de la transformaci\u00f3n del pl\u00e1stico, reagrupando los principales actores y nuevas e innovadoras empresas de la industria pl\u00e1stica.<\/strong><\/p>\n<p><strong>\u00a0<\/strong><\/p>\n<p><strong>Esta localizaci\u00f3n ha permitido desarrollar alianzas privilegiadas con empresas especializadas y l\u00edderes en su sector. <\/strong>[\/vc_column_text][\/vc_column][\/vc_row][vc_row][vc_column width=&#8221;1\/2&#8243;][vc_row_inner][vc_column_inner][vc_column_text]<\/p>\n<p style=\"text-align: center;\"><a href=\"http:\/\/www.ardes-group.com\/wp-content\/uploads\/2014\/08\/robot-ardes.jpg\"><img loading=\"lazy\" class=\"alignnone wp-image-1863 size-taille-page-produit\" src=\"http:\/\/www.ardes-group.com\/wp-content\/uploads\/2014\/08\/robot-ardes-386x580.jpg\" alt=\"\" width=\"386\" height=\"580\" \/><\/a><\/p>\n<p>[\/vc_column_text][\/vc_column_inner][\/vc_row_inner][\/vc_column][vc_column width=&#8221;1\/2&#8243;][vc_column_text]<\/p>\n<h1>Una herramienta de producci\u00f3n eficiente<\/h1>\n<p>&nbsp;<\/p>\n<p>ARDES trabaja en estrecha colaboraci\u00f3n con empresas situadas a algunas decenas de kil\u00f3metros de su centro de producci\u00f3n. De esta proximidad surge una relaci\u00f3n de confianza la cual permite desarrollar soluciones de producci\u00f3n \u00fanicas.<\/p>\n<p>&nbsp;<\/p>\n<p>_ Prensas de inyecci\u00f3n fabricadas por un l\u00edder mundial.<\/p>\n<p>&nbsp;<\/p>\n<p>_ Empresas especializadas en la concepci\u00f3n de moldes para la industria del pl\u00e1stico. El molde es un elemento central de la herramienta de producci\u00f3n y contribuye a su rendimiento.<\/p>\n<p>&nbsp;<\/p>\n<p>Por ejemplo, los moldes de calidad permiten tener un n\u00famero de ciclos de producci\u00f3n muy importantes, a esto se suma un seguimiento y un mantenimiento regular de los moldes, garantizando as\u00ed un nivel de acabado del producto muy elevado \u2013 curvas precisas, definidas e impecables.<\/p>\n<p>&nbsp;<\/p>\n<p>_ Empresas especializadas en la concepci\u00f3n de mecanismos industriales. Su conocimiento y experiencia permiten concebir e implementar innovadores procedimientos t\u00e9cnicos y personalizados, para as\u00ed cumplir nuestros elevados est\u00e1ndares de calidad.<\/p>\n<p>&nbsp;<\/p>\n<p>En la fabricaci\u00f3n de los productos ARDES se utilizan t\u00e9cnicas avanzadas como la inyecci\u00f3n de pl\u00e1stico o la impresi\u00f3n l\u00e1ser entre otras.[\/vc_column_text][\/vc_column][\/vc_row][vc_row][vc_column width=&#8221;1\/2&#8243;][vc_column_text]<\/p>\n<h3>Productos pl\u00e1sticos de alta calidad<\/h3>\n<p>El material pl\u00e1stico utilizado contribuye en su totalidad a la calidad y rendimiento de un producto, as\u00ed como su resistencia mec\u00e1nica y qu\u00edmica. Es por ello que la elecci\u00f3n de la materia prima es importante y compleja.<\/p>\n<p>Existe un gran n\u00famero de materiales pl\u00e1sticos, cuyas diferencias residen en su composici\u00f3n qu\u00edmica. Por ello, ARDES colabora con l\u00edderes mundiales de la industria qu\u00edmica. Gracias a dichas colaboraciones, los productos ARDES son fabricados a partir de materiales pl\u00e1sticos innovadores (como materiales especialmente desarrollados para resistir a los rayos ultravioletas).<\/p>\n<p>Cada a\u00f1o ARDES participa en encuentros relacionados con las \u00faltimas innovaciones de materiales pl\u00e1sticos. De esta forma, estamos al corriente de los \u00faltimos avances en el sector, con el fin de incorporarlos r\u00e1pidamente a nuestro proceso de producci\u00f3n[\/vc_column_text][vc_row_inner][vc_column_inner][vc_column_text]<br \/>\n[\/vc_column_text][vc_single_image image=&#8221;3762&#8243; img_size=&#8221;medium&#8221; alignment=&#8221;center&#8221;][\/vc_column_inner][\/vc_row_inner][\/vc_column][vc_column width=&#8221;1\/2&#8243;][vc_column_text]<\/p>\n<p>&nbsp;<\/p>\n<p>&nbsp;<\/p>\n<p>[\/vc_column_text][vc_column_text]<\/p>\n<p style=\"padding-left: 90px;\"><a href=\"http:\/\/www.ardes-group.com\/wp-content\/uploads\/2014\/08\/gros-plan-billes-plastiques-bleues.jpg\"><img loading=\"lazy\" class=\"alignright size-thumbnail wp-image-1855\" src=\"http:\/\/www.ardes-group.com\/wp-content\/uploads\/2014\/08\/gros-plan-billes-plastiques-bleues-150x150.jpg\" alt=\"gros plan billes plastiques bleues\" width=\"150\" height=\"150\" srcset=\"https:\/\/www.ardes-group.com\/wp-content\/uploads\/2014\/08\/gros-plan-billes-plastiques-bleues-150x150.jpg 150w, https:\/\/www.ardes-group.com\/wp-content\/uploads\/2014\/08\/gros-plan-billes-plastiques-bleues-75x75.jpg 75w\" sizes=\"(max-width: 150px) 100vw, 150px\" \/><\/a><a href=\"http:\/\/www.ardes-group.com\/wp-content\/uploads\/2014\/08\/gros-plan-plastique-orange.jpg\"><img loading=\"lazy\" class=\"alignright size-thumbnail wp-image-1856\" src=\"http:\/\/www.ardes-group.com\/wp-content\/uploads\/2014\/08\/gros-plan-plastique-orange-150x150.jpg\" alt=\"gros plan plastique orange\" width=\"150\" height=\"150\" srcset=\"https:\/\/www.ardes-group.com\/wp-content\/uploads\/2014\/08\/gros-plan-plastique-orange-150x150.jpg 150w, https:\/\/www.ardes-group.com\/wp-content\/uploads\/2014\/08\/gros-plan-plastique-orange-75x75.jpg 75w\" sizes=\"(max-width: 150px) 100vw, 150px\" \/><\/a><a href=\"http:\/\/www.ardes-group.com\/wp-content\/uploads\/2014\/08\/gros-plan-biles-plastiques-jaunes.jpg\"><img loading=\"lazy\" class=\"alignright size-thumbnail wp-image-1857\" src=\"http:\/\/www.ardes-group.com\/wp-content\/uploads\/2014\/08\/gros-plan-biles-plastiques-jaunes-150x150.jpg\" alt=\"gros plan biles plastiques jaunes\" width=\"150\" height=\"150\" srcset=\"https:\/\/www.ardes-group.com\/wp-content\/uploads\/2014\/08\/gros-plan-biles-plastiques-jaunes-150x150.jpg 150w, https:\/\/www.ardes-group.com\/wp-content\/uploads\/2014\/08\/gros-plan-biles-plastiques-jaunes-75x75.jpg 75w\" sizes=\"(max-width: 150px) 100vw, 150px\" \/><\/a><a href=\"http:\/\/www.ardes-group.com\/wp-content\/uploads\/2014\/08\/plastique-ardes-gros-plan1.jpg\"><img loading=\"lazy\" class=\"size-thumbnail wp-image-1888 alignright\" src=\"http:\/\/www.ardes-group.com\/wp-content\/uploads\/2014\/08\/plastique-ardes-gros-plan1-150x150.jpg\" alt=\"plastique ardes gros plan\" width=\"150\" height=\"150\" srcset=\"https:\/\/www.ardes-group.com\/wp-content\/uploads\/2014\/08\/plastique-ardes-gros-plan1-150x150.jpg 150w, https:\/\/www.ardes-group.com\/wp-content\/uploads\/2014\/08\/plastique-ardes-gros-plan1-75x75.jpg 75w\" sizes=\"(max-width: 150px) 100vw, 150px\" \/><\/a><\/p>\n<p>[\/vc_column_text][vc_column_text]<\/p>\n<p>&nbsp;<\/p>\n<p>&nbsp;<\/p>\n<p>[\/vc_column_text][vc_column_text]<\/p>\n<h3>Piezas mecanizadas de precisi\u00f3n<\/h3>\n<p>&nbsp;<\/p>\n<p>ARDES colabora con empresas especializadas en el torneado, localizadas en la Vall\u00e9e de L\u2019Arve. Las compa\u00f1\u00edas de esta regi\u00f3n son reconocidas por la fabricaci\u00f3n de piezas y componentes destinados a la industria relojera suiza.<\/p>\n<p>&nbsp;<\/p>\n<p>De esta forma, la mecanizaci\u00f3n de piezas de revoluci\u00f3n propias de los materiales de inyecci\u00f3n de ARDES (cono luer lock, inserto e incluso la varilla regulable) est\u00e1 dise\u00f1ado con un nivel de exigencia y precisi\u00f3n de cent\u00e9sima de mil\u00edmetro.[\/vc_column_text][\/vc_column][\/vc_row][vc_row][vc_column][vc_column_text]<\/p>\n<h3>Un equipo entregado y cualificado<\/h3>\n<p>&nbsp;<\/p>\n<p>ARDES debe su experiencia a una equipo implicado y cualificado. El saber hacer t\u00e9cnico y el conocimiento de los productos est\u00e1n garantizados por la experiencia de un equipo cuyos miembros colaboran con ARDES desde hace m\u00e1s de veinte a\u00f1os.<\/p>\n<p>A lo largo de su desarrollo, ARDES ha construido alianzas con centros de formaci\u00f3n y escuelas de ingenieros para as\u00ed mejorar su conocimiento y, sobre todo, para incorporar elementos j\u00f3venes al equipo.[\/vc_column_text][vc_row_inner][vc_column_inner width=&#8221;1\/6&#8243;][vc_column_text]<img loading=\"lazy\" class=\"aligncenter size-thumbnail wp-image-18956\" src=\"https:\/\/www.ardes-group.com\/wp-content\/uploads\/2023\/09\/portrait4-150x150.jpg\" alt=\"\" width=\"150\" height=\"150\" \/>[\/vc_column_text][\/vc_column_inner][vc_column_inner width=&#8221;1\/6&#8243;][vc_column_text]<img loading=\"lazy\" class=\"aligncenter size-thumbnail wp-image-16471\" src=\"http:\/\/www.ardes-group.com\/wp-content\/uploads\/2020\/02\/atelier4-150x150.jpg\" alt=\"\" width=\"150\" height=\"150\" \/>[\/vc_column_text][\/vc_column_inner][vc_column_inner width=&#8221;1\/6&#8243;][vc_column_text]<img loading=\"lazy\" class=\"aligncenter size-thumbnail wp-image-18944\" src=\"https:\/\/www.ardes-group.com\/wp-content\/uploads\/2023\/09\/portrait-1-150x150.jpg\" alt=\"\" width=\"150\" height=\"150\" \/>[\/vc_column_text][\/vc_column_inner][vc_column_inner width=&#8221;1\/6&#8243;][vc_column_text]<img loading=\"lazy\" class=\"aligncenter size-thumbnail wp-image-18950\" src=\"https:\/\/www.ardes-group.com\/wp-content\/uploads\/2023\/09\/portrait2-150x150.jpg\" alt=\"\" width=\"150\" height=\"150\" \/>[\/vc_column_text][\/vc_column_inner][vc_column_inner width=&#8221;1\/6&#8243;][vc_column_text]<img loading=\"lazy\" class=\"aligncenter size-thumbnail wp-image-16465\" src=\"http:\/\/www.ardes-group.com\/wp-content\/uploads\/2020\/02\/chantal-et-sylvie-150x150.jpg\" alt=\"\" width=\"150\" height=\"150\" \/>[\/vc_column_text][\/vc_column_inner][vc_column_inner width=&#8221;1\/6&#8243;][vc_column_text]<img loading=\"lazy\" class=\"aligncenter size-thumbnail wp-image-16478\" src=\"http:\/\/www.ardes-group.com\/wp-content\/uploads\/2020\/02\/atelier6-150x150.jpg\" alt=\"\" width=\"150\" height=\"150\" \/>[\/vc_column_text][\/vc_column_inner][\/vc_row_inner][\/vc_column][\/vc_row]<\/p>\n<\/div>","protected":false},"excerpt":{"rendered":"<p>[vc_row][vc_column][vc_row_inner][vc_column_inner] [\/vc_column_inner][\/vc_row_inner][vc_column_text]Garantizamos que el conjunto de productos ARDES son de fabricaci\u00f3n francesa y de alta calidad. El centro de producci\u00f3n ARDES est\u00e1 situado en el centro de una regi\u00f3n emblem\u00e1tica de la industria y de la transformaci\u00f3n del pl\u00e1stico, reagrupando los principales actores y nuevas e innovadoras empresas de la industria pl\u00e1stica. \u00a0 Esta localizaci\u00f3n [&hellip;]<\/p>\n","protected":false},"author":3,"featured_media":0,"parent":72,"menu_order":25,"comment_status":"closed","ping_status":"closed","template":"","meta":[],"acf":[],"_links":{"self":[{"href":"https:\/\/www.ardes-group.com\/es\/wp-json\/wp\/v2\/pages\/6976\/"}],"collection":[{"href":"https:\/\/www.ardes-group.com\/es\/wp-json\/wp\/v2\/pages\/"}],"about":[{"href":"https:\/\/www.ardes-group.com\/es\/wp-json\/wp\/v2\/types\/page\/"}],"author":[{"embeddable":true,"href":"https:\/\/www.ardes-group.com\/es\/wp-json\/wp\/v2\/users\/3\/"}],"replies":[{"embeddable":true,"href":"https:\/\/www.ardes-group.com\/es\/wp-json\/wp\/v2\/comments\/?post=6976"}],"version-history":[{"count":5,"href":"https:\/\/www.ardes-group.com\/es\/wp-json\/wp\/v2\/pages\/6976\/revisions\/"}],"predecessor-version":[{"id":18976,"href":"https:\/\/www.ardes-group.com\/es\/wp-json\/wp\/v2\/pages\/6976\/revisions\/18976\/"}],"up":[{"embeddable":true,"href":"https:\/\/www.ardes-group.com\/es\/wp-json\/wp\/v2\/pages\/72\/"}],"wp:attachment":[{"href":"https:\/\/www.ardes-group.com\/es\/wp-json\/wp\/v2\/media\/?parent=6976"}],"curies":[{"name":"wp","href":"https:\/\/api.w.org\/{rel}","templated":true}]}}