

{"id":6980,"date":"2014-08-25T10:07:14","date_gmt":"2014-08-25T09:07:14","guid":{"rendered":"http:\/\/www.ardes-group.com\/es\/accueil-4\/nos-metiers-2\/"},"modified":"2016-04-15T15:04:21","modified_gmt":"2016-04-15T14:04:21","slug":"nos-metiers-2","status":"publish","type":"page","link":"https:\/\/www.ardes-group.com\/es\/accueil\/nos-metiers-2\/","title":{"rendered":"Nuestras especialidades"},"content":{"rendered":"<div class=\"pf-content\"><p>[vc_row][vc_column][vc_column_text]<\/p>\n<h3>ARDES est\u00e1 especializada, desde hace m\u00e1s de cincuenta a\u00f1os, en la concepci\u00f3n y la fabricaci\u00f3n de materiales de inyecci\u00f3n de uso veterinario y de soluciones de identificaci\u00f3n animal.<\/h3>\n<p>[\/vc_column_text][\/vc_column][\/vc_row][vc_row][vc_column width=&#8221;1\/2&#8243;][vc_column_text]<\/p>\n<h2><strong>ARDES y los materiales de inyecci\u00f3n de uso veterinario<\/strong><\/h2>\n<p><strong>\u00a0<\/strong><\/p>\n<p>Los materiales de inyecci\u00f3n propuestos por ARDES son, a d\u00eda de hoy, referencias reconocidas por ganaderos y veterinarios de todo el mundo.<\/p>\n<p>&nbsp;<\/p>\n<p>Esta confianza deriva de un saber hacer y de una escucha permanente desde la creaci\u00f3n de ARDES.<\/p>\n<p>&nbsp;<\/p>\n<p>Desde el lanzamiento de la primera jeringa en 1964, ARDES no ha dejado de hacer evolucionar su gama, innovando e integrando tanto consejos como observaciones de los ganaderos.<\/p>\n<p>&nbsp;<\/p>\n<p>ARDES ha sido la primera sociedad en concebir un asa ergon\u00f3mica, en la actualidad adaptada con el fin de reducir esfuerzo y aumentar la maniobrabilidad de las jeringas; ARDES igualmente ha depositado una patente relacionada con la posibilidad de ajustar la dosis de inyecci\u00f3n la cual contribuye a una mayor precisi\u00f3n.[\/vc_column_text][\/vc_column][vc_column width=&#8221;1\/2&#8243;][vc_row_inner][vc_column_inner][vc_column_text]<\/p>\n<p>[\/vc_column_text][\/vc_column_inner][\/vc_row_inner][vc_column_text]<a href=\"http:\/\/www.ardes-group.com\/wp-content\/uploads\/2014\/08\/plan-ARDES.jpg\"><img loading=\"lazy\" decoding=\"async\" class=\"alignright size-taille-page-produit wp-image-1810\" src=\"http:\/\/www.ardes-group.com\/wp-content\/uploads\/2014\/08\/plan-ARDES-460x307.jpg\" alt=\"plan ARDES\" width=\"460\" height=\"307\" srcset=\"https:\/\/www.ardes-group.com\/wp-content\/uploads\/2014\/08\/plan-ARDES-460x307.jpg 460w, https:\/\/www.ardes-group.com\/wp-content\/uploads\/2014\/08\/plan-ARDES-300x200.jpg 300w, https:\/\/www.ardes-group.com\/wp-content\/uploads\/2014\/08\/plan-ARDES-1024x684.jpg 1024w, https:\/\/www.ardes-group.com\/wp-content\/uploads\/2014\/08\/plan-ARDES-111x74.jpg 111w, https:\/\/www.ardes-group.com\/wp-content\/uploads\/2014\/08\/plan-ARDES.jpg 1892w\" sizes=\"auto, (max-width: 460px) 100vw, 460px\" \/><\/a>[\/vc_column_text][\/vc_column][\/vc_row][vc_row][vc_column][vc_column_text]<\/p>\n<h3><strong>ARDES y las soluciones de identificaci\u00f3n animal<\/strong><\/h3>\n<p>&nbsp;<\/p>\n<p>Las soluciones de identificaci\u00f3n animal propuestas por ARDES aseguran la trazabilidad de millones de animales en m\u00e1s de ochenta pa\u00edses en todo el mundo. Ello se debe a la confianza depositada por los ganaderos en el resultado de los crotales ARDES.[\/vc_column_text][vc_column_text]Desde el lanzamiento de los primeros crotales de identificaci\u00f3n en 1987, ARDES ha hecho evolucionar constantemente su gama de productos, integrando los \u00faltimos avances tecnol\u00f3gicos. De esta forma, han sido concebidos muy r\u00e1pidamente crotales macho con puntas de metal, hasta los actuales en pl\u00e1stico.[\/vc_column_text][vc_row_inner][vc_column_inner][vc_column_text]<a href=\"http:\/\/www.ardes-group.com\/wp-content\/uploads\/2014\/08\/boucles-de-couleur-.jpg\"><img loading=\"lazy\" decoding=\"async\" class=\"alignleft wp-image-1811 size-taille-page-produit\" src=\"http:\/\/www.ardes-group.com\/wp-content\/uploads\/2014\/08\/boucles-de-couleur--460x307.jpg\" alt=\"\" width=\"460\" height=\"307\" srcset=\"https:\/\/www.ardes-group.com\/wp-content\/uploads\/2014\/08\/boucles-de-couleur--460x307.jpg 460w, https:\/\/www.ardes-group.com\/wp-content\/uploads\/2014\/08\/boucles-de-couleur--300x200.jpg 300w, https:\/\/www.ardes-group.com\/wp-content\/uploads\/2014\/08\/boucles-de-couleur--1024x684.jpg 1024w, https:\/\/www.ardes-group.com\/wp-content\/uploads\/2014\/08\/boucles-de-couleur--111x74.jpg 111w, https:\/\/www.ardes-group.com\/wp-content\/uploads\/2014\/08\/boucles-de-couleur-.jpg 1892w\" sizes=\"auto, (max-width: 460px) 100vw, 460px\" \/><\/a>[\/vc_column_text][\/vc_column_inner][\/vc_row_inner][\/vc_column][\/vc_row][vc_row][vc_column width=&#8221;1\/2&#8243;][vc_column_text]Este tipo de punta favorece la penetraci\u00f3n y reduce los riesgos de infecci\u00f3n.<\/p>\n<p>&nbsp;<\/p>\n<p>En paralelo al desarrollo de nuevas soluciones de identificaci\u00f3n, ARDES ha obtenido autorizaciones en numerosos pa\u00edses, entre ellos Francia. Estas diferentes obtenciones de aprobaciones ponen de manifiesto la experiencia y capacidad de ARDES para ofrecer y mejorar constantemente sus productos.<\/p>\n<p>&nbsp;<\/p>\n<p>Para finalizar, se a\u00f1ade una gama de crotales electr\u00f3nicos que presentan una gran distancia de lectura, gracias a una colaboraci\u00f3n con laboratorios franceses y aprobados ICAR (International Committee for Animal Recording)[\/vc_column_text][\/vc_column][vc_column width=&#8221;1\/2&#8243;][vc_single_image image=&#8221;907&#8243; img_size=&#8221;medium&#8221; alignment=&#8221;center&#8221;][\/vc_column][\/vc_row]<\/p>\n<\/div>","protected":false},"excerpt":{"rendered":"<p>[vc_row][vc_column][vc_column_text] ARDES est\u00e1 especializada, desde hace m\u00e1s de cincuenta a\u00f1os, en la concepci\u00f3n y la fabricaci\u00f3n de materiales de inyecci\u00f3n de uso veterinario y de soluciones de identificaci\u00f3n animal. [\/vc_column_text][\/vc_column][\/vc_row][vc_row][vc_column width=&#8221;1\/2&#8243;][vc_column_text] ARDES y los materiales de inyecci\u00f3n de uso veterinario \u00a0 Los materiales de inyecci\u00f3n propuestos por ARDES son, a d\u00eda de hoy, referencias reconocidas [&hellip;]<\/p>\n","protected":false},"author":3,"featured_media":0,"parent":72,"menu_order":26,"comment_status":"closed","ping_status":"closed","template":"","meta":{"footnotes":""},"class_list":["post-6980","page","type-page","status-publish","hentry"],"acf":[],"_links":{"self":[{"href":"https:\/\/www.ardes-group.com\/es\/wp-json\/wp\/v2\/pages\/6980\/"}],"collection":[{"href":"https:\/\/www.ardes-group.com\/es\/wp-json\/wp\/v2\/pages\/"}],"about":[{"href":"https:\/\/www.ardes-group.com\/es\/wp-json\/wp\/v2\/types\/page\/"}],"author":[{"embeddable":true,"href":"https:\/\/www.ardes-group.com\/es\/wp-json\/wp\/v2\/users\/3\/"}],"replies":[{"embeddable":true,"href":"https:\/\/www.ardes-group.com\/es\/wp-json\/wp\/v2\/comments\/?post=6980"}],"version-history":[{"count":0,"href":"https:\/\/www.ardes-group.com\/es\/wp-json\/wp\/v2\/pages\/6980\/revisions\/"}],"up":[{"embeddable":true,"href":"https:\/\/www.ardes-group.com\/es\/wp-json\/wp\/v2\/pages\/72\/"}],"wp:attachment":[{"href":"https:\/\/www.ardes-group.com\/es\/wp-json\/wp\/v2\/media\/?parent=6980"}],"curies":[{"name":"wp","href":"https:\/\/api.w.org\/{rel}","templated":true}]}}