

{"id":7117,"date":"2014-05-28T08:53:57","date_gmt":"2014-05-28T07:53:57","guid":{"rendered":"http:\/\/www.ardes-group.com\/es\/seringues-et-pistolets\/"},"modified":"2016-05-07T14:51:08","modified_gmt":"2016-05-07T13:51:08","slug":"seringues-et-pistolets","status":"publish","type":"page","link":"https:\/\/www.ardes-group.com\/es\/personnalisation\/seringues-et-pistolets\/","title":{"rendered":"Personalizaci\u00f3nde Jeringas y Pistolas"},"content":{"rendered":"<div class=\"pf-content\"><p>[vc_row][vc_column width=&#8221;1\/2&#8243;][vc_column_text]<strong>Pistola autom\u00e1tica<\/strong><\/p>\n<p><strong>\u00a0<\/strong><\/p>\n<p>Es posible estudiar y adaptar nuestra pistola a la viscosidad de los productos. Tras un an\u00e1lisis del fluido, le proponemos un bloque de v\u00e1lvulas que asegurar\u00e1 una circulaci\u00f3n \u00f3ptima del fluido. <a href=\"http:\/\/www.ardes-group.com\/es\/contact\/\" target=\"_blank\"><strong>Cont\u00e1ctenos<\/strong><\/a><\/p>\n<p><strong>\u00a0<\/strong><\/p>\n<p>Igualmente, podemos personalizar su <strong>pistola\u00a0:<\/strong><\/p>\n<p><strong>\u00a0<\/strong><\/p>\n<ol>\n<li>Impresi\u00f3n de logotipo en la punta o cuerpo<\/li>\n<li>Adaptaci\u00f3n de la graduaci\u00f3n (en particular a la concentraci\u00f3n del producto activo: x ml\/kg)<\/li>\n<li>Fijar una cantidad<\/li>\n<li>Cambiar los colores del aparato<\/li>\n<li>Insertar un marcador a la pistola para su comercializaci\u00f3n<\/li>\n<li>Adaptar el embalaje (bl\u00edster\/bolsa)<\/li>\n<\/ol>\n<p>[\/vc_column_text][vc_single_image image=&#8221;4475&#8243; img_size=&#8221;medium&#8221; alignment=&#8221;center&#8221; img_link_large=&#8221;yes&#8221;][vc_single_image image=&#8221;4481&#8243; img_size=&#8221;medium&#8221; alignment=&#8221;center&#8221; img_link_large=&#8221;yes&#8221;][\/vc_column][vc_column width=&#8221;1\/2&#8243;][vc_column_text]<\/p>\n<p><a href=\"http:\/\/www.ardes-group.com\/wp-content\/uploads\/2014\/05\/personalisation-pistolet.jpg\"><img loading=\"lazy\" class=\"aligncenter size-taille-page-produit wp-image-3791\" src=\"http:\/\/www.ardes-group.com\/wp-content\/uploads\/2014\/05\/personalisation-pistolet-460x355.jpg\" alt=\"personalisation pistolet\" width=\"460\" height=\"355\" srcset=\"https:\/\/www.ardes-group.com\/wp-content\/uploads\/2014\/05\/personalisation-pistolet-460x355.jpg 460w, https:\/\/www.ardes-group.com\/wp-content\/uploads\/2014\/05\/personalisation-pistolet-300x232.jpg 300w, https:\/\/www.ardes-group.com\/wp-content\/uploads\/2014\/05\/personalisation-pistolet-1024x791.jpg 1024w, https:\/\/www.ardes-group.com\/wp-content\/uploads\/2014\/05\/personalisation-pistolet-111x86.jpg 111w\" sizes=\"(max-width: 460px) 100vw, 460px\" \/><\/a><\/p>\n<p>[\/vc_column_text][vc_column_text]<strong>Jeringas<\/strong><\/p>\n<p>Es posible fabricar nuestras jeringas a medida\u00a0:<\/p>\n<p>&nbsp;<\/p>\n<ol>\n<li>Impresi\u00f3n de un logotipo en el cuerpo de la jeringa<\/li>\n<li>Posibilidad de crear una graduaci\u00f3n personalizada<\/li>\n<li>Modificar el color<\/li>\n<li>Adaptar el embalaje e insertar en la parte trasera un \u201ctexto personalizado\u201d<\/li>\n<\/ol>\n<p>[\/vc_column_text][vc_column_text]<br \/>\n[\/vc_column_text][vc_row_inner][vc_column_inner width=&#8221;1\/3&#8243;][vc_single_image image=&#8221;3784&#8243; alignment=&#8221;right&#8221;][\/vc_column_inner][vc_column_inner width=&#8221;1\/3&#8243;][vc_single_image image=&#8221;3783&#8243; alignment=&#8221;right&#8221;][\/vc_column_inner][vc_column_inner width=&#8221;1\/3&#8243;][vc_single_image image=&#8221;3785&#8243; alignment=&#8221;right&#8221;][\/vc_column_inner][\/vc_row_inner][vc_row_inner][vc_column_inner][vc_column_text]Si una o varias de estas soluciones le interesa, <a href=\"http:\/\/www.ardes-group.com\/es\/contact\/\" target=\"_blank\">cont\u00e1ctenos<\/a><\/p>\n<p><a href=\"http:\/\/www.ardes-group.com\/es\/contact\/\" target=\"_blank\"><img loading=\"lazy\" class=\"aligncenter size-medium wp-image-7318\" src=\"http:\/\/www.ardes-group.com\/wp-content\/uploads\/2014\/05\/bouton-final-espagnol-300x120.jpg\" alt=\"bouton final espagnol\" width=\"300\" height=\"120\" srcset=\"https:\/\/www.ardes-group.com\/wp-content\/uploads\/2014\/05\/bouton-final-espagnol-300x120.jpg 300w, https:\/\/www.ardes-group.com\/wp-content\/uploads\/2014\/05\/bouton-final-espagnol-768x308.jpg 768w, https:\/\/www.ardes-group.com\/wp-content\/uploads\/2014\/05\/bouton-final-espagnol-111x45.jpg 111w, https:\/\/www.ardes-group.com\/wp-content\/uploads\/2014\/05\/bouton-final-espagnol-460x185.jpg 460w, https:\/\/www.ardes-group.com\/wp-content\/uploads\/2014\/05\/bouton-final-espagnol.jpg 837w\" sizes=\"(max-width: 300px) 100vw, 300px\" \/><\/a><\/p>\n<p>[\/vc_column_text][\/vc_column_inner][\/vc_row_inner][\/vc_column][\/vc_row]<\/p>\n<\/div>","protected":false},"excerpt":{"rendered":"<p>[vc_row][vc_column width=&#8221;1\/2&#8243;][vc_column_text]Pistola autom\u00e1tica \u00a0 Es posible estudiar y adaptar nuestra pistola a la viscosidad de los productos. Tras un an\u00e1lisis del fluido, le proponemos un bloque de v\u00e1lvulas que asegurar\u00e1 una circulaci\u00f3n \u00f3ptima del fluido. Cont\u00e1ctenos \u00a0 Igualmente, podemos personalizar su pistola\u00a0: \u00a0 Impresi\u00f3n de logotipo en la punta o cuerpo Adaptaci\u00f3n de la graduaci\u00f3n [&hellip;]<\/p>\n","protected":false},"author":4,"featured_media":0,"parent":7227,"menu_order":55,"comment_status":"closed","ping_status":"closed","template":"","meta":[],"acf":[],"_links":{"self":[{"href":"https:\/\/www.ardes-group.com\/es\/wp-json\/wp\/v2\/pages\/7117\/"}],"collection":[{"href":"https:\/\/www.ardes-group.com\/es\/wp-json\/wp\/v2\/pages\/"}],"about":[{"href":"https:\/\/www.ardes-group.com\/es\/wp-json\/wp\/v2\/types\/page\/"}],"author":[{"embeddable":true,"href":"https:\/\/www.ardes-group.com\/es\/wp-json\/wp\/v2\/users\/4\/"}],"replies":[{"embeddable":true,"href":"https:\/\/www.ardes-group.com\/es\/wp-json\/wp\/v2\/comments\/?post=7117"}],"version-history":[{"count":0,"href":"https:\/\/www.ardes-group.com\/es\/wp-json\/wp\/v2\/pages\/7117\/revisions\/"}],"up":[{"embeddable":true,"href":"https:\/\/www.ardes-group.com\/es\/wp-json\/wp\/v2\/pages\/7227\/"}],"wp:attachment":[{"href":"https:\/\/www.ardes-group.com\/es\/wp-json\/wp\/v2\/media\/?parent=7117"}],"curies":[{"name":"wp","href":"https:\/\/api.w.org\/{rel}","templated":true}]}}