

{"id":7122,"date":"2014-05-28T08:53:58","date_gmt":"2014-05-28T07:53:58","guid":{"rendered":"http:\/\/www.ardes-group.com\/es\/boucles-visuelles\/"},"modified":"2016-05-07T14:53:33","modified_gmt":"2016-05-07T13:53:33","slug":"boucles-visuelles","status":"publish","type":"page","link":"https:\/\/www.ardes-group.com\/es\/personnalisation\/boucles-visuelles\/","title":{"rendered":"Personalizaci\u00f3n crotales visuales"},"content":{"rendered":"<div class=\"pf-content\"><p>[vc_row][vc_column][vc_column_text]<\/p>\n<h3>ARDES propone soluciones para personalizar los crotales de identificaci\u00f3n visual con el fin de responder a todas las peticiones.<\/h3>\n<p>[\/vc_column_text][vc_row_inner][vc_column_inner width=&#8221;1\/2&#8243;][vc_column_text]<\/p>\n<h2><strong>Marcado personalizado<\/strong><\/h2>\n<p>&nbsp;<\/p>\n<p>ARDES propone soluciones t\u00e9cnicas para marcar y personalizar los crotales de identificaci\u00f3n visual: el marcador, el l\u00e1ser, la tinta y el estampado en caliente. Estas 4 soluciones permiten responder a todas las peticiones de impresi\u00f3n de logotipo, n\u00famero, c\u00f3digo de barras, nombre de la ganader\u00eda, imagen, color y texto.<\/p>\n<p>&nbsp;<\/p>\n<p><a href=\"http:\/\/: http:\/\/www.ardes-group.com\/es\/conseils-outils\/les-solutions-de-marquage\/\" target=\"_blank\">P\u00e1gina soluci\u00f3n de marcado<\/a>[\/vc_column_text][vc_single_image image=&#8221;4900&#8243; img_size=&#8221;medium&#8221; img_link_large=&#8221;yes&#8221;][vc_column_text]<\/p>\n<h2><strong>Producto a medida<\/strong><\/h2>\n<p>ARDES, gracias a su experiencia en identificaci\u00f3n y trazabilidad, puede crear y desarrollar productos espec\u00edficos y \u00fanicos. Estas peticiones particulares son objeto de trabajo en colaboraci\u00f3n con los ingenieros ARDES, quienes definir\u00e1n un cuaderno de carga para estudiar las posibles soluciones.<\/p>\n<p>&nbsp;<\/p>\n<p>Cont\u00e1ctenos para toda petici\u00f3n de estudios de proyectos espec\u00edficos<\/p>\n<p>&nbsp;<\/p>\n<p><a href=\"http:\/\/www.ardes-group.com\/es\/contact\/\" target=\"_blank\"><img loading=\"lazy\" class=\"aligncenter size-medium wp-image-7318\" src=\"http:\/\/www.ardes-group.com\/wp-content\/uploads\/2014\/05\/bouton-final-espagnol-300x120.jpg\" alt=\"bouton final espagnol\" width=\"300\" height=\"120\" srcset=\"https:\/\/www.ardes-group.com\/wp-content\/uploads\/2014\/05\/bouton-final-espagnol-300x120.jpg 300w, https:\/\/www.ardes-group.com\/wp-content\/uploads\/2014\/05\/bouton-final-espagnol-768x308.jpg 768w, https:\/\/www.ardes-group.com\/wp-content\/uploads\/2014\/05\/bouton-final-espagnol-111x45.jpg 111w, https:\/\/www.ardes-group.com\/wp-content\/uploads\/2014\/05\/bouton-final-espagnol-460x185.jpg 460w, https:\/\/www.ardes-group.com\/wp-content\/uploads\/2014\/05\/bouton-final-espagnol.jpg 837w\" sizes=\"(max-width: 300px) 100vw, 300px\" \/><\/a><\/p>\n<p>[\/vc_column_text][\/vc_column_inner][vc_column_inner width=&#8221;1\/2&#8243;][vc_single_image image=&#8221;1215&#8243; img_size=&#8221;medium&#8221; alignment=&#8221;center&#8221;][vc_column_text]<\/p>\n<h2><strong>Colores ilimitados<\/strong><\/h2>\n<p>&nbsp;<\/p>\n<p>Adem\u00e1s de los 6 colores est\u00e1ndar de los crotales visuales del cat\u00e1logo, ARDES ofrece la posibilidad de desarrollar colores suplementarios. Esta opci\u00f3n personalizada permite responder a las peticiones espec\u00edficas de los usuarios. Por ejemplo, 6 colores adicionales han sido desarrollados para un ganadero mexicano: 12 colores de crotales los cuales corresponden a los 12 meses del a\u00f1o para as\u00ed poder acrotalar a los animales en funci\u00f3n del mes de nacimiento.[\/vc_column_text][vc_column_text]<\/p>\n<p style=\"text-align: center;\"><a href=\"http:\/\/www.ardes-group.com\/wp-content\/uploads\/2014\/05\/boucle-de-couleur-2.jpg\"><img loading=\"lazy\" class=\"aligncenter wp-image-791 size-taille-page-produit\" src=\"http:\/\/www.ardes-group.com\/wp-content\/uploads\/2014\/05\/boucle-de-couleur-2-e1421855012261-460x303.jpg\" alt=\"boucle de couleur 2\" width=\"460\" height=\"303\" \/><\/a><\/p>\n<p>[\/vc_column_text][\/vc_column_inner][\/vc_row_inner][\/vc_column][\/vc_row]<\/p>\n<\/div>","protected":false},"excerpt":{"rendered":"<p>[vc_row][vc_column][vc_column_text] ARDES propone soluciones para personalizar los crotales de identificaci\u00f3n visual con el fin de responder a todas las peticiones. [\/vc_column_text][vc_row_inner][vc_column_inner width=&#8221;1\/2&#8243;][vc_column_text] Marcado personalizado &nbsp; ARDES propone soluciones t\u00e9cnicas para marcar y personalizar los crotales de identificaci\u00f3n visual: el marcador, el l\u00e1ser, la tinta y el estampado en caliente. Estas 4 soluciones permiten responder a [&hellip;]<\/p>\n","protected":false},"author":4,"featured_media":0,"parent":7227,"menu_order":57,"comment_status":"closed","ping_status":"closed","template":"","meta":[],"acf":[],"_links":{"self":[{"href":"https:\/\/www.ardes-group.com\/es\/wp-json\/wp\/v2\/pages\/7122\/"}],"collection":[{"href":"https:\/\/www.ardes-group.com\/es\/wp-json\/wp\/v2\/pages\/"}],"about":[{"href":"https:\/\/www.ardes-group.com\/es\/wp-json\/wp\/v2\/types\/page\/"}],"author":[{"embeddable":true,"href":"https:\/\/www.ardes-group.com\/es\/wp-json\/wp\/v2\/users\/4\/"}],"replies":[{"embeddable":true,"href":"https:\/\/www.ardes-group.com\/es\/wp-json\/wp\/v2\/comments\/?post=7122"}],"version-history":[{"count":0,"href":"https:\/\/www.ardes-group.com\/es\/wp-json\/wp\/v2\/pages\/7122\/revisions\/"}],"up":[{"embeddable":true,"href":"https:\/\/www.ardes-group.com\/es\/wp-json\/wp\/v2\/pages\/7227\/"}],"wp:attachment":[{"href":"https:\/\/www.ardes-group.com\/es\/wp-json\/wp\/v2\/media\/?parent=7122"}],"curies":[{"name":"wp","href":"https:\/\/api.w.org\/{rel}","templated":true}]}}