

{"id":7127,"date":"2015-03-17T15:05:54","date_gmt":"2015-03-17T14:05:54","guid":{"rendered":"http:\/\/www.ardes-group.com\/es\/piece-unique\/"},"modified":"2016-05-07T14:15:52","modified_gmt":"2016-05-07T13:15:52","slug":"piece-unique","status":"publish","type":"page","link":"https:\/\/www.ardes-group.com\/es\/personnalisation\/piece-unique\/","title":{"rendered":"Piezas \u00fanicas"},"content":{"rendered":"<div class=\"pf-content\"><p>[vc_row][vc_column][vc_column_text]<\/p>\n<h3>Creaci\u00f3n de procedimientos de inyecci\u00f3n de fluidos y de sistema de trazabilidad a medida.<\/h3>\n<p>[\/vc_column_text][\/vc_column][\/vc_row][vc_row][vc_column width=&#8221;1\/2&#8243;][vc_column_text]Vali\u00e9ndose de su gran experiencia en la concepci\u00f3n y fabricaci\u00f3n de su gama de productos, ARDES propone un servicio a medida a sus clientes en los siguientes campos:<\/p>\n<p>&nbsp;<\/p>\n<p>-Concepci\u00f3n y elaboraci\u00f3n de todo sistema de administraci\u00f3n de fluidos sometido a grandes restricciones: qu\u00edmicas, t\u00e9rmicas, resistencia mec\u00e1nica, etc.<\/p>\n<p>&nbsp;<\/p>\n<p>-Concepci\u00f3n y puesta en marcha de soluciones de identificaci\u00f3n adaptadas a numerosos productos, por ejemplo: identificaci\u00f3n de piezas de repuesto para la industria, de \u00e1rboles y plantas para la agricultura, las pieles en mataderos y curtidur\u00edas\u2026<\/p>\n<p>&nbsp;<\/p>\n<p style=\"text-align: justify;\">-Concepci\u00f3n y puesta en marcha de sistemas de trazabilidad para administraciones, gobiernos y grandes grupos agro-industriales. Proponemos el estudio y la puesta en marcha de la organizaci\u00f3n, herramientas inform\u00e1ticas as\u00ed como la formaci\u00f3n de los usuarios de dichos sistemas<\/p>\n<p>[\/vc_column_text][\/vc_column][vc_column width=&#8221;1\/2&#8243;][vc_single_image image=&#8221;4510&#8243; img_size=&#8221;medium&#8221; alignment=&#8221;right&#8221; img_link_large=&#8221;yes&#8221;][vc_column_text]<\/p>\n<p style=\"padding-left: 120px;\">\u00a0boucle cuir\/embout par automobile<\/p>\n<p>[\/vc_column_text][\/vc_column][\/vc_row][vc_row][vc_column][vc_column_text]<strong>Por ello, ARDES ofrece capacidades integrales \u201cen casa\u201d para la asistencia al dise\u00f1o, las herramientas de moldeado, las pruebas en laboratorio. <\/strong><strong>ARDES cuenta igualmente con sus colaboradores hist\u00f3ricos:<\/strong><\/p>\n<p>&nbsp;<\/p>\n<p>&nbsp;<\/p>\n<p>oficinas de estudios t\u00e9cnicos, laboratorios de medici\u00f3n, servicios inform\u00e1ticos.<\/p>\n<p>&nbsp;<\/p>\n<p>Aseguramos igualmente un riguroso control de las diferentes etapas de creaci\u00f3n y de fabricaci\u00f3n.[\/vc_column_text][\/vc_column][\/vc_row][vc_row][vc_column][vc_column_text]<strong>\u00a1Cont\u00e1ctenos para la realizaci\u00f3n de sus proyectos y aplicaciones, ya sean peque\u00f1os o muy ambiciosos!<\/strong><\/p>\n<p><strong>\u00a0<\/strong><\/p>\n<p><strong>Nuestros personal cualificado estar\u00e1 encantado de transformar sus problemas en soluciones<\/strong><\/p>\n<p><a href=\"http:\/\/www.ardes-group.com\/es\/contact\/\" target=\"_blank\"><img loading=\"lazy\" class=\"aligncenter size-medium wp-image-7120\" src=\"http:\/\/www.ardes-group.com\/wp-content\/uploads\/2014\/05\/bouton-contact-espagnol-copie-copie-300x120.jpg\" alt=\"bouton contact espagnol copie copie\" width=\"300\" height=\"120\" \/><\/a>[\/vc_column_text][\/vc_column][\/vc_row]<\/p>\n<\/div>","protected":false},"excerpt":{"rendered":"<p>[vc_row][vc_column][vc_column_text] Creaci\u00f3n de procedimientos de inyecci\u00f3n de fluidos y de sistema de trazabilidad a medida. [\/vc_column_text][\/vc_column][\/vc_row][vc_row][vc_column width=&#8221;1\/2&#8243;][vc_column_text]Vali\u00e9ndose de su gran experiencia en la concepci\u00f3n y fabricaci\u00f3n de su gama de productos, ARDES propone un servicio a medida a sus clientes en los siguientes campos: &nbsp; -Concepci\u00f3n y elaboraci\u00f3n de todo sistema de administraci\u00f3n de fluidos [&hellip;]<\/p>\n","protected":false},"author":4,"featured_media":0,"parent":7227,"menu_order":55,"comment_status":"closed","ping_status":"closed","template":"","meta":[],"acf":[],"_links":{"self":[{"href":"https:\/\/www.ardes-group.com\/es\/wp-json\/wp\/v2\/pages\/7127\/"}],"collection":[{"href":"https:\/\/www.ardes-group.com\/es\/wp-json\/wp\/v2\/pages\/"}],"about":[{"href":"https:\/\/www.ardes-group.com\/es\/wp-json\/wp\/v2\/types\/page\/"}],"author":[{"embeddable":true,"href":"https:\/\/www.ardes-group.com\/es\/wp-json\/wp\/v2\/users\/4\/"}],"replies":[{"embeddable":true,"href":"https:\/\/www.ardes-group.com\/es\/wp-json\/wp\/v2\/comments\/?post=7127"}],"version-history":[{"count":0,"href":"https:\/\/www.ardes-group.com\/es\/wp-json\/wp\/v2\/pages\/7127\/revisions\/"}],"up":[{"embeddable":true,"href":"https:\/\/www.ardes-group.com\/es\/wp-json\/wp\/v2\/pages\/7227\/"}],"wp:attachment":[{"href":"https:\/\/www.ardes-group.com\/es\/wp-json\/wp\/v2\/media\/?parent=7127"}],"curies":[{"name":"wp","href":"https:\/\/api.w.org\/{rel}","templated":true}]}}