

{"id":7242,"date":"2014-05-21T13:15:26","date_gmt":"2014-05-21T12:15:26","guid":{"rendered":"http:\/\/www.ardes-group.com\/es\/mentions-legales\/"},"modified":"2016-05-03T10:17:41","modified_gmt":"2016-05-03T09:17:41","slug":"mentions-legales","status":"publish","type":"page","link":"https:\/\/www.ardes-group.com\/es\/mentions-legales\/","title":{"rendered":"Menciones legales"},"content":{"rendered":"<div class=\"pf-content\"><p>[vc_row][vc_column][vc_column_text]<\/p>\n<h3><strong>Condiciones de uso<\/strong><\/h3>\n<h3><\/h3>\n<p>Este sitio es editado por la sociedad ARDES (S.A.S.U.).<\/p>\n<p>Cualquier persona f\u00edsica que acceda a la p\u00e1gina web, ya sea por cuenta propia o en nombre de una persona moral, declara haber le\u00eddo las presentes condiciones generales de uso.<\/p>\n<p>&nbsp;<\/p>\n<p>El usuario se compromete a aceptar los t\u00e9rminos, sin condici\u00f3n, modificaci\u00f3n o restricci\u00f3n.<\/p>\n<p>&nbsp;<\/p>\n<p>En cualquier momento, ARDES puede modificar sin previo aviso las condiciones de uso; cada usuario debe revisar esta p\u00e1gina regularmente.<\/p>\n<p>&nbsp;<\/p>\n<p>Esta plataforma virtual se somete al derecho franc\u00e9s.<\/p>\n<p>&nbsp;<\/p>\n<p>&nbsp;<\/p>\n<p><strong>\u00a0<\/strong><\/p>\n<h3><strong>Contenido<\/strong><\/h3>\n<p><strong>\u00a0<\/strong><\/p>\n<p>El sitio ha sido dise\u00f1ado cuidadosamente para informarle acerca de la actividad de ARDES y del sector de inyecci\u00f3n de pl\u00e1sticos.<\/p>\n<p>&nbsp;<\/p>\n<p>Sin embargo, ARDES no puede garantizar el car\u00e1cter oportuno, exacto o \u00edntegro de la informaci\u00f3n disponible, ni su idoneidad para un contexto particular.<\/p>\n<p>&nbsp;<\/p>\n<p>Cada usuario es el \u00fanico responsable del uso que \u00e9l realiza en la p\u00e1gina web. ARDES se exime de toda responsabilidad de los da\u00f1os encontrados (directo o indirecto, material o de otro tipo) en caso de infracci\u00f3n.<\/p>\n<p>&nbsp;<\/p>\n<p>Cualquier intrusi\u00f3n fraudulenta de un tercero que conlleve una modificaci\u00f3n del contenido difundido en la p\u00e1gina web, no estar\u00e1 bajo la responsabilidad de ARDES.<\/p>\n<p>&nbsp;<\/p>\n<p>ARDES no garantiza que la p\u00e1gina web est\u00e9 accesible o disponible de manera continua.<\/p>\n<p>&nbsp;<\/p>\n<p>ARDES se reserva el derecho de modificar, completar o eliminar, total o parcialmente, cualquier contenido de la p\u00e1gina web, en cualquier momento y sin previo aviso.<\/p>\n<p>&nbsp;<\/p>\n<h3><strong>Hiperv\u00ednculos<\/strong><\/h3>\n<p>ARDES pone a disposici\u00f3n de sus usuarios hiperv\u00ednculos cuya activaci\u00f3n puede dirigir a p\u00e1ginas web o fuentes externas, en cuyo contenido ARDES no tiene ning\u00fan control. Como resultado, las p\u00e1ginas web de terceros, ser\u00e1n plenamente responsables de la publicaci\u00f3n de su contenido.<\/p>\n<p>&nbsp;<\/p>\n<p>Los usuarios no est\u00e1n autorizados a crear un hiperv\u00ednculo de la p\u00e1gina web, una p\u00e1gina web y\/o un archivo sin el consentimiento previo por escrito de ARDES.<\/p>\n<p>&nbsp;<\/p>\n<h3><strong>Propiedad intelectual<\/strong><\/h3>\n<p>&nbsp;<\/p>\n<p>La p\u00e1gina web en su totalidad se rige por la legislaci\u00f3n francesa e internacional sobre los derechos de autor y de propiedad intelectual. Por lo tanto, textos, logotipos, representaciones fotogr\u00e1ficas, documentos descargables y todos los componentes de esta p\u00e1gina web, son propiedad de ARDES.<\/p>\n<p>&nbsp;<\/p>\n<p>La reproducci\u00f3n, total o parcial, de esta p\u00e1gina web sin el consentimiento expreso de la sociedad ARDES est\u00e1 prohibida.<\/p>\n<p>Cualquier representaci\u00f3n o reproducci\u00f3n de este sitio o de su contenido, por cualquier medio que sea, constituir\u00eda un acto de infracci\u00f3n sancionada por los art\u00edculos L. 335-2 y siguientes del C\u00f3digo de la propiedad intelectual.[\/vc_column_text][vc_column_text]<\/p>\n<h3><strong>Menciones obligatorias<\/strong><\/h3>\n<p>&nbsp;<\/p>\n<p>Esta p\u00e1gina web es editada por ARDES (S.A.S.U), empresa unipersonal simplificada por acciones cuya sede social se encuentra en Parc d\u2019activit\u00e9s des Balmes 3553 route de Chamont 38890 Saint Chef, Francia , tel\u00e9fono : +33 (0)4 74 93 33 34, fax : +33 (0)4 74 28 41 98.<\/p>\n<p>&nbsp;<\/p>\n<p>El Director de la publicaci\u00f3n de la p\u00e1gina web es el Sr. Albert ANTOINE, presidente.<\/p>\n<p>El hosting de la p\u00e1gina web es ARDES.<\/p>\n<p>&nbsp;<\/p>\n<p>La p\u00e1gina web ha sido dise\u00f1ada y producida por la sociedad DESCODE, 35 Chemin des Aulnes, 69570 DARDILLY, tel\u00e9fono : +33 (0)4 27 46 38 00, fax : +33 (0)4 27 46 38 01.<br \/>\n<u>http:\/\/www.descode.fr<\/u>[\/vc_column_text][vc_column_text]<\/p>\n<h3><strong>Confidencialidad<\/strong><\/h3>\n<p>Toda persona f\u00edsica que acceda a la p\u00e1gina web, ya sea por cuenta propia o en nombre de una persona moral, declara haber le\u00eddo las presentes condiciones generales de uso.<\/p>\n<p>&nbsp;<\/p>\n<p>El usuario se compromete a aceptar los t\u00e9rminos, sin condici\u00f3n, modificaci\u00f3n o restricci\u00f3n.<\/p>\n<p>&nbsp;<\/p>\n<h3><strong>Datos personales de los usuarios<\/strong><\/h3>\n<p>ARDES se compromete a respetar la privacidad de los usuarios y la confidencialidad de sus datos personales.<\/p>\n<p>&nbsp;<\/p>\n<p>Los datos recogidos por ARDES se utilizan exclusivamente con el prop\u00f3sito de proporcionar informaci\u00f3n, servicios y productos necesarios a los usuarios y para realizar estad\u00edsticas an\u00f3nimas.<\/p>\n<p>&nbsp;<\/p>\n<p>Estos datos pueden ser conservados por ARDES por un tiempo razonable para asegurar su tratamiento a la vista de los fines antes mencionados, sin exceder los plazos de conservaci\u00f3n establecidos por ley.<\/p>\n<p>&nbsp;<\/p>\n<p>De conformidad con la Ley N \u00b0 78-17 del 6 de enero de 1978 relativa a la inform\u00e1tica, archivos y libertades, cada usuario, probando su identidad, tiene el derecho de acceso, rectificaci\u00f3n y cancelaci\u00f3n de sus datos personales que le conciernan.<\/p>\n<p>&nbsp;<\/p>\n<p>Este derecho puede ser ejercido contactando con ARDES en la siguiente direcci\u00f3n: Boulevard Pr\u00e9-Pommier \u2013 B.P. 70037, 38301 BOURGOIN-JALLIEU CEDEX, Francia, o enviando un email a <a href=\"m&#97;&#x69;&#x6c;to&#58;&#x63;&#x75;st&#111;&#x6d;&#x65;r&#64;&#x61;&#x72;&#x64;e&#115;&#x2d;&#x66;ra&#110;&#x63;&#x65;&#46;c&#111;&#x6d;\">custome&#114;&#64;&#97;&#114;&#x64;&#x65;&#x73;&#x2d;&#x66;&#x72;&#x61;&#x6e;&#x63;e&#46;com<\/a>.<\/p>\n<p>&nbsp;<\/p>\n<p>Los datos recogidos y tratados por ARDES no son, en ning\u00fan caso, cedidos o prestados, a t\u00edtulo gratuito u oneroso, a terceros.<\/p>\n<p><strong>\u00a0<\/strong><strong>\u00a0<\/strong><\/p>\n<h3><strong>Datos personales de los miembros de ARDES.<\/strong><\/h3>\n<p>&nbsp;<\/p>\n<p>Los datos relativos a los miembros de ARDES disponibles en la p\u00e1gina web no pueden ser recogidos ni procesados sin el consentimiento previo por escrito de la persona a la que concierne.<\/p>\n<p>Cada usuario se compromete a no reunir, utilizar y sacar partido de alguna manera de dichos datos para enviar mensajes no solicitados de car\u00e1cter publicitario, comercial o de otro tipo, que no tendr\u00edan ninguna relaci\u00f3n con las actividades de ARDES.[\/vc_column_text][\/vc_column][\/vc_row]<\/p>\n<\/div>","protected":false},"excerpt":{"rendered":"<p>[vc_row][vc_column][vc_column_text] Condiciones de uso Este sitio es editado por la sociedad ARDES (S.A.S.U.). Cualquier persona f\u00edsica que acceda a la p\u00e1gina web, ya sea por cuenta propia o en nombre de una persona moral, declara haber le\u00eddo las presentes condiciones generales de uso. &nbsp; El usuario se compromete a aceptar los t\u00e9rminos, sin condici\u00f3n, modificaci\u00f3n [&hellip;]<\/p>\n","protected":false},"author":4,"featured_media":0,"parent":0,"menu_order":95,"comment_status":"closed","ping_status":"closed","template":"","meta":{"footnotes":""},"class_list":["post-7242","page","type-page","status-publish","hentry"],"acf":[],"_links":{"self":[{"href":"https:\/\/www.ardes-group.com\/es\/wp-json\/wp\/v2\/pages\/7242\/"}],"collection":[{"href":"https:\/\/www.ardes-group.com\/es\/wp-json\/wp\/v2\/pages\/"}],"about":[{"href":"https:\/\/www.ardes-group.com\/es\/wp-json\/wp\/v2\/types\/page\/"}],"author":[{"embeddable":true,"href":"https:\/\/www.ardes-group.com\/es\/wp-json\/wp\/v2\/users\/4\/"}],"replies":[{"embeddable":true,"href":"https:\/\/www.ardes-group.com\/es\/wp-json\/wp\/v2\/comments\/?post=7242"}],"version-history":[{"count":0,"href":"https:\/\/www.ardes-group.com\/es\/wp-json\/wp\/v2\/pages\/7242\/revisions\/"}],"wp:attachment":[{"href":"https:\/\/www.ardes-group.com\/es\/wp-json\/wp\/v2\/media\/?parent=7242"}],"curies":[{"name":"wp","href":"https:\/\/api.w.org\/{rel}","templated":true}]}}