

{"id":9205,"date":"2018-02-20T19:40:16","date_gmt":"2018-02-20T18:40:16","guid":{"rendered":"http:\/\/www.ardes-group.com\/?page_id=9205\/"},"modified":"2019-10-01T14:27:52","modified_gmt":"2019-10-01T13:27:52","slug":"feedlot-ear-tags","status":"publish","type":"page","link":"https:\/\/www.ardes-group.com\/es\/gama\/feedlot-ear-tags\/","title":{"rendered":"feedlot"},"content":{"rendered":"<div class=\"pf-content\"><p>[vc_row][vc_column][vc_column_text]<\/p>\n<h2><strong>ARDES les presenta orgullosamente su nuevo arete Feedlot <\/strong><\/h2>\n<p>[\/vc_column_text][\/vc_column][\/vc_row][vc_row][vc_column width=&#8221;1\/2&#8243;][vc_column_text]<b><i><span lang=\"UZ-CYR\">Ventajas<\/span><\/i><\/b><\/p>\n<ul>\n<li><span lang=\"UZ-CYR\">Ahorro de tiempo en la aplicaci\u00f3n en una sola vez.<\/span><\/li>\n<li>Una tasa de retenci\u00f3n alta gracias a su punta larga en forma de ancla.<\/li>\n<li>La combinaci\u00f3n de 2 sustancias.<\/li>\n<\/ul>\n<p>&nbsp;<\/p>\n<p><img loading=\"lazy\" decoding=\"async\" class=\"size-medium wp-image-8978 alignleft\" src=\"http:\/\/www.ardes-group.com\/wp-content\/uploads\/2018\/02\/pince-et-feedlot-1-300x200.jpg\" alt=\"\" width=\"300\" height=\"200\" srcset=\"https:\/\/www.ardes-group.com\/wp-content\/uploads\/2018\/02\/pince-et-feedlot-1-300x200.jpg 300w, https:\/\/www.ardes-group.com\/wp-content\/uploads\/2018\/02\/pince-et-feedlot-1-768x512.jpg 768w, https:\/\/www.ardes-group.com\/wp-content\/uploads\/2018\/02\/pince-et-feedlot-1-1024x683.jpg 1024w, https:\/\/www.ardes-group.com\/wp-content\/uploads\/2018\/02\/pince-et-feedlot-1-111x74.jpg 111w, https:\/\/www.ardes-group.com\/wp-content\/uploads\/2018\/02\/pince-et-feedlot-1-460x307.jpg 460w\" sizes=\"auto, (max-width: 300px) 100vw, 300px\" \/><\/p>\n<p>1\/\u00a0<strong>El <\/strong><strong>poliuretano<\/strong><strong>para mayor resistencia y duraci\u00f3n de tiempo<\/strong><\/p>\n<p>2\/\u00a0<strong>Una nueva sustancia pl\u00e1stica robusta para la punta en los 4 costados<\/strong>[\/vc_column_text][vc_column_text]<img loading=\"lazy\" decoding=\"async\" class=\"size-medium wp-image-9023 alignleft\" src=\"http:\/\/www.ardes-group.com\/wp-content\/uploads\/2018\/02\/feedlot-gros-plan-profil-e1520268132759-287x300.jpg\" alt=\"\" width=\"287\" height=\"300\" srcset=\"https:\/\/www.ardes-group.com\/wp-content\/uploads\/2018\/02\/feedlot-gros-plan-profil-e1520268132759-287x300.jpg 287w, https:\/\/www.ardes-group.com\/wp-content\/uploads\/2018\/02\/feedlot-gros-plan-profil-e1520268132759-768x803.jpg 768w, https:\/\/www.ardes-group.com\/wp-content\/uploads\/2018\/02\/feedlot-gros-plan-profil-e1520268132759-979x1024.jpg 979w, https:\/\/www.ardes-group.com\/wp-content\/uploads\/2018\/02\/feedlot-gros-plan-profil-e1520268132759-111x116.jpg 111w, https:\/\/www.ardes-group.com\/wp-content\/uploads\/2018\/02\/feedlot-gros-plan-profil-e1520268132759-460x481.jpg 460w\" sizes=\"auto, (max-width: 287px) 100vw, 287px\" \/><\/p>\n<ul>\n<li>La punta 4 costados necesita menos presi\u00f3n para perforar y cortar a diferencia de la punta de 3 costados disponible en el mercado. La oreja es cortada en las mejores condiciones posibles con el fin de limitar los riesgos de infecci\u00f3n y facilitar la cicatrizaci\u00f3n.<\/li>\n<\/ul>\n<p>[\/vc_column_text][vc_column_text]<img loading=\"lazy\" decoding=\"async\" class=\"size-medium wp-image-8976 alignleft\" src=\"http:\/\/www.ardes-group.com\/wp-content\/uploads\/2018\/02\/pince-feedlot-300x200.jpg\" alt=\"\" width=\"300\" height=\"200\" srcset=\"https:\/\/www.ardes-group.com\/wp-content\/uploads\/2018\/02\/pince-feedlot-300x200.jpg 300w, https:\/\/www.ardes-group.com\/wp-content\/uploads\/2018\/02\/pince-feedlot-768x512.jpg 768w, https:\/\/www.ardes-group.com\/wp-content\/uploads\/2018\/02\/pince-feedlot-1024x683.jpg 1024w, https:\/\/www.ardes-group.com\/wp-content\/uploads\/2018\/02\/pince-feedlot-111x74.jpg 111w, https:\/\/www.ardes-group.com\/wp-content\/uploads\/2018\/02\/pince-feedlot-460x307.jpg 460w\" sizes=\"auto, (max-width: 300px) 100vw, 300px\" \/><\/p>\n<ul>\n<li>ARDES pone a disposici\u00f3n una nueva pinza especialmente dise\u00f1ada para los aretes Feedlot para una colocaci\u00f3n m\u00e1s r\u00e1pida. La varilla pivotante permite una mejor colocaci\u00f3n del arete para prevenir los desgarres de oreja del animal<\/li>\n<\/ul>\n<p>[\/vc_column_text][\/vc_column][vc_column width=&#8221;1\/2&#8243;][vc_column_text]<img loading=\"lazy\" decoding=\"async\" class=\"alignright wp-image-9022 size-taille-page-produit\" src=\"http:\/\/www.ardes-group.com\/wp-content\/uploads\/2018\/02\/feedlot-ardes-387x580.jpg\" alt=\"\" width=\"387\" height=\"580\" srcset=\"https:\/\/www.ardes-group.com\/wp-content\/uploads\/2018\/02\/feedlot-ardes-387x580.jpg 387w, https:\/\/www.ardes-group.com\/wp-content\/uploads\/2018\/02\/feedlot-ardes-200x300.jpg 200w, https:\/\/www.ardes-group.com\/wp-content\/uploads\/2018\/02\/feedlot-ardes-768x1152.jpg 768w, https:\/\/www.ardes-group.com\/wp-content\/uploads\/2018\/02\/feedlot-ardes-683x1024.jpg 683w, https:\/\/www.ardes-group.com\/wp-content\/uploads\/2018\/02\/feedlot-ardes-93x139.jpg 93w\" sizes=\"auto, (max-width: 387px) 100vw, 387px\" \/>[\/vc_column_text][vc_column_text]<\/p>\n<h3><strong><em>\u00a0 \u00a0<\/em><\/strong><strong><em>Informaci\u00f3n t\u00e9cnica<\/em><\/strong><\/h3>\n<ul>\n<li>Varios colores estan disponibles\u00a0: amarillo, rojo, naranja, verde claro, blanco, azul y rosa .<\/li>\n<li>La posibilidad de escoger entre\u00a03 tallas diferentes\u00a0:<\/li>\n<\/ul>\n<p>[\/vc_column_text][vc_column_text]<\/p>\n<p style=\"text-align: right;\">XLARGE : 114*76 mm \u2013 superficie de marcardo 6.0*7.5 cm<\/p>\n<p style=\"text-align: right;\">\u00a0LARGE \u00a0: 82*61 mm &#8211; superficie de marcardo: 4,0*6,0 cm<\/p>\n<p style=\"text-align: right;\">SMALL. : 61*48 mm \u2013 superficie de marcardo 3.4*4.7 cm<\/p>\n<p>[\/vc_column_text][\/vc_column][\/vc_row][vc_row][vc_column][vc_column_text]<\/p>\n<h2><strong>Un empaque atractivo y pr\u00e1ctico con el fin de presentar los aretes de la mejor manera a sus clientes.<\/strong><\/h2>\n<p>[\/vc_column_text][vc_row_inner][vc_column_inner width=&#8221;1\/2&#8243;][vc_column_text]<a href=\"http:\/\/www.ardes-group.com\/es\/conseils-outils\/supports-a-telecharger\/carton-anglais-feedlot\/\" target=\"_blank\" rel=\"noopener\"><img loading=\"lazy\" decoding=\"async\" class=\"alignleft size-medium wp-image-9288\" src=\"http:\/\/www.ardes-group.com\/wp-content\/uploads\/2018\/07\/cartonette-feedlot-espagnole-226x300.jpg\" alt=\"\" width=\"226\" height=\"300\" srcset=\"https:\/\/www.ardes-group.com\/wp-content\/uploads\/2018\/07\/cartonette-feedlot-espagnole-226x300.jpg 226w, https:\/\/www.ardes-group.com\/wp-content\/uploads\/2018\/07\/cartonette-feedlot-espagnole-768x1020.jpg 768w, https:\/\/www.ardes-group.com\/wp-content\/uploads\/2018\/07\/cartonette-feedlot-espagnole-771x1024.jpg 771w, https:\/\/www.ardes-group.com\/wp-content\/uploads\/2018\/07\/cartonette-feedlot-espagnole-105x139.jpg 105w, https:\/\/www.ardes-group.com\/wp-content\/uploads\/2018\/07\/cartonette-feedlot-espagnole-437x580.jpg 437w\" sizes=\"auto, (max-width: 226px) 100vw, 226px\" \/><\/a>[\/vc_column_text][\/vc_column_inner][vc_column_inner width=&#8221;1\/2&#8243;][vc_column_text]<strong>Todo esto sin olvidar los fundamentos de calidad hist\u00f3rica ARDES<\/strong><\/p>\n<p>&nbsp;<\/p>\n<ul>\n<li>Productos \u201c100% hechos en Francia\u201d<\/li>\n<li>Una \u00f3ptima relaci\u00f3n calidad\/precio<\/li>\n<li>Una tasa de retenci\u00f3n siempre m\u00e1s cerca del 100%<\/li>\n<li>El bienestar y la salud del animal siempre nuestra\u00a0principal preocupaci\u00f3n<\/li>\n<\/ul>\n<p>[\/vc_column_text][\/vc_column_inner][\/vc_row_inner][\/vc_column][\/vc_row]<\/p>\n<\/div>","protected":false},"excerpt":{"rendered":"<p>[vc_row][vc_column][vc_column_text] ARDES les presenta orgullosamente su nuevo arete Feedlot [\/vc_column_text][\/vc_column][\/vc_row][vc_row][vc_column width=&#8221;1\/2&#8243;][vc_column_text]Ventajas Ahorro de tiempo en la aplicaci\u00f3n en una sola vez. Una tasa de retenci\u00f3n alta gracias a su punta larga en forma de ancla. La combinaci\u00f3n de 2 sustancias. &nbsp; 1\/\u00a0El poliuretanopara mayor resistencia y duraci\u00f3n de tiempo 2\/\u00a0Una nueva sustancia pl\u00e1stica robusta para [&hellip;]<\/p>\n","protected":false},"author":5,"featured_media":0,"parent":7201,"menu_order":28,"comment_status":"closed","ping_status":"closed","template":"","meta":{"footnotes":""},"class_list":["post-9205","page","type-page","status-publish","hentry"],"acf":[],"_links":{"self":[{"href":"https:\/\/www.ardes-group.com\/es\/wp-json\/wp\/v2\/pages\/9205\/"}],"collection":[{"href":"https:\/\/www.ardes-group.com\/es\/wp-json\/wp\/v2\/pages\/"}],"about":[{"href":"https:\/\/www.ardes-group.com\/es\/wp-json\/wp\/v2\/types\/page\/"}],"author":[{"embeddable":true,"href":"https:\/\/www.ardes-group.com\/es\/wp-json\/wp\/v2\/users\/5\/"}],"replies":[{"embeddable":true,"href":"https:\/\/www.ardes-group.com\/es\/wp-json\/wp\/v2\/comments\/?post=9205"}],"version-history":[{"count":7,"href":"https:\/\/www.ardes-group.com\/es\/wp-json\/wp\/v2\/pages\/9205\/revisions\/"}],"predecessor-version":[{"id":15904,"href":"https:\/\/www.ardes-group.com\/es\/wp-json\/wp\/v2\/pages\/9205\/revisions\/15904\/"}],"up":[{"embeddable":true,"href":"https:\/\/www.ardes-group.com\/es\/wp-json\/wp\/v2\/pages\/7201\/"}],"wp:attachment":[{"href":"https:\/\/www.ardes-group.com\/es\/wp-json\/wp\/v2\/media\/?parent=9205"}],"curies":[{"name":"wp","href":"https:\/\/api.w.org\/{rel}","templated":true}]}}