

{"id":10354,"date":"2019-03-29T17:33:28","date_gmt":"2019-03-29T16:33:28","guid":{"rendered":"http:\/\/www.ardes-group.com\/?page_id=10354"},"modified":"2025-12-08T13:33:11","modified_gmt":"2025-12-08T12:33:11","slug":"aiguille-avec-puce-rfid-implantable-chats-chiens","status":"publish","type":"page","link":"https:\/\/www.ardes-group.com\/fr\/gamme\/aiguille-avec-puce-rfid-implantable-chats-chiens\/","title":{"rendered":"Aiguille avec puce RFID implantable chats &#038; chiens"},"content":{"rendered":"<div class=\"pf-content\"><p>[vc_row][vc_column][vc_column_text]<\/p>\n<h4>L\u2019aiguille avec puce RFID implantable chiens et chats est un syst\u00e8me efficace et rapide d\u2019implantation de transpondeur pour la pose de puce \u00e9lectronique pour les animaux domestiques.<\/h4>\n<p>[\/vc_column_text][vc_row_inner][vc_column_inner width=&#8221;1\/2&#8243;][vc_column_text]La fine canule en acier inoxydable taill\u00e9e en facettes assure une injection pr\u00e9cise et rapide afin de minimiser le stress de l\u2019animal.<\/p>\n<p>L\u2019aiguille d\u2019injection est st\u00e9rilis\u00e9e \u00e0 l\u2019oxide \u00e9thyl\u00e8ne de gaz pour une dur\u00e9e minimum de vie de 5 ans apr\u00e8s production.<\/p>\n<p><a href=\"http:\/\/www.ardes-group.com\/fr\/blog\/produit\/aiguille-avec-puce-rfid-implantable-chiens-et-chats\/\" target=\"_blank\" rel=\"noopener\">Fiche technique<\/a>[\/vc_column_text][vc_column_text]<img loading=\"lazy\" decoding=\"async\" class=\"alignright size-taille-page-produit wp-image-10550\" src=\"http:\/\/www.ardes-group.com\/wp-content\/uploads\/2019\/02\/aiguille-ardes-montage-460x314.jpg\" alt=\"\" width=\"460\" height=\"314\" \/>[\/vc_column_text][vc_column_text]D\u2019un diam\u00e8tre de 1.4mm et 10mm de long, cette aiguille avec puce RFID implantable est issue de la nouvelle g\u00e9n\u00e9ration d\u2019identification des petits animaux domestiques.[\/vc_column_text][vc_column_text]<strong><img loading=\"lazy\" decoding=\"async\" class=\"wp-image-15308 size-medium alignleft\" src=\"http:\/\/www.ardes-group.com\/wp-content\/uploads\/2019\/03\/puce-ardes-chien-chat3-1-300x190.jpg\" alt=\"\" width=\"300\" height=\"190\" \/><\/strong>Ce transpondeur est certifi\u00e9 par un code sp\u00e9cifique ICAR et respecte les standards Internationaux ISO 11784\/85.[\/vc_column_text][vc_column_text][\/vc_column_text][vc_column_text]<img loading=\"lazy\" decoding=\"async\" class=\"size-medium wp-image-10405 alignright\" src=\"http:\/\/www.ardes-group.com\/wp-content\/uploads\/2019\/02\/aiguille-packaging-e1551106092765-300x290.jpg\" alt=\"\" width=\"300\" height=\"290\" srcset=\"https:\/\/www.ardes-group.com\/wp-content\/uploads\/2019\/02\/aiguille-packaging-e1551106092765-300x290.jpg 300w, https:\/\/www.ardes-group.com\/wp-content\/uploads\/2019\/02\/aiguille-packaging-e1551106092765-768x742.jpg 768w, https:\/\/www.ardes-group.com\/wp-content\/uploads\/2019\/02\/aiguille-packaging-e1551106092765-1024x990.jpg 1024w, https:\/\/www.ardes-group.com\/wp-content\/uploads\/2019\/02\/aiguille-packaging-e1551106092765-111x107.jpg 111w, https:\/\/www.ardes-group.com\/wp-content\/uploads\/2019\/02\/aiguille-packaging-e1551106092765-460x445.jpg 460w, https:\/\/www.ardes-group.com\/wp-content\/uploads\/2019\/02\/aiguille-packaging-e1551106092765.jpg 1590w\" sizes=\"auto, (max-width: 300px) 100vw, 300px\" \/><\/p>\n<p>&nbsp;<\/p>\n<p>Cette aiguille d\u2019injection chiens et chats est constitu\u00e9e\u00a0de 3 composants dans un seul packaging\u00a0: une canule, une puce pr\u00e9install\u00e9e et une \u00e9tiquette avec code bar 6 chiffres pour l\u2019enregistrement des traitements aupr\u00e8s des v\u00e9t\u00e9rinaires.[\/vc_column_text][vc_column_text][\/vc_column_text][\/vc_column_inner][vc_column_inner width=&#8221;1\/2&#8243;][vc_column_text][\/vc_column_text][vc_column_text]<img loading=\"lazy\" decoding=\"async\" class=\"size-taille-page-produit wp-image-10531 aligncenter\" src=\"http:\/\/www.ardes-group.com\/wp-content\/uploads\/2019\/02\/aiguille-seringue-verticale-207x580.jpg\" alt=\"\" width=\"207\" height=\"580\" srcset=\"https:\/\/www.ardes-group.com\/wp-content\/uploads\/2019\/02\/aiguille-seringue-verticale-207x580.jpg 207w, https:\/\/www.ardes-group.com\/wp-content\/uploads\/2019\/02\/aiguille-seringue-verticale-107x300.jpg 107w, https:\/\/www.ardes-group.com\/wp-content\/uploads\/2019\/02\/aiguille-seringue-verticale-768x2150.jpg 768w, https:\/\/www.ardes-group.com\/wp-content\/uploads\/2019\/02\/aiguille-seringue-verticale-366x1024.jpg 366w, https:\/\/www.ardes-group.com\/wp-content\/uploads\/2019\/02\/aiguille-seringue-verticale-50x139.jpg 50w, https:\/\/www.ardes-group.com\/wp-content\/uploads\/2019\/02\/aiguille-seringue-verticale.jpg 1406w\" sizes=\"auto, (max-width: 207px) 100vw, 207px\" \/>[\/vc_column_text][vc_column_text]Pour implanter le tag \u00e9lectronique sur les animaux, ARDES propose un applicateur de pose appropri\u00e9 pour faciliter l\u2019injection tout en respectant les normes hygi\u00e9niques d\u2019injection pour les animaux.[\/vc_column_text][vc_column_text]<\/p>\n<h2 style=\"text-align: left;\">Les avantages\u00a0:<\/h2>\n<ul>\n<li style=\"text-align: left;\">Injection pr\u00e9cise et rapide<\/li>\n<li style=\"text-align: left;\">Stress de l\u2019animal minimal<\/li>\n<li style=\"text-align: left;\">St\u00e9rilisation de l\u2019aiguille<\/li>\n<li style=\"text-align: left;\">Certification ICAR et normes ISO<\/li>\n<li style=\"text-align: left;\">Facilit\u00e9 de l\u2019enregistrement des traitements<\/li>\n<\/ul>\n<p>[\/vc_column_text][vc_column_text]<a href=\"http:\/\/www.ardes-group.com\/fr\/contact\/\" target=\"_blank\" rel=\"noopener\">Contactez-nous<\/a>[\/vc_column_text][\/vc_column_inner][\/vc_row_inner][vc_column_text]<\/p>\n<h3><strong>Vous pouvez donc utiliser l\u2019applicateur en rempla\u00e7ant \u00e0 chaque fois l\u2019aiguille avec puce RFID ce qui vous \u00e9vite d\u2019acheter un syst\u00e8me complet \u00e0 chaque identification.<\/strong><\/h3>\n<p>[\/vc_column_text][\/vc_column][\/vc_row]<\/p>\n<\/div>","protected":false},"excerpt":{"rendered":"<p>[vc_row][vc_column][vc_column_text] L\u2019aiguille avec puce RFID implantable chiens et chats est un syst\u00e8me efficace et rapide d\u2019implantation de transpondeur pour la pose de puce \u00e9lectronique pour les animaux domestiques. [\/vc_column_text][vc_row_inner][vc_column_inner width=&#8221;1\/2&#8243;][vc_column_text]La fine canule en acier inoxydable taill\u00e9e en facettes assure une injection pr\u00e9cise et rapide afin de minimiser le stress de l\u2019animal. L\u2019aiguille d\u2019injection est st\u00e9rilis\u00e9e [&hellip;]<\/p>\n","protected":false},"author":5,"featured_media":0,"parent":24,"menu_order":24,"comment_status":"closed","ping_status":"closed","template":"","meta":{"footnotes":""},"class_list":["post-10354","page","type-page","status-publish","hentry","cheptels-chats","cheptels-chiens"],"acf":[],"_links":{"self":[{"href":"https:\/\/www.ardes-group.com\/fr\/wp-json\/wp\/v2\/pages\/10354\/"}],"collection":[{"href":"https:\/\/www.ardes-group.com\/fr\/wp-json\/wp\/v2\/pages\/"}],"about":[{"href":"https:\/\/www.ardes-group.com\/fr\/wp-json\/wp\/v2\/types\/page\/"}],"author":[{"embeddable":true,"href":"https:\/\/www.ardes-group.com\/fr\/wp-json\/wp\/v2\/users\/5\/"}],"replies":[{"embeddable":true,"href":"https:\/\/www.ardes-group.com\/fr\/wp-json\/wp\/v2\/comments\/?post=10354"}],"version-history":[{"count":10,"href":"https:\/\/www.ardes-group.com\/fr\/wp-json\/wp\/v2\/pages\/10354\/revisions\/"}],"predecessor-version":[{"id":18193,"href":"https:\/\/www.ardes-group.com\/fr\/wp-json\/wp\/v2\/pages\/10354\/revisions\/18193\/"}],"up":[{"embeddable":true,"href":"https:\/\/www.ardes-group.com\/fr\/wp-json\/wp\/v2\/pages\/24\/"}],"wp:attachment":[{"href":"https:\/\/www.ardes-group.com\/fr\/wp-json\/wp\/v2\/media\/?parent=10354"}],"curies":[{"name":"wp","href":"https:\/\/api.w.org\/{rel}","templated":true}]}}