

{"id":10462,"date":"2019-03-29T17:39:48","date_gmt":"2019-03-29T16:39:48","guid":{"rendered":"http:\/\/www.ardes-group.com\/?page_id=10462"},"modified":"2019-12-18T16:52:30","modified_gmt":"2019-12-18T15:52:30","slug":"lecteur-halo-puces-electroniques","status":"publish","type":"page","link":"https:\/\/www.ardes-group.com\/fr\/gamme\/lecteur-halo-puces-electroniques\/","title":{"rendered":"Lecteur halo puces \u00e9lectroniques"},"content":{"rendered":"<div class=\"pf-content\"><p>[vc_row][vc_column][vc_column_text]<\/p>\n<h4>Disponible en 5 couleurs, le lecteur HALO lit toutes les puces FDX-B (15 digits) et FDX-A (10 digits) conformes \u00e0 la norme ISO 11784 et ISO 11785.<\/h4>\n<p>[\/vc_column_text][\/vc_column][\/vc_row][vc_row][vc_column width=&#8221;1\/2&#8243;][vc_column_text]Le lecteur de puce\u00a0\u00e9lectronique HALO est un scanner \u00e0 la main pratique et adapt\u00e9 pour la lecture de puces d&#8217;identification d&#8217;animaux domestiques. Ce scanner a une distance de lecture excellente et une dur\u00e9e de vie de la batterie tr\u00e8s longue.<\/p>\n<p>Le scanner \u00e0 micro-puce HALO est \u00e9quip\u00e9 d&#8217;une batterie lithium-ion rechargeable et peut \u00eatre connect\u00e9 \u00e0 un PC par un port USB.<\/p>\n<p>Avec une batterie compl\u00e8tement charg\u00e9e, le scanner peut lire de 650 \u00e0 700 scans. Le scanner a une conception robuste.<\/p>\n<p><a href=\"http:\/\/www.ardes-group.com\/fr\/blog\/produit\/lecteur-halo-puces-rfid\/\" target=\"_blank\" rel=\"noopener\">Fiche technique<\/a>[\/vc_column_text][vc_column_text]<img loading=\"lazy\" class=\"alignright size-taille-page-produit wp-image-10367\" src=\"http:\/\/www.ardes-group.com\/wp-content\/uploads\/2019\/02\/lecteurs-bleux-et-blanc-et-prises-460x317.jpg\" alt=\"\" width=\"460\" height=\"317\" srcset=\"https:\/\/www.ardes-group.com\/wp-content\/uploads\/2019\/02\/lecteurs-bleux-et-blanc-et-prises-460x317.jpg 460w, https:\/\/www.ardes-group.com\/wp-content\/uploads\/2019\/02\/lecteurs-bleux-et-blanc-et-prises-300x207.jpg 300w, https:\/\/www.ardes-group.com\/wp-content\/uploads\/2019\/02\/lecteurs-bleux-et-blanc-et-prises-768x529.jpg 768w, https:\/\/www.ardes-group.com\/wp-content\/uploads\/2019\/02\/lecteurs-bleux-et-blanc-et-prises-1024x705.jpg 1024w, https:\/\/www.ardes-group.com\/wp-content\/uploads\/2019\/02\/lecteurs-bleux-et-blanc-et-prises-111x76.jpg 111w, https:\/\/www.ardes-group.com\/wp-content\/uploads\/2019\/02\/lecteurs-bleux-et-blanc-et-prises.jpg 1658w\" sizes=\"(max-width: 460px) 100vw, 460px\" \/>[\/vc_column_text][\/vc_column][vc_column width=&#8221;1\/2&#8243;][vc_column_text]<img loading=\"lazy\" class=\"alignright size-taille-page-produit wp-image-10463\" src=\"http:\/\/www.ardes-group.com\/wp-content\/uploads\/2019\/02\/lecteurs-finalises-460x307.jpg\" alt=\"\" width=\"460\" height=\"307\" srcset=\"https:\/\/www.ardes-group.com\/wp-content\/uploads\/2019\/02\/lecteurs-finalises-460x307.jpg 460w, https:\/\/www.ardes-group.com\/wp-content\/uploads\/2019\/02\/lecteurs-finalises-300x200.jpg 300w, https:\/\/www.ardes-group.com\/wp-content\/uploads\/2019\/02\/lecteurs-finalises-768x512.jpg 768w, https:\/\/www.ardes-group.com\/wp-content\/uploads\/2019\/02\/lecteurs-finalises-1024x683.jpg 1024w, https:\/\/www.ardes-group.com\/wp-content\/uploads\/2019\/02\/lecteurs-finalises-111x74.jpg 111w\" sizes=\"(max-width: 460px) 100vw, 460px\" \/>[\/vc_column_text][vc_column_text]Le lecteur de puce \u00e9lectronique HALO lit tous les num\u00e9ros de puce entre 10 et 15 chiffres. Les puces \u00e0 15 chiffres (type FDX-B) sont g\u00e9n\u00e9ralement utilis\u00e9es dans l&#8217;UE pour l&#8217;identification des animaux.<\/p>\n<p>Les puces \u00e0 10 chiffres (de type FDX-A) sont utilis\u00e9es, entre autres, aux \u00c9tats-Unis. Le scanner est compact et se tient facilement dans la main.<\/p>\n<h4>Le scanner peut \u00eatre utilis\u00e9 pour lire des puces chez les chiens, les chats ou encore les chevaux.<\/h4>\n<p><a href=\"http:\/\/www.ardes-group.com\/fr\/contact\/\" target=\"_blank\" rel=\"noopener\">Contactez-nous<\/a>[\/vc_column_text][\/vc_column][\/vc_row][vc_row][vc_column width=&#8221;1\/4&#8243;][vc_column_text]<img loading=\"lazy\" class=\"alignright size-taille-page-produit wp-image-10469\" src=\"http:\/\/www.ardes-group.com\/wp-content\/uploads\/2019\/02\/lecteur-violet-460x368.jpg\" alt=\"\" width=\"460\" height=\"368\" srcset=\"https:\/\/www.ardes-group.com\/wp-content\/uploads\/2019\/02\/lecteur-violet-460x368.jpg 460w, https:\/\/www.ardes-group.com\/wp-content\/uploads\/2019\/02\/lecteur-violet-300x240.jpg 300w, https:\/\/www.ardes-group.com\/wp-content\/uploads\/2019\/02\/lecteur-violet-768x614.jpg 768w, https:\/\/www.ardes-group.com\/wp-content\/uploads\/2019\/02\/lecteur-violet-1024x819.jpg 1024w, https:\/\/www.ardes-group.com\/wp-content\/uploads\/2019\/02\/lecteur-violet-111x89.jpg 111w\" sizes=\"(max-width: 460px) 100vw, 460px\" \/>[\/vc_column_text][\/vc_column][vc_column width=&#8221;1\/4&#8243;][vc_column_text]<img loading=\"lazy\" class=\"alignright size-taille-page-produit wp-image-10475\" src=\"http:\/\/www.ardes-group.com\/wp-content\/uploads\/2019\/02\/lecteur-blanc-460x368.jpg\" alt=\"\" width=\"460\" height=\"368\" srcset=\"https:\/\/www.ardes-group.com\/wp-content\/uploads\/2019\/02\/lecteur-blanc-460x368.jpg 460w, https:\/\/www.ardes-group.com\/wp-content\/uploads\/2019\/02\/lecteur-blanc-300x240.jpg 300w, https:\/\/www.ardes-group.com\/wp-content\/uploads\/2019\/02\/lecteur-blanc-768x614.jpg 768w, https:\/\/www.ardes-group.com\/wp-content\/uploads\/2019\/02\/lecteur-blanc-1024x819.jpg 1024w, https:\/\/www.ardes-group.com\/wp-content\/uploads\/2019\/02\/lecteur-blanc-111x89.jpg 111w\" sizes=\"(max-width: 460px) 100vw, 460px\" \/>[\/vc_column_text][\/vc_column][vc_column width=&#8221;1\/4&#8243;][vc_column_text]<img loading=\"lazy\" class=\"alignright size-taille-page-produit wp-image-10481\" src=\"http:\/\/www.ardes-group.com\/wp-content\/uploads\/2019\/02\/lecteur-vert-460x368.jpg\" alt=\"\" width=\"460\" height=\"368\" srcset=\"https:\/\/www.ardes-group.com\/wp-content\/uploads\/2019\/02\/lecteur-vert-460x368.jpg 460w, https:\/\/www.ardes-group.com\/wp-content\/uploads\/2019\/02\/lecteur-vert-300x240.jpg 300w, https:\/\/www.ardes-group.com\/wp-content\/uploads\/2019\/02\/lecteur-vert-768x614.jpg 768w, https:\/\/www.ardes-group.com\/wp-content\/uploads\/2019\/02\/lecteur-vert-1024x819.jpg 1024w, https:\/\/www.ardes-group.com\/wp-content\/uploads\/2019\/02\/lecteur-vert-111x89.jpg 111w\" sizes=\"(max-width: 460px) 100vw, 460px\" \/>[\/vc_column_text][\/vc_column][vc_column width=&#8221;1\/4&#8243;][vc_column_text]<img loading=\"lazy\" class=\"alignright size-taille-page-produit wp-image-10487\" src=\"http:\/\/www.ardes-group.com\/wp-content\/uploads\/2019\/02\/lecteur-noir-460x368.jpg\" alt=\"\" width=\"460\" height=\"368\" srcset=\"https:\/\/www.ardes-group.com\/wp-content\/uploads\/2019\/02\/lecteur-noir-460x368.jpg 460w, https:\/\/www.ardes-group.com\/wp-content\/uploads\/2019\/02\/lecteur-noir-300x240.jpg 300w, https:\/\/www.ardes-group.com\/wp-content\/uploads\/2019\/02\/lecteur-noir-768x614.jpg 768w, https:\/\/www.ardes-group.com\/wp-content\/uploads\/2019\/02\/lecteur-noir-1024x819.jpg 1024w, https:\/\/www.ardes-group.com\/wp-content\/uploads\/2019\/02\/lecteur-noir-111x89.jpg 111w\" sizes=\"(max-width: 460px) 100vw, 460px\" \/>[\/vc_column_text][\/vc_column][\/vc_row]<\/p>\n<\/div>","protected":false},"excerpt":{"rendered":"<p>[vc_row][vc_column][vc_column_text] Disponible en 5 couleurs, le lecteur HALO lit toutes les puces FDX-B (15 digits) et FDX-A (10 digits) conformes \u00e0 la norme ISO 11784 et ISO 11785. [\/vc_column_text][\/vc_column][\/vc_row][vc_row][vc_column width=&#8221;1\/2&#8243;][vc_column_text]Le lecteur de puce\u00a0\u00e9lectronique HALO est un scanner \u00e0 la main pratique et adapt\u00e9 pour la lecture de puces d&#8217;identification d&#8217;animaux domestiques. Ce scanner a une [&hellip;]<\/p>\n","protected":false},"author":5,"featured_media":0,"parent":24,"menu_order":34,"comment_status":"closed","ping_status":"closed","template":"","meta":[],"acf":[],"_links":{"self":[{"href":"https:\/\/www.ardes-group.com\/fr\/wp-json\/wp\/v2\/pages\/10462\/"}],"collection":[{"href":"https:\/\/www.ardes-group.com\/fr\/wp-json\/wp\/v2\/pages\/"}],"about":[{"href":"https:\/\/www.ardes-group.com\/fr\/wp-json\/wp\/v2\/types\/page\/"}],"author":[{"embeddable":true,"href":"https:\/\/www.ardes-group.com\/fr\/wp-json\/wp\/v2\/users\/5\/"}],"replies":[{"embeddable":true,"href":"https:\/\/www.ardes-group.com\/fr\/wp-json\/wp\/v2\/comments\/?post=10462"}],"version-history":[{"count":8,"href":"https:\/\/www.ardes-group.com\/fr\/wp-json\/wp\/v2\/pages\/10462\/revisions\/"}],"predecessor-version":[{"id":16231,"href":"https:\/\/www.ardes-group.com\/fr\/wp-json\/wp\/v2\/pages\/10462\/revisions\/16231\/"}],"up":[{"embeddable":true,"href":"https:\/\/www.ardes-group.com\/fr\/wp-json\/wp\/v2\/pages\/24\/"}],"wp:attachment":[{"href":"https:\/\/www.ardes-group.com\/fr\/wp-json\/wp\/v2\/media\/?parent=10462"}],"curies":[{"name":"wp","href":"https:\/\/api.w.org\/{rel}","templated":true}]}}