

{"id":10496,"date":"2019-03-11T17:30:01","date_gmt":"2019-03-11T16:30:01","guid":{"rendered":"http:\/\/www.ardes-group.com\/?page_id=10496"},"modified":"2019-12-18T16:50:26","modified_gmt":"2019-12-18T15:50:26","slug":"pistolet-injecteur-de-puce-electronique-chats-chiens","status":"publish","type":"page","link":"https:\/\/www.ardes-group.com\/fr\/gamme\/pistolet-injecteur-de-puce-electronique-chats-chiens\/","title":{"rendered":"Pistolet injecteur de puce \u00e9lectronique chats &#038; chiens"},"content":{"rendered":"<div class=\"pf-content\"><p>[vc_row][vc_column][vc_column_text]<\/p>\n<h4>Le pistolet injecteur de puce \u00e9lectronique a \u00e9t\u00e9 con\u00e7u pour une pause rapide et efficace sur les animaux domestiques. Ce mod\u00e8le r\u00e9alis\u00e9 en polyamide et fibre de verre est l\u00e9ger et \u00e0 la fois r\u00e9sistant aux chocs.<\/h4>\n<p>[\/vc_column_text][\/vc_column][\/vc_row][vc_row][vc_column width=&#8221;1\/2&#8243;][vc_column_text]Sa qualit\u00e9 ergonomique permet une bonne prise en main de celui-ci afin de facilement implanter la puce \u00e9lectronique tout en r\u00e9duisant le stress de l\u2019animal.<\/p>\n<p><a href=\"http:\/\/www.ardes-group.com\/fr\/blog\/produit\/pistolet-injecteur-de-puce-electronique-chiens-chats\/\" target=\"_blank\" rel=\"noopener\">Fiche technique<\/a>[\/vc_column_text][vc_row_inner][vc_column_inner][vc_column_text]<img loading=\"lazy\" class=\"alignleft wp-image-10398 size-medium\" src=\"http:\/\/www.ardes-group.com\/wp-content\/uploads\/2019\/02\/pistolet-gros-plan2--e1551188304257-300x193.jpg\" alt=\"\" width=\"300\" height=\"193\" srcset=\"https:\/\/www.ardes-group.com\/wp-content\/uploads\/2019\/02\/pistolet-gros-plan2--e1551188304257-300x193.jpg 300w, https:\/\/www.ardes-group.com\/wp-content\/uploads\/2019\/02\/pistolet-gros-plan2--e1551188304257-768x495.jpg 768w, https:\/\/www.ardes-group.com\/wp-content\/uploads\/2019\/02\/pistolet-gros-plan2--e1551188304257-1024x659.jpg 1024w, https:\/\/www.ardes-group.com\/wp-content\/uploads\/2019\/02\/pistolet-gros-plan2--e1551188304257-111x71.jpg 111w, https:\/\/www.ardes-group.com\/wp-content\/uploads\/2019\/02\/pistolet-gros-plan2--e1551188304257-460x296.jpg 460w\" sizes=\"(max-width: 300px) 100vw, 300px\" \/>[\/vc_column_text][vc_column_text]<\/p>\n<p>[\/vc_column_text][vc_column_text]Ce produit respecte les normes ISO9002 et AENOR IQNet, il est \u00e9galement certifi\u00e9 ICAR pour son code de conduite pour l\u2019identification \u00e9lectronique des animaux.<\/p>\n<h2><\/h2>\n<h2>Les avantages\u00a0:<\/h2>\n<ul>\n<li>Ergonomie de l\u2019applicateur<\/li>\n<li>Fiabilit\u00e9 et s\u00e9curit\u00e9 de l\u2019application<\/li>\n<li>Stress de l\u2019animal minimum<\/li>\n<li>Certification ICAR et normes ISO<\/li>\n<\/ul>\n<p>[\/vc_column_text][\/vc_column_inner][\/vc_row_inner][\/vc_column][vc_column width=&#8221;1\/2&#8243;][vc_column_text]<img loading=\"lazy\" class=\"aligncenter wp-image-10392 size-full\" src=\"http:\/\/www.ardes-group.com\/wp-content\/uploads\/2019\/02\/pistolet-2-e1552321721302.jpg\" alt=\"\" width=\"889\" height=\"986\" srcset=\"https:\/\/www.ardes-group.com\/wp-content\/uploads\/2019\/02\/pistolet-2-e1552321721302.jpg 889w, https:\/\/www.ardes-group.com\/wp-content\/uploads\/2019\/02\/pistolet-2-e1552321721302-270x300.jpg 270w, https:\/\/www.ardes-group.com\/wp-content\/uploads\/2019\/02\/pistolet-2-e1552321721302-768x852.jpg 768w, https:\/\/www.ardes-group.com\/wp-content\/uploads\/2019\/02\/pistolet-2-e1552321721302-111x123.jpg 111w, https:\/\/www.ardes-group.com\/wp-content\/uploads\/2019\/02\/pistolet-2-e1552321721302-460x510.jpg 460w\" sizes=\"(max-width: 889px) 100vw, 889px\" \/>[\/vc_column_text][vc_column_text][\/vc_column_text][vc_row_inner][vc_column_inner][vc_column_text]Ce mod\u00e8le est compatible pour les puces \u00e9lectroniques d\u2019un diam\u00e8tre de 1,4 mm.<\/p>\n<p>&nbsp;<\/p>\n<p><a href=\"http:\/\/www.ardes-group.com\/fr\/contact-produits\/\" target=\"_blank\" rel=\"noopener\">Contactez-nous<\/a>[\/vc_column_text][\/vc_column_inner][\/vc_row_inner][\/vc_column][\/vc_row][vc_row][vc_column width=&#8221;1\/3&#8243;][vc_column_text]<img loading=\"lazy\" class=\"aligncenter wp-image-10557 size-medium\" src=\"http:\/\/www.ardes-group.com\/wp-content\/uploads\/2019\/03\/puce-ardes-chien-chat3-e1552322804337-300x147.jpg\" alt=\"\" width=\"300\" height=\"147\" srcset=\"https:\/\/www.ardes-group.com\/wp-content\/uploads\/2019\/03\/puce-ardes-chien-chat3-e1552322804337-300x147.jpg 300w, https:\/\/www.ardes-group.com\/wp-content\/uploads\/2019\/03\/puce-ardes-chien-chat3-e1552322804337-768x375.jpg 768w, https:\/\/www.ardes-group.com\/wp-content\/uploads\/2019\/03\/puce-ardes-chien-chat3-e1552322804337-1024x500.jpg 1024w, https:\/\/www.ardes-group.com\/wp-content\/uploads\/2019\/03\/puce-ardes-chien-chat3-e1552322804337-111x54.jpg 111w, https:\/\/www.ardes-group.com\/wp-content\/uploads\/2019\/03\/puce-ardes-chien-chat3-e1552322804337-460x225.jpg 460w\" sizes=\"(max-width: 300px) 100vw, 300px\" \/>[\/vc_column_text][\/vc_column][vc_column width=&#8221;1\/3&#8243;][vc_column_text]<img loading=\"lazy\" class=\"alignright size-taille-page-produit wp-image-10557\" src=\"http:\/\/www.ardes-group.com\/wp-content\/uploads\/2019\/03\/puce-ardes-chien-chat3-e1552322804337-460x225.jpg\" alt=\"\" width=\"460\" height=\"225\" srcset=\"https:\/\/www.ardes-group.com\/wp-content\/uploads\/2019\/03\/puce-ardes-chien-chat3-e1552322804337-460x225.jpg 460w, https:\/\/www.ardes-group.com\/wp-content\/uploads\/2019\/03\/puce-ardes-chien-chat3-e1552322804337-300x147.jpg 300w, https:\/\/www.ardes-group.com\/wp-content\/uploads\/2019\/03\/puce-ardes-chien-chat3-e1552322804337-768x375.jpg 768w, https:\/\/www.ardes-group.com\/wp-content\/uploads\/2019\/03\/puce-ardes-chien-chat3-e1552322804337-1024x500.jpg 1024w, https:\/\/www.ardes-group.com\/wp-content\/uploads\/2019\/03\/puce-ardes-chien-chat3-e1552322804337-111x54.jpg 111w\" sizes=\"(max-width: 460px) 100vw, 460px\" \/>[\/vc_column_text][\/vc_column][vc_column width=&#8221;1\/3&#8243;][vc_column_text]<img loading=\"lazy\" class=\"alignright size-taille-page-produit wp-image-10557\" src=\"http:\/\/www.ardes-group.com\/wp-content\/uploads\/2019\/03\/puce-ardes-chien-chat3-e1552322804337-460x225.jpg\" alt=\"\" width=\"460\" height=\"225\" srcset=\"https:\/\/www.ardes-group.com\/wp-content\/uploads\/2019\/03\/puce-ardes-chien-chat3-e1552322804337-460x225.jpg 460w, https:\/\/www.ardes-group.com\/wp-content\/uploads\/2019\/03\/puce-ardes-chien-chat3-e1552322804337-300x147.jpg 300w, https:\/\/www.ardes-group.com\/wp-content\/uploads\/2019\/03\/puce-ardes-chien-chat3-e1552322804337-768x375.jpg 768w, https:\/\/www.ardes-group.com\/wp-content\/uploads\/2019\/03\/puce-ardes-chien-chat3-e1552322804337-1024x500.jpg 1024w, https:\/\/www.ardes-group.com\/wp-content\/uploads\/2019\/03\/puce-ardes-chien-chat3-e1552322804337-111x54.jpg 111w\" sizes=\"(max-width: 460px) 100vw, 460px\" \/>[\/vc_column_text][\/vc_column][\/vc_row]<\/p>\n<\/div>","protected":false},"excerpt":{"rendered":"<p>[vc_row][vc_column][vc_column_text] Le pistolet injecteur de puce \u00e9lectronique a \u00e9t\u00e9 con\u00e7u pour une pause rapide et efficace sur les animaux domestiques. Ce mod\u00e8le r\u00e9alis\u00e9 en polyamide et fibre de verre est l\u00e9ger et \u00e0 la fois r\u00e9sistant aux chocs. [\/vc_column_text][\/vc_column][\/vc_row][vc_row][vc_column width=&#8221;1\/2&#8243;][vc_column_text]Sa qualit\u00e9 ergonomique permet une bonne prise en main de celui-ci afin de facilement implanter la [&hellip;]<\/p>\n","protected":false},"author":5,"featured_media":0,"parent":24,"menu_order":45,"comment_status":"closed","ping_status":"closed","template":"","meta":[],"acf":[],"_links":{"self":[{"href":"https:\/\/www.ardes-group.com\/fr\/wp-json\/wp\/v2\/pages\/10496\/"}],"collection":[{"href":"https:\/\/www.ardes-group.com\/fr\/wp-json\/wp\/v2\/pages\/"}],"about":[{"href":"https:\/\/www.ardes-group.com\/fr\/wp-json\/wp\/v2\/types\/page\/"}],"author":[{"embeddable":true,"href":"https:\/\/www.ardes-group.com\/fr\/wp-json\/wp\/v2\/users\/5\/"}],"replies":[{"embeddable":true,"href":"https:\/\/www.ardes-group.com\/fr\/wp-json\/wp\/v2\/comments\/?post=10496"}],"version-history":[{"count":11,"href":"https:\/\/www.ardes-group.com\/fr\/wp-json\/wp\/v2\/pages\/10496\/revisions\/"}],"predecessor-version":[{"id":16230,"href":"https:\/\/www.ardes-group.com\/fr\/wp-json\/wp\/v2\/pages\/10496\/revisions\/16230\/"}],"up":[{"embeddable":true,"href":"https:\/\/www.ardes-group.com\/fr\/wp-json\/wp\/v2\/pages\/24\/"}],"wp:attachment":[{"href":"https:\/\/www.ardes-group.com\/fr\/wp-json\/wp\/v2\/media\/?parent=10496"}],"curies":[{"name":"wp","href":"https:\/\/api.w.org\/{rel}","templated":true}]}}