

{"id":10500,"date":"2019-03-29T17:40:26","date_gmt":"2019-03-29T16:40:26","guid":{"rendered":"http:\/\/www.ardes-group.com\/?page_id=10500"},"modified":"2019-12-18T16:46:02","modified_gmt":"2019-12-18T15:46:02","slug":"seringue-dinjection-chevaux","status":"publish","type":"page","link":"https:\/\/www.ardes-group.com\/fr\/gamme\/seringue-dinjection-chevaux\/","title":{"rendered":"Seringue d&#8217;injection chevaux"},"content":{"rendered":"<div class=\"pf-content\"><p>[vc_row][vc_column][vc_column_text]<\/p>\n<h3>L\u2019aiguille d\u2019injection pour chevaux est un syst\u00e8me efficace et rapide d\u2019implantation de transpondeur pour la pose de puce \u00e9lectronique.<\/h3>\n<p>[\/vc_column_text][\/vc_column][\/vc_row][vc_row][vc_column width=&#8221;1\/2&#8243;][vc_column_text]Le design ergonomique de la seringue ainsi que sa canule \u00e9troite garantissent une bonne application de la puce \u00e9lectronique tout en r\u00e9duisant le stress de l\u2019animal.<\/p>\n<p>L\u2019aiguille d\u2019injection est st\u00e9rilis\u00e9e \u00e0 l\u2019oxide \u00e9thyl\u00e8ne de gaz afin d\u2019\u00e9viter le d\u00e9veloppement de germes pour une dur\u00e9e minimum de vie de 5 ans apr\u00e8s production.<\/p>\n<p><a href=\"http:\/\/www.ardes-group.com\/fr\/blog\/produit\/seringue-dinjection-electronique-chevaux\/\" target=\"_blank\" rel=\"noopener\">Fiche technique<\/a>[\/vc_column_text][vc_column_text]<img loading=\"lazy\" class=\"size-taille-page-produit wp-image-10757 aligncenter\" src=\"http:\/\/www.ardes-group.com\/wp-content\/uploads\/2019\/03\/aiguille-et-puce2-e1551718077650-460x383.jpg\" alt=\"\" width=\"460\" height=\"383\" \/>[\/vc_column_text][vc_row_inner][vc_column_inner][vc_column_text]<\/p>\n<p>La fine canule en acier inoxydable taill\u00e9e en facettes assure donc une injection pr\u00e9cise et rapide.<\/p>\n<p>Cette seringue \u00e0 usage unique r\u00e9pondant aux normes ISO 11784\/85 est compos\u00e9e du corps de seringue et de la canule, ceux-ci \u00e9tant s\u00e9parables.[\/vc_column_text][\/vc_column_inner][\/vc_row_inner][vc_column_text]<img loading=\"lazy\" class=\"aligncenter wp-image-10507 size-medium\" src=\"http:\/\/www.ardes-group.com\/wp-content\/uploads\/2019\/02\/puce-gros-plan-e1551274868945-112x300.jpg\" alt=\"\" width=\"112\" height=\"300\" srcset=\"https:\/\/www.ardes-group.com\/wp-content\/uploads\/2019\/02\/puce-gros-plan-e1551274868945-112x300.jpg 112w, https:\/\/www.ardes-group.com\/wp-content\/uploads\/2019\/02\/puce-gros-plan-e1551274868945-768x2058.jpg 768w, https:\/\/www.ardes-group.com\/wp-content\/uploads\/2019\/02\/puce-gros-plan-e1551274868945-382x1024.jpg 382w, https:\/\/www.ardes-group.com\/wp-content\/uploads\/2019\/02\/puce-gros-plan-e1551274868945-52x139.jpg 52w, https:\/\/www.ardes-group.com\/wp-content\/uploads\/2019\/02\/puce-gros-plan-e1551274868945-216x580.jpg 216w, https:\/\/www.ardes-group.com\/wp-content\/uploads\/2019\/02\/puce-gros-plan-e1551274868945.jpg 845w\" sizes=\"(max-width: 112px) 100vw, 112px\" \/>[\/vc_column_text][\/vc_column][vc_column width=&#8221;1\/2&#8243;][vc_column_text]<img loading=\"lazy\" class=\"size-taille-page-produit wp-image-10385 aligncenter\" src=\"http:\/\/www.ardes-group.com\/wp-content\/uploads\/2019\/02\/puce-1-e1551188428518-263x580.jpg\" alt=\"\" width=\"263\" height=\"580\" srcset=\"https:\/\/www.ardes-group.com\/wp-content\/uploads\/2019\/02\/puce-1-e1551188428518-263x580.jpg 263w, https:\/\/www.ardes-group.com\/wp-content\/uploads\/2019\/02\/puce-1-e1551188428518-136x300.jpg 136w, https:\/\/www.ardes-group.com\/wp-content\/uploads\/2019\/02\/puce-1-e1551188428518-768x1693.jpg 768w, https:\/\/www.ardes-group.com\/wp-content\/uploads\/2019\/02\/puce-1-e1551188428518-464x1024.jpg 464w, https:\/\/www.ardes-group.com\/wp-content\/uploads\/2019\/02\/puce-1-e1551188428518-63x139.jpg 63w, https:\/\/www.ardes-group.com\/wp-content\/uploads\/2019\/02\/puce-1-e1551188428518.jpg 1259w\" sizes=\"(max-width: 263px) 100vw, 263px\" \/>[\/vc_column_text][vc_row_inner][vc_column_inner][vc_column_text]<\/p>\n<p>&nbsp;<\/p>\n<p>&nbsp;<\/p>\n<p>&nbsp;<\/p>\n<p>[\/vc_column_text][vc_column_text]<\/p>\n<h2><strong>Les avantages <\/strong><\/h2>\n<ul>\n<li>\u00a0Injection pr\u00e9cise et rapide<\/li>\n<li>Gestion du stress de l\u2019animal<\/li>\n<li>St\u00e9rilisation de l\u2019ensemble de l\u2019aiguille<\/li>\n<li>Normes ISO 11784\/85<\/li>\n<\/ul>\n<p>&nbsp;<\/p>\n<p><a href=\"http:\/\/www.ardes-group.com\/fr\/contact-produits\/\" target=\"_blank\" rel=\"noopener\">Contactez-nous<\/a>[\/vc_column_text][\/vc_column_inner][\/vc_row_inner][\/vc_column][\/vc_row]<\/p>\n<\/div>","protected":false},"excerpt":{"rendered":"<p>[vc_row][vc_column][vc_column_text] L\u2019aiguille d\u2019injection pour chevaux est un syst\u00e8me efficace et rapide d\u2019implantation de transpondeur pour la pose de puce \u00e9lectronique. [\/vc_column_text][\/vc_column][\/vc_row][vc_row][vc_column width=&#8221;1\/2&#8243;][vc_column_text]Le design ergonomique de la seringue ainsi que sa canule \u00e9troite garantissent une bonne application de la puce \u00e9lectronique tout en r\u00e9duisant le stress de l\u2019animal. L\u2019aiguille d\u2019injection est st\u00e9rilis\u00e9e \u00e0 l\u2019oxide \u00e9thyl\u00e8ne de [&hellip;]<\/p>\n","protected":false},"author":5,"featured_media":0,"parent":24,"menu_order":38,"comment_status":"closed","ping_status":"closed","template":"","meta":[],"acf":[],"_links":{"self":[{"href":"https:\/\/www.ardes-group.com\/fr\/wp-json\/wp\/v2\/pages\/10500\/"}],"collection":[{"href":"https:\/\/www.ardes-group.com\/fr\/wp-json\/wp\/v2\/pages\/"}],"about":[{"href":"https:\/\/www.ardes-group.com\/fr\/wp-json\/wp\/v2\/types\/page\/"}],"author":[{"embeddable":true,"href":"https:\/\/www.ardes-group.com\/fr\/wp-json\/wp\/v2\/users\/5\/"}],"replies":[{"embeddable":true,"href":"https:\/\/www.ardes-group.com\/fr\/wp-json\/wp\/v2\/comments\/?post=10500"}],"version-history":[{"count":10,"href":"https:\/\/www.ardes-group.com\/fr\/wp-json\/wp\/v2\/pages\/10500\/revisions\/"}],"predecessor-version":[{"id":16229,"href":"https:\/\/www.ardes-group.com\/fr\/wp-json\/wp\/v2\/pages\/10500\/revisions\/16229\/"}],"up":[{"embeddable":true,"href":"https:\/\/www.ardes-group.com\/fr\/wp-json\/wp\/v2\/pages\/24\/"}],"wp:attachment":[{"href":"https:\/\/www.ardes-group.com\/fr\/wp-json\/wp\/v2\/media\/?parent=10500"}],"curies":[{"name":"wp","href":"https:\/\/api.w.org\/{rel}","templated":true}]}}