

{"id":140,"date":"2014-05-21T12:24:08","date_gmt":"2014-05-21T11:24:08","guid":{"rendered":"http:\/\/www.ardes-group.com\/gamme-test\/pistolets-doseurs\/"},"modified":"2023-09-25T14:21:25","modified_gmt":"2023-09-25T13:21:25","slug":"pistolets-drogueurs","status":"publish","type":"page","link":"https:\/\/www.ardes-group.com\/fr\/gamme\/pistolets-drogueurs\/","title":{"rendered":"Pistolets drogueurs"},"content":{"rendered":"<div class=\"pf-content\"><p>[vc_row][vc_column width=&#8221;1\/2&#8243;][vc_column_text]<\/p>\n<h2>Pistolets drogueurs r\u00e9glables \u00e0 usage v\u00e9t\u00e9rinaire<\/h2>\n<p>Depuis plus de quarante ans, ARDES con\u00e7oit et fabrique en France des pistolets drogueurs r\u00e9glables, offrant une performance \u00e9lev\u00e9e, reconnue dans le monde par les \u00e9leveurs et les v\u00e9t\u00e9rinaires.<\/p>\n<h3>Une expertise \u00e0 l\u2019\u00e9coute de vos besoins<\/h3>\n<p>Les pistolets drogueurs ARDES assurent une utilisation intensive. Ils permettent une pr\u00e9cision de l\u2019administration de solutions antiparasitaires, de soins de l\u2019appareil digestif ou nutritionnelles. Nous proposons deux pistolets drogueurs de 60ml et 150ml destin\u00e9s aux ovins, caprins, bovins mais aussi aux porcins.[\/vc_column_text][\/vc_column][vc_column width=&#8221;1\/2&#8243;][vc_single_image image=&#8221;715&#8243; img_size=&#8221;medium&#8221; alignment=&#8221;right&#8221; img_link_large=&#8221;yes&#8221;][\/vc_column][\/vc_row][vc_row][vc_column][vc_column_text]<\/p>\n<h2>Nos avantages<\/h2>\n<p><strong>\u00a0<\/strong>Les pistolets drogueurs ARDES sont \u00e9labor\u00e9s \u00e0 partir de mat\u00e9riaux scrupuleusement s\u00e9lectionn\u00e9s et subissent, \u00e0 chaque \u00e9tape de la production, un contr\u00f4le qualit\u00e9. Gr\u00e2ce \u00e0 cet engagement et \u00e0 cette rigueur, les pistolets drogueurs ARDES offrent trois caract\u00e9ristiques primordiales \u00e0 un pistolet drogueur de haute performance.[\/vc_column_text][\/vc_column][\/vc_row][vc_row][vc_column width=&#8221;1\/2&#8243;][vc_column_text]<\/p>\n<h3>Durabilit\u00e9 :<\/h3>\n<p>Les pistolets drogueurs ARDES d\u00e9livrent une durabilit\u00e9 n\u00e9cessaire \u00e0 l\u2019utilisation intensive des \u00e9leveurs et v\u00e9t\u00e9rinaires.[\/vc_column_text][vc_accordion active_tab=&#8221;false&#8221; collapsible=&#8221;yes&#8221;][vc_accordion_tab title=&#8221;Incassable&#8221;][vc_column_text]D\u2019une part, les liaisons qui subissent de fortes contraintes, par exemple la liaison cuve-canule, ont \u00e9t\u00e9 particuli\u00e8rement soign\u00e9es. D\u2019autre part, les mati\u00e8res plastiques sont scrupuleusement s\u00e9lectionn\u00e9es pour garantir une r\u00e9sistance m\u00e9canique \u00e9lev\u00e9e.[\/vc_column_text][\/vc_accordion_tab][vc_accordion_tab title=&#8221;R\u00e9sistance&#8221;][vc_column_text]R\u00e9sistance \u00e0 tous les produits pharmaceutiques m\u00eame les plus corrosifs et aux contraintes climatiques (U.V).[\/vc_column_text][\/vc_accordion_tab][vc_accordion_tab title=&#8221;Maintenance et entretien&#8221;][vc_column_text]Maintenance et entretien facilit\u00e9s gr\u00e2ce \u00e0 la possibilit\u00e9 de d\u00e9monter enti\u00e8rement le produit. Cela permet d\u2019augmenter la dur\u00e9e de vie des pistolets drogueurs ARDES.[\/vc_column_text][\/vc_accordion_tab][\/vc_accordion][vc_column_text]<\/p>\n<h3 style=\"text-align: justify;\">Fiabilit\u00e9<\/h3>\n<p style=\"text-align: justify;\">Les pistolets drogueurs ARDES ont \u00e9t\u00e9 con\u00e7us pour pr\u00e9senter une fiabilit\u00e9 \u00e0 chaque utilisation.<\/p>\n<p>[\/vc_column_text][vc_accordion active_tab=&#8221;false&#8221; collapsible=&#8221;yes&#8221;][vc_accordion_tab title=&#8221;Haute pr\u00e9cision du dosage&#8221;][vc_column_text]Haute pr\u00e9cision du dosage. D\u2019une part, gr\u00e2ce \u00e0 une graduation ind\u00e9l\u00e9bile qui permet une lisibilit\u00e9 sans effort. D\u2019autre part, gr\u00e2ce \u00e0 un r\u00e9glage pr\u00e9cis avec rotation de la poign\u00e9e de 5ml \u00e0 60ml.[\/vc_column_text][\/vc_accordion_tab][vc_accordion_tab title=&#8221;Injection sans fuite&#8221;][vc_column_text]Injection sans fuite garantit par un joint silicone de haute qualit\u00e9, anti-adh\u00e9rent et hydrophobe, r\u00e9pondant aux exigences des normes alimentaires.[\/vc_column_text][\/vc_accordion_tab][vc_accordion_tab title=&#8221;Administration totale du produit&#8221;][vc_column_text]Administration totale du produit dans la bouche de l\u2019animal. Ceci gr\u00e2ce \u00e0 une canule de longueur optimale et coud\u00e9e \u00e0 25\u00b0.[\/vc_column_text][\/vc_accordion_tab][\/vc_accordion][vc_column_text]<\/p>\n<h3>Confort<\/h3>\n<p style=\"text-align: justify;\">Les pistolets drogueurs ARDES ont \u00e9t\u00e9 con\u00e7us pour une prise en main intuitive et une utilisation sans effort.<\/p>\n<p>[\/vc_column_text][vc_accordion active_tab=&#8221;false&#8221; collapsible=&#8221;yes&#8221;][vc_accordion_tab title=&#8221;Sans effort&#8221;][vc_column_text]Sans effort gr\u00e2ce un joint de qualit\u00e9 et des pistolets drogueurs livr\u00e9s silicon\u00e9s permettant une injection avec douceur. De plus, ARDES propose des dosettes silicones pour lubrifier le joint apr\u00e8s utilisation.[\/vc_column_text][\/vc_accordion_tab][vc_accordion_tab title=&#8221;Facilit\u00e9&#8221;][vc_column_text]Facilit\u00e9 gr\u00e2ce \u00e0 une canule coud\u00e9e \u00e0 25\u00b0 permettant d\u2019administrer le contenu dans une position id\u00e9ale.[\/vc_column_text][\/vc_accordion_tab][vc_accordion_tab title=&#8221;Simplicit\u00e9&#8221;][vc_column_text]Simplicit\u00e9 du r\u00e9glage par rotation de la poign\u00e9e.[\/vc_column_text][\/vc_accordion_tab][\/vc_accordion][\/vc_column][vc_column width=&#8221;1\/2&#8243;][vc_column_text]<\/p>\n<p style=\"text-align: center; padding-left: 120px;\"><a href=\"http:\/\/www.ardes-group.com\/wp-content\/uploads\/2014\/05\/gros-plan-graduation-150ml-e1402996491129.jpg\"><img loading=\"lazy\" decoding=\"async\" class=\"alignnone size-taille-page-produit wp-image-717\" src=\"http:\/\/www.ardes-group.com\/wp-content\/uploads\/2014\/05\/gros-plan-graduation-150ml-e1402996491129-460x307.jpg\" alt=\"gros plan graduation 150ml\" width=\"460\" height=\"307\" srcset=\"https:\/\/www.ardes-group.com\/wp-content\/uploads\/2014\/05\/gros-plan-graduation-150ml-e1402996491129-460x307.jpg 460w, https:\/\/www.ardes-group.com\/wp-content\/uploads\/2014\/05\/gros-plan-graduation-150ml-e1402996491129-300x200.jpg 300w, https:\/\/www.ardes-group.com\/wp-content\/uploads\/2014\/05\/gros-plan-graduation-150ml-e1402996491129-1024x684.jpg 1024w, https:\/\/www.ardes-group.com\/wp-content\/uploads\/2014\/05\/gros-plan-graduation-150ml-e1402996491129-111x74.jpg 111w\" sizes=\"auto, (max-width: 460px) 100vw, 460px\" \/><\/a><\/p>\n<p>[\/vc_column_text][vc_row_inner][vc_column_inner][vc_column_text][\/vc_column_text][\/vc_column_inner][\/vc_row_inner][vc_row_inner][vc_column_inner][vc_single_image image=&#8221;1539&#8243; img_size=&#8221;medium&#8221; alignment=&#8221;right&#8221;][\/vc_column_inner][\/vc_row_inner][\/vc_column][\/vc_row][vc_row][vc_column][vc_column_text]<\/p>\n<h2>Nos conseils<\/h2>\n<p>Pour une fiabilit\u00e9 et le respect de la sant\u00e9 de l\u2019animal \u00e0 chaque utilisation de votre pistolet drogueur, ARDES conseille trois \u00e9tapes \u00e0 respecter. Afin de faciliter ces \u00e9tapes, l\u2019ensemble des pistolets drogueurs ARDES sont enti\u00e8rement d\u00e9montables.<br \/>\n&#8211; D\u00e9sinfection apr\u00e8s chaque utilisation \u00e0 l\u2019aide d\u2019une solution \u00e0 base d\u2019eau et d\u2019un d\u00e9sinfectant. Pour cela, il est conseill\u00e9 de d\u00e9monter le pistolet drogueur afin de bien nettoyer et d\u00e9sinfecter chaque partie de celle-ci.<br \/>\n&#8211; Lubrification du joint afin d\u2019augmenter la dur\u00e9e de vie de ce dernier et la fiabilit\u00e9 du pistolet drogueur. En effet, cela permet, d\u2019une part, une meilleure pr\u00e9cision avec un dosage en douceur et, d\u2019autre part, de r\u00e9duire le frottement entre le joint et la cuve du pistolet drogueur et donc l\u2019usure du joint. ARDES fournit \u00e9galement des dosettes silicones con\u00e7ues pour une application pr\u00e9cise sur les joints<br \/>\n<a title=\"Supports \u00e0 t\u00e9l\u00e9charger\" href=\"http:\/\/www.ardes-group.com\/fr\/conseils-outils\/supports-a-telecharger\/\" target=\"_blank\" rel=\"noopener\">\u00a0\u00abbonnes pratiques \u00bb mat\u00e9riel d\u2019injection<\/a><br \/>\n<a title=\"Accessoires mat\u00e9riel d\u2019injection\" href=\"http:\/\/www.ardes-group.com\/fr\/gamme\/accessoires-injection\" target=\"_blank\" rel=\"noopener\">Page accessoire mat\u00e9riel d\u2019injection<\/a>[\/vc_column_text][\/vc_column][\/vc_row]<\/p>\n<\/div>","protected":false},"excerpt":{"rendered":"<p>[vc_row][vc_column width=&#8221;1\/2&#8243;][vc_column_text] Pistolets drogueurs r\u00e9glables \u00e0 usage v\u00e9t\u00e9rinaire Depuis plus de quarante ans, ARDES con\u00e7oit et fabrique en France des pistolets drogueurs r\u00e9glables, offrant une performance \u00e9lev\u00e9e, reconnue dans le monde par les \u00e9leveurs et les v\u00e9t\u00e9rinaires. Une expertise \u00e0 l\u2019\u00e9coute de vos besoins Les pistolets drogueurs ARDES assurent une utilisation intensive. Ils permettent une [&hellip;]<\/p>\n","protected":false},"author":4,"featured_media":0,"parent":24,"menu_order":44,"comment_status":"closed","ping_status":"closed","template":"","meta":{"footnotes":""},"class_list":["post-140","page","type-page","status-publish","hentry"],"acf":[],"_links":{"self":[{"href":"https:\/\/www.ardes-group.com\/fr\/wp-json\/wp\/v2\/pages\/140\/"}],"collection":[{"href":"https:\/\/www.ardes-group.com\/fr\/wp-json\/wp\/v2\/pages\/"}],"about":[{"href":"https:\/\/www.ardes-group.com\/fr\/wp-json\/wp\/v2\/types\/page\/"}],"author":[{"embeddable":true,"href":"https:\/\/www.ardes-group.com\/fr\/wp-json\/wp\/v2\/users\/4\/"}],"replies":[{"embeddable":true,"href":"https:\/\/www.ardes-group.com\/fr\/wp-json\/wp\/v2\/comments\/?post=140"}],"version-history":[{"count":4,"href":"https:\/\/www.ardes-group.com\/fr\/wp-json\/wp\/v2\/pages\/140\/revisions\/"}],"predecessor-version":[{"id":18979,"href":"https:\/\/www.ardes-group.com\/fr\/wp-json\/wp\/v2\/pages\/140\/revisions\/18979\/"}],"up":[{"embeddable":true,"href":"https:\/\/www.ardes-group.com\/fr\/wp-json\/wp\/v2\/pages\/24\/"}],"wp:attachment":[{"href":"https:\/\/www.ardes-group.com\/fr\/wp-json\/wp\/v2\/media\/?parent=140"}],"curies":[{"name":"wp","href":"https:\/\/api.w.org\/{rel}","templated":true}]}}