

{"id":15651,"date":"2019-04-01T10:55:03","date_gmt":"2019-04-01T09:55:03","guid":{"rendered":"http:\/\/www.ardes-group.com\/?page_id=15651"},"modified":"2026-01-02T10:27:28","modified_gmt":"2026-01-02T09:27:28","slug":"produits-chien-chat-cheval","status":"publish","type":"page","link":"https:\/\/www.ardes-group.com\/fr\/gamme\/produits-chien-chat-cheval\/","title":{"rendered":"Puce RFID Implantable"},"content":{"rendered":"<div class=\"pf-content\"><p>[vc_row][vc_column][vc_row_inner][vc_column_inner][vc_column_text]<\/p>\n<h1 style=\"text-align: left;\">PUCE RFID IMPLANTABLE<\/h1>\n<p>[\/vc_column_text][\/vc_column_inner][\/vc_row_inner][\/vc_column][\/vc_row][vc_row][vc_column width=&#8221;2\/3&#8243;][vc_column_text]<strong>Depuis plus de 50 ans, ARDES est une r\u00e9f\u00e9rence incontournable dans le domaine de l&#8217;identification animale.<\/strong>[\/vc_column_text][vc_column_text][\/vc_column_text][vc_column_text]Entreprise familiale fond\u00e9e sur des valeurs d&#8217;excellence et d&#8217;innovation, nous avons d\u00e9velopp\u00e9 au fil des d\u00e9cennies une expertise reconnue qui nous permet aujourd&#8217;hui de proposer des solutions d&#8217;identification \u00e9lectronique haut de gamme.[\/vc_column_text][vc_column_text][\/vc_column_text][vc_column_text]En collaboration \u00e9troite avec notre partenaire historique allemand, leader europ\u00e9en dans le domaine de la radiofr\u00e9quence, nous avons con\u00e7u et d\u00e9velopp\u00e9 une gamme compl\u00e8te de micropuces RFID implantables qui r\u00e9pond aux exigences des normes internationales.[\/vc_column_text][vc_column_text][\/vc_column_text][vc_column_text]Cette collaboration fructueuse nous permet de combiner le savoir-faire fran\u00e7ais en mati\u00e8re d&#8217;identification animale avec la technologie haut de gamme allemande en \u00e9lectronique RFID.[\/vc_column_text][vc_column_text]<\/p>\n<p>&nbsp;<\/p>\n<p>[\/vc_column_text][vc_column_text]<\/p>\n<div>\n<h2>Une large Gamme<\/h2>\n<h2>\u00e0 l\u2019\u00e9coute des besoins<\/h2>\n<\/div>\n<p>[\/vc_column_text][\/vc_column][vc_column width=&#8221;1\/3&#8243;][vc_column_text]<img loading=\"lazy\" class=\"wp-image-19459 size-taille-page-produit alignright\" src=\"https:\/\/www.ardes-group.com\/wp-content\/uploads\/2025\/12\/image-seringue-et-puce-redimensionnee-387x580.png\" alt=\"\" width=\"387\" height=\"580\" srcset=\"https:\/\/www.ardes-group.com\/wp-content\/uploads\/2025\/12\/image-seringue-et-puce-redimensionnee-387x580.png 387w, https:\/\/www.ardes-group.com\/wp-content\/uploads\/2025\/12\/image-seringue-et-puce-redimensionnee-200x300.png 200w, https:\/\/www.ardes-group.com\/wp-content\/uploads\/2025\/12\/image-seringue-et-puce-redimensionnee-93x139.png 93w, https:\/\/www.ardes-group.com\/wp-content\/uploads\/2025\/12\/image-seringue-et-puce-redimensionnee.png 594w\" sizes=\"(max-width: 387px) 100vw, 387px\" \/>[\/vc_column_text][\/vc_column][\/vc_row][vc_row][vc_column width=&#8221;1\/2&#8243;][vc_column_text]<img loading=\"lazy\" class=\"aligncenter size-large wp-image-19479\" src=\"https:\/\/www.ardes-group.com\/wp-content\/uploads\/2025\/12\/chatgpt-image-17-dec--2025-a-15_27_55-1024x683.jpg\" alt=\"\" width=\"1024\" height=\"683\" srcset=\"https:\/\/www.ardes-group.com\/wp-content\/uploads\/2025\/12\/chatgpt-image-17-dec--2025-a-15_27_55-1024x683.jpg 1024w, https:\/\/www.ardes-group.com\/wp-content\/uploads\/2025\/12\/chatgpt-image-17-dec--2025-a-15_27_55-300x200.jpg 300w, https:\/\/www.ardes-group.com\/wp-content\/uploads\/2025\/12\/chatgpt-image-17-dec--2025-a-15_27_55-768x512.jpg 768w, https:\/\/www.ardes-group.com\/wp-content\/uploads\/2025\/12\/chatgpt-image-17-dec--2025-a-15_27_55-111x74.jpg 111w, https:\/\/www.ardes-group.com\/wp-content\/uploads\/2025\/12\/chatgpt-image-17-dec--2025-a-15_27_55-460x307.jpg 460w, https:\/\/www.ardes-group.com\/wp-content\/uploads\/2025\/12\/chatgpt-image-17-dec--2025-a-15_27_55.jpg 1536w\" sizes=\"(max-width: 1024px) 100vw, 1024px\" \/>[\/vc_column_text][\/vc_column][vc_column width=&#8221;1\/2&#8243;][vc_column_text][\/vc_column_text][vc_column_text]<\/p>\n<p style=\"font-weight: 400;\">Parce que chaque esp\u00e8ce, chaque situation d\u2019implantation et chaque professionnel a des besoins sp\u00e9cifiques,<\/p>\n<p>[\/vc_column_text][vc_column_text][\/vc_column_text][vc_column_text]<\/p>\n<p style=\"font-weight: 400;\">ARDES a con\u00e7u une gamme compl\u00e8te pens\u00e9e pour offrir pr\u00e9cision, s\u00e9curit\u00e9 et efficacit\u00e9 en toutes circonstances.<\/p>\n<p>[\/vc_column_text][vc_column_text][\/vc_column_text][vc_column_text]Nos solutions couvrent l\u2019ensemble du processus d\u2019identification de la micropuce \u00e0 l\u2019applicateur, jusqu\u2019au lecteur afin de garantir une tra\u00e7abilit\u00e9 fluide et fiable \u00e0 chaque \u00e9tape.[\/vc_column_text][\/vc_column][\/vc_row][vc_row][vc_column][vc_column_text]<\/p>\n<div>\n<h3>Un Engagement Sans Compromis pour la Qualit\u00e9 et la S\u00e9curit\u00e9<\/h3>\n<p style=\"font-weight: 400;\">Chez ARDES, la qualit\u00e9 n&#8217;est pas un objectif, c&#8217;est une exigence fondamentale qui guide chacune de nos actions.<\/p>\n<p style=\"font-weight: 400;\">Nous avons mis en place des processus de fabrication des protocoles de contr\u00f4le rigoureux et qui garantissent l&#8217;excellence de nos produits.<\/p>\n<\/div>\n<p>[\/vc_column_text][\/vc_column][\/vc_row][vc_row][vc_column width=&#8221;1\/2&#8243;][vc_column_text]<\/p>\n<h4>Fiabilit\u00e9 absolue \u2013 Z\u00e9ro d\u00e9faillance<\/h4>\n<p>Chaque micropuce est test\u00e9e une par une. R\u00e9sultat : un taux de d\u00e9faillance nul et une tranquillit\u00e9 d\u2019esprit totale pour les actes d\u2019identification.<\/p>\n<div><\/div>\n<div><\/div>\n<p>[\/vc_column_text][vc_column_text][\/vc_column_text][vc_column_text]<\/p>\n<h4><b>Certification ICAR \u2013 La garantie internationale<\/b><\/h4>\n<p>Nos transpondeurs certifi\u00e9s ICAR, conformes aux normes ISO 11784\/11785 FDX-B, assurent une compatibilit\u00e9 parfaite avec tous les lecteurs.<\/p>\n<div><\/div>\n<div><\/div>\n<p>[\/vc_column_text][vc_column_text][\/vc_column_text][vc_row_inner][vc_column_inner width=&#8221;1\/2&#8243;][vc_column_text]<img loading=\"lazy\" class=\"wp-image-19549 size-thumbnail aligncenter\" src=\"https:\/\/www.ardes-group.com\/wp-content\/uploads\/2025\/12\/chatgpt-image-10-dec--2025-a-11_15_18-150x150.jpg\" alt=\"\" width=\"150\" height=\"150\" srcset=\"https:\/\/www.ardes-group.com\/wp-content\/uploads\/2025\/12\/chatgpt-image-10-dec--2025-a-11_15_18-150x150.jpg 150w, https:\/\/www.ardes-group.com\/wp-content\/uploads\/2025\/12\/chatgpt-image-10-dec--2025-a-11_15_18-300x300.jpg 300w, https:\/\/www.ardes-group.com\/wp-content\/uploads\/2025\/12\/chatgpt-image-10-dec--2025-a-11_15_18.jpg 1024w, https:\/\/www.ardes-group.com\/wp-content\/uploads\/2025\/12\/chatgpt-image-10-dec--2025-a-11_15_18-768x768.jpg 768w, https:\/\/www.ardes-group.com\/wp-content\/uploads\/2025\/12\/chatgpt-image-10-dec--2025-a-11_15_18-111x111.jpg 111w, https:\/\/www.ardes-group.com\/wp-content\/uploads\/2025\/12\/chatgpt-image-10-dec--2025-a-11_15_18-460x460.jpg 460w\" sizes=\"(max-width: 150px) 100vw, 150px\" \/>[\/vc_column_text][\/vc_column_inner][vc_column_inner width=&#8221;1\/2&#8243;][vc_column_text]<img loading=\"lazy\" class=\"aligncenter size-medium wp-image-19579\" src=\"https:\/\/www.ardes-group.com\/wp-content\/uploads\/2025\/12\/tutos-300x85.jpg\" alt=\"\" width=\"300\" height=\"85\" srcset=\"https:\/\/www.ardes-group.com\/wp-content\/uploads\/2025\/12\/tutos-300x85.jpg 300w, https:\/\/www.ardes-group.com\/wp-content\/uploads\/2025\/12\/tutos-111x32.jpg 111w, https:\/\/www.ardes-group.com\/wp-content\/uploads\/2025\/12\/tutos-460x131.jpg 460w, https:\/\/www.ardes-group.com\/wp-content\/uploads\/2025\/12\/tutos.jpg 468w\" sizes=\"(max-width: 300px) 100vw, 300px\" \/>[\/vc_column_text][\/vc_column_inner][\/vc_row_inner][\/vc_column][vc_column width=&#8221;1\/2&#8243;][vc_column_text]<img loading=\"lazy\" class=\"aligncenter wp-image-19451 size-taille-page-produit\" src=\"https:\/\/www.ardes-group.com\/wp-content\/uploads\/2025\/12\/chatgpt-image-10-dec--2025-a-11_05_34-460x307.jpg\" alt=\"\" width=\"460\" height=\"307\" srcset=\"https:\/\/www.ardes-group.com\/wp-content\/uploads\/2025\/12\/chatgpt-image-10-dec--2025-a-11_05_34-460x307.jpg 460w, https:\/\/www.ardes-group.com\/wp-content\/uploads\/2025\/12\/chatgpt-image-10-dec--2025-a-11_05_34-300x200.jpg 300w, https:\/\/www.ardes-group.com\/wp-content\/uploads\/2025\/12\/chatgpt-image-10-dec--2025-a-11_05_34-1024x683.jpg 1024w, https:\/\/www.ardes-group.com\/wp-content\/uploads\/2025\/12\/chatgpt-image-10-dec--2025-a-11_05_34-768x512.jpg 768w, https:\/\/www.ardes-group.com\/wp-content\/uploads\/2025\/12\/chatgpt-image-10-dec--2025-a-11_05_34-111x74.jpg 111w, https:\/\/www.ardes-group.com\/wp-content\/uploads\/2025\/12\/chatgpt-image-10-dec--2025-a-11_05_34.jpg 1536w\" sizes=\"(max-width: 460px) 100vw, 460px\" \/>[\/vc_column_text][\/vc_column][\/vc_row][vc_row][vc_column][vc_column_text]<\/p>\n<h4>Aiguilles Premium \u2013 Confort pour l\u2019animal, s\u00e9r\u00e9nit\u00e9 de la pratique<\/h4>\n<p>Nos aiguilles m\u00e9dicales 15G en acier inoxydable ISO 9626\/1991 offrent une insertion douce et pr\u00e9cise. Moins de stress pour l\u2019animal, plus d\u2019efficacit\u00e9 pour le praticien.[\/vc_column_text][vc_column_text]<\/p>\n<h4><b>St\u00e9rilisation garantie 5 ans \u2013 S\u00e9curit\u00e9 totale<\/b><\/h4>\n<p>St\u00e9rilisation \u00e0 l\u2019oxyde d\u2019\u00e9thyl\u00e8ne selon la norme ISO 11135-1, avec t\u00e9moin visible sur chaque blister. \u00a0\u00a0Le v\u00e9t\u00e9rinaire travaille avec un mat\u00e9riel s\u00fbr, pr\u00eat \u00e0 l\u2019emploi, fiable jusqu\u2019\u00e0 5 ans.[\/vc_column_text][\/vc_column][\/vc_row][vc_row][vc_column width=&#8221;1\/3&#8243;][vc_column_text]<img loading=\"lazy\" class=\"aligncenter size-full wp-image-19485\" src=\"https:\/\/www.ardes-group.com\/wp-content\/uploads\/2025\/12\/veto-et-applicateur-copie.jpg\" alt=\"\" width=\"920\" height=\"600\" srcset=\"https:\/\/www.ardes-group.com\/wp-content\/uploads\/2025\/12\/veto-et-applicateur-copie.jpg 920w, https:\/\/www.ardes-group.com\/wp-content\/uploads\/2025\/12\/veto-et-applicateur-copie-300x196.jpg 300w, https:\/\/www.ardes-group.com\/wp-content\/uploads\/2025\/12\/veto-et-applicateur-copie-768x501.jpg 768w, https:\/\/www.ardes-group.com\/wp-content\/uploads\/2025\/12\/veto-et-applicateur-copie-111x72.jpg 111w, https:\/\/www.ardes-group.com\/wp-content\/uploads\/2025\/12\/veto-et-applicateur-copie-460x300.jpg 460w\" sizes=\"(max-width: 920px) 100vw, 920px\" \/>[\/vc_column_text][\/vc_column][vc_column width=&#8221;1\/3&#8243;][vc_column_text]<img loading=\"lazy\" class=\"aligncenter wp-image-19528\" src=\"https:\/\/www.ardes-group.com\/wp-content\/uploads\/2025\/12\/veto-applicateur-et-chat-copie-2-1.jpg\" alt=\"\" width=\"960\" height=\"608\" srcset=\"https:\/\/www.ardes-group.com\/wp-content\/uploads\/2025\/12\/veto-applicateur-et-chat-copie-2-1.jpg 920w, https:\/\/www.ardes-group.com\/wp-content\/uploads\/2025\/12\/veto-applicateur-et-chat-copie-2-1-300x190.jpg 300w, https:\/\/www.ardes-group.com\/wp-content\/uploads\/2025\/12\/veto-applicateur-et-chat-copie-2-1-768x487.jpg 768w, https:\/\/www.ardes-group.com\/wp-content\/uploads\/2025\/12\/veto-applicateur-et-chat-copie-2-1-111x70.jpg 111w, https:\/\/www.ardes-group.com\/wp-content\/uploads\/2025\/12\/veto-applicateur-et-chat-copie-2-1-460x292.jpg 460w\" sizes=\"(max-width: 960px) 100vw, 960px\" \/>[\/vc_column_text][\/vc_column][vc_column width=&#8221;1\/3&#8243;][vc_column_text]<img loading=\"lazy\" class=\"aligncenter wp-image-19497 size-full\" src=\"https:\/\/www.ardes-group.com\/wp-content\/uploads\/2025\/12\/chatgpt-image-17-dec--2025-a-15_35_23.jpg\" alt=\"\" width=\"1536\" height=\"1024\" srcset=\"https:\/\/www.ardes-group.com\/wp-content\/uploads\/2025\/12\/chatgpt-image-17-dec--2025-a-15_35_23.jpg 1536w, https:\/\/www.ardes-group.com\/wp-content\/uploads\/2025\/12\/chatgpt-image-17-dec--2025-a-15_35_23-300x200.jpg 300w, https:\/\/www.ardes-group.com\/wp-content\/uploads\/2025\/12\/chatgpt-image-17-dec--2025-a-15_35_23-1024x683.jpg 1024w, https:\/\/www.ardes-group.com\/wp-content\/uploads\/2025\/12\/chatgpt-image-17-dec--2025-a-15_35_23-768x512.jpg 768w, https:\/\/www.ardes-group.com\/wp-content\/uploads\/2025\/12\/chatgpt-image-17-dec--2025-a-15_35_23-111x74.jpg 111w, https:\/\/www.ardes-group.com\/wp-content\/uploads\/2025\/12\/chatgpt-image-17-dec--2025-a-15_35_23-460x307.jpg 460w\" sizes=\"(max-width: 1536px) 100vw, 1536px\" \/>[\/vc_column_text][\/vc_column][\/vc_row][vc_row][vc_column][vc_column_text][\/vc_column_text][\/vc_column][\/vc_row]<\/p>\n<\/div>","protected":false},"excerpt":{"rendered":"<p>[vc_row][vc_column][vc_row_inner][vc_column_inner][vc_column_text] PUCE RFID IMPLANTABLE [\/vc_column_text][\/vc_column_inner][\/vc_row_inner][\/vc_column][\/vc_row][vc_row][vc_column width=&#8221;2\/3&#8243;][vc_column_text]Depuis plus de 50 ans, ARDES est une r\u00e9f\u00e9rence incontournable dans le domaine de l&#8217;identification animale.[\/vc_column_text][vc_column_text][\/vc_column_text][vc_column_text]Entreprise familiale fond\u00e9e sur des valeurs d&#8217;excellence et d&#8217;innovation, nous avons d\u00e9velopp\u00e9 au fil des d\u00e9cennies une expertise reconnue qui nous permet aujourd&#8217;hui de proposer des solutions d&#8217;identification \u00e9lectronique haut de gamme.[\/vc_column_text][vc_column_text][\/vc_column_text][vc_column_text]En collaboration \u00e9troite avec [&hellip;]<\/p>\n","protected":false},"author":5,"featured_media":0,"parent":24,"menu_order":36,"comment_status":"closed","ping_status":"closed","template":"","meta":[],"acf":[],"_links":{"self":[{"href":"https:\/\/www.ardes-group.com\/fr\/wp-json\/wp\/v2\/pages\/15651\/"}],"collection":[{"href":"https:\/\/www.ardes-group.com\/fr\/wp-json\/wp\/v2\/pages\/"}],"about":[{"href":"https:\/\/www.ardes-group.com\/fr\/wp-json\/wp\/v2\/types\/page\/"}],"author":[{"embeddable":true,"href":"https:\/\/www.ardes-group.com\/fr\/wp-json\/wp\/v2\/users\/5\/"}],"replies":[{"embeddable":true,"href":"https:\/\/www.ardes-group.com\/fr\/wp-json\/wp\/v2\/comments\/?post=15651"}],"version-history":[{"count":10,"href":"https:\/\/www.ardes-group.com\/fr\/wp-json\/wp\/v2\/pages\/15651\/revisions\/"}],"predecessor-version":[{"id":19609,"href":"https:\/\/www.ardes-group.com\/fr\/wp-json\/wp\/v2\/pages\/15651\/revisions\/19609\/"}],"up":[{"embeddable":true,"href":"https:\/\/www.ardes-group.com\/fr\/wp-json\/wp\/v2\/pages\/24\/"}],"wp:attachment":[{"href":"https:\/\/www.ardes-group.com\/fr\/wp-json\/wp\/v2\/media\/?parent=15651"}],"curies":[{"name":"wp","href":"https:\/\/api.w.org\/{rel}","templated":true}]}}