

{"id":196,"date":"2014-05-28T08:53:57","date_gmt":"2014-05-28T07:53:57","guid":{"rendered":"http:\/\/www.ardes-group.com\/conseils-outils\/supports-a-telecharger\/"},"modified":"2026-01-02T09:28:17","modified_gmt":"2026-01-02T08:28:17","slug":"supports-a-telecharger","status":"publish","type":"page","link":"https:\/\/www.ardes-group.com\/fr\/conseils-outils\/supports-a-telecharger\/","title":{"rendered":"Supports \u00e0 t\u00e9l\u00e9charger"},"content":{"rendered":"<div class=\"pf-content\"><p>[vc_row][vc_column width=&#8221;1\/4&#8243;][vc_single_image image=&#8221;4912&#8243; img_link_large=&#8221;yes&#8221;][\/vc_column][vc_column width=&#8221;3\/4&#8243;][vc_column_text]Sch\u00e9ma de st\u00e9rilisation d&#8217;une seringue[\/vc_column_text][\/vc_column][\/vc_row][vc_row][vc_column width=&#8221;1\/4&#8243;][vc_single_image image=&#8221;3605&#8243; img_link_large=&#8221;yes&#8221;][\/vc_column][vc_column width=&#8221;3\/4&#8243;][vc_column_text]<\/p>\n<h1><a href=\"http:\/\/www.ardes-group.com\/wp-content\/uploads\/2014\/05\/Catalogue1.pdf\">Catalogue<\/a><\/h1>\n<p>[\/vc_column_text][\/vc_column][\/vc_row][vc_row][vc_column width=&#8221;1\/4&#8243;][vc_single_image image=&#8221;3608&#8243; img_link_large=&#8221;yes&#8221;][\/vc_column][vc_column width=&#8221;3\/4&#8243;][vc_column_text]<\/p>\n<h1><a href=\"http:\/\/www.ardes-group.com\/fr\/conseils-outils\/supports-a-telecharger\/boucler-avec-la-pince\/\" target=\"_blank\" rel=\"noopener\">\u00a0Boucler avec la pince m\u00e9tal ARDES &#8211; V1<\/a><\/h1>\n<p>[\/vc_column_text][\/vc_column][\/vc_row][vc_row][vc_column width=&#8221;1\/4&#8243;][vc_single_image image=&#8221;5072&#8243; img_link_large=&#8221;yes&#8221;][\/vc_column][vc_column width=&#8221;3\/4&#8243;][vc_column_text]<\/p>\n<h1><a href=\"http:\/\/www.ardes-group.com\/wp-content\/uploads\/2014\/05\/tableau-recap-boucle-par-animaux-pDF.pdf\" target=\"_blank\" rel=\"noopener\">tableau recap boucle par animaux &#8211; pDF<\/a><\/h1>\n<p>[\/vc_column_text][\/vc_column][\/vc_row][vc_row][vc_column width=&#8221;1\/4&#8243;][vc_single_image image=&#8221;3610&#8243; img_link_large=&#8221;yes&#8221;][\/vc_column][vc_column width=&#8221;3\/4&#8243;][vc_column_text]<\/p>\n<h1><a href=\"http:\/\/www.ardes-group.com\/wp-content\/uploads\/2014\/05\/Identification-animal-par-RFID-sauve-a-moitite-21.pdf\" target=\"_blank\" rel=\"noopener\">Identification animal par RFID<\/a><\/h1>\n<p>[\/vc_column_text][\/vc_column][\/vc_row][vc_row][vc_column width=&#8221;1\/4&#8243;][vc_single_image image=&#8221;19587&#8243;][\/vc_column][vc_column width=&#8221;3\/4&#8243;][vc_column_text]<\/p>\n<h1><a href=\"https:\/\/www.ardes-group.com\/wp-content\/uploads\/2026\/01\/ardes-tags-application-guidelines-en.pdf\" target=\"_blank\" rel=\"noopener\">Ardes tags application guidelines<\/a><\/h1>\n<p>[\/vc_column_text][\/vc_column][\/vc_row]<\/p>\n<\/div>","protected":false},"excerpt":{"rendered":"<p>[vc_row][vc_column width=&#8221;1\/4&#8243;][vc_single_image image=&#8221;4912&#8243; img_link_large=&#8221;yes&#8221;][\/vc_column][vc_column width=&#8221;3\/4&#8243;][vc_column_text]Sch\u00e9ma de st\u00e9rilisation d&#8217;une seringue[\/vc_column_text][\/vc_column][\/vc_row][vc_row][vc_column width=&#8221;1\/4&#8243;][vc_single_image image=&#8221;3605&#8243; img_link_large=&#8221;yes&#8221;][\/vc_column][vc_column width=&#8221;3\/4&#8243;][vc_column_text] Catalogue [\/vc_column_text][\/vc_column][\/vc_row][vc_row][vc_column width=&#8221;1\/4&#8243;][vc_single_image image=&#8221;3608&#8243; img_link_large=&#8221;yes&#8221;][\/vc_column][vc_column width=&#8221;3\/4&#8243;][vc_column_text] \u00a0Boucler avec la pince m\u00e9tal ARDES &#8211; V1 [\/vc_column_text][\/vc_column][\/vc_row][vc_row][vc_column width=&#8221;1\/4&#8243;][vc_single_image image=&#8221;5072&#8243; img_link_large=&#8221;yes&#8221;][\/vc_column][vc_column width=&#8221;3\/4&#8243;][vc_column_text] tableau recap boucle par animaux &#8211; pDF [\/vc_column_text][\/vc_column][\/vc_row][vc_row][vc_column width=&#8221;1\/4&#8243;][vc_single_image image=&#8221;3610&#8243; img_link_large=&#8221;yes&#8221;][\/vc_column][vc_column width=&#8221;3\/4&#8243;][vc_column_text] Identification animal par RFID [\/vc_column_text][\/vc_column][\/vc_row][vc_row][vc_column width=&#8221;1\/4&#8243;][vc_single_image image=&#8221;19587&#8243;][\/vc_column][vc_column width=&#8221;3\/4&#8243;][vc_column_text] Ardes tags application [&hellip;]<\/p>\n","protected":false},"author":4,"featured_media":0,"parent":195,"menu_order":49,"comment_status":"open","ping_status":"open","template":"","meta":{"footnotes":""},"class_list":["post-196","page","type-page","status-publish","hentry"],"acf":[],"_links":{"self":[{"href":"https:\/\/www.ardes-group.com\/fr\/wp-json\/wp\/v2\/pages\/196\/"}],"collection":[{"href":"https:\/\/www.ardes-group.com\/fr\/wp-json\/wp\/v2\/pages\/"}],"about":[{"href":"https:\/\/www.ardes-group.com\/fr\/wp-json\/wp\/v2\/types\/page\/"}],"author":[{"embeddable":true,"href":"https:\/\/www.ardes-group.com\/fr\/wp-json\/wp\/v2\/users\/4\/"}],"replies":[{"embeddable":true,"href":"https:\/\/www.ardes-group.com\/fr\/wp-json\/wp\/v2\/comments\/?post=196"}],"version-history":[{"count":10,"href":"https:\/\/www.ardes-group.com\/fr\/wp-json\/wp\/v2\/pages\/196\/revisions\/"}],"predecessor-version":[{"id":19602,"href":"https:\/\/www.ardes-group.com\/fr\/wp-json\/wp\/v2\/pages\/196\/revisions\/19602\/"}],"up":[{"embeddable":true,"href":"https:\/\/www.ardes-group.com\/fr\/wp-json\/wp\/v2\/pages\/195\/"}],"wp:attachment":[{"href":"https:\/\/www.ardes-group.com\/fr\/wp-json\/wp\/v2\/media\/?parent=196"}],"curies":[{"name":"wp","href":"https:\/\/api.w.org\/{rel}","templated":true}]}}