

{"id":199,"date":"2014-05-28T08:53:57","date_gmt":"2014-05-28T07:53:57","guid":{"rendered":"http:\/\/www.ardes-group.com\/conseils-outils\/les-solutions-de-marquage\/"},"modified":"2023-09-25T14:31:56","modified_gmt":"2023-09-25T13:31:56","slug":"les-solutions-de-marquage","status":"publish","type":"page","link":"https:\/\/www.ardes-group.com\/fr\/conseils-outils\/les-solutions-de-marquage\/","title":{"rendered":"Les solutions de marquage"},"content":{"rendered":"<div class=\"pf-content\"><p>[vc_row][vc_column][vc_row_inner][vc_column_inner][vc_column_text]<\/p>\n<h3>\u00a0ARDES apporte son expertise et ses conseils pour aider dans le choix de la solution de marquage la plus adapt\u00e9e aux besoins.<strong>Que recherchez-vous en priorit\u00e9?<\/strong><\/h3>\n<p>[\/vc_column_text][\/vc_column_inner][\/vc_row_inner][vc_row_inner][vc_column_inner width=&#8221;1\/4&#8243;][vc_single_image image=&#8221;18865&#8243; onclick=&#8221;custom_link&#8221; link=&#8221;#facilite-du-feutre&#8221;][\/vc_column_inner][vc_column_inner width=&#8221;1\/4&#8243;][vc_single_image image=&#8221;2877&#8243; onclick=&#8221;custom_link&#8221; img_link=&#8221;http:\/\/www.ardes-group.com\/fr\/conseils-outils\/les-solutions-de-marquage\/#laser&#8221; link=&#8221;#lisibilite-durable-avec-un-marquage-au-laser&#8221;][\/vc_column_inner][vc_column_inner width=&#8221;1\/4&#8243;][vc_single_image image=&#8221;2415&#8243; onclick=&#8221;custom_link&#8221; img_link=&#8221;http:\/\/www.ardes-group.com\/fr\/conseils-outils\/les-solutions-de-marquage\/#encre&#8221; link=&#8221;#contraste-optimale-avec-un-marquage-a-lencre&#8221;][\/vc_column_inner][vc_column_inner width=&#8221;1\/4&#8243;][vc_single_image image=&#8221;2419&#8243; onclick=&#8221;custom_link&#8221; img_link=&#8221;http:\/\/www.ardes-group.com\/fr\/conseils-outils\/les-solutions-de-marquage\/#stamping&#8221; link=&#8221;#logo-en-couleur-avec-un-marquage-hot-stamping&#8221;][\/vc_column_inner][\/vc_row_inner][\/vc_column][\/vc_row][vc_row][vc_column][vc_column_text]<\/p>\n<h3>ARDES propose quatre solutions pour marquer les boucles d\u2019identification visuelle\u00a0:<\/h3>\n<p>[\/vc_column_text][\/vc_column][\/vc_row][vc_row][vc_column width=&#8221;1\/2&#8243;][vc_column_text]<\/p>\n<h2>Facilit\u00e9 du Feutre<\/h2>\n<p>Le feutre ARDES donne libre choix de marquer les boucles d\u2019identification une fois sur le terrain proche des animaux. Les deux types de pointe propos\u00e9es (biseaut\u00e9e et ronde) permettent une \u00e9criture large ou plus pr\u00e9cise selon les besoins. Cette option est la plus \u00e9conomique car les boucles d\u2019identification sont achet\u00e9es vierges. Elle offre aussi un fort contraste gr\u00e2ce \u00e0 une encre noire \u00e9tudi\u00e9e et test\u00e9e pour p\u00e9n\u00e9trer facilement dans la mati\u00e8re et assurer une lisibilit\u00e9 des num\u00e9ros durablement<br \/>\n[\/vc_column_text][\/vc_column][vc_column width=&#8221;1\/2&#8243;][vc_column_text]<br \/>\n[\/vc_column_text][vc_single_image image=&#8221;955&#8243; alignment=&#8221;right&#8221;][\/vc_column][\/vc_row][vc_row][vc_column width=&#8221;1\/2&#8243;][vc_column_text]<\/p>\n<div id=\"laser\">\n<h2>Lisibilit\u00e9 durable avec un marquage au laser<\/h2>\n<p>Les codes-barres, num\u00e9rotation, nom d\u2019\u00e9levage, logo et image haute d\u00e9finition sont d\u2019une grande pr\u00e9cision et nettet\u00e9. Le marquage est lisible durablement car le laser marque dans la mati\u00e8re la boucle d\u2019identification. L\u2019impulsion du faisceau laser de l\u2019imprimante vient cr\u00e9er une r\u00e9action avec un additif ajout\u00e9 dans la composition des boucles qui permet cette pigmentation de la boucle en gris. Les tests en laboratoire de r\u00e9sistance \u00e0 l\u2019abrasion estiment une lisibilit\u00e9 correcte du marquage apr\u00e8s 8 ann\u00e9es sur l\u2019oreille de l\u2019animal.<br \/>\nPour plus d\u2019informations sur la mise \u00e0 disposition d\u2019imprimante, nous contacter.<\/p>\n<p style=\"text-align: justify;\"><a title=\"Service Recherche et D\u00e9veloppement\" href=\"http:\/\/www.ardes-group.com\/fr\/accueil\/service-rd-2\/\" target=\"_blank\" rel=\"noopener\">Page Recherche &amp; D\u00e9veloppement<\/a><\/p>\n<\/div>\n<p>[\/vc_column_text][\/vc_column][vc_column width=&#8221;1\/2&#8243;][vc_column_text]<\/p>\n<p>&nbsp;<\/p>\n<p>[\/vc_column_text][vc_single_image image=&#8221;958&#8243; alignment=&#8221;right&#8221; img_link_large=&#8221;yes&#8221;][\/vc_column][\/vc_row][vc_row][vc_column width=&#8221;1\/2&#8243;][vc_column_text]<\/p>\n<div id=\"encre\">\n<h2>Contraste optimale avec un marquage \u00e0 l\u2019encre<\/h2>\n<p>Des s\u00e9ries de num\u00e9ros d\u2019exploitations ou d\u2019animaux, de noms d\u2019\u00e9levage mais aussi des codes-barres peuvent \u00eatre imprim\u00e9es gr\u00e2ce \u00e0 l\u2019encre. L\u2019encre apporte un contraste tr\u00e8s important qui optimise la lisibilit\u00e9 \u00e0 distance des num\u00e9ros d\u2019identification. L\u2019encre est aussi \u00e9tudi\u00e9e pour r\u00e9sister aux UV et aux conditions climatiques extr\u00eames. L\u2019imprimante \u00e0 jet d\u2019encre permet de marquer les boucles d\u2019identification par s\u00e9rie importante.<\/p>\n<p>Pour plus d\u2019informations sur la mise \u00e0 disposition d\u2019imprimante, <a title=\"Contact\" href=\"http:\/\/www.ardes-group.com\/fr\/contact-produits\/\" target=\"_blank\" rel=\"noopener\">nous contacter<\/a>.<\/div>\n<p>[\/vc_column_text][\/vc_column][vc_column width=&#8221;1\/2&#8243;][vc_column_text]<\/p>\n<p>&nbsp;<\/p>\n<p>[\/vc_column_text][vc_single_image image=&#8221;960&#8243; alignment=&#8221;right&#8221; img_link_large=&#8221;yes&#8221;][\/vc_column][\/vc_row][vc_row][vc_column width=&#8221;1\/2&#8243;][vc_column_text]<\/p>\n<div id=\"stamping\">\n<h2>Logo en couleur avec un marquage hot-stamping<\/h2>\n<p>Marquer des logos ou images multi-couleurs de haute qualit\u00e9 sur les boucles d\u2019identification est possible avec le marquage \u00e0 chaud. Ce type de marquage est adapt\u00e9 pour une utilisation publicitaire des boucles : logo d\u2019\u00e9levage, carte de visite, r\u00e9compense de b\u00eates de concours. Des tampons viennent marquer les boucles avec plusieurs pigmentations possibles.<\/p><\/div>\n<p>[\/vc_column_text][\/vc_column][vc_column width=&#8221;1\/2&#8243;][vc_column_text]<\/p>\n<p>&nbsp;<\/p>\n<p>[\/vc_column_text][vc_single_image image=&#8221;962&#8243; alignment=&#8221;right&#8221; img_link_large=&#8221;yes&#8221;][\/vc_column][\/vc_row][vc_row][vc_column][vc_column_text]<\/p>\n<h2>Nos conseils<\/h2>\n<p>[\/vc_column_text][vc_column_text]<\/p>\n<table class=\"aligncenter\" border=\"2\" width=\"545\">\n<tbody>\n<tr>\n<td style=\"text-align: center; width: 122.953125px;\"><\/td>\n<td style=\"text-align: center; width: 98.78125px;\">Laser<\/td>\n<td style=\"text-align: center; width: 98.78125px;\">Encre<\/td>\n<td style=\"text-align: center; width: 100.203125px;\">Hot-stamping<\/td>\n<td style=\"text-align: center; width: 101.25px;\">Feutre<\/td>\n<\/tr>\n<tr>\n<td style=\"text-align: center; width: 122.953125px;\">Contraste important<\/td>\n<td style=\"width: 98.78125px;\">**<\/td>\n<td style=\"width: 98.78125px;\">****<\/td>\n<td style=\"width: 100.203125px;\">*<\/td>\n<td style=\"width: 101.25px;\">****<\/td>\n<\/tr>\n<tr>\n<td style=\"text-align: center; width: 122.953125px;\">Durabilit\u00e9 de la lisibilit\u00e9<\/td>\n<td style=\"width: 98.78125px;\">****<\/td>\n<td style=\"width: 98.78125px;\">***<\/td>\n<td style=\"width: 100.203125px;\">*<\/td>\n<td style=\"width: 101.25px;\">***<\/td>\n<\/tr>\n<tr>\n<td style=\"text-align: center; width: 122.953125px;\">Personnalisation possible<\/td>\n<td style=\"width: 98.78125px;\">****<\/td>\n<td style=\"width: 98.78125px;\">**<\/td>\n<td style=\"width: 100.203125px;\">***<\/td>\n<td style=\"width: 101.25px;\">*<\/td>\n<\/tr>\n<tr>\n<td style=\"text-align: center; width: 122.953125px;\">Pr\u00e9cision et nettet\u00e9<\/td>\n<td style=\"width: 98.78125px;\">****<\/td>\n<td style=\"width: 98.78125px;\">**<\/td>\n<td style=\"width: 100.203125px;\">****<\/td>\n<td style=\"width: 101.25px;\">*<\/td>\n<\/tr>\n<tr>\n<td style=\"text-align: center; width: 122.953125px;\">Quantit\u00e9 appropri\u00e9e<\/td>\n<td style=\"width: 98.78125px;\">50 et+<\/td>\n<td style=\"width: 98.78125px;\">50 et+<\/td>\n<td style=\"width: 100.203125px;\">100 et+<\/td>\n<td style=\"width: 101.25px;\">1-50<\/td>\n<\/tr>\n<tr>\n<td style=\"text-align: center; width: 122.953125px;\">Option de marquage possible<\/td>\n<td style=\"text-align: center; width: 98.78125px;\">\n<p>Logo, num\u00e9ro,code-barre,<\/p>\n<p>nom d&#8217;\u00e9levage<\/td>\n<td style=\"text-align: center; width: 98.78125px;\">\n<p>num\u00e9ro,code-barre,<\/p>\n<p>nom d&#8217;\u00e9levage<\/td>\n<td style=\"text-align: center; width: 100.203125px;\">logo, image,couleur<\/td>\n<td style=\"width: 101.25px;\">Num\u00e9ro,texte simple<\/td>\n<\/tr>\n<\/tbody>\n<\/table>\n<p>[\/vc_column_text][\/vc_column][\/vc_row]<\/p>\n<\/div>","protected":false},"excerpt":{"rendered":"<p>[vc_row][vc_column][vc_row_inner][vc_column_inner][vc_column_text] \u00a0ARDES apporte son expertise et ses conseils pour aider dans le choix de la solution de marquage la plus adapt\u00e9e aux besoins.Que recherchez-vous en priorit\u00e9? [\/vc_column_text][\/vc_column_inner][\/vc_row_inner][vc_row_inner][vc_column_inner width=&#8221;1\/4&#8243;][vc_single_image image=&#8221;18865&#8243; onclick=&#8221;custom_link&#8221; link=&#8221;#facilite-du-feutre&#8221;][\/vc_column_inner][vc_column_inner width=&#8221;1\/4&#8243;][vc_single_image image=&#8221;2877&#8243; onclick=&#8221;custom_link&#8221; img_link=&#8221;http:\/\/www.ardes-group.com\/fr\/conseils-outils\/les-solutions-de-marquage\/#laser&#8221; link=&#8221;#lisibilite-durable-avec-un-marquage-au-laser&#8221;][\/vc_column_inner][vc_column_inner width=&#8221;1\/4&#8243;][vc_single_image image=&#8221;2415&#8243; onclick=&#8221;custom_link&#8221; img_link=&#8221;http:\/\/www.ardes-group.com\/fr\/conseils-outils\/les-solutions-de-marquage\/#encre&#8221; link=&#8221;#contraste-optimale-avec-un-marquage-a-lencre&#8221;][\/vc_column_inner][vc_column_inner width=&#8221;1\/4&#8243;][vc_single_image image=&#8221;2419&#8243; onclick=&#8221;custom_link&#8221; img_link=&#8221;http:\/\/www.ardes-group.com\/fr\/conseils-outils\/les-solutions-de-marquage\/#stamping&#8221; link=&#8221;#logo-en-couleur-avec-un-marquage-hot-stamping&#8221;][\/vc_column_inner][\/vc_row_inner][\/vc_column][\/vc_row][vc_row][vc_column][vc_column_text] ARDES propose quatre solutions pour marquer les boucles d\u2019identification [&hellip;]<\/p>\n","protected":false},"author":4,"featured_media":0,"parent":195,"menu_order":52,"comment_status":"open","ping_status":"open","template":"","meta":{"footnotes":""},"class_list":["post-199","page","type-page","status-publish","hentry"],"acf":[],"_links":{"self":[{"href":"https:\/\/www.ardes-group.com\/fr\/wp-json\/wp\/v2\/pages\/199\/"}],"collection":[{"href":"https:\/\/www.ardes-group.com\/fr\/wp-json\/wp\/v2\/pages\/"}],"about":[{"href":"https:\/\/www.ardes-group.com\/fr\/wp-json\/wp\/v2\/types\/page\/"}],"author":[{"embeddable":true,"href":"https:\/\/www.ardes-group.com\/fr\/wp-json\/wp\/v2\/users\/4\/"}],"replies":[{"embeddable":true,"href":"https:\/\/www.ardes-group.com\/fr\/wp-json\/wp\/v2\/comments\/?post=199"}],"version-history":[{"count":10,"href":"https:\/\/www.ardes-group.com\/fr\/wp-json\/wp\/v2\/pages\/199\/revisions\/"}],"predecessor-version":[{"id":18842,"href":"https:\/\/www.ardes-group.com\/fr\/wp-json\/wp\/v2\/pages\/199\/revisions\/18842\/"}],"up":[{"embeddable":true,"href":"https:\/\/www.ardes-group.com\/fr\/wp-json\/wp\/v2\/pages\/195\/"}],"wp:attachment":[{"href":"https:\/\/www.ardes-group.com\/fr\/wp-json\/wp\/v2\/media\/?parent=199"}],"curies":[{"name":"wp","href":"https:\/\/api.w.org\/{rel}","templated":true}]}}