

{"id":200,"date":"2014-05-28T08:53:57","date_gmt":"2014-05-28T07:53:57","guid":{"rendered":"http:\/\/www.ardes-group.com\/conseils-outils\/identification-par-rfid\/"},"modified":"2015-11-03T15:22:11","modified_gmt":"2015-11-03T14:22:11","slug":"identification-par-rfid","status":"publish","type":"page","link":"https:\/\/www.ardes-group.com\/fr\/conseils-outils\/identification-par-rfid\/","title":{"rendered":"Identification par RFID"},"content":{"rendered":"<div class=\"pf-content\"><p>[vc_row][vc_column width=&#8221;1\/2&#8243;][vc_column_text]<\/p>\n<p>&nbsp;<\/p>\n<p>[\/vc_column_text][vc_row_inner][vc_column_inner width=&#8221;1\/1&#8243;][vc_column_text]<strong>La \u00ab Radio Frequency Identification \u00bb (RFID) ou \u00ab Identification Electronique \u00bb (EID)<\/strong>, est un syst\u00e8me qui permet l\u2019\u00e9change d\u2019informations \u00e0 distance, gr\u00e2ce au champ \u00e9lectromagn\u00e9tique des ondes radios. Ce syst\u00e8me utilise une technologie Basse Fr\u00e9quence, sp\u00e9cialement adapt\u00e9e \u00e0 l\u2019identification animale, contrairement \u00e0 la Haute Fr\u00e9quence. En effet, le fonctionnement de la Basse Fr\u00e9quence est peu alt\u00e9r\u00e9 par la pr\u00e9sence d\u2019humidit\u00e9 et d\u2019\u00e9l\u00e9ments conducteurs \u00e0 proximit\u00e9.[\/vc_column_text][vc_column_text]<\/p>\n<h3>Les boucles ARDES certifi\u00e9es ICAR<\/h3>\n<p>En 1996, la RFID pour l\u2019identification animale est standardis\u00e9e par l\u2019International Organization for Standardization (ISO) avec les normes ISO 11784 et ISO 11785.<\/p>\n<p>Toutes les boucles \u00e9lectroniques ARDES remplissent les conditions techniques <strong>ISO 11784-11785<\/strong> et sont approuv\u00e9es aujourd\u2019hui par le service <strong>ICAR<\/strong> \u00ab International Committee for Animal Recording \u00bb, pour proposer un syst\u00e8me d\u2019identification \u00e9lectronique fonctionnel et efficace.[\/vc_column_text][vc_column_text]<a href=\"http:\/\/www.ardes-group.com\/wp-content\/uploads\/2014\/05\/boucle-elec-+-icar-et-iso-e1418324735214.jpg\"><img loading=\"lazy\" decoding=\"async\" class=\" wp-image-1701 size-miniature_produit_slider aligncenter\" src=\"http:\/\/www.ardes-group.com\/wp-content\/uploads\/2014\/05\/boucle-elec-+-icar-et-iso-e1418324735214-111x90.jpg\" alt=\"boucle elec + icar et iso\" width=\"111\" height=\"90\" \/><\/a>[\/vc_column_text][vc_column_text]<\/p>\n<table class=\"alignright\" style=\"height: 191px;\" border=\"2\" width=\"484\">\n<caption>\u00a0<\/caption>\n<tbody>\n<tr>\n<td style=\"text-align: center;\" colspan=\"3\"><strong>DISTANCE DE LECTURE MOYENNE<\/strong><br \/>\n<strong>ENTRE LA BOUCLE ELECTRONIQUE ET LE LECTEUR<\/strong><\/td>\n<\/tr>\n<tr>\n<td style=\"text-align: center;\"><strong>Type de lecteurs du march\u00e9<\/strong><\/td>\n<td style=\"text-align: center;\" colspan=\"2\"><strong>Boucles \u00e9lectroniques ARDES<\/strong><\/td>\n<\/tr>\n<tr>\n<td style=\"text-align: center;\">Lecteurs fixes<\/td>\n<td style=\"text-align: center;\">84 cm<\/td>\n<td style=\"text-align: center;\">+ 5% par rapport \u00e0 la concurrence<\/td>\n<\/tr>\n<tr>\n<td style=\"text-align: center;\">Lecteurs portables<\/td>\n<td style=\"text-align: center;\">33cm<\/td>\n<td style=\"text-align: center;\">+ 9% par rapport \u00e0 la concurrence<\/td>\n<\/tr>\n<tr>\n<td style=\"text-align: center;\" colspan=\"3\">Test de distance de lecture des boucles \u00e9lectronique ARDES r\u00e9alis\u00e9 par le RFTlab<\/td>\n<\/tr>\n<\/tbody>\n<\/table>\n<p>[\/vc_column_text][\/vc_column_inner][\/vc_row_inner][\/vc_column][vc_column width=&#8221;1\/2&#8243;][vc_column_text]<\/p>\n<p>&nbsp;<\/p>\n<p>[\/vc_column_text][vc_column_text]<\/p>\n<p style=\"padding-left: 180px;\"><a href=\"http:\/\/www.ardes-group.com\/wp-content\/uploads\/2014\/05\/boucle-elec-photographe-e1408696106408.jpg\"><img loading=\"lazy\" decoding=\"async\" class=\"alignright wp-image-1703 size-taille-page-produit\" src=\"http:\/\/www.ardes-group.com\/wp-content\/uploads\/2014\/05\/boucle-elec-photographe-e1408696106408-460x552.jpg\" alt=\"boucle elec photographe\" width=\"460\" height=\"552\" srcset=\"https:\/\/www.ardes-group.com\/wp-content\/uploads\/2014\/05\/boucle-elec-photographe-e1408696106408-460x552.jpg 460w, https:\/\/www.ardes-group.com\/wp-content\/uploads\/2014\/05\/boucle-elec-photographe-e1408696106408-250x300.jpg 250w, https:\/\/www.ardes-group.com\/wp-content\/uploads\/2014\/05\/boucle-elec-photographe-e1408696106408-853x1024.jpg 853w, https:\/\/www.ardes-group.com\/wp-content\/uploads\/2014\/05\/boucle-elec-photographe-e1408696106408-111x133.jpg 111w\" sizes=\"auto, (max-width: 460px) 100vw, 460px\" \/><\/a><\/p>\n<p>[\/vc_column_text][vc_column_text]<\/p>\n<p>&nbsp;<\/p>\n<p>[\/vc_column_text][vc_column_text]<\/p>\n<p style=\"text-align: center;\"><a href=\"http:\/\/www.ardes-group.com\/conseils-outils\/identification-par-rfid\/schema-numero-didentification-460x306-2\/\"><img loading=\"lazy\" decoding=\"async\" class=\"alignright wp-image-5087 size-medium\" src=\"http:\/\/www.ardes-group.com\/wp-content\/uploads\/2014\/05\/schema-numero-didentification-460x3062-300x200.jpg\" alt=\"\" width=\"300\" height=\"200\" srcset=\"https:\/\/www.ardes-group.com\/wp-content\/uploads\/2014\/05\/schema-numero-didentification-460x3062-300x200.jpg 300w, https:\/\/www.ardes-group.com\/wp-content\/uploads\/2014\/05\/schema-numero-didentification-460x3062-111x74.jpg 111w, https:\/\/www.ardes-group.com\/wp-content\/uploads\/2014\/05\/schema-numero-didentification-460x3062.jpg 460w\" sizes=\"auto, (max-width: 300px) 100vw, 300px\" \/><\/a><\/p>\n<p>[\/vc_column_text][\/vc_column][\/vc_row][vc_row][vc_column width=&#8221;1\/1&#8243;][vc_row_inner][vc_column_inner width=&#8221;1\/1&#8243;][vc_column_text]<\/p>\n<h3 style=\"text-align: justify;\">Une solution d\u2019identification au service de l\u2019\u00e9leveur<\/h3>\n<p>&nbsp;<\/p>\n<p style=\"text-align: justify;\">L\u2019identification animale \u00e9lectronique est une solution constitu\u00e9e de plusieurs \u00e9l\u00e9ments, assurant un \u00e9change d\u2019information de l\u2019animal jusqu\u2019\u00e0 l\u2019utilisateur.<\/p>\n<p>[\/vc_column_text][\/vc_column_inner][\/vc_row_inner][vc_accordion collapsible=&#8221;yes&#8221; active_tab=&#8221;false&#8221;][vc_accordion_tab title=&#8221;ETAPE 1 : Lecture du num\u00e9ro d\u2019identification&#8221;][vc_column_text]<\/p>\n<p style=\"text-align: left;\">Les protocoles d\u2019\u00e9change d\u2019information entre la boucle \u00e9lectronique et le lecteur sont r\u00e9gis par la norme ISO 11785. La boucle \u00e9lectronique d\u00e9livre le num\u00e9ro d\u2019identification de l\u2019animal au passage du lecteur \u00e0 proximit\u00e9. La distance de lecture varie selon le type de lecteur\u00a0: fixe ou portable, mais aussi en fonction de la qualit\u00e9 des boucles \u00e9lectroniques. Un lecteur fixe assurera une distance de lecture plus importante.<\/p>\n<p style=\"text-align: left;\">Il n\u2019est pas possible avec cette technologie de d\u00e9tecter un animal \u00e0 grande distance (au milieu d\u2019un pr\u00e8s par exemple), \u00e0 cause de la faible port\u00e9e du champ magn\u00e9tique \u00e9mis par les lecteurs. Dans ces conditions, il est n\u00e9cessaire donc d\u2019individualiser les lectures, gr\u00e2ce \u00e0 des syst\u00e8mes de contentions adapt\u00e9es (couloir individuel par exemple).<\/p>\n<p>[\/vc_column_text][\/vc_accordion_tab][vc_accordion_tab title=&#8221;\u00c9TAPE 2 : Transmission du num\u00e9ro d\u2019identification&#8221;][vc_column_text]Une fois enregistr\u00e9 sur le lecteur, le num\u00e9ro est transmis (via un fil ou \u00e0 distance via Bluetooth) vers un ordinateur ou un automate.[\/vc_column_text][\/vc_accordion_tab][vc_accordion_tab title=&#8221; \u00c9TAPE 3 : Valorisation du num\u00e9ro d\u2019identification&#8221;][vc_column_text]Le num\u00e9ro est ensuite exploit\u00e9 par l\u2019utilisateur, gr\u00e2ce \u00e0 la mise en place de nombreuses solutions techniques, afin d\u2019augmenter la productivit\u00e9 et la rentabilit\u00e9 de l\u2019animal.[\/vc_column_text][\/vc_accordion_tab][\/vc_accordion][vc_row_inner][vc_column_inner width=&#8221;1\/1&#8243;][vc_column_text]<\/p>\n<h2 style=\"text-align: justify;\"><strong>Comment fonctionnent les boucles \u00e9lectroniques ?<\/strong><\/h2>\n<p style=\"text-align: justify;\">La boucle \u00e9lectronique est dite \u00ab passive \u00bb car elle <strong>ne contient ni batterie<\/strong>, <strong>ni source d\u2019\u00e9nergie<\/strong>, lui garantissant une <strong>dur\u00e9e de vie illimit\u00e9e<\/strong>. L\u2019\u00e9nergie est issue du lecteur qui active la boucle \u00e9lectronique lorsqu\u2019elle est \u00e0 port\u00e9e. La boucle \u00e9lectronique est donc la source d\u2019information et la base de tout le syst\u00e8me d\u2019identification par RFID.<\/p>\n<p style=\"text-align: justify;\">Deux \u00e9l\u00e9ments composent la boucle \u00e9lectronique:<\/p>\n<p>[\/vc_column_text][\/vc_column_inner][\/vc_row_inner][vc_accordion collapsible=&#8221;yes&#8221; active_tab=&#8221;false&#8221;][vc_accordion_tab title=&#8221;Un transpondeur&#8221;][vc_column_text]Le transpondeur est compos\u00e9 d\u2019une puce \u00e9lectronique et d\u2019un microcircuit en silicium. Ce microcircuit contient le num\u00e9ro d\u2019identification de l\u2019animal pr\u00e9alablement encod\u00e9 par ARDES et d\u2019une antenne circulaire, en fil de cuivre bobin\u00e9.[\/vc_column_text][\/vc_accordion_tab][vc_accordion_tab title=&#8221;Une enveloppe plastique&#8221;][vc_column_text]L\u2019enveloppe plastique ARDES prot\u00e8ge le transpondeur des chocs, gr\u00e2ce \u00e0 un polyur\u00e9thane r\u00e9sistant aux conditions d\u2019\u00e9levages de bovins, ovins, caprins et porcins.[\/vc_column_text][\/vc_accordion_tab][\/vc_accordion][vc_row_inner][vc_column_inner width=&#8221;1\/1&#8243;][vc_column_text]<\/p>\n<h3>Deux technologies disponibles\u00a0: HDX et FDX<\/h3>\n<h3><\/h3>\n<p style=\"text-align: left;\">Les boucles \u00e9lectroniques ARDES sont disponibles en \u00abHalf-Duplex\u00bb (HDX) et en \u00abFull-Duplex\u00bb (FDX). Ces deux technologies respectent les normes ISO 11784 et ISO 11785. La conception des transpondeurs ainsi que les performances de distance de lecture des boucles \u00e9lectroniques HDX et FDX sont diff\u00e9rentes.<\/p>\n<p>[\/vc_column_text][\/vc_column_inner][\/vc_row_inner][vc_row_inner][vc_column_inner width=&#8221;1\/2&#8243;][vc_column_text]<a href=\"http:\/\/www.ardes-group.com\/wp-content\/uploads\/2014\/05\/boucle-+-inlay-small.jpg\"><img loading=\"lazy\" decoding=\"async\" class=\"alignright wp-image-1694 size-medium\" src=\"http:\/\/www.ardes-group.com\/wp-content\/uploads\/2014\/05\/boucle-+-inlay-small-300x177.jpg\" alt=\"boucle + inlay small\" width=\"300\" height=\"177\" srcset=\"https:\/\/www.ardes-group.com\/wp-content\/uploads\/2014\/05\/boucle-+-inlay-small-300x177.jpg 300w, https:\/\/www.ardes-group.com\/wp-content\/uploads\/2014\/05\/boucle-+-inlay-small-111x66.jpg 111w, https:\/\/www.ardes-group.com\/wp-content\/uploads\/2014\/05\/boucle-+-inlay-small.jpg 454w\" sizes=\"auto, (max-width: 300px) 100vw, 300px\" \/><\/a>[\/vc_column_text][vc_column_text]<\/p>\n<h3 style=\"text-align: left;\">Les boucles \u00e9lectroniques HDX<\/h3>\n<p style=\"text-align: justify;\">La technologie HDX se base sur un \u00e9change asynchrone. Le signal de transmission des boucles HDX est plus puissant, permettant d\u2019avoir une distance de lecture plus grande.<\/p>\n<p>[\/vc_column_text][\/vc_column_inner][vc_column_inner width=&#8221;1\/2&#8243;][vc_column_text]<a href=\"http:\/\/www.ardes-group.com\/wp-content\/uploads\/2014\/05\/boucle-elec-+-inlay-large.jpg\"><img loading=\"lazy\" decoding=\"async\" class=\"alignright wp-image-1693 size-medium\" src=\"http:\/\/www.ardes-group.com\/wp-content\/uploads\/2014\/05\/boucle-elec-+-inlay-large-300x177.jpg\" alt=\"boucle elec + inlay large\" width=\"300\" height=\"177\" srcset=\"https:\/\/www.ardes-group.com\/wp-content\/uploads\/2014\/05\/boucle-elec-+-inlay-large-300x177.jpg 300w, https:\/\/www.ardes-group.com\/wp-content\/uploads\/2014\/05\/boucle-elec-+-inlay-large-111x66.jpg 111w, https:\/\/www.ardes-group.com\/wp-content\/uploads\/2014\/05\/boucle-elec-+-inlay-large.jpg 454w\" sizes=\"auto, (max-width: 300px) 100vw, 300px\" \/><\/a>[\/vc_column_text][vc_column_text]<\/p>\n<h3 style=\"text-align: left; padding-left: 60px;\">Les boucles \u00e9lectroniques FDX<\/h3>\n<p style=\"text-align: justify; padding-left: 60px;\">La technologie FDX se base sur un \u00e9change synchrone. Les boucles \u00e9lectroniques FDX offrent des performances standards par rapport aux HDX, mais leur co\u00fbt initial est plus faible.<\/p>\n<p>[\/vc_column_text][\/vc_column_inner][\/vc_row_inner][vc_column_text]<\/p>\n<h3 style=\"text-align: justify;\">ARDES accompagne dans la mise en place de ces solutions\u00a0; voici une liste, non exhaustive, des applications possibles sur le terrain, de la solution d\u2019identification \u00e9lectronique\u00a0:<\/h3>\n<p>[\/vc_column_text][vc_accordion collapsible=&#8221;yes&#8221; active_tab=&#8221;Logiciel de gestion de troupeau&#8221;][vc_accordion_tab title=&#8221;Logiciel de gestion de troupeau&#8221;][vc_column_text]<\/p>\n<ul>\n<li>Suivi simple et rapide des performances<\/li>\n<li>Analyse des performances des animaux et du troupeau<\/li>\n<li>Augmenter la rentabilit\u00e9 et la productivit\u00e9 \u00e0 moyen terme<\/li>\n<\/ul>\n<p>[\/vc_column_text][\/vc_accordion_tab][vc_accordion_tab title=&#8221;Distribution automatique d\u2019aliment&#8221;][vc_column_text]<\/p>\n<ul>\n<li>Adaptation de la ration \u00e0 chaque animal<\/li>\n<li>V\u00e9rification de la prise ou non d\u2019aliment<\/li>\n<li>Suivi sanitaire individuel<\/li>\n<\/ul>\n<p>[\/vc_column_text][\/vc_accordion_tab][vc_accordion_tab title=&#8221;Assistance \u00e0 la traite&#8221;][vc_column_text]<\/p>\n<ul>\n<li>Rep\u00e9rer et surveiller facilement les animaux dans la salle de traite<\/li>\n<li>Suivi du rendement de l\u2019animal et du troupeau<\/li>\n<li>Alerte des baisses anormales de productivit\u00e9 de l\u2019animal<\/li>\n<\/ul>\n<p>[\/vc_column_text][\/vc_accordion_tab][vc_accordion_tab title=&#8221;Syst\u00e8me de pond\u00e9ration automatique&#8221;][vc_column_text]<\/p>\n<ul>\n<li>Relev\u00e9 manuscrit et saisie informatique supprim\u00e9s<\/li>\n<li>Grande pr\u00e9cision de la pes\u00e9e tout en limitant le risque d\u2019erreur<\/li>\n<li>Gain de temps, pesage de l\u2019animal rapide sans n\u00e9cessit\u00e9 de le bloquer<\/li>\n<\/ul>\n<p>[\/vc_column_text][\/vc_accordion_tab][vc_accordion_tab title=&#8221;Automatisation du tri&#8221;][vc_column_text]<\/p>\n<ul>\n<li>D\u00e9clenchement automatique de la fermeture et ouverture des portes<\/li>\n<li>Tri du troupeau en fonction des donn\u00e9es choisies (poids, race, \u00e2ge, sexe\u2026)<\/li>\n<li>Confort de travail, portes des cages actionn\u00e9es automatiquement<\/li>\n<\/ul>\n<p><strong>\u00a0<\/strong>[\/vc_column_text][\/vc_accordion_tab][vc_accordion_tab title=&#8221;Comptage d\u2019animaux automatis\u00e9&#8221;][vc_column_text]<\/p>\n<ul>\n<li>Gain de temps, r\u00e9colte d\u2019information rapide et pr\u00e9cise<\/li>\n<li>Limitation du risque d\u2019erreur<\/li>\n<li>Transfert d\u2019information automatis\u00e9<\/li>\n<\/ul>\n<p>[\/vc_column_text][\/vc_accordion_tab][\/vc_accordion][vc_row_inner][vc_column_inner width=&#8221;1\/1&#8243;][vc_column_text]<\/p>\n<table class=\"alignleft\" border=\"2\" width=\"565\">\n<tbody>\n<tr>\n<td style=\"text-align: left;\"><\/td>\n<td style=\"text-align: center;\"><strong>AVANTAGES<\/strong><\/td>\n<td style=\"text-align: center;\"><strong>UTILISATION<\/strong><\/td>\n<\/tr>\n<tr>\n<td style=\"text-align: center;\"><strong>Boucles <\/strong><strong>Electroniques<\/strong><strong>ARDES HDX<\/strong><\/td>\n<td style=\"text-align: center;\">Haute performanceDistance de lecture sup\u00e9rieure<\/td>\n<td style=\"text-align: center;\">Lecteur fixe et portable(normes ISO)Animaux d&#8217;\u00e9levage<\/td>\n<\/tr>\n<tr>\n<td style=\"text-align: center;\"><strong>Boucles <\/strong><strong>Electroniques<\/strong><strong>ARDES FDX-B<\/strong><\/td>\n<td style=\"text-align: center;\">Performance standartFaible co\u00fbt initial<\/td>\n<td style=\"text-align: center;\">Lecteur fixe et portable(normes ISO)Animaux d&#8217;\u00e9levage<\/td>\n<\/tr>\n<\/tbody>\n<\/table>\n<p>[\/vc_column_text][\/vc_column_inner][\/vc_row_inner][\/vc_column][\/vc_row]<\/p>\n<\/div>","protected":false},"excerpt":{"rendered":"<p>[vc_row][vc_column width=&#8221;1\/2&#8243;][vc_column_text] &nbsp; [\/vc_column_text][vc_row_inner][vc_column_inner width=&#8221;1\/1&#8243;][vc_column_text]La \u00ab Radio Frequency Identification \u00bb (RFID) ou \u00ab Identification Electronique \u00bb (EID), est un syst\u00e8me qui permet l\u2019\u00e9change d\u2019informations \u00e0 distance, gr\u00e2ce au champ \u00e9lectromagn\u00e9tique des ondes radios. Ce syst\u00e8me utilise une technologie Basse Fr\u00e9quence, sp\u00e9cialement adapt\u00e9e \u00e0 l\u2019identification animale, contrairement \u00e0 la Haute Fr\u00e9quence. En effet, le fonctionnement de [&hellip;]<\/p>\n","protected":false},"author":4,"featured_media":0,"parent":195,"menu_order":41,"comment_status":"open","ping_status":"open","template":"","meta":{"footnotes":""},"class_list":["post-200","page","type-page","status-publish","hentry"],"acf":[],"_links":{"self":[{"href":"https:\/\/www.ardes-group.com\/fr\/wp-json\/wp\/v2\/pages\/200\/"}],"collection":[{"href":"https:\/\/www.ardes-group.com\/fr\/wp-json\/wp\/v2\/pages\/"}],"about":[{"href":"https:\/\/www.ardes-group.com\/fr\/wp-json\/wp\/v2\/types\/page\/"}],"author":[{"embeddable":true,"href":"https:\/\/www.ardes-group.com\/fr\/wp-json\/wp\/v2\/users\/4\/"}],"replies":[{"embeddable":true,"href":"https:\/\/www.ardes-group.com\/fr\/wp-json\/wp\/v2\/comments\/?post=200"}],"version-history":[{"count":0,"href":"https:\/\/www.ardes-group.com\/fr\/wp-json\/wp\/v2\/pages\/200\/revisions\/"}],"up":[{"embeddable":true,"href":"https:\/\/www.ardes-group.com\/fr\/wp-json\/wp\/v2\/pages\/195\/"}],"wp:attachment":[{"href":"https:\/\/www.ardes-group.com\/fr\/wp-json\/wp\/v2\/media\/?parent=200"}],"curies":[{"name":"wp","href":"https:\/\/api.w.org\/{rel}","templated":true}]}}