

{"id":202,"date":"2014-05-28T08:53:57","date_gmt":"2014-05-28T07:53:57","guid":{"rendered":"http:\/\/www.ardes-group.com\/personnalisation\/seringues-et-pistolets\/"},"modified":"2016-03-02T16:25:42","modified_gmt":"2016-03-02T15:25:42","slug":"seringues-et-pistolets","status":"publish","type":"page","link":"https:\/\/www.ardes-group.com\/fr\/personnalisation\/seringues-et-pistolets\/","title":{"rendered":"Personnalisation Seringues et Pistolets"},"content":{"rendered":"<div class=\"pf-content\"><p>[vc_row][vc_column width=&#8221;1\/2&#8243;][vc_column_text]<\/p>\n<h3>Pistolet automatique<\/h3>\n<p>&nbsp;<\/p>\n<p>Il est possible d\u2019\u00e9tudier et d\u2019adapter notre pistolet \u00e0 la viscosit\u00e9 des produits. Apr\u00e8s analyse du fluide nous proposons un bloc clapet qui assurera un passage du liquide optimis\u00e9.\u00a0 <a title=\"Contact\" href=\"http:\/\/www.ardes-group.com\/fr\/contact-produits\/\" target=\"_blank\"><strong>Contactez-nous<\/strong><\/a><\/p>\n<p>Nous pouvons \u00e9galement personnaliser votre <strong>pistolet<\/strong>\u00a0:<\/p>\n<ol>\n<li>Impression d\u2019un logo sur le nez ou le corps<\/li>\n<li>Adaptation de la graduation (en particulier \u00e0 la concentration du produit actif\u00a0: x ml\/kg)<\/li>\n<li>Fixer une quantit\u00e9<\/li>\n<li>Changer les couleurs de l\u2019appareil<\/li>\n<li>Ins\u00e9rer un marqueur au pistolet pour commercialisation<\/li>\n<li>Adapter le packaging (blister\/sac)<\/li>\n<\/ol>\n<p>[\/vc_column_text][vc_single_image image=&#8221;4475&#8243; border_color=&#8221;grey&#8221; img_link_large=&#8221;yes&#8221; img_link_target=&#8221;_self&#8221; img_size=&#8221;medium&#8221; alignment=&#8221;center&#8221;][vc_single_image image=&#8221;4481&#8243; border_color=&#8221;grey&#8221; img_link_large=&#8221;yes&#8221; img_link_target=&#8221;_self&#8221; img_size=&#8221;medium&#8221; alignment=&#8221;center&#8221;][\/vc_column][vc_column width=&#8221;1\/2&#8243;][vc_column_text]<\/p>\n<p><a href=\"http:\/\/www.ardes-group.com\/wp-content\/uploads\/2014\/05\/personalisation-pistolet.jpg\"><img loading=\"lazy\" class=\"aligncenter size-taille-page-produit wp-image-3791\" src=\"http:\/\/www.ardes-group.com\/wp-content\/uploads\/2014\/05\/personalisation-pistolet-460x355.jpg\" alt=\"personalisation pistolet\" width=\"460\" height=\"355\" srcset=\"https:\/\/www.ardes-group.com\/wp-content\/uploads\/2014\/05\/personalisation-pistolet-460x355.jpg 460w, https:\/\/www.ardes-group.com\/wp-content\/uploads\/2014\/05\/personalisation-pistolet-300x232.jpg 300w, https:\/\/www.ardes-group.com\/wp-content\/uploads\/2014\/05\/personalisation-pistolet-1024x791.jpg 1024w, https:\/\/www.ardes-group.com\/wp-content\/uploads\/2014\/05\/personalisation-pistolet-111x86.jpg 111w\" sizes=\"(max-width: 460px) 100vw, 460px\" \/><\/a><\/p>\n<p>[\/vc_column_text][vc_column_text]<\/p>\n<h3>Seringues<\/h3>\n<p>Il est possible de fabriquer nos seringues sur-mesure\u00a0:<\/p>\n<ol>\n<li>Impression d\u2019un logo sur le corps de la seringue<\/li>\n<li>Possibilit\u00e9 de cr\u00e9er une graduation personnalis\u00e9e<\/li>\n<li>Modifier la couleur<\/li>\n<li>Adapter le packaging et ins\u00e9rer au dos un \u00ab\u00a0texte personnalis\u00e9\u00a0\u00bb<\/li>\n<\/ol>\n<p>[\/vc_column_text][vc_column_text]<br \/>\n[\/vc_column_text][vc_row_inner][vc_column_inner width=&#8221;1\/3&#8243;][vc_single_image image=&#8221;3784&#8243; border_color=&#8221;grey&#8221; img_link_target=&#8221;_self&#8221; img_size=&#8221;thumbnail&#8221; alignment=&#8221;right&#8221;][\/vc_column_inner][vc_column_inner width=&#8221;1\/3&#8243;][vc_single_image image=&#8221;3783&#8243; border_color=&#8221;grey&#8221; img_link_target=&#8221;_self&#8221; img_size=&#8221;thumbnail&#8221; alignment=&#8221;right&#8221;][\/vc_column_inner][vc_column_inner width=&#8221;1\/3&#8243;][vc_single_image image=&#8221;3785&#8243; border_color=&#8221;grey&#8221; img_link_target=&#8221;_self&#8221; img_size=&#8221;thumbnail&#8221; alignment=&#8221;right&#8221;][\/vc_column_inner][\/vc_row_inner][vc_row_inner][vc_column_inner width=&#8221;1\/1&#8243;][vc_column_text]Si l\u2019une ou plusieurs de ces solutions vous int\u00e9resse, <a title=\"Contact\" href=\"http:\/\/www.ardes-group.com\/fr\/contact-produits\/\" target=\"_blank\"><strong>contactez-nous.<\/strong><\/a><\/p>\n<p><a title=\"Contact international\" href=\"http:\/\/www.ardes-group.com\/fr\/contact-produits\/\" target=\"_blank\"><img loading=\"lazy\" class=\"aligncenter wp-image-3780 size-medium\" src=\"http:\/\/www.ardes-group.com\/wp-content\/uploads\/2014\/05\/bouton-contact-300x122.jpg\" alt=\"bouton contact\" width=\"300\" height=\"122\" srcset=\"https:\/\/www.ardes-group.com\/wp-content\/uploads\/2014\/05\/bouton-contact-300x122.jpg 300w, https:\/\/www.ardes-group.com\/wp-content\/uploads\/2014\/05\/bouton-contact-111x45.jpg 111w, https:\/\/www.ardes-group.com\/wp-content\/uploads\/2014\/05\/bouton-contact-460x187.jpg 460w, https:\/\/www.ardes-group.com\/wp-content\/uploads\/2014\/05\/bouton-contact.jpg 921w\" sizes=\"(max-width: 300px) 100vw, 300px\" \/><\/a>[\/vc_column_text][\/vc_column_inner][\/vc_row_inner][\/vc_column][\/vc_row]<\/p>\n<\/div>","protected":false},"excerpt":{"rendered":"<p>[vc_row][vc_column width=&#8221;1\/2&#8243;][vc_column_text] Pistolet automatique &nbsp; Il est possible d\u2019\u00e9tudier et d\u2019adapter notre pistolet \u00e0 la viscosit\u00e9 des produits. Apr\u00e8s analyse du fluide nous proposons un bloc clapet qui assurera un passage du liquide optimis\u00e9.\u00a0 Contactez-nous Nous pouvons \u00e9galement personnaliser votre pistolet\u00a0: Impression d\u2019un logo sur le nez ou le corps Adaptation de la graduation (en [&hellip;]<\/p>\n","protected":false},"author":4,"featured_media":0,"parent":201,"menu_order":55,"comment_status":"open","ping_status":"open","template":"","meta":[],"acf":[],"_links":{"self":[{"href":"https:\/\/www.ardes-group.com\/fr\/wp-json\/wp\/v2\/pages\/202\/"}],"collection":[{"href":"https:\/\/www.ardes-group.com\/fr\/wp-json\/wp\/v2\/pages\/"}],"about":[{"href":"https:\/\/www.ardes-group.com\/fr\/wp-json\/wp\/v2\/types\/page\/"}],"author":[{"embeddable":true,"href":"https:\/\/www.ardes-group.com\/fr\/wp-json\/wp\/v2\/users\/4\/"}],"replies":[{"embeddable":true,"href":"https:\/\/www.ardes-group.com\/fr\/wp-json\/wp\/v2\/comments\/?post=202"}],"version-history":[{"count":0,"href":"https:\/\/www.ardes-group.com\/fr\/wp-json\/wp\/v2\/pages\/202\/revisions\/"}],"up":[{"embeddable":true,"href":"https:\/\/www.ardes-group.com\/fr\/wp-json\/wp\/v2\/pages\/201\/"}],"wp:attachment":[{"href":"https:\/\/www.ardes-group.com\/fr\/wp-json\/wp\/v2\/media\/?parent=202"}],"curies":[{"name":"wp","href":"https:\/\/api.w.org\/{rel}","templated":true}]}}