

{"id":203,"date":"2014-05-28T08:53:58","date_gmt":"2014-05-28T07:53:58","guid":{"rendered":"http:\/\/www.ardes-group.com\/personnalisation\/boucles-visuelles\/"},"modified":"2016-03-02T16:30:24","modified_gmt":"2016-03-02T15:30:24","slug":"boucles-visuelles","status":"publish","type":"page","link":"https:\/\/www.ardes-group.com\/fr\/personnalisation\/boucles-visuelles\/","title":{"rendered":"Personnalisation boucles visuelles"},"content":{"rendered":"<div class=\"pf-content\"><p>[vc_row][vc_column width=&#8221;1\/1&#8243;][vc_column_text]<\/p>\n<h3>ARDES propose des solutions pour personnaliser les boucles d\u2019identification visuelle afin de r\u00e9pondre \u00e0 toutes les demandes.<\/h3>\n<p>[\/vc_column_text][vc_row_inner][vc_column_inner width=&#8221;1\/2&#8243;][vc_column_text]<\/p>\n<h2>Marquage personnalis\u00e9<\/h2>\n<p>&nbsp;<\/p>\n<p>ARDES propose plusieurs solutions techniques pour marquer et personnaliser les boucles d\u2019identification visuelle\u00a0: le feutre, le laser, l\u2019encre et le hot-stamping. Ces 4 solutions permettent de r\u00e9pondre \u00e0 toutes les demandes\u00a0d\u2019impression de logo, num\u00e9ro, code-barres, nom d\u2019\u00e9levage, image couleur, texte.<\/p>\n<p><a title=\"Les solutions de marquage\" href=\"http:\/\/www.ardes-group.com\/fr\/conseils-outils\/les-solutions-de-marquage\/\" target=\"_blank\">Page solution de marquage<\/a>[\/vc_column_text][vc_single_image image=&#8221;4900&#8243; border_color=&#8221;grey&#8221; img_link_target=&#8221;_self&#8221; img_size=&#8221;medium&#8221; img_link_large=&#8221;yes&#8221;][vc_column_text]<\/p>\n<h2>Produit sur-mesure<\/h2>\n<p>ARDES, gr\u00e2ce \u00e0 son expertise en identification et tra\u00e7abilit\u00e9, peut concevoir et d\u00e9velopper des produits sp\u00e9cifiques et uniques. Ces demandes particuli\u00e8res font l\u2019objet de travail en collaboration avec les ing\u00e9nieurs ARDES, qui d\u00e9finiront un cahier des charges, pour \u00e9tudier les solutions possibles.<\/p>\n<h3>Contactez-nous pour toutes demandes d\u2019\u00e9tude de projets sp\u00e9cifiques<\/h3>\n<p>&nbsp;<\/p>\n<p><a title=\"Contact international\" href=\"http:\/\/www.ardes-group.com\/ardes-worldwide\/contact-international\/\" target=\"_blank\"><img loading=\"lazy\" decoding=\"async\" class=\"aligncenter size-medium wp-image-3780\" src=\"http:\/\/www.ardes-group.com\/wp-content\/uploads\/2014\/05\/bouton-contact-300x122.jpg\" alt=\"bouton contact\" width=\"300\" height=\"122\" srcset=\"https:\/\/www.ardes-group.com\/wp-content\/uploads\/2014\/05\/bouton-contact-300x122.jpg 300w, https:\/\/www.ardes-group.com\/wp-content\/uploads\/2014\/05\/bouton-contact-111x45.jpg 111w, https:\/\/www.ardes-group.com\/wp-content\/uploads\/2014\/05\/bouton-contact-460x187.jpg 460w, https:\/\/www.ardes-group.com\/wp-content\/uploads\/2014\/05\/bouton-contact.jpg 921w\" sizes=\"auto, (max-width: 300px) 100vw, 300px\" \/><\/a>[\/vc_column_text][\/vc_column_inner][vc_column_inner width=&#8221;1\/2&#8243;][vc_single_image image=&#8221;1215&#8243; alignment=&#8221;center&#8221; border_color=&#8221;grey&#8221; img_link_target=&#8221;_self&#8221; img_size=&#8221;medium&#8221;][vc_column_text]<\/p>\n<h2 style=\"padding-left: 60px;\">Couleurs illimit\u00e9s<\/h2>\n<p style=\"padding-left: 60px;\">En plus des 6 couleurs standards des boucles visuelles au catalogue, ARDES a la possibilit\u00e9 de d\u00e9velopper des couleurs suppl\u00e9mentaires. Cette option personnalis\u00e9e permet de r\u00e9pondre aux demandes sp\u00e9cifiques des utilisateurs. Par exemple, 6 couleurs additionnelles de boucles visuelles ont \u00e9t\u00e9 d\u00e9velopp\u00e9es pour un \u00e9leveur mexicain\u00a0:12 couleurs de boucles au total correspondant aux 12 mois de l\u2019ann\u00e9e et ainsi boucler les animaux en fonction du mois de naissance.<\/p>\n<p>[\/vc_column_text][vc_column_text]<\/p>\n<p style=\"text-align: center;\"><a href=\"http:\/\/www.ardes-group.com\/wp-content\/uploads\/2014\/05\/boucle-de-couleur-2.jpg\"><img loading=\"lazy\" decoding=\"async\" class=\"aligncenter wp-image-791 size-taille-page-produit\" src=\"http:\/\/www.ardes-group.com\/wp-content\/uploads\/2014\/05\/boucle-de-couleur-2-e1421855012261-460x303.jpg\" alt=\"boucle de couleur 2\" width=\"460\" height=\"303\" \/><\/a><\/p>\n<p>[\/vc_column_text][\/vc_column_inner][\/vc_row_inner][\/vc_column][\/vc_row]<\/p>\n<\/div>","protected":false},"excerpt":{"rendered":"<p>[vc_row][vc_column width=&#8221;1\/1&#8243;][vc_column_text] ARDES propose des solutions pour personnaliser les boucles d\u2019identification visuelle afin de r\u00e9pondre \u00e0 toutes les demandes. [\/vc_column_text][vc_row_inner][vc_column_inner width=&#8221;1\/2&#8243;][vc_column_text] Marquage personnalis\u00e9 &nbsp; ARDES propose plusieurs solutions techniques pour marquer et personnaliser les boucles d\u2019identification visuelle\u00a0: le feutre, le laser, l\u2019encre et le hot-stamping. Ces 4 solutions permettent de r\u00e9pondre \u00e0 toutes les demandes\u00a0d\u2019impression [&hellip;]<\/p>\n","protected":false},"author":4,"featured_media":0,"parent":201,"menu_order":57,"comment_status":"open","ping_status":"open","template":"","meta":{"footnotes":""},"class_list":["post-203","page","type-page","status-publish","hentry"],"acf":[],"_links":{"self":[{"href":"https:\/\/www.ardes-group.com\/fr\/wp-json\/wp\/v2\/pages\/203\/"}],"collection":[{"href":"https:\/\/www.ardes-group.com\/fr\/wp-json\/wp\/v2\/pages\/"}],"about":[{"href":"https:\/\/www.ardes-group.com\/fr\/wp-json\/wp\/v2\/types\/page\/"}],"author":[{"embeddable":true,"href":"https:\/\/www.ardes-group.com\/fr\/wp-json\/wp\/v2\/users\/4\/"}],"replies":[{"embeddable":true,"href":"https:\/\/www.ardes-group.com\/fr\/wp-json\/wp\/v2\/comments\/?post=203"}],"version-history":[{"count":0,"href":"https:\/\/www.ardes-group.com\/fr\/wp-json\/wp\/v2\/pages\/203\/revisions\/"}],"up":[{"embeddable":true,"href":"https:\/\/www.ardes-group.com\/fr\/wp-json\/wp\/v2\/pages\/201\/"}],"wp:attachment":[{"href":"https:\/\/www.ardes-group.com\/fr\/wp-json\/wp\/v2\/media\/?parent=203"}],"curies":[{"name":"wp","href":"https:\/\/api.w.org\/{rel}","templated":true}]}}