

{"id":218,"date":"2014-05-28T09:09:07","date_gmt":"2014-05-28T08:09:07","guid":{"rendered":"http:\/\/www.ardes-group.com\/accueil\/presentation-generale\/"},"modified":"2023-10-11T15:51:52","modified_gmt":"2023-10-11T14:51:52","slug":"presentation-generale","status":"publish","type":"page","link":"https:\/\/www.ardes-group.com\/fr\/accueil\/presentation-generale\/","title":{"rendered":"Pr\u00e9sentation g\u00e9n\u00e9rale"},"content":{"rendered":"<p>[vc_section el_class=&#8221;section-presentation&#8221;][vc_row][vc_column width=&#8221;5\/12&#8243; el_class=&#8221;col-image-left&#8221;][vc_single_image image=&#8221;18600&#8243; img_size=&#8221;&#8221;][\/vc_column][vc_column width=&#8221;7\/12&#8243; el_class=&#8221;col-text-right&#8221;][vc_column_text]<\/p>\n<h2>Historique<\/h2>\n<div class=\"container page\">\n<div class=\"pf-content\">\n<div class=\"wpb_row vc_row-fluid\">\n<div class=\"vc_span6 eight columns wpb_column column_container\">\n<div class=\"wpb_wrapper\">\n<div class=\"wpb_text_column wpb_content_element \">\n<div class=\"wpb_wrapper\">\n<p>La soci\u00e9t\u00e9 ARDES est n\u00e9e de la passion d\u2019une famille pour le monde de l\u2019\u00e9levage et plus particuli\u00e8rement pour le monde \u00e9quin.<\/p>\n<p><a title=\"Historique\" href=\"http:\/\/www.ardes-group.com\/fr\/accueil\/historique\/\" target=\"_blank\" rel=\"noopener\">En savoir plus<\/a><\/div>\n<\/div>\n<\/div>\n<\/div>\n<\/div>\n<\/div>\n<\/div>\n<p>[\/vc_column_text][\/vc_column][\/vc_row][\/vc_section][vc_section el_class=&#8221;section-presentation&#8221;][vc_row][vc_column width=&#8221;7\/12&#8243; el_class=&#8221;col-text-left&#8221;][vc_column_text]<\/p>\n<h2>Philosophie ARDES<\/h2>\n<p>ARDES est avant tout une structure familiale qui exerce son m\u00e9tier avec passion depuis plus d\u2019un demi-si\u00e8cle.<\/p>\n<p><a title=\"Philosophie ARDES\" href=\"http:\/\/www.ardes-group.com\/fr\/accueil\/philosophie-ardes\/\" target=\"_blank\" rel=\"noopener\">En savoir plus<\/a>[\/vc_column_text][\/vc_column][vc_column width=&#8221;5\/12&#8243; el_class=&#8221;col-image-right&#8221;][vc_single_image image=&#8221;17377&#8243; img_size=&#8221;&#8221;][\/vc_column][\/vc_row][\/vc_section][vc_section el_class=&#8221;section-presentation&#8221;][vc_row][vc_column width=&#8221;5\/12&#8243; el_class=&#8221;col-image-left&#8221;][vc_single_image image=&#8221;882&#8243; img_size=&#8221;&#8221;][\/vc_column][vc_column width=&#8221;7\/12&#8243; el_class=&#8221;col-text-right&#8221;][vc_column_text]<\/p>\n<h2>Vision<\/h2>\n<p>Notre ambition est de poursuivre le d\u00e9veloppement de nos deux gammes de produits\u00a0: administration de soins et solutions d\u2019identification animale.<\/p>\n<p><a title=\"Vision\" href=\"http:\/\/www.ardes-group.com\/fr\/accueil\/vision\/\" target=\"_blank\" rel=\"noopener\">En savoir plus<\/a>[\/vc_column_text][\/vc_column][\/vc_row][\/vc_section][vc_section el_class=&#8221;section-presentation&#8221;][vc_row][vc_column width=&#8221;7\/12&#8243; el_class=&#8221;col-text-left&#8221;][vc_column_text]<\/p>\n<h2>Mot du pr\u00e9sident<\/h2>\n<p>Constamment \u00e0 votre <strong>\u00e9coute<\/strong>, nous vous encourageons \u00e0 nous faire part r\u00e9guli\u00e8rement de notre performance et nous aider \u00e0 l\u2019<strong>am\u00e9liorer<\/strong>.<\/p>\n<p><a title=\"Mot du Pr\u00e9sident\" href=\"http:\/\/www.ardes-group.com\/fr\/accueil\/mot-du-president\/\" target=\"_blank\" rel=\"noopener\">En savoir plus<\/a>[\/vc_column_text][\/vc_column][vc_column width=&#8221;5\/12&#8243; el_class=&#8221;col-image-right&#8221;][vc_single_image image=&#8221;3661&#8243; img_size=&#8221;&#8221;][\/vc_column][\/vc_row][\/vc_section][vc_section el_class=&#8221;section-presentation&#8221;][vc_row][vc_column width=&#8221;5\/12&#8243;][vc_single_image image=&#8221;18919&#8243; img_size=&#8221;&#8221; el_class=&#8221;col-image-left&#8221;][\/vc_column][vc_column width=&#8221;7\/12&#8243; el_class=&#8221;col-text-right&#8221;][vc_column_text]<\/p>\n<h2>Les valeurs<\/h2>\n<p>ARDES est une entreprise en constant renouveau, qui se projette vers le futur, avec la forte volont\u00e9 de se transformer et de s\u2019adapter \u00e0 son environnement&#8230;<\/p>\n<p><a title=\"Les valeurs\" href=\"http:\/\/www.ardes-group.com\/fr\/accueil\/les-valeurs\/\" target=\"_blank\" rel=\"noopener\">En savoir plus<\/a>[\/vc_column_text][\/vc_column][\/vc_row][\/vc_section][vc_section el_class=&#8221;section-presentation&#8221;][vc_row][vc_column width=&#8221;7\/12&#8243; el_class=&#8221;col-text-left&#8221;][vc_column_text]<\/p>\n<h2>Nos m\u00e9tiers<\/h2>\n<p>ARDES est sp\u00e9cialis\u00e9e, depuis plus de cinquante ans, dans la conception et la fabrication de mat\u00e9riels d\u2019injection \u00e0 usage v\u00e9t\u00e9rinaire et de solutions d\u2019identification animale.<\/p>\n<p><a title=\"Nos m\u00e9tiers\" href=\"http:\/\/www.ardes-group.com\/fr\/accueil\/nos-metiers-2\/\" target=\"_blank\" rel=\"noopener\">En savoir plus<\/a>[\/vc_column_text][\/vc_column][vc_column width=&#8221;5\/12&#8243; el_class=&#8221;col-image-right&#8221;][vc_single_image image=&#8221;18945&#8243; img_size=&#8221;&#8221;][\/vc_column][\/vc_row][\/vc_section][vc_section el_class=&#8221;section-presentation&#8221;][vc_row][vc_column width=&#8221;5\/12&#8243; el_class=&#8221;col-image-left&#8221;][vc_single_image image=&#8221;18951&#8243; img_size=&#8221;&#8221;][\/vc_column][vc_column width=&#8221;7\/12&#8243; el_class=&#8221;col-text-right&#8221;][vc_column_text]<\/p>\n<h2>Un savoir faire unique<\/h2>\n<p>L\u2019ensemble des produits ARDES sont garantis de fabrication fran\u00e7aise et de haute qualit\u00e9.<\/p>\n<p><a title=\"Un savoir faire unique\" href=\"http:\/\/www.ardes-group.com\/fr\/accueil\/un-savoir-faire-unique\/\" target=\"_blank\" rel=\"noopener\">En savoir plus.<\/a>[\/vc_column_text][\/vc_column][\/vc_row][\/vc_section][vc_section el_class=&#8221;section-presentation&#8221; css=&#8221;.vc_custom_1675689613841{margin-bottom: 150px !important;}&#8221;][vc_row][vc_column width=&#8221;7\/12&#8243; el_class=&#8221;col-text-left&#8221;][vc_column_text]<\/p>\n<h2>D\u00e9veloppement international<\/h2>\n<p>ARDES s\u2019est d\u00e9velopp\u00e9e tr\u00e8s t\u00f4t \u00e0 l\u2019international.<\/p>\n<p><a title=\"D\u00e9veloppement international\" href=\"http:\/\/www.ardes-group.com\/fr\/accueil\/developpement-international-2\/\" target=\"_blank\" rel=\"noopener\">En savoir plus<\/a>[\/vc_column_text][\/vc_column][vc_column width=&#8221;5\/12&#8243; el_class=&#8221;col-image-right&#8221;][vc_single_image image=&#8221;2927&#8243; img_size=&#8221;&#8221;][\/vc_column][\/vc_row][\/vc_section][vc_row el_class=&#8221;section-presentation&#8221;][\/vc_row]<\/p>\n","protected":false},"excerpt":{"rendered":"<p>[vc_section el_class=&#8221;section-presentation&#8221;][vc_row][vc_column width=&#8221;5\/12&#8243; el_class=&#8221;col-image-left&#8221;][vc_single_image image=&#8221;18600&#8243; img_size=&#8221;&#8221;][\/vc_column][vc_column width=&#8221;7\/12&#8243; el_class=&#8221;col-text-right&#8221;][vc_column_text] Historique La soci\u00e9t\u00e9 ARDES est n\u00e9e de la passion d\u2019une famille pour le monde de l\u2019\u00e9levage et plus particuli\u00e8rement pour le monde \u00e9quin. En savoir plus [\/vc_column_text][\/vc_column][\/vc_row][\/vc_section][vc_section el_class=&#8221;section-presentation&#8221;][vc_row][vc_column width=&#8221;7\/12&#8243; el_class=&#8221;col-text-left&#8221;][vc_column_text] Philosophie ARDES ARDES est avant tout une structure familiale qui exerce son m\u00e9tier avec passion depuis plus [&hellip;]<\/p>\n","protected":false},"author":4,"featured_media":0,"parent":12,"menu_order":7,"comment_status":"open","ping_status":"open","template":"","meta":{"footnotes":""},"class_list":["post-218","page","type-page","status-publish","hentry"],"acf":[],"_links":{"self":[{"href":"https:\/\/www.ardes-group.com\/fr\/wp-json\/wp\/v2\/pages\/218\/"}],"collection":[{"href":"https:\/\/www.ardes-group.com\/fr\/wp-json\/wp\/v2\/pages\/"}],"about":[{"href":"https:\/\/www.ardes-group.com\/fr\/wp-json\/wp\/v2\/types\/page\/"}],"author":[{"embeddable":true,"href":"https:\/\/www.ardes-group.com\/fr\/wp-json\/wp\/v2\/users\/4\/"}],"replies":[{"embeddable":true,"href":"https:\/\/www.ardes-group.com\/fr\/wp-json\/wp\/v2\/comments\/?post=218"}],"version-history":[{"count":12,"href":"https:\/\/www.ardes-group.com\/fr\/wp-json\/wp\/v2\/pages\/218\/revisions\/"}],"predecessor-version":[{"id":19003,"href":"https:\/\/www.ardes-group.com\/fr\/wp-json\/wp\/v2\/pages\/218\/revisions\/19003\/"}],"up":[{"embeddable":true,"href":"https:\/\/www.ardes-group.com\/fr\/wp-json\/wp\/v2\/pages\/12\/"}],"wp:attachment":[{"href":"https:\/\/www.ardes-group.com\/fr\/wp-json\/wp\/v2\/media\/?parent=218"}],"curies":[{"name":"wp","href":"https:\/\/api.w.org\/{rel}","templated":true}]}}