

{"id":2224,"date":"2014-08-31T14:59:36","date_gmt":"2014-08-31T13:59:36","guid":{"rendered":"http:\/\/www.ardes-group.com\/?page_id=2224"},"modified":"2023-09-19T14:47:35","modified_gmt":"2023-09-19T13:47:35","slug":"lecteurs-electroniques","status":"publish","type":"page","link":"https:\/\/www.ardes-group.com\/fr\/gamme\/lecteurs-electroniques\/","title":{"rendered":"Lecteurs \u00e9lectroniques"},"content":{"rendered":"<div class=\"pf-content\"><p>[vc_row][vc_column][vc_column_text]<\/p>\n<h3 style=\"text-align: justify;\">Les lecteurs \u00e9lectroniques permettent une grande simplicit\u00e9 et rapidit\u00e9 de lecture des boucles \u00e9lectroniques. Ils participent \u00e0 une automatisation de la tra\u00e7abilit\u00e9 des animaux.<\/h3>\n<p>[\/vc_column_text][vc_row_inner][vc_column_inner width=&#8221;1\/2&#8243;][vc_column_text]<\/p>\n<p style=\"text-align: justify;\">ARDES a con\u00e7u il y\u2019a plusieurs ann\u00e9es une gamme de boucles \u00e9lectroniques RFID. Mais une boucle \u00e9lectronique sans un syst\u00e8me de lecture performant n\u2019est rien\u00a0!<\/p>\n<p>En collaboration avec notre laboratoire partenaire en mesures \u00e9lectroniques, le RFT Lab\u00ae, ARDES a test\u00e9 des dizaines de syst\u00e8mes de lecture et vous offre aujourd\u2019hui la meilleure solution.<\/p>\n<p style=\"text-align: justify;\">Les lecteurs fabriqu\u00e9s par cette \u00a0entreprise ont offert les meilleures performances aux boucles ARDES\u00a0:<\/p>\n<p style=\"text-align: justify;\"><strong>-Distance de lecture<\/strong><\/p>\n<p style=\"text-align: justify;\"><strong>-Fiabilit\u00e9<\/strong><\/p>\n<p style=\"text-align: justify;\"><strong>-Robustesse et ergonomie<\/strong><\/p>\n<p>[\/vc_column_text][vc_column_text]<\/p>\n<h3 style=\"text-align: justify;\">Un syst\u00e8me imm\u00e9diat d\u2019identification<\/h3>\n<p>Nos lecteurs \u00e9lectroniques sont con\u00e7us pour r\u00e9pondre aux besoins des \u00e9leveurs de bovins, ovins, caprins et porcins\u00a0; mais ils sont aussi adapt\u00e9s aux besoins des v\u00e9t\u00e9rinaires et \u00e9leveurs de plus petites b\u00eates telles que les animaux domestiques (chiens, chats ou encore chevaux\u2026).<\/p>\n<p>Nous poss\u00e9dons une gamme compos\u00e9e de 4 lecteurs (HALO, RT 250, RT10M, RT100 V8) de diff\u00e9rentes tailles et qui conviennent \u00e0 tous les types d\u2019animaux poss\u00e9dant des boucle \u00e9lectronique RFID.<\/p>\n<p>L\u2019identification \u00e9lectronique par radiofr\u00e9quence (RFID) permet de valoriser le num\u00e9ro d\u2019identification de l\u2019animal en mettant en place des solutions sur le terrain\u00a0: logiciel de gestion de troupeau, assistance \u00e0 la traite, syst\u00e8me de pond\u00e9ration automatique, automatisation du tri des animaux, comptage d\u2019animaux automatique, distribution automatique d\u2019aliment\u2026<\/p>\n<p>&nbsp;[\/vc_column_text][\/vc_column_inner][vc_column_inner width=&#8221;1\/2&#8243;][vc_column_text]<\/p>\n<p style=\"text-align: right;\"><img loading=\"lazy\" decoding=\"async\" class=\"aligncenter wp-image-17151 size-taille-page-produit\" src=\"http:\/\/www.ardes-group.com\/wp-content\/uploads\/2020\/02\/grand-lecteur-c-387x580.jpg\" alt=\"\" width=\"387\" height=\"580\" \/><\/p>\n<p>[\/vc_column_text][vc_column_text][\/vc_column_text][\/vc_column_inner][\/vc_row_inner][vc_row_inner][vc_column_inner][vc_column_text]<\/p>\n<h2 style=\"text-align: justify;\">Nos avantages<\/h2>\n<p style=\"text-align: justify;\">Conformes aux normes ISO 11784\/11785, les lecteurs \u00e9lectroniques portables et fixes offrent une distance de lecture optimale et une fiabilit\u00e9 des performances.<\/p>\n<p>[\/vc_column_text][\/vc_column_inner][\/vc_row_inner][vc_row_inner][vc_column_inner width=&#8221;1\/2&#8243;][vc_column_text]<\/p>\n<h3 style=\"text-align: justify;\">Distance de lecture sup\u00e9rieure aux standards du march\u00e9<\/h3>\n<p style=\"text-align: justify;\">Gr\u00e2ce aux diff\u00e9rents formats des antennes de nos lecteurs \u00e9lectroniques portables, la d\u00e9tection des boucles \u00e9lectroniques se fait de mani\u00e8re efficace et adapt\u00e9e selon l\u2019animal.<\/p>\n<p>Par ailleurs, la robustesse des produits, sup\u00e9rieure \u00e0 la concurrence, permet d\u2019\u00e9viter toute d\u00e9t\u00e9rioration, et leur poign\u00e9e ergonomique facilite leur prise en main.[\/vc_column_text][vc_column_text]<\/p>\n<h3 style=\"text-align: justify;\">Facilit\u00e9 d\u2019utilisation<\/h3>\n<p style=\"text-align: justify;\">ARDES vous garantit \u00e0 travers sa gamme de lecteurs une haute performance de lecture qui se caract\u00e9rise par une navigation rapide. Durant l\u2019identification, diff\u00e9rents signaux d\u2019alertes (sonores, vibratoire, vocaux) peuvent \u00eatre \u00e9mis pour vous transmettre un certain nombre d\u2019informations. Enfin, par le biais de diff\u00e9rents proc\u00e9d\u00e9s (USB, Ethernet, Bluetooth), la transmission d\u2019informations depuis un lecteur peut se faire tr\u00e8s facilement vers des ordinateurs, d\u2019autres lecteurs et des logiciels de traitements d\u2019informations.<\/p>\n<p>[\/vc_column_text][\/vc_column_inner][vc_column_inner width=&#8221;1\/2&#8243;][vc_column_text]&nbsp;[\/vc_column_text][vc_single_image image=&#8221;3366&#8243; img_size=&#8221;large&#8221; alignment=&#8221;right&#8221; img_link_large=&#8221;yes&#8221;][\/vc_column_inner][\/vc_row_inner][vc_column_text]<\/p>\n<h2 style=\"text-align: justify;\">Une large gamme \u00e0 l\u2019\u00e9coute des besoins<\/h2>\n<p>Pour s\u2019assurer de proposer aux \u00e9leveurs et aux v\u00e9t\u00e9rinaires l\u2019utilisation de produits de performances in\u00e9gal\u00e9es, ARDES vous recommande d\u2019utiliser les lecteurs \u00e9lectroniques de notre gamme ARDES.<\/p>\n<p>Nos lecteurs \u00e9lectroniques sont adapt\u00e9s \u00e0 tous vos besoins\u00a0: Robustes, ergonomiques, s\u2019utilisent en toute s\u00e9curit\u00e9.<\/p>\n<p>Cette gamme compl\u00e8te permet aux \u00e9leveurs et v\u00e9t\u00e9rinaires de mettre en place une gestion rigoureuse des informations concernant leurs animaux. De plus, elle permet de s\u2019adapt\u00e9e \u00e0 tous vos besoins, choisissez le lecteur portable parfait pour vous en fonction de la taille de vos animaux.<\/p>\n<p>Meilleur rapport qualit\u00e9 prix, l\u2019essayer c\u2019est l\u2019adopter\u00a0![\/vc_column_text][vc_column_text]<\/p>\n<h3>Les lecteurs \u00e9lectroniques portables n\u00e9cessitent un approchement du lecteur \u00e0 proximit\u00e9 de la boucle auriculaire pour pouvoir lire, enregistrer et transf\u00e9rer le num\u00e9ro.<\/h3>\n<p>[\/vc_column_text][vc_row_inner][vc_column_inner width=&#8221;1\/2&#8243;][vc_column_text]<\/p>\n<h3><b>RT100 V8 <\/b><\/h3>\n<p>Adapt\u00e9 aux animaux de taille moyenne, le lecteur\u00a0RT 100 V8\u00a0combine les fonctions de lecture, de d\u00e9codage et de contr\u00f4le des signaux pour les types de puces \u00e9lectroniques FDX-B et FDX-A conformes aux normes ISO 11784. Il poss\u00e8de une excellente distance de lecture, une faible consommation \u00e9nerg\u00e9tique et une taille compacte qui lui permet d\u2019\u00eatre facilement transport\u00e9. Rechargeable gr\u00e2ce \u00e0 son port USB, sa capacit\u00e9 de stockage est de 1200 codes transf\u00e9rables sur PC via c\u00e2ble USB ou Bluetooth.[\/vc_column_text][vc_column_text]&nbsp;<\/p>\n<p>&nbsp;[\/vc_column_text][vc_column_text]<\/p>\n<div class=\"page\" title=\"Page 2\">\n<div class=\"layoutArea\">\n<div class=\"column\">\n<div class=\"page\" title=\"Page 2\">\n<h3><b>RT250 <\/b><\/h3>\n<\/div>\n<p>Parfait pour les bovins, gr\u00e2ce \u00e0 son long manche, notre lecteur permet de rester \u00e0 une distance de 65 cm environ de l\u2019animal ! Ce lecteur RT250 Bluetooth peut se connecter \u00e0 un t\u00e9l\u00e9phone Android via Bluetooth pour lire et enregistrer les num\u00e9ros des microchips. Il combine les fonctions de lecture, de d\u00e9codage et de contr\u00f4le des signaux pour les types de puces \u00e9lectroniques FDX-B, FXD-A et HDX conformes aux normes ISO11784. De plus, il poss\u00e8de une capacit\u00e9 de stockage de 800 codes.<\/p>\n<\/div>\n<\/div>\n<\/div>\n<p>[\/vc_column_text][\/vc_column_inner][vc_column_inner width=&#8221;1\/2&#8243;][vc_column_text]<img loading=\"lazy\" decoding=\"async\" class=\"aligncenter wp-image-17346 size-taille-page-produit\" src=\"https:\/\/www.ardes-group.com\/wp-content\/uploads\/2020\/07\/lecteur-rt100v8-copie-460x307.jpg\" alt=\"\" width=\"460\" height=\"307\" srcset=\"https:\/\/www.ardes-group.com\/wp-content\/uploads\/2020\/07\/lecteur-rt100v8-copie-460x307.jpg 460w, https:\/\/www.ardes-group.com\/wp-content\/uploads\/2020\/07\/lecteur-rt100v8-copie-300x200.jpg 300w, https:\/\/www.ardes-group.com\/wp-content\/uploads\/2020\/07\/lecteur-rt100v8-copie-768x512.jpg 768w, https:\/\/www.ardes-group.com\/wp-content\/uploads\/2020\/07\/lecteur-rt100v8-copie-1024x683.jpg 1024w, https:\/\/www.ardes-group.com\/wp-content\/uploads\/2020\/07\/lecteur-rt100v8-copie-111x74.jpg 111w\" sizes=\"auto, (max-width: 460px) 100vw, 460px\" \/>[\/vc_column_text][vc_column_text]<\/p>\n<p style=\"text-align: center;\"><img loading=\"lazy\" decoding=\"async\" class=\"aligncenter wp-image-17124 size-medium\" src=\"http:\/\/www.ardes-group.com\/wp-content\/uploads\/2020\/02\/grand-lecteur-c2-200x300.jpg\" alt=\"\" width=\"200\" height=\"300\" srcset=\"https:\/\/www.ardes-group.com\/wp-content\/uploads\/2020\/02\/grand-lecteur-c2-200x300.jpg 200w, https:\/\/www.ardes-group.com\/wp-content\/uploads\/2020\/02\/grand-lecteur-c2-768x1152.jpg 768w, https:\/\/www.ardes-group.com\/wp-content\/uploads\/2020\/02\/grand-lecteur-c2-683x1024.jpg 683w, https:\/\/www.ardes-group.com\/wp-content\/uploads\/2020\/02\/grand-lecteur-c2-93x139.jpg 93w, https:\/\/www.ardes-group.com\/wp-content\/uploads\/2020\/02\/grand-lecteur-c2-387x580.jpg 387w\" sizes=\"auto, (max-width: 200px) 100vw, 200px\" \/><\/p>\n<p>[\/vc_column_text][vc_column_text][\/vc_column_text][\/vc_column_inner][\/vc_row_inner][vc_row_inner][vc_column_inner width=&#8221;1\/2&#8243;][vc_column_text]<\/p>\n<h3><b>RT10M<\/b><\/h3>\n<p>Sa toute petite taille vous permet de transporter ce lecteur tr\u00e8s facilement, sa distance de lecture est \u00e9gale voire sup\u00e9rieure \u00e0 celle de mod\u00e8les beaucoup plus volumineux. Le lecteur\u00a0RT 10M\u00a0lit les puces \u00e9lectroniques FDX-B conformes \u00e0 la norme\u00a0ISO11784. De plus, il est facilement rechargeable gr\u00e2ce \u00e0 son port USB int\u00e9gr\u00e9. De plus, il poss\u00e8de une capacit\u00e9 de stockage de 128 codes via c\u00e2ble USB vers PC.[\/vc_column_text][vc_column_text]&nbsp;<\/p>\n<p>&nbsp;<\/p>\n<p>&nbsp;<\/p>\n<p>&nbsp;<\/p>\n<p>&nbsp;[\/vc_column_text][vc_column_text]<\/p>\n<h3><b>HALO <\/b><\/h3>\n<p>Ce lecteur au prix \u00e9conomique, poss\u00e8de un bon rapport qualit\u00e9-prix. Disponible en 5 couleurs, il lit les puces \u00e9lectroniques de type FDX-B et FDX-A conforment aux normes 11784 et 11785. Convient \u00e0 la lecture de puce \u00e9lectronique sur animaux de compagnie, parfaitement adapt\u00e9 pour les chiens et chats. Il poss\u00e8de une excellente distance de lecture et une bonne dur\u00e9e de vie de la batterie. Il est rechargeable gr\u00e2ce \u00e0 son c\u00e2ble USB. \u00a0De plus, ce lecteur est compact et tr\u00e8s facile \u00e0 prendre en main.[\/vc_column_text][\/vc_column_inner][vc_column_inner width=&#8221;1\/2&#8243;][vc_column_text]<img loading=\"lazy\" decoding=\"async\" class=\"aligncenter size-taille-page-produit wp-image-17159\" src=\"http:\/\/www.ardes-group.com\/wp-content\/uploads\/2020\/02\/petit-scan-blanc-etuis-460x307.jpg\" alt=\"\" width=\"460\" height=\"307\" srcset=\"https:\/\/www.ardes-group.com\/wp-content\/uploads\/2020\/02\/petit-scan-blanc-etuis-460x307.jpg 460w, https:\/\/www.ardes-group.com\/wp-content\/uploads\/2020\/02\/petit-scan-blanc-etuis-300x200.jpg 300w, https:\/\/www.ardes-group.com\/wp-content\/uploads\/2020\/02\/petit-scan-blanc-etuis-768x512.jpg 768w, https:\/\/www.ardes-group.com\/wp-content\/uploads\/2020\/02\/petit-scan-blanc-etuis-1024x683.jpg 1024w, https:\/\/www.ardes-group.com\/wp-content\/uploads\/2020\/02\/petit-scan-blanc-etuis-111x74.jpg 111w\" sizes=\"auto, (max-width: 460px) 100vw, 460px\" \/>[\/vc_column_text][vc_column_text]<img loading=\"lazy\" decoding=\"async\" class=\"aligncenter size-taille-page-produit wp-image-17183\" src=\"http:\/\/www.ardes-group.com\/wp-content\/uploads\/2020\/02\/lecteur-electronique-groupe3-460x368.jpg\" alt=\"\" width=\"460\" height=\"368\" srcset=\"https:\/\/www.ardes-group.com\/wp-content\/uploads\/2020\/02\/lecteur-electronique-groupe3-460x368.jpg 460w, https:\/\/www.ardes-group.com\/wp-content\/uploads\/2020\/02\/lecteur-electronique-groupe3-300x240.jpg 300w, https:\/\/www.ardes-group.com\/wp-content\/uploads\/2020\/02\/lecteur-electronique-groupe3-768x614.jpg 768w, https:\/\/www.ardes-group.com\/wp-content\/uploads\/2020\/02\/lecteur-electronique-groupe3-1024x819.jpg 1024w, https:\/\/www.ardes-group.com\/wp-content\/uploads\/2020\/02\/lecteur-electronique-groupe3-111x89.jpg 111w\" sizes=\"auto, (max-width: 460px) 100vw, 460px\" \/>[\/vc_column_text][\/vc_column_inner][\/vc_row_inner][vc_row_inner][vc_column_inner][vc_column_text]<\/p>\n<table style=\"width: 685px; height: 180px;\" border=\"1\" width=\"703\" cellspacing=\"1\">\n<tbody>\n<tr>\n<td style=\"text-align: center;\"><\/td>\n<td style=\"text-align: center;\">Lecteur \u00e9lectronique portable<\/td>\n<td style=\"text-align: center;\">Lecteur \u00e9lectronique fixe<\/td>\n<\/tr>\n<tr>\n<td style=\"text-align: center;\">Distance de lecture<\/td>\n<td style=\"text-align: center;\">***<\/td>\n<td style=\"text-align: center;\">****<\/td>\n<\/tr>\n<tr>\n<td style=\"text-align: center;\">M\u00e9moire interne d&#8217;enregistrement<\/td>\n<td style=\"text-align: center;\">**<\/td>\n<td style=\"text-align: center;\" scope=\"row\">****<\/td>\n<\/tr>\n<tr>\n<td style=\"text-align: center;\">Fonctionnalit\u00e9s du produit<\/td>\n<td style=\"text-align: center;\">****<\/td>\n<td style=\"text-align: center;\">**<\/td>\n<\/tr>\n<tr>\n<td style=\"text-align: center;\">Pr\u00e9cision<\/td>\n<td style=\"text-align: center;\">***<\/td>\n<td style=\"text-align: center;\">**<\/td>\n<\/tr>\n<tr>\n<td style=\"text-align: center;\">Auto-tuning<\/td>\n<td style=\"text-align: center;\">**<\/td>\n<td style=\"text-align: center;\">****<\/td>\n<\/tr>\n<\/tbody>\n<\/table>\n<p>[\/vc_column_text][\/vc_column_inner][\/vc_row_inner][\/vc_column][\/vc_row][vc_row][vc_column width=&#8221;1\/3&#8243;][vc_column_text]<img loading=\"lazy\" decoding=\"async\" class=\"aligncenter size-taille-page-produit wp-image-17189\" src=\"http:\/\/www.ardes-group.com\/wp-content\/uploads\/2020\/02\/lecteurs-bleux-et-blanc-et-prises-460x317.jpg\" alt=\"\" width=\"460\" height=\"317\" srcset=\"https:\/\/www.ardes-group.com\/wp-content\/uploads\/2020\/02\/lecteurs-bleux-et-blanc-et-prises-460x317.jpg 460w, https:\/\/www.ardes-group.com\/wp-content\/uploads\/2020\/02\/lecteurs-bleux-et-blanc-et-prises-300x207.jpg 300w, https:\/\/www.ardes-group.com\/wp-content\/uploads\/2020\/02\/lecteurs-bleux-et-blanc-et-prises-768x529.jpg 768w, https:\/\/www.ardes-group.com\/wp-content\/uploads\/2020\/02\/lecteurs-bleux-et-blanc-et-prises-1024x705.jpg 1024w, https:\/\/www.ardes-group.com\/wp-content\/uploads\/2020\/02\/lecteurs-bleux-et-blanc-et-prises-111x76.jpg 111w, https:\/\/www.ardes-group.com\/wp-content\/uploads\/2020\/02\/lecteurs-bleux-et-blanc-et-prises.jpg 1658w\" sizes=\"auto, (max-width: 460px) 100vw, 460px\" \/>[\/vc_column_text][\/vc_column][vc_column width=&#8221;1\/3&#8243;][vc_column_text]<img loading=\"lazy\" decoding=\"async\" class=\"aligncenter size-medium wp-image-17124\" src=\"http:\/\/www.ardes-group.com\/wp-content\/uploads\/2020\/02\/grand-lecteur-c2-200x300.jpg\" alt=\"\" width=\"200\" height=\"300\" srcset=\"https:\/\/www.ardes-group.com\/wp-content\/uploads\/2020\/02\/grand-lecteur-c2-200x300.jpg 200w, https:\/\/www.ardes-group.com\/wp-content\/uploads\/2020\/02\/grand-lecteur-c2-768x1152.jpg 768w, https:\/\/www.ardes-group.com\/wp-content\/uploads\/2020\/02\/grand-lecteur-c2-683x1024.jpg 683w, https:\/\/www.ardes-group.com\/wp-content\/uploads\/2020\/02\/grand-lecteur-c2-93x139.jpg 93w, https:\/\/www.ardes-group.com\/wp-content\/uploads\/2020\/02\/grand-lecteur-c2-387x580.jpg 387w\" sizes=\"auto, (max-width: 200px) 100vw, 200px\" \/>[\/vc_column_text][\/vc_column][vc_column width=&#8221;1\/3&#8243;][vc_column_text]<img loading=\"lazy\" decoding=\"async\" class=\"aligncenter wp-image-17195 size-taille-page-produit\" src=\"http:\/\/www.ardes-group.com\/wp-content\/uploads\/2020\/02\/lecteur1-460x307.jpg\" alt=\"\" width=\"460\" height=\"307\" srcset=\"https:\/\/www.ardes-group.com\/wp-content\/uploads\/2020\/02\/lecteur1-460x307.jpg 460w, https:\/\/www.ardes-group.com\/wp-content\/uploads\/2020\/02\/lecteur1-300x200.jpg 300w, https:\/\/www.ardes-group.com\/wp-content\/uploads\/2020\/02\/lecteur1-768x512.jpg 768w, https:\/\/www.ardes-group.com\/wp-content\/uploads\/2020\/02\/lecteur1-1024x683.jpg 1024w, https:\/\/www.ardes-group.com\/wp-content\/uploads\/2020\/02\/lecteur1-111x74.jpg 111w\" sizes=\"auto, (max-width: 460px) 100vw, 460px\" \/>[\/vc_column_text][\/vc_column][\/vc_row]<\/p>\n<\/div>","protected":false},"excerpt":{"rendered":"<p>[vc_row][vc_column][vc_column_text] Les lecteurs \u00e9lectroniques permettent une grande simplicit\u00e9 et rapidit\u00e9 de lecture des boucles \u00e9lectroniques. Ils participent \u00e0 une automatisation de la tra\u00e7abilit\u00e9 des animaux. [\/vc_column_text][vc_row_inner][vc_column_inner width=&#8221;1\/2&#8243;][vc_column_text] ARDES a con\u00e7u il y\u2019a plusieurs ann\u00e9es une gamme de boucles \u00e9lectroniques RFID. Mais une boucle \u00e9lectronique sans un syst\u00e8me de lecture performant n\u2019est rien\u00a0! En collaboration avec [&hellip;]<\/p>\n","protected":false},"author":3,"featured_media":0,"parent":24,"menu_order":33,"comment_status":"closed","ping_status":"closed","template":"","meta":{"footnotes":""},"class_list":["post-2224","page","type-page","status-publish","hentry"],"acf":[],"_links":{"self":[{"href":"https:\/\/www.ardes-group.com\/fr\/wp-json\/wp\/v2\/pages\/2224\/"}],"collection":[{"href":"https:\/\/www.ardes-group.com\/fr\/wp-json\/wp\/v2\/pages\/"}],"about":[{"href":"https:\/\/www.ardes-group.com\/fr\/wp-json\/wp\/v2\/types\/page\/"}],"author":[{"embeddable":true,"href":"https:\/\/www.ardes-group.com\/fr\/wp-json\/wp\/v2\/users\/3\/"}],"replies":[{"embeddable":true,"href":"https:\/\/www.ardes-group.com\/fr\/wp-json\/wp\/v2\/comments\/?post=2224"}],"version-history":[{"count":11,"href":"https:\/\/www.ardes-group.com\/fr\/wp-json\/wp\/v2\/pages\/2224\/revisions\/"}],"predecessor-version":[{"id":18918,"href":"https:\/\/www.ardes-group.com\/fr\/wp-json\/wp\/v2\/pages\/2224\/revisions\/18918\/"}],"up":[{"embeddable":true,"href":"https:\/\/www.ardes-group.com\/fr\/wp-json\/wp\/v2\/pages\/24\/"}],"wp:attachment":[{"href":"https:\/\/www.ardes-group.com\/fr\/wp-json\/wp\/v2\/media\/?parent=2224"}],"curies":[{"name":"wp","href":"https:\/\/api.w.org\/{rel}","templated":true}]}}