

{"id":234,"date":"2014-05-28T09:28:59","date_gmt":"2014-05-28T08:28:59","guid":{"rendered":"http:\/\/www.ardes-group.com\/gamme\/accessoires\/"},"modified":"2016-03-02T16:06:39","modified_gmt":"2016-03-02T15:06:39","slug":"accessoires","status":"publish","type":"page","link":"https:\/\/www.ardes-group.com\/fr\/gamme\/accessoires\/","title":{"rendered":"Accessoires solution d&#8217;identification"},"content":{"rendered":"<div class=\"pf-content\"><p>[vc_row][vc_column width=&#8221;1\/1&#8243;][vc_column_text]<\/p>\n<h2>Mat\u00e9riels de pose ARDES<\/h2>\n<p>Pour une solution d\u2019identification compl\u00e8te et efficace, ARDES propose des boucles d\u2019identification et des pinces. Les pinces de pose ARDES sont con\u00e7ues pour une utilisation intensive et durable : r\u00e9sistance aux chocs ; fiabilit\u00e9 et efficacit\u00e9 p\u00e9renne. Le confort de l\u2019utilisateur est aussi pris en consid\u00e9ration, avec une prise en main rapide, demandant peu de force pour clipper la boucle. Deux pinces sont propos\u00e9es par ARDES : une pince m\u00e9tal pour les boucles d\u2019identification visuelle et \u00e9lectronique et une pince sp\u00e9cifique aux boucles Ovitag.<\/p>\n<p>&nbsp;<\/p>\n<p>[\/vc_column_text][\/vc_column][\/vc_row][vc_row][vc_column width=&#8221;1\/2&#8243;][vc_column_text]<\/p>\n<p><a href=\"http:\/\/www.ardes-group.com\/wp-content\/uploads\/2014\/05\/Pince-ovitag-e1403618609509.jpg\"><img loading=\"lazy\" class=\"alignleft wp-image-801 size-medium\" src=\"http:\/\/www.ardes-group.com\/wp-content\/uploads\/2014\/05\/Pince-ovitag-e1403618609509-300x271.jpg\" alt=\"Pince ovitag\" width=\"300\" height=\"271\" \/><\/a><\/p>\n<p>[\/vc_column_text][vc_column_text]<\/p>\n<h2>Feutres ARDES<\/h2>\n<p>ARDES a d\u00e9velopp\u00e9 des feutres pour proposer une solution de marquage suppl\u00e9mentaire aux boucles visuelles. Deux types de feutres sont propos\u00e9s par ARDES : un feutre \u00e0 pointe biseaut\u00e9e et un feutre \u00e0 pointe ronde. L\u2019encre noire utilis\u00e9e garantit un contraste important et une durabilit\u00e9 du marquage.<br \/>\n<a title=\"Les solutions de marquage\" href=\"http:\/\/www.ardes-group.com\/fr\/conseils-outils\/les-solutions-de-marquage\/\" target=\"_blank\">Page marquage<\/a><br \/>\n<a title=\"Feutres ARDES\" href=\"http:\/\/www.ardes-group.com\/fr\/?produit=feutres-ardes\" target=\"_blank\">Page produit feutres<\/a>[\/vc_column_text][vc_column_text]<\/p>\n<p><a href=\"http:\/\/www.ardes-group.com\/wp-content\/uploads\/2014\/05\/pointes-feutres-ARDES-.jpg\"><img loading=\"lazy\" class=\"size-taille-page-produit wp-image-916 alignleft\" src=\"http:\/\/www.ardes-group.com\/wp-content\/uploads\/2014\/05\/pointes-feutres-ARDES--386x580.jpg\" alt=\"pointes feutres ARDES\" width=\"386\" height=\"580\" \/><\/a><\/p>\n<p>[\/vc_column_text][\/vc_column][vc_column width=&#8221;1\/2&#8243;][vc_column_text]<\/p>\n<p><a href=\"http:\/\/www.ardes-group.com\/wp-content\/uploads\/2014\/05\/pince-metal-e1403618048486.jpg\"><img loading=\"lazy\" class=\"alignright wp-image-802 size-taille-page-produit\" src=\"http:\/\/www.ardes-group.com\/wp-content\/uploads\/2014\/05\/pince-metal-e1403618048486-460x417.jpg\" alt=\"pince metal\" width=\"460\" height=\"417\" \/><\/a><\/p>\n<p>[\/vc_column_text][vc_column_text]<\/p>\n<p style=\"text-align: right;\"><a href=\"http:\/\/www.ardes-group.com\/wp-content\/uploads\/2014\/06\/feutres2-e1403618386276.jpg\"><img loading=\"lazy\" class=\"alignright wp-image-733 size-taille-page-produit\" src=\"http:\/\/www.ardes-group.com\/wp-content\/uploads\/2014\/06\/feutres2-e1403618386276-460x341.jpg\" alt=\"feutres2\" width=\"460\" height=\"341\" srcset=\"https:\/\/www.ardes-group.com\/wp-content\/uploads\/2014\/06\/feutres2-e1403618386276-460x341.jpg 460w, https:\/\/www.ardes-group.com\/wp-content\/uploads\/2014\/06\/feutres2-e1403618386276-300x222.jpg 300w, https:\/\/www.ardes-group.com\/wp-content\/uploads\/2014\/06\/feutres2-e1403618386276-1024x759.jpg 1024w, https:\/\/www.ardes-group.com\/wp-content\/uploads\/2014\/06\/feutres2-e1403618386276-111x82.jpg 111w\" sizes=\"(max-width: 460px) 100vw, 460px\" \/><\/a><\/p>\n<p>[\/vc_column_text][\/vc_column][\/vc_row]<\/p>\n<\/div>","protected":false},"excerpt":{"rendered":"<p>[vc_row][vc_column width=&#8221;1\/1&#8243;][vc_column_text] Mat\u00e9riels de pose ARDES Pour une solution d\u2019identification compl\u00e8te et efficace, ARDES propose des boucles d\u2019identification et des pinces. Les pinces de pose ARDES sont con\u00e7ues pour une utilisation intensive et durable : r\u00e9sistance aux chocs ; fiabilit\u00e9 et efficacit\u00e9 p\u00e9renne. Le confort de l\u2019utilisateur est aussi pris en consid\u00e9ration, avec une prise [&hellip;]<\/p>\n","protected":false},"author":4,"featured_media":0,"parent":24,"menu_order":35,"comment_status":"open","ping_status":"open","template":"","meta":[],"acf":[],"_links":{"self":[{"href":"https:\/\/www.ardes-group.com\/fr\/wp-json\/wp\/v2\/pages\/234\/"}],"collection":[{"href":"https:\/\/www.ardes-group.com\/fr\/wp-json\/wp\/v2\/pages\/"}],"about":[{"href":"https:\/\/www.ardes-group.com\/fr\/wp-json\/wp\/v2\/types\/page\/"}],"author":[{"embeddable":true,"href":"https:\/\/www.ardes-group.com\/fr\/wp-json\/wp\/v2\/users\/4\/"}],"replies":[{"embeddable":true,"href":"https:\/\/www.ardes-group.com\/fr\/wp-json\/wp\/v2\/comments\/?post=234"}],"version-history":[{"count":1,"href":"https:\/\/www.ardes-group.com\/fr\/wp-json\/wp\/v2\/pages\/234\/revisions\/"}],"predecessor-version":[{"id":9017,"href":"https:\/\/www.ardes-group.com\/fr\/wp-json\/wp\/v2\/pages\/234\/revisions\/9017\/"}],"up":[{"embeddable":true,"href":"https:\/\/www.ardes-group.com\/fr\/wp-json\/wp\/v2\/pages\/24\/"}],"wp:attachment":[{"href":"https:\/\/www.ardes-group.com\/fr\/wp-json\/wp\/v2\/media\/?parent=234"}],"curies":[{"name":"wp","href":"https:\/\/api.w.org\/{rel}","templated":true}]}}